{"id":1104,"date":"2021-05-24T10:09:50","date_gmt":"2021-05-24T10:09:50","guid":{"rendered":"https:\/\/socialsculpturelab.com\/beyond-kassel-21\/"},"modified":"2021-08-18T12:48:13","modified_gmt":"2021-08-18T12:48:13","slug":"beyond-kassel-21","status":"publish","type":"page","link":"https:\/\/socialsculpturelab.com\/de\/uber-kassel-21__trashed\/beyond-kassel-21\/","title":{"rendered":"Jenseits von Kassel-21"},"content":{"rendered":"<h1>BEYOND KASSEL-21<\/h1>\n<h4>Das globale Social Sculpture Lab for New Knowledge and an Eco-Social Future wurde im Januar 2021 in Kassel als Non-Profit-Organisation registriert. Es hat 24 Gr\u00fcndungsmitglieder aus verschiedenen Regionen Deutschlands, Italiens, Hollands und Gro\u00dfbritanniens.<\/h4>\n<p>Alle Gr\u00fcndungsmitglieder waren aktiv am Connective Practice-Ansatz oder an einem der Hubs der Social Sculpture Academy in Deutschland und Holland beteiligt.<\/p>\n<p>Eines der Ziele des globalen Social Sculpture Lab \u00fcber Kassel-21 hinaus ist es, Hubs der Social Sculpture Academy und \u201epermanente Konferenz\u201c-Prozesse in verschiedenen Teilen der Welt zu erm\u00f6glichen, um den Austausch \u00fcber die Ideen der sozialen Skulptur und den Ansatz der verbindenden Praxis zu erm\u00f6glichen. Embryonale Gruppen existieren in anderen Teilen Deutschlands sowie in China, Indien, Holland, Afghanistan, Australien, Gro\u00dfbritannien, Brasilien und Italien.<\/p>\n<p>Ein weiteres Ziel ist es, bestehende verbindende Praktiken wie das Earth Forum, die in verschiedenen L\u00e4ndern und Kontexten erfolgreich eingesetzt wurden, jedoch in kleinem Ma\u00dfstab, zu erweitern.<\/p>\n<p>Das Kassel21 Social Sculpture Lab ist eines der ersten Projekte des neuen globalen Labs. Der globale Austausch im Kassel21 Social Sculpture Lab wird dazu beitragen, diese wachsende globale Gemeinschaft zu st\u00e4rken und aufzubauen, die daran interessiert ist, mehr \u00fcber soziale Skulptur und verbindende Praxis zu erfahren und mit den Ideen und Vorschl\u00e4gen der sozialen Skulptur in der Praxis zu arbeiten.<\/p>\n","protected":false},"excerpt":{"rendered":"<p>BEYOND KASSEL-21 Das globale Social Sculpture Lab for New Knowledge and an Eco-Social Future wurde im Januar 2021 in Kassel<\/p>\n","protected":false},"author":1,"featured_media":0,"parent":1098,"menu_order":0,"comment_status":"closed","ping_status":"closed","template":"","meta":[],"yoast_head":"<!-- This site is optimized with the Yoast SEO plugin v16.7 - https:\/\/yoast.com\/wordpress\/plugins\/seo\/ -->\n<meta name=\"robots\" content=\"index, follow, max-snippet:-1, max-image-preview:large, max-video-preview:-1\" \/>\n<link rel=\"canonical\" href=\"https:\/\/socialsculpturelab.com\/de\/uber-kassel-21__trashed\/beyond-kassel-21\/\" \/>\n<meta property=\"og:locale\" content=\"de_DE\" \/>\n<meta property=\"og:type\" content=\"article\" \/>\n<meta property=\"og:title\" content=\"Jenseits von Kassel-21 - Kassel New\" \/>\n<meta property=\"og:description\" content=\"BEYOND KASSEL-21 Das globale Social Sculpture Lab for New Knowledge and an Eco-Social Future wurde im Januar 2021 in Kassel\" \/>\n<meta property=\"og:url\" content=\"https:\/\/socialsculpturelab.com\/de\/uber-kassel-21__trashed\/beyond-kassel-21\/\" \/>\n<meta property=\"og:site_name\" content=\"Kassel New\" \/>\n<meta property=\"article:modified_time\" content=\"2021-08-18T12:48:13+00:00\" \/>\n<meta name=\"twitter:card\" content=\"summary_large_image\" \/>\n<meta name=\"twitter:label1\" content=\"Gesch\u00e4tzte Lesezeit\" \/>\n\t<meta name=\"twitter:data1\" content=\"1 Minute\" \/>\n<script type=\"application\/ld+json\" class=\"yoast-schema-graph\">{\"@context\":\"https:\/\/schema.org\",\"@graph\":[{\"@type\":\"WebSite\",\"@id\":\"https:\/\/socialsculpturelab.com\/#website\",\"url\":\"https:\/\/socialsculpturelab.com\/\",\"name\":\"Kassel New\",\"description\":\"\",\"potentialAction\":[{\"@type\":\"SearchAction\",\"target\":{\"@type\":\"EntryPoint\",\"urlTemplate\":\"https:\/\/socialsculpturelab.com\/?s={search_term_string}\"},\"query-input\":\"required name=search_term_string\"}],\"inLanguage\":\"de-DE\"},{\"@type\":\"WebPage\",\"@id\":\"https:\/\/socialsculpturelab.com\/de\/uber-kassel-21__trashed\/beyond-kassel-21\/#webpage\",\"url\":\"https:\/\/socialsculpturelab.com\/de\/uber-kassel-21__trashed\/beyond-kassel-21\/\",\"name\":\"Jenseits von Kassel-21 - Kassel New\",\"isPartOf\":{\"@id\":\"https:\/\/socialsculpturelab.com\/#website\"},\"datePublished\":\"2021-05-24T10:09:50+00:00\",\"dateModified\":\"2021-08-18T12:48:13+00:00\",\"breadcrumb\":{\"@id\":\"https:\/\/socialsculpturelab.com\/de\/uber-kassel-21__trashed\/beyond-kassel-21\/#breadcrumb\"},\"inLanguage\":\"de-DE\",\"potentialAction\":[{\"@type\":\"ReadAction\",\"target\":[\"https:\/\/socialsculpturelab.com\/de\/uber-kassel-21__trashed\/beyond-kassel-21\/\"]}]},{\"@type\":\"BreadcrumbList\",\"@id\":\"https:\/\/socialsculpturelab.com\/de\/uber-kassel-21__trashed\/beyond-kassel-21\/#breadcrumb\",\"itemListElement\":[{\"@type\":\"ListItem\",\"position\":1,\"name\":\"Home\",\"item\":\"https:\/\/socialsculpturelab.com\/de\/\"},{\"@type\":\"ListItem\",\"position\":2,\"name\":\"\\u00dcBER KASSEL-21\",\"item\":\"https:\/\/socialsculpturelab.com\/de\/uber-kassel-21__trashed\/\"},{\"@type\":\"ListItem\",\"position\":3,\"name\":\"Jenseits von Kassel-21\"}]}]}<\/script>\n<!-- \/ Yoast SEO plugin. -->","yoast_head_json":{"robots":{"index":"index","follow":"follow","max-snippet":"max-snippet:-1","max-image-preview":"max-image-preview:large","max-video-preview":"max-video-preview:-1"},"canonical":"https:\/\/socialsculpturelab.com\/de\/uber-kassel-21__trashed\/beyond-kassel-21\/","og_locale":"de_DE","og_type":"article","og_title":"Jenseits von Kassel-21 - Kassel New","og_description":"BEYOND KASSEL-21 Das globale Social Sculpture Lab for New Knowledge and an Eco-Social Future wurde im Januar 2021 in Kassel","og_url":"https:\/\/socialsculpturelab.com\/de\/uber-kassel-21__trashed\/beyond-kassel-21\/","og_site_name":"Kassel New","article_modified_time":"2021-08-18T12:48:13+00:00","twitter_card":"summary_large_image","twitter_misc":{"Gesch\u00e4tzte Lesezeit":"1 Minute"},"schema":{"@context":"https:\/\/schema.org","@graph":[{"@type":"WebSite","@id":"https:\/\/socialsculpturelab.com\/#website","url":"https:\/\/socialsculpturelab.com\/","name":"Kassel New","description":"","potentialAction":[{"@type":"SearchAction","target":{"@type":"EntryPoint","urlTemplate":"https:\/\/socialsculpturelab.com\/?s={search_term_string}"},"query-input":"required name=search_term_string"}],"inLanguage":"de-DE"},{"@type":"WebPage","@id":"https:\/\/socialsculpturelab.com\/de\/uber-kassel-21__trashed\/beyond-kassel-21\/#webpage","url":"https:\/\/socialsculpturelab.com\/de\/uber-kassel-21__trashed\/beyond-kassel-21\/","name":"Jenseits von Kassel-21 - Kassel New","isPartOf":{"@id":"https:\/\/socialsculpturelab.com\/#website"},"datePublished":"2021-05-24T10:09:50+00:00","dateModified":"2021-08-18T12:48:13+00:00","breadcrumb":{"@id":"https:\/\/socialsculpturelab.com\/de\/uber-kassel-21__trashed\/beyond-kassel-21\/#breadcrumb"},"inLanguage":"de-DE","potentialAction":[{"@type":"ReadAction","target":["https:\/\/socialsculpturelab.com\/de\/uber-kassel-21__trashed\/beyond-kassel-21\/"]}]},{"@type":"BreadcrumbList","@id":"https:\/\/socialsculpturelab.com\/de\/uber-kassel-21__trashed\/beyond-kassel-21\/#breadcrumb","itemListElement":[{"@type":"ListItem","position":1,"name":"Home","item":"https:\/\/socialsculpturelab.com\/de\/"},{"@type":"ListItem","position":2,"name":"\u00dcBER KASSEL-21","item":"https:\/\/socialsculpturelab.com\/de\/uber-kassel-21__trashed\/"},{"@type":"ListItem","position":3,"name":"Jenseits von Kassel-21"}]}]}},"_links":{"self":[{"href":"https:\/\/socialsculpturelab.com\/de\/wp-json\/wp\/v2\/pages\/1104"}],"collection":[{"href":"https:\/\/socialsculpturelab.com\/de\/wp-json\/wp\/v2\/pages"}],"about":[{"href":"https:\/\/socialsculpturelab.com\/de\/wp-json\/wp\/v2\/types\/page"}],"author":[{"embeddable":true,"href":"https:\/\/socialsculpturelab.com\/de\/wp-json\/wp\/v2\/users\/1"}],"replies":[{"embeddable":true,"href":"https:\/\/socialsculpturelab.com\/de\/wp-json\/wp\/v2\/comments?post=1104"}],"version-history":[{"count":0,"href":"https:\/\/socialsculpturelab.com\/de\/wp-json\/wp\/v2\/pages\/1104\/revisions"}],"up":[{"embeddable":true,"href":"https:\/\/socialsculpturelab.com\/de\/wp-json\/wp\/v2\/pages\/1098"}],"wp:attachment":[{"href":"https:\/\/socialsculpturelab.com\/de\/wp-json\/wp\/v2\/media?parent=1104"}],"curies":[{"name":"wp","href":"https:\/\/api.w.org\/{rel}","templated":true}]}}