{"id":1106,"date":"2021-05-24T10:24:54","date_gmt":"2021-05-24T10:24:54","guid":{"rendered":"https:\/\/socialsculpturelab.com\/covid-announcements\/"},"modified":"2021-08-18T14:23:28","modified_gmt":"2021-08-18T14:23:28","slug":"covid-announcements","status":"publish","type":"page","link":"https:\/\/socialsculpturelab.com\/de\/covid-announcements\/","title":{"rendered":"Covid-Ank\u00fcndigungen"},"content":{"rendered":"<h1><strong>Covid-Ank\u00fcndigungen und Buchungen<\/strong><\/h1>\n<p><strong>AKTUALISIERUNG 13. Juli 2021<\/strong><\/p>\n<p>Update: Es ist<em> nicht mehr erforderlich, <\/em>einen negativen Covid-Test nachzuweisen, um an FRAMETALKS, dem SURVIVAL ROOM oder den anderen mit dem Social Sculpture Lab verbundenen \u201eVerbindungspraktiken\u201c teilzunehmen.<\/p>\n<p>Sie<em>m\u00fcssen<\/em> bei diesen Indoor-Veranstaltungen eine Maske tragen und einen Abstand von 1,5 Metern einhalten.<br \/>\nSie m\u00fcssen<em>nicht <\/em>sich aus Covid-Gr\u00fcnden anmelden.<br \/>\n<strong>Sie m\u00fcssen sich jedoch anmelden, um einen Platz zu sichern.<\/strong><\/p>\n<p>Schul- und andere Gruppen, die zu FRAMETALKS oder dem SURVIVAL ROOM kommen, m\u00fcssen sich einen Platz beim Besucherservice sichern.<\/p>\n<p><strong>Bitte besprechen Sie auch mit<\/strong><br \/>\n<em>Anna Backmund<\/em> f\u00fcr FRAMETALKS frametalks@socialsculpturelab.com<br \/>\n<em>Martina Sch\u00e4fer<\/em> f\u00fcr FELD DER BEGEGNUNG feld-kassel@universityofthetrees.org<br \/>\n<em>Karsten Winnemuth und Anna Backmund<\/em> f\u00fcr EARTH FORUM earthforum@socialsculpturelab.com<br \/>\n<em>Shelley S\u00e4cke<\/em> f\u00fcr den SURVIVAL ROOM und &#8218;A GIFT FOR JOSEPH BEUYS: 3 POTS FOR THE FUTURE Prozess info@socialsculpturelab.com<\/p>\n<p><strong>Bitte \u00fcberpr\u00fcfen Sie unsere Covid-Ank\u00fcndigungen f\u00fcr Updates.<\/strong><\/p>\n<p>&nbsp;<\/p>\n<p><strong>BUCHUNGEN<br \/>\n<\/strong><br \/>\n<strong>FRAMETALKS<\/strong><br \/>\nAufgrund der Gr\u00f6\u00dfe des Raumes k\u00f6nnen bis zu 10 Personen gleichzeitig anwesend sein.<\/p>\n<p><strong>GRUPPEN M\u00dcSSEN BUCHEN, um an FRAMETALKS teilzunehmen[Thursdays to Saturdays between 24 June to 1 August] .<\/strong>[See Program for dates] .<\/p>\n<p>Bitte besprechen Sie dies zuerst mit einem der FRAMETALKS-Teams<em> Vor<\/em> Ihre Buchung vornehmen.<br \/>\n<em>Bitte kontaktieren Sie Anna Backmund unter frametalks@socialsculpturelab.com<\/em><\/p>\n<p>&nbsp;<\/p>\n<p><strong>DER \u00dcBERLEBENSRAUM<\/strong> in der Neuen Galerie.<br \/>\n<em>Weiterlesen<\/em> \u00fcber den Survival Room-Prozess im Abschnitt Connective Practice und siehe Programm f\u00fcr Daten und Uhrzeiten.<\/p>\n<p>Der Prozess zum <em>Austausch zu Survival Room <\/em>findet an mehreren Terminen von Juni bis September statt.<\/p>\n<p>Im Survival Room k\u00f6nnt ihr au\u00dferdem an der Aktion teilnehmen: Ein Geschenk f\u00fcr Joseph Beuys: 3 T\u00f6pfe f\u00fcr die Zukunft[See Program for dates and times] . Siehe Artikelbeschreibung.<\/p>\n<p>&nbsp;<\/p>\n<p>&nbsp;<\/p>\n<p>&nbsp;<\/p>\n","protected":false},"excerpt":{"rendered":"<p>Covid-Ank\u00fcndigungen und Buchungen AKTUALISIERUNG 13. Juli 2021 Update: Es ist nicht mehr erforderlich, einen negativen Covid-Test nachzuweisen, um an FRAMETALKS,<\/p>\n","protected":false},"author":1,"featured_media":0,"parent":0,"menu_order":0,"comment_status":"closed","ping_status":"closed","template":"","meta":[],"yoast_head":"<!-- This site is optimized with the Yoast SEO plugin v16.7 - https:\/\/yoast.com\/wordpress\/plugins\/seo\/ -->\n<meta name=\"robots\" content=\"index, follow, max-snippet:-1, max-image-preview:large, max-video-preview:-1\" \/>\n<link rel=\"canonical\" href=\"https:\/\/socialsculpturelab.com\/de\/covid-announcements\/\" \/>\n<meta property=\"og:locale\" content=\"de_DE\" \/>\n<meta property=\"og:type\" content=\"article\" \/>\n<meta property=\"og:title\" content=\"Covid-Ank\u00fcndigungen - Kassel New\" \/>\n<meta property=\"og:description\" content=\"Covid-Ank\u00fcndigungen und Buchungen AKTUALISIERUNG 13. Juli 2021 Update: Es ist nicht mehr erforderlich, einen negativen Covid-Test nachzuweisen, um an FRAMETALKS,\" \/>\n<meta property=\"og:url\" content=\"https:\/\/socialsculpturelab.com\/de\/covid-announcements\/\" \/>\n<meta property=\"og:site_name\" content=\"Kassel New\" \/>\n<meta property=\"article:modified_time\" content=\"2021-08-18T14:23:28+00:00\" \/>\n<meta name=\"twitter:card\" content=\"summary_large_image\" \/>\n<meta name=\"twitter:label1\" content=\"Gesch\u00e4tzte Lesezeit\" \/>\n\t<meta name=\"twitter:data1\" content=\"4 Minuten\" \/>\n<script type=\"application\/ld+json\" class=\"yoast-schema-graph\">{\"@context\":\"https:\/\/schema.org\",\"@graph\":[{\"@type\":\"WebSite\",\"@id\":\"https:\/\/socialsculpturelab.com\/#website\",\"url\":\"https:\/\/socialsculpturelab.com\/\",\"name\":\"Kassel New\",\"description\":\"\",\"potentialAction\":[{\"@type\":\"SearchAction\",\"target\":{\"@type\":\"EntryPoint\",\"urlTemplate\":\"https:\/\/socialsculpturelab.com\/?s={search_term_string}\"},\"query-input\":\"required name=search_term_string\"}],\"inLanguage\":\"de-DE\"},{\"@type\":\"WebPage\",\"@id\":\"https:\/\/socialsculpturelab.com\/de\/covid-announcements\/#webpage\",\"url\":\"https:\/\/socialsculpturelab.com\/de\/covid-announcements\/\",\"name\":\"Covid-Ank\\u00fcndigungen - Kassel New\",\"isPartOf\":{\"@id\":\"https:\/\/socialsculpturelab.com\/#website\"},\"datePublished\":\"2021-05-24T10:24:54+00:00\",\"dateModified\":\"2021-08-18T14:23:28+00:00\",\"breadcrumb\":{\"@id\":\"https:\/\/socialsculpturelab.com\/de\/covid-announcements\/#breadcrumb\"},\"inLanguage\":\"de-DE\",\"potentialAction\":[{\"@type\":\"ReadAction\",\"target\":[\"https:\/\/socialsculpturelab.com\/de\/covid-announcements\/\"]}]},{\"@type\":\"BreadcrumbList\",\"@id\":\"https:\/\/socialsculpturelab.com\/de\/covid-announcements\/#breadcrumb\",\"itemListElement\":[{\"@type\":\"ListItem\",\"position\":1,\"name\":\"Home\",\"item\":\"https:\/\/socialsculpturelab.com\/de\/\"},{\"@type\":\"ListItem\",\"position\":2,\"name\":\"Covid-Ank\\u00fcndigungen\"}]}]}<\/script>\n<!-- \/ Yoast SEO plugin. -->","yoast_head_json":{"robots":{"index":"index","follow":"follow","max-snippet":"max-snippet:-1","max-image-preview":"max-image-preview:large","max-video-preview":"max-video-preview:-1"},"canonical":"https:\/\/socialsculpturelab.com\/de\/covid-announcements\/","og_locale":"de_DE","og_type":"article","og_title":"Covid-Ank\u00fcndigungen - Kassel New","og_description":"Covid-Ank\u00fcndigungen und Buchungen AKTUALISIERUNG 13. Juli 2021 Update: Es ist nicht mehr erforderlich, einen negativen Covid-Test nachzuweisen, um an FRAMETALKS,","og_url":"https:\/\/socialsculpturelab.com\/de\/covid-announcements\/","og_site_name":"Kassel New","article_modified_time":"2021-08-18T14:23:28+00:00","twitter_card":"summary_large_image","twitter_misc":{"Gesch\u00e4tzte Lesezeit":"4 Minuten"},"schema":{"@context":"https:\/\/schema.org","@graph":[{"@type":"WebSite","@id":"https:\/\/socialsculpturelab.com\/#website","url":"https:\/\/socialsculpturelab.com\/","name":"Kassel New","description":"","potentialAction":[{"@type":"SearchAction","target":{"@type":"EntryPoint","urlTemplate":"https:\/\/socialsculpturelab.com\/?s={search_term_string}"},"query-input":"required name=search_term_string"}],"inLanguage":"de-DE"},{"@type":"WebPage","@id":"https:\/\/socialsculpturelab.com\/de\/covid-announcements\/#webpage","url":"https:\/\/socialsculpturelab.com\/de\/covid-announcements\/","name":"Covid-Ank\u00fcndigungen - Kassel New","isPartOf":{"@id":"https:\/\/socialsculpturelab.com\/#website"},"datePublished":"2021-05-24T10:24:54+00:00","dateModified":"2021-08-18T14:23:28+00:00","breadcrumb":{"@id":"https:\/\/socialsculpturelab.com\/de\/covid-announcements\/#breadcrumb"},"inLanguage":"de-DE","potentialAction":[{"@type":"ReadAction","target":["https:\/\/socialsculpturelab.com\/de\/covid-announcements\/"]}]},{"@type":"BreadcrumbList","@id":"https:\/\/socialsculpturelab.com\/de\/covid-announcements\/#breadcrumb","itemListElement":[{"@type":"ListItem","position":1,"name":"Home","item":"https:\/\/socialsculpturelab.com\/de\/"},{"@type":"ListItem","position":2,"name":"Covid-Ank\u00fcndigungen"}]}]}},"_links":{"self":[{"href":"https:\/\/socialsculpturelab.com\/de\/wp-json\/wp\/v2\/pages\/1106"}],"collection":[{"href":"https:\/\/socialsculpturelab.com\/de\/wp-json\/wp\/v2\/pages"}],"about":[{"href":"https:\/\/socialsculpturelab.com\/de\/wp-json\/wp\/v2\/types\/page"}],"author":[{"embeddable":true,"href":"https:\/\/socialsculpturelab.com\/de\/wp-json\/wp\/v2\/users\/1"}],"replies":[{"embeddable":true,"href":"https:\/\/socialsculpturelab.com\/de\/wp-json\/wp\/v2\/comments?post=1106"}],"version-history":[{"count":0,"href":"https:\/\/socialsculpturelab.com\/de\/wp-json\/wp\/v2\/pages\/1106\/revisions"}],"wp:attachment":[{"href":"https:\/\/socialsculpturelab.com\/de\/wp-json\/wp\/v2\/media?parent=1106"}],"curies":[{"name":"wp","href":"https:\/\/api.w.org\/{rel}","templated":true}]}}