{"id":1198,"date":"2021-08-18T14:13:27","date_gmt":"2021-08-18T14:13:27","guid":{"rendered":"https:\/\/socialsculpturelab.com\/aufruf-zum-handeln\/feld-der-begegnung-aufruf-zum-handeln\/"},"modified":"2021-08-18T14:13:27","modified_gmt":"2021-08-18T14:13:27","slug":"feld-der-begegnung-aufruf-zum-handeln","status":"publish","type":"page","link":"https:\/\/socialsculpturelab.com\/de\/aufruf-zum-handeln\/feld-der-begegnung-aufruf-zum-handeln\/","title":{"rendered":"FELD DER BEGEGNUNG &#8211; Aufruf zum Handeln"},"content":{"rendered":"<h2><strong>ENGAGEMENT \/ FELD DER BEGEGNUNG<\/strong><\/h2>\n<h3>AUFRUF F\u00dcR DIE ERSTEN 100 PERSONEN VON KASSEL: EINEN LOKALEN ANKERPUNKT AUF DEM PLANETEN SCHAFFEN<\/h3>\n<p><strong><br \/>\nWas ist Feld der Begegnung?<br \/>\n<\/strong><strong><br \/>\n<\/strong><img loading=\"lazy\" class=\"alignnone wp-image-765\" src=\"https:\/\/ssl21kassel.wpengine.com\/wp-content\/uploads\/2021\/06\/FdB-flyer-2020-13-Mayv3_Page_1-300dpi-300x218.jpg\" alt=\"\" width=\"729\" height=\"530\" srcset=\"https:\/\/socialsculpturelab.com\/wp-content\/uploads\/2021\/06\/FdB-flyer-2020-13-Mayv3_Page_1-300dpi-300x218.jpg 300w, https:\/\/socialsculpturelab.com\/wp-content\/uploads\/2021\/06\/FdB-flyer-2020-13-Mayv3_Page_1-300dpi-1024x746.jpg 1024w, https:\/\/socialsculpturelab.com\/wp-content\/uploads\/2021\/06\/FdB-flyer-2020-13-Mayv3_Page_1-300dpi-768x559.jpg 768w, https:\/\/socialsculpturelab.com\/wp-content\/uploads\/2021\/06\/FdB-flyer-2020-13-Mayv3_Page_1-300dpi-1536x1119.jpg 1536w, https:\/\/socialsculpturelab.com\/wp-content\/uploads\/2021\/06\/FdB-flyer-2020-13-Mayv3_Page_1-300dpi-2048x1491.jpg 2048w, https:\/\/socialsculpturelab.com\/wp-content\/uploads\/2021\/06\/FdB-flyer-2020-13-Mayv3_Page_1-300dpi-2000x1456.jpg 2000w, https:\/\/socialsculpturelab.com\/wp-content\/uploads\/2021\/06\/FdB-flyer-2020-13-Mayv3_Page_1-300dpi-1000x728.jpg 1000w, https:\/\/socialsculpturelab.com\/wp-content\/uploads\/2021\/06\/FdB-flyer-2020-13-Mayv3_Page_1-300dpi-500x364.jpg 500w\" sizes=\"(max-width: 729px) 100vw, 729px\" \/><\/p>\n<p>Das Feld der Begegnung (FdB) ist eine Soziale Skulptur &#8211; Verbindene Praxis, bei der sich Menschen individuell mit einem Baum verbinden und so einen lokalen Ankerpunkt auf dem Planeten f\u00fcr ihr Engagement schaffen und auf eine \u00f6kosoziale Gegenwart und Zukunft hinarbeiten.<\/p>\n<p>Durch viele solcher \u201eAnkerpunkte\u201c und Partnerschaften zwischen Mensch und Baum, sowie durch den Erfahrungsaustausch zwischen den Beteiligten entsteht in Kassel ein Engagementfeld, das den Willen zur Arbeit f\u00fcr eine \u00f6kosoziale Zukunft sichtbar macht und st\u00e4rkt.<\/p>\n<p>Nehmen Sie an einer Online-Einf\u00fchrung und\/oder einer Fahrradtour mit bereits Beteiligten teil, um zu erfahren, wie Sie sich aktiv am Feld der Begegnung beteiligen k\u00f6nnen.<\/p>\n<p><strong>Sprache:<\/strong> Deutsch<\/p>\n<p><strong>Kontakt<\/strong> Martina Sch\u00e4fer, um den Zoom-Link f\u00fcr diese Einf\u00fchrungsveranstaltung zu erhalten.<br \/>\n<strong>Email:<\/strong> feld-kassel@universityofthetrees.org<\/p>\n<p><strong>Die Teilnahme ist kostenlos.<\/strong><\/p>\n<p>&nbsp;<\/p>\n<p><strong>LESEN \/ HERUNTERLADEN<\/strong><a href=\"https:\/\/ssl21kassel.wpengine.com\/wp-content\/uploads\/2021\/07\/FdB-flyer-2020-13-Mayv3b-update-june-2021.pdf\"> FELD DER BEGEGNUNG FLYER[Currently German only]<\/a> <\/p>\n<p>&nbsp;<\/p>\n","protected":false},"excerpt":{"rendered":"<p>ENGAGEMENT \/ FELD DER BEGEGNUNG AUFRUF F\u00dcR DIE ERSTEN 100 PERSONEN VON KASSEL: EINEN LOKALEN ANKERPUNKT AUF DEM PLANETEN SCHAFFEN<\/p>\n","protected":false},"author":1,"featured_media":0,"parent":1195,"menu_order":0,"comment_status":"closed","ping_status":"closed","template":"","meta":[],"yoast_head":"<!-- This site is optimized with the Yoast SEO plugin v16.7 - https:\/\/yoast.com\/wordpress\/plugins\/seo\/ -->\n<meta name=\"robots\" content=\"index, follow, max-snippet:-1, max-image-preview:large, max-video-preview:-1\" \/>\n<link rel=\"canonical\" href=\"https:\/\/socialsculpturelab.com\/de\/aufruf-zum-handeln\/feld-der-begegnung-aufruf-zum-handeln\/\" \/>\n<meta property=\"og:locale\" content=\"de_DE\" \/>\n<meta property=\"og:type\" content=\"article\" \/>\n<meta property=\"og:title\" content=\"FELD DER BEGEGNUNG - Aufruf zum Handeln - Kassel New\" \/>\n<meta property=\"og:description\" content=\"ENGAGEMENT \/ FELD DER BEGEGNUNG AUFRUF F\u00dcR DIE ERSTEN 100 PERSONEN VON KASSEL: EINEN LOKALEN ANKERPUNKT AUF DEM PLANETEN SCHAFFEN\" \/>\n<meta property=\"og:url\" content=\"https:\/\/socialsculpturelab.com\/de\/aufruf-zum-handeln\/feld-der-begegnung-aufruf-zum-handeln\/\" \/>\n<meta property=\"og:site_name\" content=\"Kassel New\" \/>\n<meta property=\"og:image\" content=\"https:\/\/ssl21kassel.wpengine.com\/wp-content\/uploads\/2021\/06\/FdB-flyer-2020-13-Mayv3_Page_1-300dpi-300x218.jpg\" \/>\n<meta name=\"twitter:card\" content=\"summary_large_image\" \/>\n<meta name=\"twitter:label1\" content=\"Gesch\u00e4tzte Lesezeit\" \/>\n\t<meta name=\"twitter:data1\" content=\"1 Minute\" \/>\n<script type=\"application\/ld+json\" class=\"yoast-schema-graph\">{\"@context\":\"https:\/\/schema.org\",\"@graph\":[{\"@type\":\"WebSite\",\"@id\":\"https:\/\/socialsculpturelab.com\/#website\",\"url\":\"https:\/\/socialsculpturelab.com\/\",\"name\":\"Kassel New\",\"description\":\"\",\"potentialAction\":[{\"@type\":\"SearchAction\",\"target\":{\"@type\":\"EntryPoint\",\"urlTemplate\":\"https:\/\/socialsculpturelab.com\/?s={search_term_string}\"},\"query-input\":\"required name=search_term_string\"}],\"inLanguage\":\"de-DE\"},{\"@type\":\"ImageObject\",\"@id\":\"https:\/\/socialsculpturelab.com\/de\/aufruf-zum-handeln\/feld-der-begegnung-aufruf-zum-handeln\/#primaryimage\",\"inLanguage\":\"de-DE\",\"url\":\"https:\/\/ssl21kassel.wpengine.com\/wp-content\/uploads\/2021\/06\/FdB-flyer-2020-13-Mayv3_Page_1-300dpi-300x218.jpg\",\"contentUrl\":\"https:\/\/ssl21kassel.wpengine.com\/wp-content\/uploads\/2021\/06\/FdB-flyer-2020-13-Mayv3_Page_1-300dpi-300x218.jpg\"},{\"@type\":\"WebPage\",\"@id\":\"https:\/\/socialsculpturelab.com\/de\/aufruf-zum-handeln\/feld-der-begegnung-aufruf-zum-handeln\/#webpage\",\"url\":\"https:\/\/socialsculpturelab.com\/de\/aufruf-zum-handeln\/feld-der-begegnung-aufruf-zum-handeln\/\",\"name\":\"FELD DER BEGEGNUNG - Aufruf zum Handeln - Kassel New\",\"isPartOf\":{\"@id\":\"https:\/\/socialsculpturelab.com\/#website\"},\"primaryImageOfPage\":{\"@id\":\"https:\/\/socialsculpturelab.com\/de\/aufruf-zum-handeln\/feld-der-begegnung-aufruf-zum-handeln\/#primaryimage\"},\"datePublished\":\"2021-08-18T14:13:27+00:00\",\"dateModified\":\"2021-08-18T14:13:27+00:00\",\"breadcrumb\":{\"@id\":\"https:\/\/socialsculpturelab.com\/de\/aufruf-zum-handeln\/feld-der-begegnung-aufruf-zum-handeln\/#breadcrumb\"},\"inLanguage\":\"de-DE\",\"potentialAction\":[{\"@type\":\"ReadAction\",\"target\":[\"https:\/\/socialsculpturelab.com\/de\/aufruf-zum-handeln\/feld-der-begegnung-aufruf-zum-handeln\/\"]}]},{\"@type\":\"BreadcrumbList\",\"@id\":\"https:\/\/socialsculpturelab.com\/de\/aufruf-zum-handeln\/feld-der-begegnung-aufruf-zum-handeln\/#breadcrumb\",\"itemListElement\":[{\"@type\":\"ListItem\",\"position\":1,\"name\":\"Home\",\"item\":\"https:\/\/socialsculpturelab.com\/de\/\"},{\"@type\":\"ListItem\",\"position\":2,\"name\":\"AUFRUF ZUM HANDELN\",\"item\":\"https:\/\/socialsculpturelab.com\/de\/aufruf-zum-handeln\/\"},{\"@type\":\"ListItem\",\"position\":3,\"name\":\"FELD DER BEGEGNUNG &#8211; Aufruf zum Handeln\"}]}]}<\/script>\n<!-- \/ Yoast SEO plugin. -->","yoast_head_json":{"robots":{"index":"index","follow":"follow","max-snippet":"max-snippet:-1","max-image-preview":"max-image-preview:large","max-video-preview":"max-video-preview:-1"},"canonical":"https:\/\/socialsculpturelab.com\/de\/aufruf-zum-handeln\/feld-der-begegnung-aufruf-zum-handeln\/","og_locale":"de_DE","og_type":"article","og_title":"FELD DER BEGEGNUNG - Aufruf zum Handeln - Kassel New","og_description":"ENGAGEMENT \/ FELD DER BEGEGNUNG AUFRUF F\u00dcR DIE ERSTEN 100 PERSONEN VON KASSEL: EINEN LOKALEN ANKERPUNKT AUF DEM PLANETEN SCHAFFEN","og_url":"https:\/\/socialsculpturelab.com\/de\/aufruf-zum-handeln\/feld-der-begegnung-aufruf-zum-handeln\/","og_site_name":"Kassel New","og_image":[{"url":"https:\/\/ssl21kassel.wpengine.com\/wp-content\/uploads\/2021\/06\/FdB-flyer-2020-13-Mayv3_Page_1-300dpi-300x218.jpg"}],"twitter_card":"summary_large_image","twitter_misc":{"Gesch\u00e4tzte Lesezeit":"1 Minute"},"schema":{"@context":"https:\/\/schema.org","@graph":[{"@type":"WebSite","@id":"https:\/\/socialsculpturelab.com\/#website","url":"https:\/\/socialsculpturelab.com\/","name":"Kassel New","description":"","potentialAction":[{"@type":"SearchAction","target":{"@type":"EntryPoint","urlTemplate":"https:\/\/socialsculpturelab.com\/?s={search_term_string}"},"query-input":"required name=search_term_string"}],"inLanguage":"de-DE"},{"@type":"ImageObject","@id":"https:\/\/socialsculpturelab.com\/de\/aufruf-zum-handeln\/feld-der-begegnung-aufruf-zum-handeln\/#primaryimage","inLanguage":"de-DE","url":"https:\/\/ssl21kassel.wpengine.com\/wp-content\/uploads\/2021\/06\/FdB-flyer-2020-13-Mayv3_Page_1-300dpi-300x218.jpg","contentUrl":"https:\/\/ssl21kassel.wpengine.com\/wp-content\/uploads\/2021\/06\/FdB-flyer-2020-13-Mayv3_Page_1-300dpi-300x218.jpg"},{"@type":"WebPage","@id":"https:\/\/socialsculpturelab.com\/de\/aufruf-zum-handeln\/feld-der-begegnung-aufruf-zum-handeln\/#webpage","url":"https:\/\/socialsculpturelab.com\/de\/aufruf-zum-handeln\/feld-der-begegnung-aufruf-zum-handeln\/","name":"FELD DER BEGEGNUNG - Aufruf zum Handeln - Kassel New","isPartOf":{"@id":"https:\/\/socialsculpturelab.com\/#website"},"primaryImageOfPage":{"@id":"https:\/\/socialsculpturelab.com\/de\/aufruf-zum-handeln\/feld-der-begegnung-aufruf-zum-handeln\/#primaryimage"},"datePublished":"2021-08-18T14:13:27+00:00","dateModified":"2021-08-18T14:13:27+00:00","breadcrumb":{"@id":"https:\/\/socialsculpturelab.com\/de\/aufruf-zum-handeln\/feld-der-begegnung-aufruf-zum-handeln\/#breadcrumb"},"inLanguage":"de-DE","potentialAction":[{"@type":"ReadAction","target":["https:\/\/socialsculpturelab.com\/de\/aufruf-zum-handeln\/feld-der-begegnung-aufruf-zum-handeln\/"]}]},{"@type":"BreadcrumbList","@id":"https:\/\/socialsculpturelab.com\/de\/aufruf-zum-handeln\/feld-der-begegnung-aufruf-zum-handeln\/#breadcrumb","itemListElement":[{"@type":"ListItem","position":1,"name":"Home","item":"https:\/\/socialsculpturelab.com\/de\/"},{"@type":"ListItem","position":2,"name":"AUFRUF ZUM HANDELN","item":"https:\/\/socialsculpturelab.com\/de\/aufruf-zum-handeln\/"},{"@type":"ListItem","position":3,"name":"FELD DER BEGEGNUNG &#8211; Aufruf zum Handeln"}]}]}},"_links":{"self":[{"href":"https:\/\/socialsculpturelab.com\/de\/wp-json\/wp\/v2\/pages\/1198"}],"collection":[{"href":"https:\/\/socialsculpturelab.com\/de\/wp-json\/wp\/v2\/pages"}],"about":[{"href":"https:\/\/socialsculpturelab.com\/de\/wp-json\/wp\/v2\/types\/page"}],"author":[{"embeddable":true,"href":"https:\/\/socialsculpturelab.com\/de\/wp-json\/wp\/v2\/users\/1"}],"replies":[{"embeddable":true,"href":"https:\/\/socialsculpturelab.com\/de\/wp-json\/wp\/v2\/comments?post=1198"}],"version-history":[{"count":0,"href":"https:\/\/socialsculpturelab.com\/de\/wp-json\/wp\/v2\/pages\/1198\/revisions"}],"up":[{"embeddable":true,"href":"https:\/\/socialsculpturelab.com\/de\/wp-json\/wp\/v2\/pages\/1195"}],"wp:attachment":[{"href":"https:\/\/socialsculpturelab.com\/de\/wp-json\/wp\/v2\/media?parent=1198"}],"curies":[{"name":"wp","href":"https:\/\/api.w.org\/{rel}","templated":true}]}}