{"id":1199,"date":"2021-08-18T14:15:22","date_gmt":"2021-08-18T14:15:22","guid":{"rendered":"https:\/\/socialsculpturelab.com\/aufruf-zum-handeln\/neue-augen-fuer-die-welt-online-connective-practice-and-training\/"},"modified":"2021-08-18T14:15:25","modified_gmt":"2021-08-18T14:15:25","slug":"neue-augen-fuer-die-welt-online-connective-practice-and-training","status":"publish","type":"page","link":"https:\/\/socialsculpturelab.com\/de\/aufruf-zum-handeln\/neue-augen-fuer-die-welt-online-connective-practice-and-training\/","title":{"rendered":"NEUE AUGEN F\u00dcR DIE WELT &#8211; Online Connective Practice and Training"},"content":{"rendered":"<h2>NEUE AUGEN F\u00dcR DIE WELT<\/h2>\n<h3>Online Verbindende Praxis und Training<\/h3>\n<p><strong>Eine einfache &#8218;verbindende Praxis&#8216; f\u00fcr Weltliebhaber, die sich f\u00fcr &#8217;neue Wahrnehmungsorgane&#8216;, f\u00fcr &#8218;\u00dcberleben&#8216;, f\u00fcr die Arbeit mit anderen interessieren und nicht nach Kassel kommen k\u00f6nnen<\/strong><\/p>\n<p>Dies ist ein Aufruf an Menschen auf der ganzen Welt &#8211; eine inspirierende verbindende Praxis kennenzulernen und daran teilzunehmen, die einem hilft, die Welt mit &#8222;neuen Augen&#8220; zu betrachten, und dann, wenn sie es f\u00fcr sinnvoll halten, diese &#8222;neuen Augen&#8220; zu erweitern, indem Sie die Praxis mit Menschen in Ihrer N\u00e4he und in Ihrem Netzwerk teilen. Es ist daher ein Aufruf an Menschen, die bereit sind, dar\u00fcber nachzudenken, Multiplikatoren einer konnektiven Praxis zu werden.<\/p>\n<p><strong>Datum: Donnerstag, 12. August 2021 13.00 &#8211; 16.00 CET<\/strong><\/p>\n<p>Erfahren Sie mehr und wie Sie teilnehmen k\u00f6nnen<strong> Neue Augen f\u00fcr die Welt<\/strong><u>Training f\u00fcr Multiplikatoren<br \/>\n<\/u><\/p>\n","protected":false},"excerpt":{"rendered":"<p>NEUE AUGEN F\u00dcR DIE WELT Online Verbindende Praxis und Training Eine einfache &#8218;verbindende Praxis&#8216; f\u00fcr Weltliebhaber, die sich f\u00fcr &#8217;neue<\/p>\n","protected":false},"author":1,"featured_media":0,"parent":1195,"menu_order":0,"comment_status":"closed","ping_status":"closed","template":"","meta":[],"yoast_head":"<!-- This site is optimized with the Yoast SEO plugin v16.7 - https:\/\/yoast.com\/wordpress\/plugins\/seo\/ -->\n<meta name=\"robots\" content=\"index, follow, max-snippet:-1, max-image-preview:large, max-video-preview:-1\" \/>\n<link rel=\"canonical\" href=\"https:\/\/socialsculpturelab.com\/de\/aufruf-zum-handeln\/neue-augen-fuer-die-welt-online-connective-practice-and-training\/\" \/>\n<meta property=\"og:locale\" content=\"de_DE\" \/>\n<meta property=\"og:type\" content=\"article\" \/>\n<meta property=\"og:title\" content=\"NEUE AUGEN F\u00dcR DIE WELT - Online Connective Practice and Training - Kassel New\" \/>\n<meta property=\"og:description\" content=\"NEUE AUGEN F\u00dcR DIE WELT Online Verbindende Praxis und Training Eine einfache &#8218;verbindende Praxis&#8216; f\u00fcr Weltliebhaber, die sich f\u00fcr &#8217;neue\" \/>\n<meta property=\"og:url\" content=\"https:\/\/socialsculpturelab.com\/de\/aufruf-zum-handeln\/neue-augen-fuer-die-welt-online-connective-practice-and-training\/\" \/>\n<meta property=\"og:site_name\" content=\"Kassel New\" \/>\n<meta property=\"article:modified_time\" content=\"2021-08-18T14:15:25+00:00\" \/>\n<meta name=\"twitter:card\" content=\"summary_large_image\" \/>\n<meta name=\"twitter:label1\" content=\"Gesch\u00e4tzte Lesezeit\" \/>\n\t<meta name=\"twitter:data1\" content=\"1 Minute\" \/>\n<script type=\"application\/ld+json\" class=\"yoast-schema-graph\">{\"@context\":\"https:\/\/schema.org\",\"@graph\":[{\"@type\":\"WebSite\",\"@id\":\"https:\/\/socialsculpturelab.com\/#website\",\"url\":\"https:\/\/socialsculpturelab.com\/\",\"name\":\"Kassel New\",\"description\":\"\",\"potentialAction\":[{\"@type\":\"SearchAction\",\"target\":{\"@type\":\"EntryPoint\",\"urlTemplate\":\"https:\/\/socialsculpturelab.com\/?s={search_term_string}\"},\"query-input\":\"required name=search_term_string\"}],\"inLanguage\":\"de-DE\"},{\"@type\":\"WebPage\",\"@id\":\"https:\/\/socialsculpturelab.com\/de\/aufruf-zum-handeln\/neue-augen-fuer-die-welt-online-connective-practice-and-training\/#webpage\",\"url\":\"https:\/\/socialsculpturelab.com\/de\/aufruf-zum-handeln\/neue-augen-fuer-die-welt-online-connective-practice-and-training\/\",\"name\":\"NEUE AUGEN F\\u00dcR DIE WELT - Online Connective Practice and Training - Kassel New\",\"isPartOf\":{\"@id\":\"https:\/\/socialsculpturelab.com\/#website\"},\"datePublished\":\"2021-08-18T14:15:22+00:00\",\"dateModified\":\"2021-08-18T14:15:25+00:00\",\"breadcrumb\":{\"@id\":\"https:\/\/socialsculpturelab.com\/de\/aufruf-zum-handeln\/neue-augen-fuer-die-welt-online-connective-practice-and-training\/#breadcrumb\"},\"inLanguage\":\"de-DE\",\"potentialAction\":[{\"@type\":\"ReadAction\",\"target\":[\"https:\/\/socialsculpturelab.com\/de\/aufruf-zum-handeln\/neue-augen-fuer-die-welt-online-connective-practice-and-training\/\"]}]},{\"@type\":\"BreadcrumbList\",\"@id\":\"https:\/\/socialsculpturelab.com\/de\/aufruf-zum-handeln\/neue-augen-fuer-die-welt-online-connective-practice-and-training\/#breadcrumb\",\"itemListElement\":[{\"@type\":\"ListItem\",\"position\":1,\"name\":\"Home\",\"item\":\"https:\/\/socialsculpturelab.com\/de\/\"},{\"@type\":\"ListItem\",\"position\":2,\"name\":\"AUFRUF ZUM HANDELN\",\"item\":\"https:\/\/socialsculpturelab.com\/de\/aufruf-zum-handeln\/\"},{\"@type\":\"ListItem\",\"position\":3,\"name\":\"NEUE AUGEN F\\u00dcR DIE WELT &#8211; Online Connective Practice and Training\"}]}]}<\/script>\n<!-- \/ Yoast SEO plugin. -->","yoast_head_json":{"robots":{"index":"index","follow":"follow","max-snippet":"max-snippet:-1","max-image-preview":"max-image-preview:large","max-video-preview":"max-video-preview:-1"},"canonical":"https:\/\/socialsculpturelab.com\/de\/aufruf-zum-handeln\/neue-augen-fuer-die-welt-online-connective-practice-and-training\/","og_locale":"de_DE","og_type":"article","og_title":"NEUE AUGEN F\u00dcR DIE WELT - Online Connective Practice and Training - Kassel New","og_description":"NEUE AUGEN F\u00dcR DIE WELT Online Verbindende Praxis und Training Eine einfache &#8218;verbindende Praxis&#8216; f\u00fcr Weltliebhaber, die sich f\u00fcr &#8217;neue","og_url":"https:\/\/socialsculpturelab.com\/de\/aufruf-zum-handeln\/neue-augen-fuer-die-welt-online-connective-practice-and-training\/","og_site_name":"Kassel New","article_modified_time":"2021-08-18T14:15:25+00:00","twitter_card":"summary_large_image","twitter_misc":{"Gesch\u00e4tzte Lesezeit":"1 Minute"},"schema":{"@context":"https:\/\/schema.org","@graph":[{"@type":"WebSite","@id":"https:\/\/socialsculpturelab.com\/#website","url":"https:\/\/socialsculpturelab.com\/","name":"Kassel New","description":"","potentialAction":[{"@type":"SearchAction","target":{"@type":"EntryPoint","urlTemplate":"https:\/\/socialsculpturelab.com\/?s={search_term_string}"},"query-input":"required name=search_term_string"}],"inLanguage":"de-DE"},{"@type":"WebPage","@id":"https:\/\/socialsculpturelab.com\/de\/aufruf-zum-handeln\/neue-augen-fuer-die-welt-online-connective-practice-and-training\/#webpage","url":"https:\/\/socialsculpturelab.com\/de\/aufruf-zum-handeln\/neue-augen-fuer-die-welt-online-connective-practice-and-training\/","name":"NEUE AUGEN F\u00dcR DIE WELT - Online Connective Practice and Training - Kassel New","isPartOf":{"@id":"https:\/\/socialsculpturelab.com\/#website"},"datePublished":"2021-08-18T14:15:22+00:00","dateModified":"2021-08-18T14:15:25+00:00","breadcrumb":{"@id":"https:\/\/socialsculpturelab.com\/de\/aufruf-zum-handeln\/neue-augen-fuer-die-welt-online-connective-practice-and-training\/#breadcrumb"},"inLanguage":"de-DE","potentialAction":[{"@type":"ReadAction","target":["https:\/\/socialsculpturelab.com\/de\/aufruf-zum-handeln\/neue-augen-fuer-die-welt-online-connective-practice-and-training\/"]}]},{"@type":"BreadcrumbList","@id":"https:\/\/socialsculpturelab.com\/de\/aufruf-zum-handeln\/neue-augen-fuer-die-welt-online-connective-practice-and-training\/#breadcrumb","itemListElement":[{"@type":"ListItem","position":1,"name":"Home","item":"https:\/\/socialsculpturelab.com\/de\/"},{"@type":"ListItem","position":2,"name":"AUFRUF ZUM HANDELN","item":"https:\/\/socialsculpturelab.com\/de\/aufruf-zum-handeln\/"},{"@type":"ListItem","position":3,"name":"NEUE AUGEN F\u00dcR DIE WELT &#8211; Online Connective Practice and Training"}]}]}},"_links":{"self":[{"href":"https:\/\/socialsculpturelab.com\/de\/wp-json\/wp\/v2\/pages\/1199"}],"collection":[{"href":"https:\/\/socialsculpturelab.com\/de\/wp-json\/wp\/v2\/pages"}],"about":[{"href":"https:\/\/socialsculpturelab.com\/de\/wp-json\/wp\/v2\/types\/page"}],"author":[{"embeddable":true,"href":"https:\/\/socialsculpturelab.com\/de\/wp-json\/wp\/v2\/users\/1"}],"replies":[{"embeddable":true,"href":"https:\/\/socialsculpturelab.com\/de\/wp-json\/wp\/v2\/comments?post=1199"}],"version-history":[{"count":0,"href":"https:\/\/socialsculpturelab.com\/de\/wp-json\/wp\/v2\/pages\/1199\/revisions"}],"up":[{"embeddable":true,"href":"https:\/\/socialsculpturelab.com\/de\/wp-json\/wp\/v2\/pages\/1195"}],"wp:attachment":[{"href":"https:\/\/socialsculpturelab.com\/de\/wp-json\/wp\/v2\/media?parent=1199"}],"curies":[{"name":"wp","href":"https:\/\/api.w.org\/{rel}","templated":true}]}}