{"id":1211,"date":"2021-08-18T14:55:02","date_gmt":"2021-08-18T14:55:02","guid":{"rendered":"https:\/\/socialsculpturelab.com\/multiplikatoren-schulung\/"},"modified":"2021-08-18T14:55:05","modified_gmt":"2021-08-18T14:55:05","slug":"multiplikatoren-schulung","status":"publish","type":"page","link":"https:\/\/socialsculpturelab.com\/de\/multiplikatoren-schulung\/","title":{"rendered":"MULTIPLIKATOREN-SCHULUNG"},"content":{"rendered":"<h1>MULTIPLIKATOREN-SCHULUNG<\/h1>\n<p><strong>Die \u201eConnective Practices\u201c im Kassel21-Social Sculpture Lab sind allesamt partizipative Prozesse rund um neues Sehen, Denken, Zusammenarbeiten und St\u00e4rkung des Willens zum Handeln.<\/strong><\/p>\n<p>Sie sind Gelegenheiten, mit dem zu arbeiten und zu reflektieren, was es hei\u00dft, mit den \u201eunsichtbaren Materialien\u201c der sozialen Skulptur zu arbeiten, und die transformative Gestaltungskraft zu erfahren, die jeder Mensch hat, sich ein nachhaltiges Zusammenleben in der Welt vorzustellen.<\/p>\n<p>Die &#8218;Connective Practices&#8216; &#8211; FRAMETALKS, Field of Commitment \/ Feld der Begegnung, Earth Forum, Landing Strip for Souls und New Eyes for the World &#8211; erfordern alle Moderationen und Anleitungen.<\/p>\n<p>Und\u2026 jeder, der an einer oder mehreren dieser \u201everbindenden Praktiken\u201c interessiert ist, kann lernen, ein Facilitator oder Guide zu werden.<\/p>\n<p>Als Moderator oder Guide k\u00f6nnen Sie den Prozess mit anderen teilen, die Sie kennen und mit denen Sie zusammenarbeiten.<\/p>\n<p>Es erm\u00f6glicht Ihnen auch, die kreativen Methoden, die in diese verbindenden Praktiken eingebaut sind, zu verstehen und zu erforschen und die subtilen, aber kraftvollen &#8218;F\u00e4higkeiten&#8216; und das Wissen in alle Bereiche des eigenen Lebens und der Arbeit zu tragen.<\/p>\n<p><strong><br \/>\nDen Ideen der Sozialen Skulptur n\u00e4her kommen<br \/>\n<\/strong> Das Training zur Skalierung einer konnektiven Praxis im Kassel-21 Lab bringt Ihnen einige der wichtigsten Ideen der sozialen Skulptur und Einblicke in die verbindende Praxis n\u00e4her.<\/p>\n<p><em>Was bedeutet es, k\u00fcnstlerisch mit den \u201eunsichtbaren Materialien\u201c von Haltungen, Fragen und Denkgewohnheiten zu arbeiten? <\/em><\/p>\n<p><em>Was ist imagin\u00e4res Denken? <\/em><\/p>\n<p><em>Wie unterscheidet es sich vom linearen Denken?<\/em><\/p>\n<p><em>Wie kann uns das \u201eSehen, was und wie wir sehen\u201c und das Lernen, in unserem inneren Arbeitsbereich zu arbeiten, helfen, Vorurteile und unbewusste Vorurteile zu \u00fcberwinden?<\/em><\/p>\n<p><em>Wie kann uns die Bewusstheit unseres Sehens und Denkens und des Raums f\u00fcr \u201eimaginale Arbeit\u201c dabei helfen, besser zusammenzuarbeiten, um eine neue Narrative f\u00fcr eine menschlichere und lebendigere Zukunft zu entwickeln?<\/em><\/p>\n<p><strong>Das Training<\/strong><br \/>\nDas Training f\u00fcr jede Praxis ist unterschiedlich, obwohl die Wurzelmethoden des &#8218;Connective Practice Approach&#8216; von allen geteilt werden.<\/p>\n<p>Einige der Multiplikatorentrainings sind kurz \u2013 zwei halbe Tage, andere Trainings sind l\u00e4nger, von 2 Tagen bis zu einer Woche.<\/p>\n<p>W\u00e4hrend des Social Sculpture Lab Kassel-21 ist ein Gro\u00dfteil der Schulungen kostenlos &#8211; weil wir es geschafft haben, sie gesponsert zu bekommen. Wir freuen uns jedoch \u00fcber Beitr\u00e4ge zur Unterst\u00fctzung anderer nicht gef\u00f6rderter Bereiche unserer Arbeit.<\/p>\n<p>Das l\u00e4ngere Earth Forum Training und das Feld der Begegnung Training haben eine gestaffelte Geb\u00fchrenordnung.<\/p>\n<p><em>Ausf\u00fchrliche Informationen und Termine f\u00fcr jede Schulung finden Sie in der jeweiligen Praxis. [Coming soon] <\/em><\/p>\n","protected":false},"excerpt":{"rendered":"<p>MULTIPLIKATOREN-SCHULUNG Die \u201eConnective Practices\u201c im Kassel21-Social Sculpture Lab sind allesamt partizipative Prozesse rund um neues Sehen, Denken, Zusammenarbeiten und St\u00e4rkung<\/p>\n","protected":false},"author":1,"featured_media":0,"parent":0,"menu_order":0,"comment_status":"closed","ping_status":"closed","template":"","meta":[],"yoast_head":"<!-- This site is optimized with the Yoast SEO plugin v16.7 - https:\/\/yoast.com\/wordpress\/plugins\/seo\/ -->\n<meta name=\"robots\" content=\"index, follow, max-snippet:-1, max-image-preview:large, max-video-preview:-1\" \/>\n<link rel=\"canonical\" href=\"https:\/\/socialsculpturelab.com\/de\/multiplikatoren-schulung\/\" \/>\n<meta property=\"og:locale\" content=\"de_DE\" \/>\n<meta property=\"og:type\" content=\"article\" \/>\n<meta property=\"og:title\" content=\"MULTIPLIKATOREN-SCHULUNG - Kassel New\" \/>\n<meta property=\"og:description\" content=\"MULTIPLIKATOREN-SCHULUNG Die \u201eConnective Practices\u201c im Kassel21-Social Sculpture Lab sind allesamt partizipative Prozesse rund um neues Sehen, Denken, Zusammenarbeiten und St\u00e4rkung\" \/>\n<meta property=\"og:url\" content=\"https:\/\/socialsculpturelab.com\/de\/multiplikatoren-schulung\/\" \/>\n<meta property=\"og:site_name\" content=\"Kassel New\" \/>\n<meta property=\"article:modified_time\" content=\"2021-08-18T14:55:05+00:00\" \/>\n<meta name=\"twitter:card\" content=\"summary_large_image\" \/>\n<meta name=\"twitter:label1\" content=\"Gesch\u00e4tzte Lesezeit\" \/>\n\t<meta name=\"twitter:data1\" content=\"2 Minuten\" \/>\n<script type=\"application\/ld+json\" class=\"yoast-schema-graph\">{\"@context\":\"https:\/\/schema.org\",\"@graph\":[{\"@type\":\"WebSite\",\"@id\":\"https:\/\/socialsculpturelab.com\/#website\",\"url\":\"https:\/\/socialsculpturelab.com\/\",\"name\":\"Kassel New\",\"description\":\"\",\"potentialAction\":[{\"@type\":\"SearchAction\",\"target\":{\"@type\":\"EntryPoint\",\"urlTemplate\":\"https:\/\/socialsculpturelab.com\/?s={search_term_string}\"},\"query-input\":\"required name=search_term_string\"}],\"inLanguage\":\"de-DE\"},{\"@type\":\"WebPage\",\"@id\":\"https:\/\/socialsculpturelab.com\/de\/multiplikatoren-schulung\/#webpage\",\"url\":\"https:\/\/socialsculpturelab.com\/de\/multiplikatoren-schulung\/\",\"name\":\"MULTIPLIKATOREN-SCHULUNG - Kassel New\",\"isPartOf\":{\"@id\":\"https:\/\/socialsculpturelab.com\/#website\"},\"datePublished\":\"2021-08-18T14:55:02+00:00\",\"dateModified\":\"2021-08-18T14:55:05+00:00\",\"breadcrumb\":{\"@id\":\"https:\/\/socialsculpturelab.com\/de\/multiplikatoren-schulung\/#breadcrumb\"},\"inLanguage\":\"de-DE\",\"potentialAction\":[{\"@type\":\"ReadAction\",\"target\":[\"https:\/\/socialsculpturelab.com\/de\/multiplikatoren-schulung\/\"]}]},{\"@type\":\"BreadcrumbList\",\"@id\":\"https:\/\/socialsculpturelab.com\/de\/multiplikatoren-schulung\/#breadcrumb\",\"itemListElement\":[{\"@type\":\"ListItem\",\"position\":1,\"name\":\"Home\",\"item\":\"https:\/\/socialsculpturelab.com\/de\/\"},{\"@type\":\"ListItem\",\"position\":2,\"name\":\"MULTIPLIKATOREN-SCHULUNG\"}]}]}<\/script>\n<!-- \/ Yoast SEO plugin. -->","yoast_head_json":{"robots":{"index":"index","follow":"follow","max-snippet":"max-snippet:-1","max-image-preview":"max-image-preview:large","max-video-preview":"max-video-preview:-1"},"canonical":"https:\/\/socialsculpturelab.com\/de\/multiplikatoren-schulung\/","og_locale":"de_DE","og_type":"article","og_title":"MULTIPLIKATOREN-SCHULUNG - Kassel New","og_description":"MULTIPLIKATOREN-SCHULUNG Die \u201eConnective Practices\u201c im Kassel21-Social Sculpture Lab sind allesamt partizipative Prozesse rund um neues Sehen, Denken, Zusammenarbeiten und St\u00e4rkung","og_url":"https:\/\/socialsculpturelab.com\/de\/multiplikatoren-schulung\/","og_site_name":"Kassel New","article_modified_time":"2021-08-18T14:55:05+00:00","twitter_card":"summary_large_image","twitter_misc":{"Gesch\u00e4tzte Lesezeit":"2 Minuten"},"schema":{"@context":"https:\/\/schema.org","@graph":[{"@type":"WebSite","@id":"https:\/\/socialsculpturelab.com\/#website","url":"https:\/\/socialsculpturelab.com\/","name":"Kassel New","description":"","potentialAction":[{"@type":"SearchAction","target":{"@type":"EntryPoint","urlTemplate":"https:\/\/socialsculpturelab.com\/?s={search_term_string}"},"query-input":"required name=search_term_string"}],"inLanguage":"de-DE"},{"@type":"WebPage","@id":"https:\/\/socialsculpturelab.com\/de\/multiplikatoren-schulung\/#webpage","url":"https:\/\/socialsculpturelab.com\/de\/multiplikatoren-schulung\/","name":"MULTIPLIKATOREN-SCHULUNG - Kassel New","isPartOf":{"@id":"https:\/\/socialsculpturelab.com\/#website"},"datePublished":"2021-08-18T14:55:02+00:00","dateModified":"2021-08-18T14:55:05+00:00","breadcrumb":{"@id":"https:\/\/socialsculpturelab.com\/de\/multiplikatoren-schulung\/#breadcrumb"},"inLanguage":"de-DE","potentialAction":[{"@type":"ReadAction","target":["https:\/\/socialsculpturelab.com\/de\/multiplikatoren-schulung\/"]}]},{"@type":"BreadcrumbList","@id":"https:\/\/socialsculpturelab.com\/de\/multiplikatoren-schulung\/#breadcrumb","itemListElement":[{"@type":"ListItem","position":1,"name":"Home","item":"https:\/\/socialsculpturelab.com\/de\/"},{"@type":"ListItem","position":2,"name":"MULTIPLIKATOREN-SCHULUNG"}]}]}},"_links":{"self":[{"href":"https:\/\/socialsculpturelab.com\/de\/wp-json\/wp\/v2\/pages\/1211"}],"collection":[{"href":"https:\/\/socialsculpturelab.com\/de\/wp-json\/wp\/v2\/pages"}],"about":[{"href":"https:\/\/socialsculpturelab.com\/de\/wp-json\/wp\/v2\/types\/page"}],"author":[{"embeddable":true,"href":"https:\/\/socialsculpturelab.com\/de\/wp-json\/wp\/v2\/users\/1"}],"replies":[{"embeddable":true,"href":"https:\/\/socialsculpturelab.com\/de\/wp-json\/wp\/v2\/comments?post=1211"}],"version-history":[{"count":0,"href":"https:\/\/socialsculpturelab.com\/de\/wp-json\/wp\/v2\/pages\/1211\/revisions"}],"wp:attachment":[{"href":"https:\/\/socialsculpturelab.com\/de\/wp-json\/wp\/v2\/media?parent=1211"}],"curies":[{"name":"wp","href":"https:\/\/api.w.org\/{rel}","templated":true}]}}