{"id":1212,"date":"2021-08-18T14:56:46","date_gmt":"2021-08-18T14:56:46","guid":{"rendered":"https:\/\/socialsculpturelab.com\/multiplikatoren-schulung\/earth-forum-verantwortungsvolle-teilnehmer-schulung\/"},"modified":"2021-08-18T14:56:46","modified_gmt":"2021-08-18T14:56:46","slug":"earth-forum-verantwortungsvolle-teilnehmer-schulung","status":"publish","type":"page","link":"https:\/\/socialsculpturelab.com\/de\/multiplikatoren-schulung\/earth-forum-verantwortungsvolle-teilnehmer-schulung\/","title":{"rendered":"Earth Forum \u201eVerantwortungsvolle Teilnehmer\u201c-Schulung"},"content":{"rendered":"<h2><strong>ERD-FORUM<br \/>\nSchulung \u201eVerantwortlicher Teilnehmer\u201c<\/strong><\/h2>\n<h4>Die Ausbildung zum Earth Forum &#8218;Responsible Participant&#8216; findet im Sp\u00e4therbst 2021 oder Anfang 2022 statt.<\/h4>\n<p>Das 4-t\u00e4gige intensive Pr\u00e4senztraining erm\u00f6glicht es Ihnen, den Earth Forum-Prozess mit Unterst\u00fctzung eines anderen Earth Forum-Praktikers live und\/oder f\u00fcr Online-Supervisionen anzubieten.<\/p>\n<p><strong>F\u00fcr die Schulungsteilnehmer steht ein ausf\u00fchrliches Handbuch zur Verf\u00fcgung.<\/strong><\/p>\n<p>Das Earth Forum-Training bietet auch Einblicke in die Wurzelmethoden der sozialen Skulptur \u2013 Connective Practice und kreative Strategien, die f\u00fcr das Earth Forum und andere \u201econnective Practice\u201c-Prozesse von zentraler Bedeutung sind.<\/p>\n<p><strong><br \/>\nEin Prozess, um gemeinsam zu denken und \u201esozialen Honig zu machen\u201c<\/strong><\/p>\n<p><img loading=\"lazy\" class=\"alignnone wp-image-869\" src=\"https:\/\/ssl21kassel.wpengine.com\/wp-content\/uploads\/2021\/07\/Earth-Forum-Kassel-training-Sept-2019-for-website--300x225.jpg\" alt=\"\" width=\"218\" height=\"163\" srcset=\"https:\/\/socialsculpturelab.com\/wp-content\/uploads\/2021\/07\/Earth-Forum-Kassel-training-Sept-2019-for-website--300x225.jpg 300w, https:\/\/socialsculpturelab.com\/wp-content\/uploads\/2021\/07\/Earth-Forum-Kassel-training-Sept-2019-for-website--768x576.jpg 768w, https:\/\/socialsculpturelab.com\/wp-content\/uploads\/2021\/07\/Earth-Forum-Kassel-training-Sept-2019-for-website--1000x750.jpg 1000w, https:\/\/socialsculpturelab.com\/wp-content\/uploads\/2021\/07\/Earth-Forum-Kassel-training-Sept-2019-for-website--500x375.jpg 500w, https:\/\/socialsculpturelab.com\/wp-content\/uploads\/2021\/07\/Earth-Forum-Kassel-training-Sept-2019-for-website-.jpg 1024w\" sizes=\"(max-width: 218px) 100vw, 218px\" \/> <img loading=\"lazy\" class=\"alignnone wp-image-877\" src=\"https:\/\/ssl21kassel.wpengine.com\/wp-content\/uploads\/2021\/07\/Fion_1-300x225.jpg\" alt=\"\" width=\"205\" height=\"154\" srcset=\"https:\/\/socialsculpturelab.com\/wp-content\/uploads\/2021\/07\/Fion_1-300x225.jpg 300w, https:\/\/socialsculpturelab.com\/wp-content\/uploads\/2021\/07\/Fion_1-1024x768.jpg 1024w, https:\/\/socialsculpturelab.com\/wp-content\/uploads\/2021\/07\/Fion_1-768x576.jpg 768w, https:\/\/socialsculpturelab.com\/wp-content\/uploads\/2021\/07\/Fion_1-1536x1152.jpg 1536w, https:\/\/socialsculpturelab.com\/wp-content\/uploads\/2021\/07\/Fion_1-2048x1536.jpg 2048w, https:\/\/socialsculpturelab.com\/wp-content\/uploads\/2021\/07\/Fion_1-2000x1500.jpg 2000w, https:\/\/socialsculpturelab.com\/wp-content\/uploads\/2021\/07\/Fion_1-1000x750.jpg 1000w, https:\/\/socialsculpturelab.com\/wp-content\/uploads\/2021\/07\/Fion_1-500x375.jpg 500w\" sizes=\"(max-width: 205px) 100vw, 205px\" \/> <img loading=\"lazy\" class=\"alignnone wp-image-863\" src=\"https:\/\/ssl21kassel.wpengine.com\/wp-content\/uploads\/2021\/07\/IMG_2597-300x300.jpg\" alt=\"\" width=\"169\" height=\"169\" srcset=\"https:\/\/socialsculpturelab.com\/wp-content\/uploads\/2021\/07\/IMG_2597-300x300.jpg 300w, https:\/\/socialsculpturelab.com\/wp-content\/uploads\/2021\/07\/IMG_2597-1024x1024.jpg 1024w, https:\/\/socialsculpturelab.com\/wp-content\/uploads\/2021\/07\/IMG_2597-150x150.jpg 150w, https:\/\/socialsculpturelab.com\/wp-content\/uploads\/2021\/07\/IMG_2597-768x768.jpg 768w, https:\/\/socialsculpturelab.com\/wp-content\/uploads\/2021\/07\/IMG_2597-170x170.jpg 170w, https:\/\/socialsculpturelab.com\/wp-content\/uploads\/2021\/07\/IMG_2597-1000x1000.jpg 1000w, https:\/\/socialsculpturelab.com\/wp-content\/uploads\/2021\/07\/IMG_2597-500x500.jpg 500w, https:\/\/socialsculpturelab.com\/wp-content\/uploads\/2021\/07\/IMG_2597.jpg 1200w\" sizes=\"(max-width: 169px) 100vw, 169px\" \/><\/p>\n<p>Dieses Training wird seit 2010 in S\u00fcdafrika, China, Indien, Gro\u00dfbritannien, Portugal, Irland, Holland und Deutschland durchgef\u00fchrt.<\/p>\n<p>So wie der Earth Forum-Prozess Jahr f\u00fcr Jahr weiterentwickelt und verfeinert wurde, so hat sich auch das Training entwickelt.<\/p>\n<p><strong><br \/>\nIm Kassel-21 Lab<br \/>\n<\/strong> Im Rahmen des Kassel-21 \/ Social Sculpture Lab werden Earth Forum Prozesse sowohl f\u00fcr Kasseler Einwohner als auch f\u00fcr Kasselbesucher angeboten. Alle Teilnehmer an diesen Prozessen sind berechtigt, an einem Earth Forum-Training teilzunehmen.<\/p>\n<p>Das neue globale Social Sculpture Lab wird weiterhin Schulungen zum Earth Forum anbieten und Supervision \u00fcber das Kassel-21-Labor hinaus anbieten.<\/p>\n<p><strong>Schulungskosten <\/strong><br \/>\nIn Europa zahlen die Teilnehmer f\u00fcr die Schulung gestaffelt von 50 bis 500 Euro. Und zahlen den Selbstkostenpreis f\u00fcr das Earth Forum Tuch und das Handbuch[around \u20ac50] . Die Kosten unterscheiden sich von Land zu Land, je nach Durchschnittslohn und Teilnehmergruppe. Niemand wird aufgrund der Kosten jemals vom Earth Forum-Training abgewiesen. Wir bitten Sie, zu versuchen, Sponsoren zu finden, oder wir helfen dabei, wo es m\u00f6glich ist.<\/p>\n","protected":false},"excerpt":{"rendered":"<p>ERD-FORUM Schulung \u201eVerantwortlicher Teilnehmer\u201c Die Ausbildung zum Earth Forum &#8218;Responsible Participant&#8216; findet im Sp\u00e4therbst 2021 oder Anfang 2022 statt. Das<\/p>\n","protected":false},"author":1,"featured_media":0,"parent":1211,"menu_order":0,"comment_status":"closed","ping_status":"closed","template":"","meta":[],"yoast_head":"<!-- This site is optimized with the Yoast SEO plugin v16.7 - https:\/\/yoast.com\/wordpress\/plugins\/seo\/ -->\n<meta name=\"robots\" content=\"index, follow, max-snippet:-1, max-image-preview:large, max-video-preview:-1\" \/>\n<link rel=\"canonical\" href=\"https:\/\/socialsculpturelab.com\/de\/multiplikatoren-schulung\/earth-forum-verantwortungsvolle-teilnehmer-schulung\/\" \/>\n<meta property=\"og:locale\" content=\"de_DE\" \/>\n<meta property=\"og:type\" content=\"article\" \/>\n<meta property=\"og:title\" content=\"Earth Forum \u201eVerantwortungsvolle Teilnehmer\u201c-Schulung - Kassel New\" \/>\n<meta property=\"og:description\" content=\"ERD-FORUM Schulung \u201eVerantwortlicher Teilnehmer\u201c Die Ausbildung zum Earth Forum &#8218;Responsible Participant&#8216; findet im Sp\u00e4therbst 2021 oder Anfang 2022 statt. Das\" \/>\n<meta property=\"og:url\" content=\"https:\/\/socialsculpturelab.com\/multiplikatoren-schulung\/earth-forum-verantwortungsvolle-teilnehmer-schulung\/\" \/>\n<meta property=\"og:site_name\" content=\"Kassel New\" \/>\n<meta property=\"og:image\" content=\"https:\/\/ssl21kassel.wpengine.com\/wp-content\/uploads\/2021\/07\/Earth-Forum-Kassel-training-Sept-2019-for-website--300x225.jpg\" \/>\n<meta name=\"twitter:card\" content=\"summary_large_image\" \/>\n<meta name=\"twitter:label1\" content=\"Gesch\u00e4tzte Lesezeit\" \/>\n\t<meta name=\"twitter:data1\" content=\"1 Minute\" \/>\n<script type=\"application\/ld+json\" class=\"yoast-schema-graph\">{\"@context\":\"https:\/\/schema.org\",\"@graph\":[{\"@type\":\"WebSite\",\"@id\":\"https:\/\/socialsculpturelab.com\/#website\",\"url\":\"https:\/\/socialsculpturelab.com\/\",\"name\":\"Kassel New\",\"description\":\"\",\"potentialAction\":[{\"@type\":\"SearchAction\",\"target\":{\"@type\":\"EntryPoint\",\"urlTemplate\":\"https:\/\/socialsculpturelab.com\/?s={search_term_string}\"},\"query-input\":\"required name=search_term_string\"}],\"inLanguage\":\"de-DE\"},{\"@type\":\"ImageObject\",\"@id\":\"https:\/\/socialsculpturelab.com\/multiplikatoren-schulung\/earth-forum-verantwortungsvolle-teilnehmer-schulung\/#primaryimage\",\"inLanguage\":\"de-DE\",\"url\":\"https:\/\/ssl21kassel.wpengine.com\/wp-content\/uploads\/2021\/07\/Earth-Forum-Kassel-training-Sept-2019-for-website--300x225.jpg\",\"contentUrl\":\"https:\/\/ssl21kassel.wpengine.com\/wp-content\/uploads\/2021\/07\/Earth-Forum-Kassel-training-Sept-2019-for-website--300x225.jpg\"},{\"@type\":\"WebPage\",\"@id\":\"https:\/\/socialsculpturelab.com\/multiplikatoren-schulung\/earth-forum-verantwortungsvolle-teilnehmer-schulung\/#webpage\",\"url\":\"https:\/\/socialsculpturelab.com\/multiplikatoren-schulung\/earth-forum-verantwortungsvolle-teilnehmer-schulung\/\",\"name\":\"Earth Forum \\u201eVerantwortungsvolle Teilnehmer\\u201c-Schulung - Kassel New\",\"isPartOf\":{\"@id\":\"https:\/\/socialsculpturelab.com\/#website\"},\"primaryImageOfPage\":{\"@id\":\"https:\/\/socialsculpturelab.com\/multiplikatoren-schulung\/earth-forum-verantwortungsvolle-teilnehmer-schulung\/#primaryimage\"},\"datePublished\":\"2021-08-18T14:56:46+00:00\",\"dateModified\":\"2021-08-18T14:56:46+00:00\",\"breadcrumb\":{\"@id\":\"https:\/\/socialsculpturelab.com\/multiplikatoren-schulung\/earth-forum-verantwortungsvolle-teilnehmer-schulung\/#breadcrumb\"},\"inLanguage\":\"de-DE\",\"potentialAction\":[{\"@type\":\"ReadAction\",\"target\":[\"https:\/\/socialsculpturelab.com\/multiplikatoren-schulung\/earth-forum-verantwortungsvolle-teilnehmer-schulung\/\"]}]},{\"@type\":\"BreadcrumbList\",\"@id\":\"https:\/\/socialsculpturelab.com\/multiplikatoren-schulung\/earth-forum-verantwortungsvolle-teilnehmer-schulung\/#breadcrumb\",\"itemListElement\":[{\"@type\":\"ListItem\",\"position\":1,\"name\":\"Home\",\"item\":\"https:\/\/socialsculpturelab.com\/de\/\"},{\"@type\":\"ListItem\",\"position\":2,\"name\":\"MULTIPLIKATOREN-SCHULUNG\",\"item\":\"https:\/\/socialsculpturelab.com\/de\/multiplikatoren-schulung\/\"},{\"@type\":\"ListItem\",\"position\":3,\"name\":\"Earth Forum \\u201eVerantwortungsvolle Teilnehmer\\u201c-Schulung\"}]}]}<\/script>\n<!-- \/ Yoast SEO plugin. -->","yoast_head_json":{"robots":{"index":"index","follow":"follow","max-snippet":"max-snippet:-1","max-image-preview":"max-image-preview:large","max-video-preview":"max-video-preview:-1"},"canonical":"https:\/\/socialsculpturelab.com\/de\/multiplikatoren-schulung\/earth-forum-verantwortungsvolle-teilnehmer-schulung\/","og_locale":"de_DE","og_type":"article","og_title":"Earth Forum \u201eVerantwortungsvolle Teilnehmer\u201c-Schulung - Kassel New","og_description":"ERD-FORUM Schulung \u201eVerantwortlicher Teilnehmer\u201c Die Ausbildung zum Earth Forum &#8218;Responsible Participant&#8216; findet im Sp\u00e4therbst 2021 oder Anfang 2022 statt. Das","og_url":"https:\/\/socialsculpturelab.com\/multiplikatoren-schulung\/earth-forum-verantwortungsvolle-teilnehmer-schulung\/","og_site_name":"Kassel New","og_image":[{"url":"https:\/\/ssl21kassel.wpengine.com\/wp-content\/uploads\/2021\/07\/Earth-Forum-Kassel-training-Sept-2019-for-website--300x225.jpg"}],"twitter_card":"summary_large_image","twitter_misc":{"Gesch\u00e4tzte Lesezeit":"1 Minute"},"schema":{"@context":"https:\/\/schema.org","@graph":[{"@type":"WebSite","@id":"https:\/\/socialsculpturelab.com\/#website","url":"https:\/\/socialsculpturelab.com\/","name":"Kassel New","description":"","potentialAction":[{"@type":"SearchAction","target":{"@type":"EntryPoint","urlTemplate":"https:\/\/socialsculpturelab.com\/?s={search_term_string}"},"query-input":"required name=search_term_string"}],"inLanguage":"de-DE"},{"@type":"ImageObject","@id":"https:\/\/socialsculpturelab.com\/multiplikatoren-schulung\/earth-forum-verantwortungsvolle-teilnehmer-schulung\/#primaryimage","inLanguage":"de-DE","url":"https:\/\/ssl21kassel.wpengine.com\/wp-content\/uploads\/2021\/07\/Earth-Forum-Kassel-training-Sept-2019-for-website--300x225.jpg","contentUrl":"https:\/\/ssl21kassel.wpengine.com\/wp-content\/uploads\/2021\/07\/Earth-Forum-Kassel-training-Sept-2019-for-website--300x225.jpg"},{"@type":"WebPage","@id":"https:\/\/socialsculpturelab.com\/multiplikatoren-schulung\/earth-forum-verantwortungsvolle-teilnehmer-schulung\/#webpage","url":"https:\/\/socialsculpturelab.com\/multiplikatoren-schulung\/earth-forum-verantwortungsvolle-teilnehmer-schulung\/","name":"Earth Forum \u201eVerantwortungsvolle Teilnehmer\u201c-Schulung - Kassel New","isPartOf":{"@id":"https:\/\/socialsculpturelab.com\/#website"},"primaryImageOfPage":{"@id":"https:\/\/socialsculpturelab.com\/multiplikatoren-schulung\/earth-forum-verantwortungsvolle-teilnehmer-schulung\/#primaryimage"},"datePublished":"2021-08-18T14:56:46+00:00","dateModified":"2021-08-18T14:56:46+00:00","breadcrumb":{"@id":"https:\/\/socialsculpturelab.com\/multiplikatoren-schulung\/earth-forum-verantwortungsvolle-teilnehmer-schulung\/#breadcrumb"},"inLanguage":"de-DE","potentialAction":[{"@type":"ReadAction","target":["https:\/\/socialsculpturelab.com\/multiplikatoren-schulung\/earth-forum-verantwortungsvolle-teilnehmer-schulung\/"]}]},{"@type":"BreadcrumbList","@id":"https:\/\/socialsculpturelab.com\/multiplikatoren-schulung\/earth-forum-verantwortungsvolle-teilnehmer-schulung\/#breadcrumb","itemListElement":[{"@type":"ListItem","position":1,"name":"Home","item":"https:\/\/socialsculpturelab.com\/de\/"},{"@type":"ListItem","position":2,"name":"MULTIPLIKATOREN-SCHULUNG","item":"https:\/\/socialsculpturelab.com\/de\/multiplikatoren-schulung\/"},{"@type":"ListItem","position":3,"name":"Earth Forum \u201eVerantwortungsvolle Teilnehmer\u201c-Schulung"}]}]}},"_links":{"self":[{"href":"https:\/\/socialsculpturelab.com\/de\/wp-json\/wp\/v2\/pages\/1212"}],"collection":[{"href":"https:\/\/socialsculpturelab.com\/de\/wp-json\/wp\/v2\/pages"}],"about":[{"href":"https:\/\/socialsculpturelab.com\/de\/wp-json\/wp\/v2\/types\/page"}],"author":[{"embeddable":true,"href":"https:\/\/socialsculpturelab.com\/de\/wp-json\/wp\/v2\/users\/1"}],"replies":[{"embeddable":true,"href":"https:\/\/socialsculpturelab.com\/de\/wp-json\/wp\/v2\/comments?post=1212"}],"version-history":[{"count":0,"href":"https:\/\/socialsculpturelab.com\/de\/wp-json\/wp\/v2\/pages\/1212\/revisions"}],"up":[{"embeddable":true,"href":"https:\/\/socialsculpturelab.com\/de\/wp-json\/wp\/v2\/pages\/1211"}],"wp:attachment":[{"href":"https:\/\/socialsculpturelab.com\/de\/wp-json\/wp\/v2\/media?parent=1212"}],"curies":[{"name":"wp","href":"https:\/\/api.w.org\/{rel}","templated":true}]}}