{"id":1213,"date":"2021-08-18T15:04:27","date_gmt":"2021-08-18T15:04:27","guid":{"rendered":"https:\/\/socialsculpturelab.com\/multiplikatoren-schulung\/feld-der-begegnung-training\/"},"modified":"2021-08-18T15:04:28","modified_gmt":"2021-08-18T15:04:28","slug":"feld-der-begegnung-training","status":"publish","type":"page","link":"https:\/\/socialsculpturelab.com\/de\/multiplikatoren-schulung\/feld-der-begegnung-training\/","title":{"rendered":"Feld der Begegnung Training"},"content":{"rendered":"<h2><strong>FELD DER BEGEGNUNG [Feld der Begegnung] AUSBILDUNG<\/strong><\/h2>\n<h3>Field of Commitment ist eine der verbindenden Praktiken, die im Kassel-21 \/ Social Sculpture Lab angeboten werden.<\/h3>\n<p>In Kassel beinhaltet das Feld de Begenung reinen \u201eAufruf\u201c f\u00fcr die ersten 100+ Personen, um einen \u201eOrt der Begegnung\u201c zu schaffen. Ein \u201eFeld der Begegnung\u201c-Moderator wird Ihnen helfen, diesen Ort zu schaffen. <em>[Read more about the Call]<\/em><\/p>\n<p>Diese individuellen \u201eOrte der Begegnung\u201c k\u00f6nnen in Ihrem eigenen Garten, Ihrer Stra\u00dfe, einem Park, einem \u00f6ffentlichen Ort oder Ihrer Schule sein, wenn Sie Lehrer sind.<\/p>\n<p>Jeder Ort der Begegnung muss mit mindestens einer Person verbunden sein, die den Ort besucht und die dort eingegangene Verpflichtung wahrnimmt.<\/p>\n<h3><strong><br \/>\nVIER ARTEN DER AUSBILDUNG F\u00dcR DAS FELD DER BEGEGNUNG<\/strong><\/h3>\n<p><b>F\u00dcR MENSCHEN IN KASSEL<\/b><\/p>\n<p><strong>1. Training, um eine Person zu bef\u00e4higen, einen Ort der Begegnung zu schaffen<br \/>\n<\/strong> Dieses Training richtet sich an Menschen in Kassel, die dem Team von Feld der Begegnung beitreten m\u00f6chten, das anderen hilft, ihr eigenes \u201eFeld der Begegnung\u201c zu schaffen. Dieses Training findet ab Juni 2021 statt. Termine werden noch bekannt gegeben. Oder nach Absprache mit Martina Sch\u00e4fer.<br \/>\n<strong>Kosten<\/strong> Dieses lokale Training wird gesponsert und ist daher kostenlos.<\/p>\n<p><strong>2.Ausbildung und Unterst\u00fctzung von Lehrern oder Schulsozialarbeitern<\/strong>, die in oder in der N\u00e4he ihrer Schule einen \u201eOrt des Engagements\u201c schaffen m\u00f6chten, den sie und andere Lehrkr\u00e4fte mit Sch\u00fclergruppen nutzen k\u00f6nnen, um \u00fcber Baumpflanzungen, Klimafragen und Mensch-Baum-Zukunftsbeziehungen nachzudenken. Dieses Training findet ab Herbst 2021 statt. Termine werden noch bekannt gegeben. Oder nach Absprache mit Martina Sch\u00e4fer.<br \/>\n<strong>Kosten<\/strong> Dieses lokale Training wird gesponsert und ist daher kostenlos.<br \/>\n<strong><br \/>\nIN DEUTSCH \/ F\u00dcR MENSCHEN IN &amp; \u00dcBER KASSEL [Ausbildung in Kassel. Details unten.]<\/strong><\/p>\n<p><strong>3.\u201eKeeper of the Field\u201c- &amp; Koordinatorenschulung f\u00fcr Menschen au\u00dferhalb von Kassel<br \/>\n<\/strong>Dieses Training richtet sich an Menschen von au\u00dferhalb Kassels, die in ihrem eigenen Dorf, ihrer Stadt oder Stadt ein Engagementfeld schaffen wollen und die in Kassel keine lokalen \u201eOrte der Begegnung\u201c schaffen k\u00f6nnen, weil sie nicht in Kassel wohnen.<br \/>\n<strong>Kosten:<\/strong> Schiebeskala. Siehe Details unten<strong><br \/>\n Dauer:<\/strong> Dieses Training erstreckt sich \u00fcber vier Tage, gefolgt von Online-Austausch und \u201eSupervision\u201c.<\/p>\n<p><strong>AUF ENGLISCH \/ F\u00dcR MENSCHEN AUSSERHALB DEUTSCHLANDS <\/strong><\/p>\n<p><strong>4. Online-Training f\u00fcr &#8218;Keeper of the Field&#8216; &amp; Facilitator Training f\u00fcr Menschen in anderen Teilen der Welt<br \/>\n<\/strong><em> Wenn Sie Kassel nicht erreichen k\u00f6nnen:<\/em> Diese \u00e4hnelt der in Nr. 3 genannten Schulung, findet jedoch online statt.<br \/>\nDiese Option werden wir gegen Ende 2021\/Anfang 2022 entwickeln. Bitte \u00fcberpr\u00fcfen Sie diesen Bereich. F\u00fcr diese Schulung fallen Kosten an, die sich auf das Land und die pers\u00f6nlichen Umst\u00e4nde beziehen. Derzeit liegen Anfragen aus Gro\u00dfbritannien, Brasilien und Australien vor. Die Teilnehmer m\u00fcssen zudem die ersten 5 &#8211; 10 Baumgruppen kaufen oder eine Patenschaft erhalten, um das Feld der Begegnung in ihrem eigenen Bereich entwickeln zu k\u00f6nnen.<\/p>\n<p><strong>Kontakt<\/strong> Martina Sch\u00e4fer, um sich \u00fcber all diese Trainingsarten zu informieren und einen Platz zu buchen.<\/p>\n<p><a href=\"mailto:feld-kassel@universityofthetrees.org\">feld-kassel@universityofthetrees.org<\/a><\/p>\n","protected":false},"excerpt":{"rendered":"<p>FELD DER BEGEGNUNG [Feld der Begegnung] AUSBILDUNG Field of Commitment ist eine der verbindenden Praktiken, die im Kassel-21 \/ Social<\/p>\n","protected":false},"author":1,"featured_media":0,"parent":1211,"menu_order":0,"comment_status":"closed","ping_status":"closed","template":"","meta":[],"yoast_head":"<!-- This site is optimized with the Yoast SEO plugin v16.7 - https:\/\/yoast.com\/wordpress\/plugins\/seo\/ -->\n<meta name=\"robots\" content=\"index, follow, max-snippet:-1, max-image-preview:large, max-video-preview:-1\" \/>\n<link rel=\"canonical\" href=\"https:\/\/socialsculpturelab.com\/de\/multiplikatoren-schulung\/feld-der-begegnung-training\/\" \/>\n<meta property=\"og:locale\" content=\"de_DE\" \/>\n<meta property=\"og:type\" content=\"article\" \/>\n<meta property=\"og:title\" content=\"Feld der Begegnung Training - Kassel New\" \/>\n<meta property=\"og:description\" content=\"FELD DER BEGEGNUNG [Feld der Begegnung] AUSBILDUNG Field of Commitment ist eine der verbindenden Praktiken, die im Kassel-21 \/ Social\" \/>\n<meta property=\"og:url\" content=\"https:\/\/socialsculpturelab.com\/de\/multiplikatoren-schulung\/feld-der-begegnung-training\/\" \/>\n<meta property=\"og:site_name\" content=\"Kassel New\" \/>\n<meta property=\"article:modified_time\" content=\"2021-08-18T15:04:28+00:00\" \/>\n<meta name=\"twitter:card\" content=\"summary_large_image\" \/>\n<meta name=\"twitter:label1\" content=\"Gesch\u00e4tzte Lesezeit\" \/>\n\t<meta name=\"twitter:data1\" content=\"2 Minuten\" \/>\n<script type=\"application\/ld+json\" class=\"yoast-schema-graph\">{\"@context\":\"https:\/\/schema.org\",\"@graph\":[{\"@type\":\"WebSite\",\"@id\":\"https:\/\/socialsculpturelab.com\/#website\",\"url\":\"https:\/\/socialsculpturelab.com\/\",\"name\":\"Kassel New\",\"description\":\"\",\"potentialAction\":[{\"@type\":\"SearchAction\",\"target\":{\"@type\":\"EntryPoint\",\"urlTemplate\":\"https:\/\/socialsculpturelab.com\/?s={search_term_string}\"},\"query-input\":\"required name=search_term_string\"}],\"inLanguage\":\"de-DE\"},{\"@type\":\"WebPage\",\"@id\":\"https:\/\/socialsculpturelab.com\/de\/multiplikatoren-schulung\/feld-der-begegnung-training\/#webpage\",\"url\":\"https:\/\/socialsculpturelab.com\/de\/multiplikatoren-schulung\/feld-der-begegnung-training\/\",\"name\":\"Feld der Begegnung Training - Kassel New\",\"isPartOf\":{\"@id\":\"https:\/\/socialsculpturelab.com\/#website\"},\"datePublished\":\"2021-08-18T15:04:27+00:00\",\"dateModified\":\"2021-08-18T15:04:28+00:00\",\"breadcrumb\":{\"@id\":\"https:\/\/socialsculpturelab.com\/de\/multiplikatoren-schulung\/feld-der-begegnung-training\/#breadcrumb\"},\"inLanguage\":\"de-DE\",\"potentialAction\":[{\"@type\":\"ReadAction\",\"target\":[\"https:\/\/socialsculpturelab.com\/de\/multiplikatoren-schulung\/feld-der-begegnung-training\/\"]}]},{\"@type\":\"BreadcrumbList\",\"@id\":\"https:\/\/socialsculpturelab.com\/de\/multiplikatoren-schulung\/feld-der-begegnung-training\/#breadcrumb\",\"itemListElement\":[{\"@type\":\"ListItem\",\"position\":1,\"name\":\"Home\",\"item\":\"https:\/\/socialsculpturelab.com\/de\/\"},{\"@type\":\"ListItem\",\"position\":2,\"name\":\"MULTIPLIKATOREN-SCHULUNG\",\"item\":\"https:\/\/socialsculpturelab.com\/de\/multiplikatoren-schulung\/\"},{\"@type\":\"ListItem\",\"position\":3,\"name\":\"Feld der Begegnung Training\"}]}]}<\/script>\n<!-- \/ Yoast SEO plugin. -->","yoast_head_json":{"robots":{"index":"index","follow":"follow","max-snippet":"max-snippet:-1","max-image-preview":"max-image-preview:large","max-video-preview":"max-video-preview:-1"},"canonical":"https:\/\/socialsculpturelab.com\/de\/multiplikatoren-schulung\/feld-der-begegnung-training\/","og_locale":"de_DE","og_type":"article","og_title":"Feld der Begegnung Training - Kassel New","og_description":"FELD DER BEGEGNUNG [Feld der Begegnung] AUSBILDUNG Field of Commitment ist eine der verbindenden Praktiken, die im Kassel-21 \/ Social","og_url":"https:\/\/socialsculpturelab.com\/de\/multiplikatoren-schulung\/feld-der-begegnung-training\/","og_site_name":"Kassel New","article_modified_time":"2021-08-18T15:04:28+00:00","twitter_card":"summary_large_image","twitter_misc":{"Gesch\u00e4tzte Lesezeit":"2 Minuten"},"schema":{"@context":"https:\/\/schema.org","@graph":[{"@type":"WebSite","@id":"https:\/\/socialsculpturelab.com\/#website","url":"https:\/\/socialsculpturelab.com\/","name":"Kassel New","description":"","potentialAction":[{"@type":"SearchAction","target":{"@type":"EntryPoint","urlTemplate":"https:\/\/socialsculpturelab.com\/?s={search_term_string}"},"query-input":"required name=search_term_string"}],"inLanguage":"de-DE"},{"@type":"WebPage","@id":"https:\/\/socialsculpturelab.com\/de\/multiplikatoren-schulung\/feld-der-begegnung-training\/#webpage","url":"https:\/\/socialsculpturelab.com\/de\/multiplikatoren-schulung\/feld-der-begegnung-training\/","name":"Feld der Begegnung Training - Kassel New","isPartOf":{"@id":"https:\/\/socialsculpturelab.com\/#website"},"datePublished":"2021-08-18T15:04:27+00:00","dateModified":"2021-08-18T15:04:28+00:00","breadcrumb":{"@id":"https:\/\/socialsculpturelab.com\/de\/multiplikatoren-schulung\/feld-der-begegnung-training\/#breadcrumb"},"inLanguage":"de-DE","potentialAction":[{"@type":"ReadAction","target":["https:\/\/socialsculpturelab.com\/de\/multiplikatoren-schulung\/feld-der-begegnung-training\/"]}]},{"@type":"BreadcrumbList","@id":"https:\/\/socialsculpturelab.com\/de\/multiplikatoren-schulung\/feld-der-begegnung-training\/#breadcrumb","itemListElement":[{"@type":"ListItem","position":1,"name":"Home","item":"https:\/\/socialsculpturelab.com\/de\/"},{"@type":"ListItem","position":2,"name":"MULTIPLIKATOREN-SCHULUNG","item":"https:\/\/socialsculpturelab.com\/de\/multiplikatoren-schulung\/"},{"@type":"ListItem","position":3,"name":"Feld der Begegnung Training"}]}]}},"_links":{"self":[{"href":"https:\/\/socialsculpturelab.com\/de\/wp-json\/wp\/v2\/pages\/1213"}],"collection":[{"href":"https:\/\/socialsculpturelab.com\/de\/wp-json\/wp\/v2\/pages"}],"about":[{"href":"https:\/\/socialsculpturelab.com\/de\/wp-json\/wp\/v2\/types\/page"}],"author":[{"embeddable":true,"href":"https:\/\/socialsculpturelab.com\/de\/wp-json\/wp\/v2\/users\/1"}],"replies":[{"embeddable":true,"href":"https:\/\/socialsculpturelab.com\/de\/wp-json\/wp\/v2\/comments?post=1213"}],"version-history":[{"count":0,"href":"https:\/\/socialsculpturelab.com\/de\/wp-json\/wp\/v2\/pages\/1213\/revisions"}],"up":[{"embeddable":true,"href":"https:\/\/socialsculpturelab.com\/de\/wp-json\/wp\/v2\/pages\/1211"}],"wp:attachment":[{"href":"https:\/\/socialsculpturelab.com\/de\/wp-json\/wp\/v2\/media?parent=1213"}],"curies":[{"name":"wp","href":"https:\/\/api.w.org\/{rel}","templated":true}]}}