{"id":1214,"date":"2021-08-18T15:18:21","date_gmt":"2021-08-18T15:18:21","guid":{"rendered":"https:\/\/socialsculpturelab.com\/multiplikatoren-schulung\/frametalks-multiplikatorschulung\/"},"modified":"2021-08-18T15:18:21","modified_gmt":"2021-08-18T15:18:21","slug":"frametalks-multiplikatorschulung","status":"publish","type":"page","link":"https:\/\/socialsculpturelab.com\/de\/multiplikatoren-schulung\/frametalks-multiplikatorschulung\/","title":{"rendered":"Frametalks \u2013 Multiplikatorschulung"},"content":{"rendered":"<h2>FRAMETALKS Multiplikatorentraining<\/h2>\n<h3>\nDas FRAMETALKS-Multiplikator-Training beginnt mit Ihren eigenen Erkundungen der 5 Realit\u00e4ten unter Verwendung der FRAMETALKS-Verbindungspraktiken, um \u201ezu sehen, was Sie sehen und denken\u201c. Die 5 Realit\u00e4ten sind Natur, Mensch, Liebe, Freiheit und Zukunft.<\/h3>\n<p><strong>Es gibt drei verschiedene Stufen der FRAMETALKS Multiplikatorausbildung.<\/strong><\/p>\n<ol>\n<li>Ein sehr kurzer Einf\u00fchrungsprozess, normalerweise ein halber Tag, um Informationen \u00fcber den Prozess auszutauschen<\/li>\n<li>Zwei halbt\u00e4gige Prozesse, um den Umgang mit dem Arbeitsbuch mit einer Gruppe zu erlernen<\/li>\n<li>Ein l\u00e4ngerer, intensiver Prozess, der es einem erm\u00f6glicht, Mitglied des FRAMETALKS-Teams zu sein und den FRAMETALKS-Prozess in verschiedenen Kontexten zu initiieren. Dies folgt den ein- oder zweist\u00fcndigen Schulungsworkshops.<\/li>\n<\/ol>\n<p>Nach dem FRAMETALKS-Workshop[1 or 2] , k\u00f6nnen Sie Menschen, die Sie kennen und mit denen Sie arbeiten, in den FRAMETALKS-Prozess der imagin\u00e4ren Gedankenarbeit einf\u00fchren.<\/p>\n<p>Diese Personen k\u00f6nnen Sch\u00fcler oder Studenten sein, Entscheidungstr\u00e4ger, Mitarbeiter eines Unternehmens, Mitglieder einer Jugendgruppe, eines Organisationsteams, eine Gruppe von Familienmitgliedern und einzelne Freunde.<\/p>\n<p>Multiplikatoren funktionieren auf zwei verschiedene Arten.<\/p>\n<p>Wenn Sie an <strong>einem<\/strong> halbt\u00e4gigen \u201eAusbildungsworkshop\u201c teilgenommen haben \u2013 k\u00f6nnen <em>mit<\/em> dem FRAMETALKS-Team arbeiten, um Ihren Sch\u00fclern, Studenten, Familien, Freunden, Kollegen und Netzwerken den Prozess vorzustellen.<\/p>\n<p>Andere Multiplikatoren, die an <strong>zwei<\/strong> halbt\u00e4gigen Trainingsworkshops oder die akkreditierte Lehrerfortbildung teilgenommen haben, k\u00f6nnen, wenn sie selbstbewusst sind, die FRAMETALKS &#8218;imaginale Gedankenarbeit&#8216;-Erforschung der 5 Realit\u00e4ten selbst mit anderen teilen und unterst\u00fctzen.<\/p>\n<p><strong>INSTRUMENTE ZUR ERLEICHTERUNG des imagin\u00e4ren Denkprozesses<\/strong><\/p>\n<p>Die in Phase 1 verwendeten \u201eInstrumente\u201c sind ein kleines \u201e5 Realities Workbook\u201c, ein Papprahmen und ein speziell entwickelter verbindender \u00dcbungsprozess.<\/p>\n<p>Die Teilnehmer nutzen diese \u201eInstrumente\u201c, um Bilder, Erfahrungen und Ideen \u00fcber die 5 Realit\u00e4ten zu sammeln, die sie in sich selbst und in der Welt entdecken. Diese Entdeckungen werden [online or live] mit anderen Einzelpersonen oder Gruppen geteilt.<\/p>\n<p>Als FRAMETALKS Multiplikator erhalten Sie diese Instrumente kostenlos vom Kassel21 Social Sculpture Lab zur Verwendung mit Ihren Mitarbeitern.<\/p>\n<p>[Images of workbooks and frames being delivered to teachers]<\/p>\n<p><strong>EINF\u00dcHRUNGSSITZUNGEN<\/strong><\/p>\n<p>Wenn Sie mehr \u00fcber FRAMETALKS erfahren m\u00f6chten, nehmen Sie an einer der Einf\u00fchrungssitzungen teil[online] zwischen Februar und August 2021.<\/p>\n<p><strong>Weiterlesen<\/strong> \u00fcber FRAMETALKS in Connective Practices\/Frametalks und nehmen Sie an einer der einst\u00fcndigen Einf\u00fchrungsveranstaltungen zwischen Mai und August teil.<strong> Siehe Programm.<\/strong><\/p>\n<p><em>Diese verbindende Praxis wurde von Shelley Sacks entwickelt, um Menschen zu erm\u00f6glichen, mit den unsichtbaren Materialien der sozialen Skulptur zu arbeiten, die Joseph Beuys nannte.<\/em><\/p>\n<p>&nbsp;<\/p>\n","protected":false},"excerpt":{"rendered":"<p>FRAMETALKS Multiplikatorentraining Das FRAMETALKS-Multiplikator-Training beginnt mit Ihren eigenen Erkundungen der 5 Realit\u00e4ten unter Verwendung der FRAMETALKS-Verbindungspraktiken, um \u201ezu sehen, was<\/p>\n","protected":false},"author":1,"featured_media":0,"parent":1211,"menu_order":0,"comment_status":"closed","ping_status":"closed","template":"","meta":[],"yoast_head":"<!-- This site is optimized with the Yoast SEO plugin v16.7 - https:\/\/yoast.com\/wordpress\/plugins\/seo\/ -->\n<meta name=\"robots\" content=\"index, follow, max-snippet:-1, max-image-preview:large, max-video-preview:-1\" \/>\n<link rel=\"canonical\" href=\"https:\/\/socialsculpturelab.com\/de\/multiplikatoren-schulung\/frametalks-multiplikatorschulung\/\" \/>\n<meta property=\"og:locale\" content=\"de_DE\" \/>\n<meta property=\"og:type\" content=\"article\" \/>\n<meta property=\"og:title\" content=\"Frametalks \u2013 Multiplikatorschulung - Kassel New\" \/>\n<meta property=\"og:description\" content=\"FRAMETALKS Multiplikatorentraining Das FRAMETALKS-Multiplikator-Training beginnt mit Ihren eigenen Erkundungen der 5 Realit\u00e4ten unter Verwendung der FRAMETALKS-Verbindungspraktiken, um \u201ezu sehen, was\" \/>\n<meta property=\"og:url\" content=\"https:\/\/socialsculpturelab.com\/multiplikatoren-schulung\/frametalks-multiplikatorschulung\/\" \/>\n<meta property=\"og:site_name\" content=\"Kassel New\" \/>\n<meta name=\"twitter:card\" content=\"summary_large_image\" \/>\n<meta name=\"twitter:label1\" content=\"Gesch\u00e4tzte Lesezeit\" \/>\n\t<meta name=\"twitter:data1\" content=\"2 Minuten\" \/>\n<script type=\"application\/ld+json\" class=\"yoast-schema-graph\">{\"@context\":\"https:\/\/schema.org\",\"@graph\":[{\"@type\":\"WebSite\",\"@id\":\"https:\/\/socialsculpturelab.com\/#website\",\"url\":\"https:\/\/socialsculpturelab.com\/\",\"name\":\"Kassel New\",\"description\":\"\",\"potentialAction\":[{\"@type\":\"SearchAction\",\"target\":{\"@type\":\"EntryPoint\",\"urlTemplate\":\"https:\/\/socialsculpturelab.com\/?s={search_term_string}\"},\"query-input\":\"required name=search_term_string\"}],\"inLanguage\":\"de-DE\"},{\"@type\":\"WebPage\",\"@id\":\"https:\/\/socialsculpturelab.com\/multiplikatoren-schulung\/frametalks-multiplikatorschulung\/#webpage\",\"url\":\"https:\/\/socialsculpturelab.com\/multiplikatoren-schulung\/frametalks-multiplikatorschulung\/\",\"name\":\"Frametalks \\u2013 Multiplikatorschulung - Kassel New\",\"isPartOf\":{\"@id\":\"https:\/\/socialsculpturelab.com\/#website\"},\"datePublished\":\"2021-08-18T15:18:21+00:00\",\"dateModified\":\"2021-08-18T15:18:21+00:00\",\"breadcrumb\":{\"@id\":\"https:\/\/socialsculpturelab.com\/multiplikatoren-schulung\/frametalks-multiplikatorschulung\/#breadcrumb\"},\"inLanguage\":\"de-DE\",\"potentialAction\":[{\"@type\":\"ReadAction\",\"target\":[\"https:\/\/socialsculpturelab.com\/multiplikatoren-schulung\/frametalks-multiplikatorschulung\/\"]}]},{\"@type\":\"BreadcrumbList\",\"@id\":\"https:\/\/socialsculpturelab.com\/multiplikatoren-schulung\/frametalks-multiplikatorschulung\/#breadcrumb\",\"itemListElement\":[{\"@type\":\"ListItem\",\"position\":1,\"name\":\"Home\",\"item\":\"https:\/\/socialsculpturelab.com\/de\/\"},{\"@type\":\"ListItem\",\"position\":2,\"name\":\"MULTIPLIKATOREN-SCHULUNG\",\"item\":\"https:\/\/socialsculpturelab.com\/de\/multiplikatoren-schulung\/\"},{\"@type\":\"ListItem\",\"position\":3,\"name\":\"Frametalks \\u2013 Multiplikatorschulung\"}]}]}<\/script>\n<!-- \/ Yoast SEO plugin. -->","yoast_head_json":{"robots":{"index":"index","follow":"follow","max-snippet":"max-snippet:-1","max-image-preview":"max-image-preview:large","max-video-preview":"max-video-preview:-1"},"canonical":"https:\/\/socialsculpturelab.com\/de\/multiplikatoren-schulung\/frametalks-multiplikatorschulung\/","og_locale":"de_DE","og_type":"article","og_title":"Frametalks \u2013 Multiplikatorschulung - Kassel New","og_description":"FRAMETALKS Multiplikatorentraining Das FRAMETALKS-Multiplikator-Training beginnt mit Ihren eigenen Erkundungen der 5 Realit\u00e4ten unter Verwendung der FRAMETALKS-Verbindungspraktiken, um \u201ezu sehen, was","og_url":"https:\/\/socialsculpturelab.com\/multiplikatoren-schulung\/frametalks-multiplikatorschulung\/","og_site_name":"Kassel New","twitter_card":"summary_large_image","twitter_misc":{"Gesch\u00e4tzte Lesezeit":"2 Minuten"},"schema":{"@context":"https:\/\/schema.org","@graph":[{"@type":"WebSite","@id":"https:\/\/socialsculpturelab.com\/#website","url":"https:\/\/socialsculpturelab.com\/","name":"Kassel New","description":"","potentialAction":[{"@type":"SearchAction","target":{"@type":"EntryPoint","urlTemplate":"https:\/\/socialsculpturelab.com\/?s={search_term_string}"},"query-input":"required name=search_term_string"}],"inLanguage":"de-DE"},{"@type":"WebPage","@id":"https:\/\/socialsculpturelab.com\/multiplikatoren-schulung\/frametalks-multiplikatorschulung\/#webpage","url":"https:\/\/socialsculpturelab.com\/multiplikatoren-schulung\/frametalks-multiplikatorschulung\/","name":"Frametalks \u2013 Multiplikatorschulung - Kassel New","isPartOf":{"@id":"https:\/\/socialsculpturelab.com\/#website"},"datePublished":"2021-08-18T15:18:21+00:00","dateModified":"2021-08-18T15:18:21+00:00","breadcrumb":{"@id":"https:\/\/socialsculpturelab.com\/multiplikatoren-schulung\/frametalks-multiplikatorschulung\/#breadcrumb"},"inLanguage":"de-DE","potentialAction":[{"@type":"ReadAction","target":["https:\/\/socialsculpturelab.com\/multiplikatoren-schulung\/frametalks-multiplikatorschulung\/"]}]},{"@type":"BreadcrumbList","@id":"https:\/\/socialsculpturelab.com\/multiplikatoren-schulung\/frametalks-multiplikatorschulung\/#breadcrumb","itemListElement":[{"@type":"ListItem","position":1,"name":"Home","item":"https:\/\/socialsculpturelab.com\/de\/"},{"@type":"ListItem","position":2,"name":"MULTIPLIKATOREN-SCHULUNG","item":"https:\/\/socialsculpturelab.com\/de\/multiplikatoren-schulung\/"},{"@type":"ListItem","position":3,"name":"Frametalks \u2013 Multiplikatorschulung"}]}]}},"_links":{"self":[{"href":"https:\/\/socialsculpturelab.com\/de\/wp-json\/wp\/v2\/pages\/1214"}],"collection":[{"href":"https:\/\/socialsculpturelab.com\/de\/wp-json\/wp\/v2\/pages"}],"about":[{"href":"https:\/\/socialsculpturelab.com\/de\/wp-json\/wp\/v2\/types\/page"}],"author":[{"embeddable":true,"href":"https:\/\/socialsculpturelab.com\/de\/wp-json\/wp\/v2\/users\/1"}],"replies":[{"embeddable":true,"href":"https:\/\/socialsculpturelab.com\/de\/wp-json\/wp\/v2\/comments?post=1214"}],"version-history":[{"count":0,"href":"https:\/\/socialsculpturelab.com\/de\/wp-json\/wp\/v2\/pages\/1214\/revisions"}],"up":[{"embeddable":true,"href":"https:\/\/socialsculpturelab.com\/de\/wp-json\/wp\/v2\/pages\/1211"}],"wp:attachment":[{"href":"https:\/\/socialsculpturelab.com\/de\/wp-json\/wp\/v2\/media?parent=1214"}],"curies":[{"name":"wp","href":"https:\/\/api.w.org\/{rel}","templated":true}]}}