{"id":1215,"date":"2021-08-18T16:35:44","date_gmt":"2021-08-18T16:35:44","guid":{"rendered":"https:\/\/socialsculpturelab.com\/multiplikatoren-schulung\/landebahn-fuer-seelen-guides-training\/"},"modified":"2021-08-18T16:36:19","modified_gmt":"2021-08-18T16:36:19","slug":"landebahn-fuer-seelen-guides-training","status":"publish","type":"page","link":"https:\/\/socialsculpturelab.com\/de\/multiplikatoren-schulung\/landebahn-fuer-seelen-guides-training\/","title":{"rendered":"LANDEBAHN F\u00dcR SEELEN \u2013 Guides Training"},"content":{"rendered":"<h1>LANDEBAHN F\u00dcR SEELEN \u2013 Guides Training<\/h1>\n<h4><em>Landebahn f\u00fcr Seelen<\/em> ist ein inspirierender und belebender Prozess, Fragen individuell und gemeinsam zu entdecken, zu erforschen und zu bearbeiten und \u201ezur Besinnung zu kommen\u201c. Sie erm\u00f6glicht es, mit neuer phantasievoller Wahrnehmung und Kraft bei sich selbst und bei anderen zu landen, in einer Welt vieler sich kreuzender Herausforderungen.<\/h4>\n<p>Die F\u00e4higkeiten des aktiven Zuh\u00f6rens, Sehens und H\u00f6rens, die wir in dieser verbindenden Praxis entwickeln, helfen uns, gemeinsam den Ruf der Zukunft in uns selbst, in der Gruppe und in der Welt zu h\u00f6ren. Und sie erm\u00f6glichen die Entwicklung von Pl\u00e4nen und das Entstehen von Initiativen auf organische, ganzheitliche Art und Weise, die auf den Kontext abgestimmt ist.<\/p>\n<p>Wir nennen dieses kreative Entstehen und Entfalten einer Initiative oder eines Plans \u201elebende Planung\u201c.<\/p>\n<p>Der Prozess ist nicht nur n\u00fctzlich, um zu \u00fcberdenken, wie wir gegenw\u00e4rtig sehen und denken, sondern auch, um neue Wege der Wahrnehmung und Beziehung zu dem zu entwickeln, was die Welt von uns verlangt, und um gemeinsam \u00fcber unsere gemeinsame Zukunft an einem Ort, auf einem Planeten nachzudenken.<\/p>\n<p><strong>GUIDES-SCHULUNG<\/strong><br \/>\nW\u00e4hrend des Kassel21-Social Sculpture Lab \u2013 zwischen November und Dezember 2021 findet ein zweit\u00e4giges Intensivtraining f\u00fcr maximal 20 Personen statt.<\/p>\n<p><strong>Voraussetzungen f\u00fcr die Teilnahme am Training<\/strong><br \/>\nUm dieses Training zu machen, m\u00fcssen Sie im August 2021 an der Landing Strip for Souls-Praxis teilgenommen haben [See Program]<\/p>\n<p>Die Praxis wird w\u00e4hrend des Kassel-21 Lab im August 2021 live und online angeboten.<br \/>\n<em>Melden Sie sich an, um in K\u00fcrze in Connective Practice\/Landing Strip for Souls und im Programm zu folgen. <\/em><\/p>\n","protected":false},"excerpt":{"rendered":"<p>LANDEBAHN F\u00dcR SEELEN \u2013 Guides Training Landebahn f\u00fcr Seelen ist ein inspirierender und belebender Prozess, Fragen individuell und gemeinsam zu<\/p>\n","protected":false},"author":1,"featured_media":0,"parent":1211,"menu_order":0,"comment_status":"closed","ping_status":"closed","template":"","meta":[],"yoast_head":"<!-- This site is optimized with the Yoast SEO plugin v16.7 - https:\/\/yoast.com\/wordpress\/plugins\/seo\/ -->\n<meta name=\"robots\" content=\"index, follow, max-snippet:-1, max-image-preview:large, max-video-preview:-1\" \/>\n<link rel=\"canonical\" href=\"https:\/\/socialsculpturelab.com\/de\/multiplikatoren-schulung\/landebahn-fuer-seelen-guides-training\/\" \/>\n<meta property=\"og:locale\" content=\"de_DE\" \/>\n<meta property=\"og:type\" content=\"article\" \/>\n<meta property=\"og:title\" content=\"LANDEBAHN F\u00dcR SEELEN \u2013 Guides Training - Kassel New\" \/>\n<meta property=\"og:description\" content=\"LANDEBAHN F\u00dcR SEELEN \u2013 Guides Training Landebahn f\u00fcr Seelen ist ein inspirierender und belebender Prozess, Fragen individuell und gemeinsam zu\" \/>\n<meta property=\"og:url\" content=\"https:\/\/socialsculpturelab.com\/de\/multiplikatoren-schulung\/landebahn-fuer-seelen-guides-training\/\" \/>\n<meta property=\"og:site_name\" content=\"Kassel New\" \/>\n<meta property=\"article:modified_time\" content=\"2021-08-18T16:36:19+00:00\" \/>\n<meta name=\"twitter:card\" content=\"summary_large_image\" \/>\n<meta name=\"twitter:label1\" content=\"Gesch\u00e4tzte Lesezeit\" \/>\n\t<meta name=\"twitter:data1\" content=\"1 Minute\" \/>\n<script type=\"application\/ld+json\" class=\"yoast-schema-graph\">{\"@context\":\"https:\/\/schema.org\",\"@graph\":[{\"@type\":\"WebSite\",\"@id\":\"https:\/\/socialsculpturelab.com\/#website\",\"url\":\"https:\/\/socialsculpturelab.com\/\",\"name\":\"Kassel New\",\"description\":\"\",\"potentialAction\":[{\"@type\":\"SearchAction\",\"target\":{\"@type\":\"EntryPoint\",\"urlTemplate\":\"https:\/\/socialsculpturelab.com\/?s={search_term_string}\"},\"query-input\":\"required name=search_term_string\"}],\"inLanguage\":\"de-DE\"},{\"@type\":\"WebPage\",\"@id\":\"https:\/\/socialsculpturelab.com\/de\/multiplikatoren-schulung\/landebahn-fuer-seelen-guides-training\/#webpage\",\"url\":\"https:\/\/socialsculpturelab.com\/de\/multiplikatoren-schulung\/landebahn-fuer-seelen-guides-training\/\",\"name\":\"LANDEBAHN F\\u00dcR SEELEN \\u2013 Guides Training - Kassel New\",\"isPartOf\":{\"@id\":\"https:\/\/socialsculpturelab.com\/#website\"},\"datePublished\":\"2021-08-18T16:35:44+00:00\",\"dateModified\":\"2021-08-18T16:36:19+00:00\",\"breadcrumb\":{\"@id\":\"https:\/\/socialsculpturelab.com\/de\/multiplikatoren-schulung\/landebahn-fuer-seelen-guides-training\/#breadcrumb\"},\"inLanguage\":\"de-DE\",\"potentialAction\":[{\"@type\":\"ReadAction\",\"target\":[\"https:\/\/socialsculpturelab.com\/de\/multiplikatoren-schulung\/landebahn-fuer-seelen-guides-training\/\"]}]},{\"@type\":\"BreadcrumbList\",\"@id\":\"https:\/\/socialsculpturelab.com\/de\/multiplikatoren-schulung\/landebahn-fuer-seelen-guides-training\/#breadcrumb\",\"itemListElement\":[{\"@type\":\"ListItem\",\"position\":1,\"name\":\"Home\",\"item\":\"https:\/\/socialsculpturelab.com\/de\/\"},{\"@type\":\"ListItem\",\"position\":2,\"name\":\"MULTIPLIKATOREN-SCHULUNG\",\"item\":\"https:\/\/socialsculpturelab.com\/de\/multiplikatoren-schulung\/\"},{\"@type\":\"ListItem\",\"position\":3,\"name\":\"LANDEBAHN F\\u00dcR SEELEN \\u2013 Guides Training\"}]}]}<\/script>\n<!-- \/ Yoast SEO plugin. -->","yoast_head_json":{"robots":{"index":"index","follow":"follow","max-snippet":"max-snippet:-1","max-image-preview":"max-image-preview:large","max-video-preview":"max-video-preview:-1"},"canonical":"https:\/\/socialsculpturelab.com\/de\/multiplikatoren-schulung\/landebahn-fuer-seelen-guides-training\/","og_locale":"de_DE","og_type":"article","og_title":"LANDEBAHN F\u00dcR SEELEN \u2013 Guides Training - Kassel New","og_description":"LANDEBAHN F\u00dcR SEELEN \u2013 Guides Training Landebahn f\u00fcr Seelen ist ein inspirierender und belebender Prozess, Fragen individuell und gemeinsam zu","og_url":"https:\/\/socialsculpturelab.com\/de\/multiplikatoren-schulung\/landebahn-fuer-seelen-guides-training\/","og_site_name":"Kassel New","article_modified_time":"2021-08-18T16:36:19+00:00","twitter_card":"summary_large_image","twitter_misc":{"Gesch\u00e4tzte Lesezeit":"1 Minute"},"schema":{"@context":"https:\/\/schema.org","@graph":[{"@type":"WebSite","@id":"https:\/\/socialsculpturelab.com\/#website","url":"https:\/\/socialsculpturelab.com\/","name":"Kassel New","description":"","potentialAction":[{"@type":"SearchAction","target":{"@type":"EntryPoint","urlTemplate":"https:\/\/socialsculpturelab.com\/?s={search_term_string}"},"query-input":"required name=search_term_string"}],"inLanguage":"de-DE"},{"@type":"WebPage","@id":"https:\/\/socialsculpturelab.com\/de\/multiplikatoren-schulung\/landebahn-fuer-seelen-guides-training\/#webpage","url":"https:\/\/socialsculpturelab.com\/de\/multiplikatoren-schulung\/landebahn-fuer-seelen-guides-training\/","name":"LANDEBAHN F\u00dcR SEELEN \u2013 Guides Training - Kassel New","isPartOf":{"@id":"https:\/\/socialsculpturelab.com\/#website"},"datePublished":"2021-08-18T16:35:44+00:00","dateModified":"2021-08-18T16:36:19+00:00","breadcrumb":{"@id":"https:\/\/socialsculpturelab.com\/de\/multiplikatoren-schulung\/landebahn-fuer-seelen-guides-training\/#breadcrumb"},"inLanguage":"de-DE","potentialAction":[{"@type":"ReadAction","target":["https:\/\/socialsculpturelab.com\/de\/multiplikatoren-schulung\/landebahn-fuer-seelen-guides-training\/"]}]},{"@type":"BreadcrumbList","@id":"https:\/\/socialsculpturelab.com\/de\/multiplikatoren-schulung\/landebahn-fuer-seelen-guides-training\/#breadcrumb","itemListElement":[{"@type":"ListItem","position":1,"name":"Home","item":"https:\/\/socialsculpturelab.com\/de\/"},{"@type":"ListItem","position":2,"name":"MULTIPLIKATOREN-SCHULUNG","item":"https:\/\/socialsculpturelab.com\/de\/multiplikatoren-schulung\/"},{"@type":"ListItem","position":3,"name":"LANDEBAHN F\u00dcR SEELEN \u2013 Guides Training"}]}]}},"_links":{"self":[{"href":"https:\/\/socialsculpturelab.com\/de\/wp-json\/wp\/v2\/pages\/1215"}],"collection":[{"href":"https:\/\/socialsculpturelab.com\/de\/wp-json\/wp\/v2\/pages"}],"about":[{"href":"https:\/\/socialsculpturelab.com\/de\/wp-json\/wp\/v2\/types\/page"}],"author":[{"embeddable":true,"href":"https:\/\/socialsculpturelab.com\/de\/wp-json\/wp\/v2\/users\/1"}],"replies":[{"embeddable":true,"href":"https:\/\/socialsculpturelab.com\/de\/wp-json\/wp\/v2\/comments?post=1215"}],"version-history":[{"count":0,"href":"https:\/\/socialsculpturelab.com\/de\/wp-json\/wp\/v2\/pages\/1215\/revisions"}],"up":[{"embeddable":true,"href":"https:\/\/socialsculpturelab.com\/de\/wp-json\/wp\/v2\/pages\/1211"}],"wp:attachment":[{"href":"https:\/\/socialsculpturelab.com\/de\/wp-json\/wp\/v2\/media?parent=1215"}],"curies":[{"name":"wp","href":"https:\/\/api.w.org\/{rel}","templated":true}]}}