{"id":1216,"date":"2021-08-18T16:38:51","date_gmt":"2021-08-18T16:38:51","guid":{"rendered":"https:\/\/socialsculpturelab.com\/multiplikatoren-schulung\/neue-augen-fuer-die-welt-facilitator-training\/"},"modified":"2021-08-18T16:38:51","modified_gmt":"2021-08-18T16:38:51","slug":"neue-augen-fuer-die-welt-facilitator-training","status":"publish","type":"page","link":"https:\/\/socialsculpturelab.com\/de\/multiplikatoren-schulung\/neue-augen-fuer-die-welt-facilitator-training\/","title":{"rendered":"Neue Augen f\u00fcr die Welt \u2013 Facilitator Training"},"content":{"rendered":"<h2><strong>NEUE AUGEN F\u00dcR DIE WELT<br \/>\nConnective Practice und Facilitator Training<\/strong><\/h2>\n<h3><strong>Eine einfache verbindende Praxis f\u00fcr Liebhaber der Welt, die daran interessiert sind, was &#8222;\u00dcberleben&#8220; bedeuten k\u00f6nnte <\/strong><strong>[and who cannot participate in Kassel]<br \/>\n<\/strong><\/h3>\n<p><img loading=\"lazy\" class=\"alignnone wp-image-893\" src=\"https:\/\/ssl21kassel.wpengine.com\/wp-content\/uploads\/2021\/07\/NEW-EYES-March-2020-high-res-225x300.jpg\" alt=\"\" width=\"418\" height=\"558\" srcset=\"https:\/\/socialsculpturelab.com\/wp-content\/uploads\/2021\/07\/NEW-EYES-March-2020-high-res-225x300.jpg 225w, https:\/\/socialsculpturelab.com\/wp-content\/uploads\/2021\/07\/NEW-EYES-March-2020-high-res-768x1024.jpg 768w, https:\/\/socialsculpturelab.com\/wp-content\/uploads\/2021\/07\/NEW-EYES-March-2020-high-res-1152x1536.jpg 1152w, https:\/\/socialsculpturelab.com\/wp-content\/uploads\/2021\/07\/NEW-EYES-March-2020-high-res-1536x2048.jpg 1536w, https:\/\/socialsculpturelab.com\/wp-content\/uploads\/2021\/07\/NEW-EYES-March-2020-high-res-1500x2000.jpg 1500w, https:\/\/socialsculpturelab.com\/wp-content\/uploads\/2021\/07\/NEW-EYES-March-2020-high-res-750x1000.jpg 750w, https:\/\/socialsculpturelab.com\/wp-content\/uploads\/2021\/07\/NEW-EYES-March-2020-high-res-375x500.jpg 375w, https:\/\/socialsculpturelab.com\/wp-content\/uploads\/2021\/07\/NEW-EYES-March-2020-high-res-scaled.jpg 1920w\" sizes=\"(max-width: 418px) 100vw, 418px\" \/><\/p>\n<p>Das Auge einer Birke auf einem Parkplatz, das das Verhalten des Menschen auf der Erde betrachtet, hat diesen Prozess mit seinem \u201eRuf\u201c eingeleitet. Im Jahr 2020 zu Beginn der Covid-Zeit f\u00fcr 6 Monate online pilotiert,<em> Neue Augen f\u00fcr die Welt<\/em> ist ein einfacher, aber tiefgreifender Prozess, um zu sehen, wie wir in der Welt leben, und um Erkenntnisse \u00fcber lebensverbessernde Wege des Zusammenlebens auf dem Planeten zu gewinnen.<\/p>\n<p><strong>Lernen und teilen Sie eine &#8218;New Eyes&#8216;-Praxis<br \/>\n<\/strong>Dies ist eine Einladung an Menschen auf der ganzen Welt &#8211; eine erdende und inspirierende verbindende Praxis und Ausbildung kennenzulernen und daran teilzunehmen, die einem hilft, die Welt mit &#8222;neuen Augen&#8220; zu betrachten, und diese &#8222;neuen Augen&#8220; zu erweitern, indem man die Praxis mit . teilt Menschen in Ihrer N\u00e4he und in Ihrem Netzwerk.<\/p>\n<p><em>Neue Augen f\u00fcr die Welt<\/em> ist eine verbindende Praxis, die es uns erm\u00f6glicht, intensiv und einfallsreich durch die Portale zu blicken, die durch die Unterbrechungen des globalen Kapitalismus weit ge\u00f6ffnet wurden, durch das Rampenlicht, das das Virus auf bestehende Ungleichheiten geworfen hat, und durch die Art und Weise, wie die Klimakrise, die Krise der Diskriminierung und die Covid-Krise \u00fcberschneiden sich.<\/p>\n<p><strong>Was bedeutet es, am Multiplikatorentraining \u201eNew Eyes for the World\u201c teilzunehmen?<br \/>\n<\/strong><em> Neue Augen f\u00fcr die Welt<\/em> &#8218;Training&#8216; beginnt mit einer halbt\u00e4gigen Einf\u00fchrung in die &#8218;New Eyes&#8216;<strong> verbindende Praxis, die gleichzeitig auch der Beginn des Multiplikator-Trainingsprozesses ist.<\/strong> <\/p>\n<p>Menschen, die an dieser verbindenden Praxis teilnehmen, die gleichzeitig auch eine Ausbildung ist, werden gebeten, sich im Rahmen der Arbeit des Social Sculpture Lab dazu zu verpflichten, sie mit anderen zu teilen.<\/p>\n<p>Obwohl Sie Ihr Verst\u00e4ndnis w\u00e4hrend des \u00dcbens vertiefen, gibt es auch eine oder mehrere Gelegenheiten f\u00fcr Gruppenreflexionen und &#8218;Supervisionen&#8216; mit dem Team Kassel-21 &#8211; Soziale Skulptur.<\/p>\n<p><strong>ERSTE INTRO UND SCHULUNG<br \/>\n<\/strong><strong> Datum: Donnerstag, 12. August 2021 13.00 &#8211; 16.00 CET[Fully booked]<br \/>\n<\/strong> ANMELDEDATEN ZUM FOLGEN<\/p>\n<p><strong>Sprache:<\/strong> Englisch.<\/p>\n<p>&nbsp;<\/p>\n<p><strong>Wenn Sie zuerst daran teilnehmen m\u00f6chten<em> Neue Augen f\u00fcr die Welt<\/em><\/strong> Einf\u00fchrungs- und Schulungsveranstaltung in einem<strong> ,<\/strong> sende eine Email an<a href=\"mailto:info@socialsculpturelab.com\"> info@socialsculpturelab.com<\/a> mit einem kurzen Statement, was dich an der Teilnahme interessiert[not more than 200 words] .<\/p>\n<p><strong>Die Teilnahme an der Schulung w\u00e4hrend des Kassel-21 Lab ist kostenlos,<\/strong> obwohl Beitr\u00e4ge gerne entgegengenommen werden. Wenn Sie sp\u00e4ter Geld mit dem Prozess verdienen, werden Sie gebeten, einen prozentualen Anteil davon an das globale Social Sculpture Lab eV zu spenden<\/p>\n<p>&nbsp;<\/p>\n","protected":false},"excerpt":{"rendered":"<p>NEUE AUGEN F\u00dcR DIE WELT Connective Practice und Facilitator Training Eine einfache verbindende Praxis f\u00fcr Liebhaber der Welt, die daran<\/p>\n","protected":false},"author":1,"featured_media":0,"parent":1211,"menu_order":0,"comment_status":"closed","ping_status":"closed","template":"","meta":[],"yoast_head":"<!-- This site is optimized with the Yoast SEO plugin v16.7 - https:\/\/yoast.com\/wordpress\/plugins\/seo\/ -->\n<meta name=\"robots\" content=\"index, follow, max-snippet:-1, max-image-preview:large, max-video-preview:-1\" \/>\n<link rel=\"canonical\" href=\"https:\/\/socialsculpturelab.com\/de\/multiplikatoren-schulung\/neue-augen-fuer-die-welt-facilitator-training\/\" \/>\n<meta property=\"og:locale\" content=\"de_DE\" \/>\n<meta property=\"og:type\" content=\"article\" \/>\n<meta property=\"og:title\" content=\"Neue Augen f\u00fcr die Welt \u2013 Facilitator Training - Kassel New\" \/>\n<meta property=\"og:description\" content=\"NEUE AUGEN F\u00dcR DIE WELT Connective Practice und Facilitator Training Eine einfache verbindende Praxis f\u00fcr Liebhaber der Welt, die daran\" \/>\n<meta property=\"og:url\" content=\"https:\/\/socialsculpturelab.com\/multiplikatoren-schulung\/neue-augen-fuer-die-welt-facilitator-training\/\" \/>\n<meta property=\"og:site_name\" content=\"Kassel New\" \/>\n<meta property=\"og:image\" content=\"https:\/\/ssl21kassel.wpengine.com\/wp-content\/uploads\/2021\/07\/NEW-EYES-March-2020-high-res-225x300.jpg\" \/>\n<meta name=\"twitter:card\" content=\"summary_large_image\" \/>\n<meta name=\"twitter:label1\" content=\"Gesch\u00e4tzte Lesezeit\" \/>\n\t<meta name=\"twitter:data1\" content=\"2 Minuten\" \/>\n<script type=\"application\/ld+json\" class=\"yoast-schema-graph\">{\"@context\":\"https:\/\/schema.org\",\"@graph\":[{\"@type\":\"WebSite\",\"@id\":\"https:\/\/socialsculpturelab.com\/#website\",\"url\":\"https:\/\/socialsculpturelab.com\/\",\"name\":\"Kassel New\",\"description\":\"\",\"potentialAction\":[{\"@type\":\"SearchAction\",\"target\":{\"@type\":\"EntryPoint\",\"urlTemplate\":\"https:\/\/socialsculpturelab.com\/?s={search_term_string}\"},\"query-input\":\"required name=search_term_string\"}],\"inLanguage\":\"de-DE\"},{\"@type\":\"ImageObject\",\"@id\":\"https:\/\/socialsculpturelab.com\/multiplikatoren-schulung\/neue-augen-fuer-die-welt-facilitator-training\/#primaryimage\",\"inLanguage\":\"de-DE\",\"url\":\"https:\/\/ssl21kassel.wpengine.com\/wp-content\/uploads\/2021\/07\/NEW-EYES-March-2020-high-res-225x300.jpg\",\"contentUrl\":\"https:\/\/ssl21kassel.wpengine.com\/wp-content\/uploads\/2021\/07\/NEW-EYES-March-2020-high-res-225x300.jpg\"},{\"@type\":\"WebPage\",\"@id\":\"https:\/\/socialsculpturelab.com\/multiplikatoren-schulung\/neue-augen-fuer-die-welt-facilitator-training\/#webpage\",\"url\":\"https:\/\/socialsculpturelab.com\/multiplikatoren-schulung\/neue-augen-fuer-die-welt-facilitator-training\/\",\"name\":\"Neue Augen f\\u00fcr die Welt \\u2013 Facilitator Training - Kassel New\",\"isPartOf\":{\"@id\":\"https:\/\/socialsculpturelab.com\/#website\"},\"primaryImageOfPage\":{\"@id\":\"https:\/\/socialsculpturelab.com\/multiplikatoren-schulung\/neue-augen-fuer-die-welt-facilitator-training\/#primaryimage\"},\"datePublished\":\"2021-08-18T16:38:51+00:00\",\"dateModified\":\"2021-08-18T16:38:51+00:00\",\"breadcrumb\":{\"@id\":\"https:\/\/socialsculpturelab.com\/multiplikatoren-schulung\/neue-augen-fuer-die-welt-facilitator-training\/#breadcrumb\"},\"inLanguage\":\"de-DE\",\"potentialAction\":[{\"@type\":\"ReadAction\",\"target\":[\"https:\/\/socialsculpturelab.com\/multiplikatoren-schulung\/neue-augen-fuer-die-welt-facilitator-training\/\"]}]},{\"@type\":\"BreadcrumbList\",\"@id\":\"https:\/\/socialsculpturelab.com\/multiplikatoren-schulung\/neue-augen-fuer-die-welt-facilitator-training\/#breadcrumb\",\"itemListElement\":[{\"@type\":\"ListItem\",\"position\":1,\"name\":\"Home\",\"item\":\"https:\/\/socialsculpturelab.com\/de\/\"},{\"@type\":\"ListItem\",\"position\":2,\"name\":\"MULTIPLIKATOREN-SCHULUNG\",\"item\":\"https:\/\/socialsculpturelab.com\/de\/multiplikatoren-schulung\/\"},{\"@type\":\"ListItem\",\"position\":3,\"name\":\"Neue Augen f\\u00fcr die Welt \\u2013 Facilitator Training\"}]}]}<\/script>\n<!-- \/ Yoast SEO plugin. -->","yoast_head_json":{"robots":{"index":"index","follow":"follow","max-snippet":"max-snippet:-1","max-image-preview":"max-image-preview:large","max-video-preview":"max-video-preview:-1"},"canonical":"https:\/\/socialsculpturelab.com\/de\/multiplikatoren-schulung\/neue-augen-fuer-die-welt-facilitator-training\/","og_locale":"de_DE","og_type":"article","og_title":"Neue Augen f\u00fcr die Welt \u2013 Facilitator Training - Kassel New","og_description":"NEUE AUGEN F\u00dcR DIE WELT Connective Practice und Facilitator Training Eine einfache verbindende Praxis f\u00fcr Liebhaber der Welt, die daran","og_url":"https:\/\/socialsculpturelab.com\/multiplikatoren-schulung\/neue-augen-fuer-die-welt-facilitator-training\/","og_site_name":"Kassel New","og_image":[{"url":"https:\/\/ssl21kassel.wpengine.com\/wp-content\/uploads\/2021\/07\/NEW-EYES-March-2020-high-res-225x300.jpg"}],"twitter_card":"summary_large_image","twitter_misc":{"Gesch\u00e4tzte Lesezeit":"2 Minuten"},"schema":{"@context":"https:\/\/schema.org","@graph":[{"@type":"WebSite","@id":"https:\/\/socialsculpturelab.com\/#website","url":"https:\/\/socialsculpturelab.com\/","name":"Kassel New","description":"","potentialAction":[{"@type":"SearchAction","target":{"@type":"EntryPoint","urlTemplate":"https:\/\/socialsculpturelab.com\/?s={search_term_string}"},"query-input":"required name=search_term_string"}],"inLanguage":"de-DE"},{"@type":"ImageObject","@id":"https:\/\/socialsculpturelab.com\/multiplikatoren-schulung\/neue-augen-fuer-die-welt-facilitator-training\/#primaryimage","inLanguage":"de-DE","url":"https:\/\/ssl21kassel.wpengine.com\/wp-content\/uploads\/2021\/07\/NEW-EYES-March-2020-high-res-225x300.jpg","contentUrl":"https:\/\/ssl21kassel.wpengine.com\/wp-content\/uploads\/2021\/07\/NEW-EYES-March-2020-high-res-225x300.jpg"},{"@type":"WebPage","@id":"https:\/\/socialsculpturelab.com\/multiplikatoren-schulung\/neue-augen-fuer-die-welt-facilitator-training\/#webpage","url":"https:\/\/socialsculpturelab.com\/multiplikatoren-schulung\/neue-augen-fuer-die-welt-facilitator-training\/","name":"Neue Augen f\u00fcr die Welt \u2013 Facilitator Training - Kassel New","isPartOf":{"@id":"https:\/\/socialsculpturelab.com\/#website"},"primaryImageOfPage":{"@id":"https:\/\/socialsculpturelab.com\/multiplikatoren-schulung\/neue-augen-fuer-die-welt-facilitator-training\/#primaryimage"},"datePublished":"2021-08-18T16:38:51+00:00","dateModified":"2021-08-18T16:38:51+00:00","breadcrumb":{"@id":"https:\/\/socialsculpturelab.com\/multiplikatoren-schulung\/neue-augen-fuer-die-welt-facilitator-training\/#breadcrumb"},"inLanguage":"de-DE","potentialAction":[{"@type":"ReadAction","target":["https:\/\/socialsculpturelab.com\/multiplikatoren-schulung\/neue-augen-fuer-die-welt-facilitator-training\/"]}]},{"@type":"BreadcrumbList","@id":"https:\/\/socialsculpturelab.com\/multiplikatoren-schulung\/neue-augen-fuer-die-welt-facilitator-training\/#breadcrumb","itemListElement":[{"@type":"ListItem","position":1,"name":"Home","item":"https:\/\/socialsculpturelab.com\/de\/"},{"@type":"ListItem","position":2,"name":"MULTIPLIKATOREN-SCHULUNG","item":"https:\/\/socialsculpturelab.com\/de\/multiplikatoren-schulung\/"},{"@type":"ListItem","position":3,"name":"Neue Augen f\u00fcr die Welt \u2013 Facilitator Training"}]}]}},"_links":{"self":[{"href":"https:\/\/socialsculpturelab.com\/de\/wp-json\/wp\/v2\/pages\/1216"}],"collection":[{"href":"https:\/\/socialsculpturelab.com\/de\/wp-json\/wp\/v2\/pages"}],"about":[{"href":"https:\/\/socialsculpturelab.com\/de\/wp-json\/wp\/v2\/types\/page"}],"author":[{"embeddable":true,"href":"https:\/\/socialsculpturelab.com\/de\/wp-json\/wp\/v2\/users\/1"}],"replies":[{"embeddable":true,"href":"https:\/\/socialsculpturelab.com\/de\/wp-json\/wp\/v2\/comments?post=1216"}],"version-history":[{"count":0,"href":"https:\/\/socialsculpturelab.com\/de\/wp-json\/wp\/v2\/pages\/1216\/revisions"}],"up":[{"embeddable":true,"href":"https:\/\/socialsculpturelab.com\/de\/wp-json\/wp\/v2\/pages\/1211"}],"wp:attachment":[{"href":"https:\/\/socialsculpturelab.com\/de\/wp-json\/wp\/v2\/media?parent=1216"}],"curies":[{"name":"wp","href":"https:\/\/api.w.org\/{rel}","templated":true}]}}