{"id":1219,"date":"2021-08-18T16:43:14","date_gmt":"2021-08-18T16:43:14","guid":{"rendered":"https:\/\/socialsculpturelab.com\/seitenverzeichnis\/"},"modified":"2021-08-18T16:43:14","modified_gmt":"2021-08-18T16:43:14","slug":"seitenverzeichnis","status":"publish","type":"page","link":"https:\/\/socialsculpturelab.com\/de\/seitenverzeichnis\/","title":{"rendered":"Seitenverzeichnis"},"content":{"rendered":"<h2><strong>SEITENVERZEICHNIS<\/strong><\/h2>\n<p><a href=\"https:\/\/socialsculpturelab.com\/about\/\"><strong>\u00dcBER KASSEL-21<\/strong><\/a><\/p>\n<ul>\n<li><a href=\"https:\/\/socialsculpturelab.com\/about\/\">Kassel-21<\/a><\/li>\n<li><a href=\"https:\/\/socialsculpturelab.com\/about\/the-team\/\">Das Team<\/a><\/li>\n<li><a href=\"https:\/\/socialsculpturelab.com\/about\/sponsors-and-partners\/\">Sponsoren &amp; Partner<\/a><\/li>\n<li><a href=\"https:\/\/socialsculpturelab.com\/about\/glossary-of-terms\/\">Glossar der Begriffe<\/a><\/li>\n<li><a href=\"https:\/\/socialsculpturelab.com\/about\/beyond-kassel-21\/\">Jenseits von Kassel-21<\/a><\/li>\n<\/ul>\n<p><strong><br \/>\n<a href=\"https:\/\/socialsculpturelab.com\/program\/\">Programm 2021<\/a><\/strong><\/p>\n<p>&nbsp;<\/p>\n<p><a href=\"https:\/\/socialsculpturelab.com\/the-enquiry-labs\/\"><strong>Die Enquiry Labs<\/strong><\/a><\/p>\n<ul>\n<li><a href=\"https:\/\/socialsculpturelab.com\/the-enquiry-labs\/survival-room\/\"><strong>Survival Room<\/strong><\/a><\/li>\n<li><a href=\"https:\/\/socialsculpturelab.com\/the-enquiry-labs\/connective-practices\/\"><strong>Verbindende Praktiken<\/strong><\/a>\n<ul>\n<li><a href=\"https:\/\/socialsculpturelab.com\/the-enquiry-labs\/connective-practices\/earth-forum\/\">ERD-FORUM<\/a><\/li>\n<li><a href=\"https:\/\/socialsculpturelab.com\/the-enquiry-labs\/connective-practices\/landing-strip-for-souls\/\">LANDING STRIP FOR SOULS<\/a><\/li>\n<li><a href=\"https:\/\/socialsculpturelab.com\/the-enquiry-labs\/connective-practices\/frametalks-kassel\/\">FRAMETALKS [KASSEL]<\/a><\/li>\n<li><a href=\"https:\/\/socialsculpturelab.com\/the-enquiry-labs\/connective-practices\/frametalks-fluxus-potsdam\/\">FRAMETALKS [POTSDAM]<\/a><\/li>\n<li><a href=\"https:\/\/socialsculpturelab.com\/the-enquiry-labs\/connective-practices\/field-of-commitment\/\">FELD DER BEGEGNUNG<\/a><\/li>\n<li><a href=\"https:\/\/socialsculpturelab.com\/the-enquiry-labs\/connective-practices\/new-eyes-for-the-world\/\">NEUE AUGEN F\u00dcR DIE WELT<\/a><\/li>\n<li><a href=\"https:\/\/socialsculpturelab.com\/the-enquiry-labs\/connective-practices\/reflections-on-survival\/\">REFLEXIONEN \u00dcBER DAS \u00dcBERLEBEN<\/a><\/li>\n<\/ul>\n<\/li>\n<li><a href=\"https:\/\/socialsculpturelab.com\/the-enquiry-labs\/exchanges\/\"><strong>Exchanges<\/strong><\/a>\n<ul>\n<li><a href=\"https:\/\/socialsculpturelab.com\/the-enquiry-labs\/exchanges\/sharing-research-practice\/\">FORSCHUNG &amp; PROJEKTTEILUNG <\/a><\/li>\n<li><a href=\"https:\/\/socialsculpturelab.com\/the-enquiry-labs\/exchanges\/reflections-from-the-field\/\">REFLEXIONEN ZUR WIRKSAMKEIT<\/a><\/li>\n<li><a href=\"https:\/\/socialsculpturelab.com\/the-enquiry-labs\/exchanges\/3-pots-action\/\">EIN GESCHENK F\u00dcR JOSEPH BEUYS: 3 T\u00d6PFE AKTION<\/a><\/li>\n<li><a href=\"https:\/\/socialsculpturelab.com\/the-enquiry-labs\/exchanges\/beuys-re-birth-day\/\">BEUYS WIEDERGEBURT TAG<\/a><\/li>\n<li><a href=\"https:\/\/socialsculpturelab.com\/the-enquiry-labs\/exchanges\/set-up-a-study-group-in-social-sculpture-and-connective-practice\/\">KONNEKTIVE PRAXIS-STUDIENGRUPPEN<\/a><\/li>\n<li><a href=\"https:\/\/socialsculpturelab.com\/the-enquiry-labs\/exchanges\/proposals-week-what-is-to-be-done\/\">VORSCHL\u00c4GE WOCHE<\/a><\/li>\n<li><a href=\"https:\/\/socialsculpturelab.com\/the-enquiry-labs\/exchanges\/reports-from-kassel\/\">BERICHTE AUS VERBINDUNGSPRAKTIKEN<\/a><\/li>\n<\/ul>\n<\/li>\n<li><a href=\"https:\/\/socialsculpturelab.com\/the-enquiry-labs\/seminar-conversations\/\"><strong>Seminargespr\u00e4che<\/strong><\/a>\n<ul>\n<li><a href=\"https:\/\/socialsculpturelab.com\/the-enquiry-labs\/seminar-conversations\/the-human-soul-needs-saving-1\/\">ANSICHTEN DES \u00dcBERLEBENS [1] Die menschliche Seele muss gerettet werden<\/a><\/li>\n<li><a href=\"https:\/\/socialsculpturelab.com\/the-enquiry-labs\/seminar-conversations\/unpacking-beuys-evolution-drawing\/\">BEUYS&#8216; BILD DER EVOLUTION<\/a><\/li>\n<li><a href=\"https:\/\/socialsculpturelab.com\/the-enquiry-labs\/seminar-conversations\/worldviews-for-one-planet\/\">WELTANSICHTEN F\u00dcR EINEN PLANETEN<\/a><\/li>\n<li><a href=\"https:\/\/socialsculpturelab.com\/the-enquiry-labs\/seminar-conversations\/the-human-sould-needs-saving-2\/\">ANSICHTEN DES \u00dcBERLEBENS [2] Die sieben Lebensprozesse<\/a><\/li>\n<li><a href=\"https:\/\/socialsculpturelab.com\/the-enquiry-labs\/seminar-conversations\/the-child-and-the-future-of-the-world\/\">DAS KIND &amp; DIE ZUKUNFT DER WELT<\/a><\/li>\n<li><a href=\"https:\/\/socialsculpturelab.com\/the-enquiry-labs\/exchanges\/fiu-uot-and-ssl-for-new-knowledge-an-eco-social-future\/\">DIE FIU &amp; DAS SOZIALE SKULPTURLABOR<\/a><\/li>\n<\/ul>\n<\/li>\n<li><strong><a href=\"https:\/\/socialsculpturelab.com\/multiplier-training\/\">Multiplikatorschulung<\/a><\/strong>\n<ul>\n<li><a href=\"https:\/\/socialsculpturelab.com\/multiplier-training\/earth-forum-responsible-participant-training\/\">EARTH FORUM TRAINING<\/a><\/li>\n<li><a href=\"https:\/\/socialsculpturelab.com\/multiplier-training\/landing-strip-for-souls-guides-training\/\">LANDING STRIP F\u00dcR SEELEN-TRAINING<\/a><\/li>\n<li><a href=\"https:\/\/socialsculpturelab.com\/multiplier-training\/field-of-commitment-training\/\">FELD DER BEGEGNUNG AUSBILDUNG<\/a><\/li>\n<li><a href=\"https:\/\/socialsculpturelab.com\/multiplier-training\/frametalks-multiplier-training\/\">FRAMETALKS-SCHULUNG<\/a><\/li>\n<li><a href=\"https:\/\/socialsculpturelab.com\/multiplier-training\/new-eyes-for-the-world-facilitator-training\/\">NEUE AUGEN DER WELT TRAINING<\/a><\/li>\n<\/ul>\n<p><strong><strong><a href=\"https:\/\/socialsculpturelab.com\/calls-to-action\/\">Aufrufe zum Handeln<\/a><\/strong><\/strong><\/p>\n<ul>\n<li><a href=\"https:\/\/socialsculpturelab.com\/calls-to-action\/a-gift-for-joseph-beuys-the-3-pots-action-call-to-action\/\">EIN GESCHENK F\u00dcR JOSEPH BEUYS: 3 T\u00f6pfe f\u00fcr die Zukunft <\/a>[Kassel and Online]<\/li>\n<li><a href=\"https:\/\/socialsculpturelab.com\/calls-to-action\/proposals-week-what-needs-to-be-done\/\">VORSCHL\u00c4GE WOCHE &#8218;Was ist zu tun?&#8216; [Kassel and online]<\/a><\/li>\n<li><a href=\"https:\/\/socialsculpturelab.com\/calls-to-action\/cta-new-eyes-training\/\">NEUE AUGEN F\u00dcR DIE WELT [Online Training]<\/a><\/li>\n<li><a href=\"https:\/\/socialsculpturelab.com\/the-enquiry-labs\/exchanges\/set-up-a-study-group-in-social-sculpture-and-connective-practice\/\">KOORDINIEREN SIE EINE KONNEKTIVE PRAXIS-STUDIENGRUPPE [Online]<\/a><\/li>\n<li> <a href=\"https:\/\/socialsculpturelab.com\/calls-to-action\/creative-explorers-program-kassel\/\">&#8218;KREATIV ENTDECKER&#8216; &#8211; Earth Forum Program [Kassel City Districts]<\/a><\/li>\n<li><a href=\"https:\/\/socialsculpturelab.com\/calls-to-action\/field-of-commitment-call-to-action\/\">ENGAGEMENT \/ Feld der Begegnung [Kassel &#038; training for global groups]<\/a><\/li>\n<\/ul>\n<p><strong><br \/>\n<a href=\"https:\/\/socialsculpturelab.com\/blog\/\"><strong>Der Blog<\/strong><\/a><\/strong><\/p>\n<p><a href=\"https:\/\/socialsculpturelab.com\/contact\/\"><strong>Kontakt<\/strong><\/a><\/p>\n<p><a href=\"https:\/\/socialsculpturelab.com\/donate\/\"><strong>Spenden<\/strong><\/a><\/p>\n<p><a href=\"https:\/\/socialsculpturelab.com\/covid-announcements\/\"><strong>Covid-Ank\u00fcndigungen<\/strong><\/a><\/p>\n<p><a href=\"https:\/\/socialsculpturelab.com\/press-releases\/\"><strong>Pressemeldungen<\/strong><\/a><\/p>\n<p><a href=\"https:\/\/socialsculpturelab.com\/privacy\/\"><strong>Privatsph\u00e4re<\/strong><\/a><\/p>\n<p>&nbsp;<\/p>\n<p>&nbsp;<\/li>\n<\/ul>\n","protected":false},"excerpt":{"rendered":"<p>SEITENVERZEICHNIS \u00dcBER KASSEL-21 Kassel-21 Das Team Sponsoren &amp; Partner Glossar der Begriffe Jenseits von Kassel-21 Programm 2021 &nbsp; Die Enquiry<\/p>\n","protected":false},"author":1,"featured_media":0,"parent":0,"menu_order":0,"comment_status":"closed","ping_status":"closed","template":"","meta":[],"yoast_head":"<!-- This site is optimized with the Yoast SEO plugin v16.7 - https:\/\/yoast.com\/wordpress\/plugins\/seo\/ -->\n<meta name=\"robots\" content=\"index, follow, max-snippet:-1, max-image-preview:large, max-video-preview:-1\" \/>\n<link rel=\"canonical\" href=\"https:\/\/socialsculpturelab.com\/de\/seitenverzeichnis\/\" \/>\n<meta property=\"og:locale\" content=\"de_DE\" \/>\n<meta property=\"og:type\" content=\"article\" \/>\n<meta property=\"og:title\" content=\"Seitenverzeichnis - Kassel New\" \/>\n<meta property=\"og:description\" content=\"SEITENVERZEICHNIS \u00dcBER KASSEL-21 Kassel-21 Das Team Sponsoren &amp; Partner Glossar der Begriffe Jenseits von Kassel-21 Programm 2021 &nbsp; Die Enquiry\" \/>\n<meta property=\"og:url\" content=\"https:\/\/socialsculpturelab.com\/seitenverzeichnis\/\" \/>\n<meta property=\"og:site_name\" content=\"Kassel New\" \/>\n<meta name=\"twitter:card\" content=\"summary_large_image\" \/>\n<meta name=\"twitter:label1\" content=\"Gesch\u00e4tzte Lesezeit\" \/>\n\t<meta name=\"twitter:data1\" content=\"1 Minute\" \/>\n<script type=\"application\/ld+json\" class=\"yoast-schema-graph\">{\"@context\":\"https:\/\/schema.org\",\"@graph\":[{\"@type\":\"WebSite\",\"@id\":\"https:\/\/socialsculpturelab.com\/#website\",\"url\":\"https:\/\/socialsculpturelab.com\/\",\"name\":\"Kassel New\",\"description\":\"\",\"potentialAction\":[{\"@type\":\"SearchAction\",\"target\":{\"@type\":\"EntryPoint\",\"urlTemplate\":\"https:\/\/socialsculpturelab.com\/?s={search_term_string}\"},\"query-input\":\"required name=search_term_string\"}],\"inLanguage\":\"de-DE\"},{\"@type\":\"WebPage\",\"@id\":\"https:\/\/socialsculpturelab.com\/seitenverzeichnis\/#webpage\",\"url\":\"https:\/\/socialsculpturelab.com\/seitenverzeichnis\/\",\"name\":\"Seitenverzeichnis - Kassel New\",\"isPartOf\":{\"@id\":\"https:\/\/socialsculpturelab.com\/#website\"},\"datePublished\":\"2021-08-18T16:43:14+00:00\",\"dateModified\":\"2021-08-18T16:43:14+00:00\",\"breadcrumb\":{\"@id\":\"https:\/\/socialsculpturelab.com\/seitenverzeichnis\/#breadcrumb\"},\"inLanguage\":\"de-DE\",\"potentialAction\":[{\"@type\":\"ReadAction\",\"target\":[\"https:\/\/socialsculpturelab.com\/seitenverzeichnis\/\"]}]},{\"@type\":\"BreadcrumbList\",\"@id\":\"https:\/\/socialsculpturelab.com\/seitenverzeichnis\/#breadcrumb\",\"itemListElement\":[{\"@type\":\"ListItem\",\"position\":1,\"name\":\"Home\",\"item\":\"https:\/\/socialsculpturelab.com\/de\/\"},{\"@type\":\"ListItem\",\"position\":2,\"name\":\"Seitenverzeichnis\"}]}]}<\/script>\n<!-- \/ Yoast SEO plugin. -->","yoast_head_json":{"robots":{"index":"index","follow":"follow","max-snippet":"max-snippet:-1","max-image-preview":"max-image-preview:large","max-video-preview":"max-video-preview:-1"},"canonical":"https:\/\/socialsculpturelab.com\/de\/seitenverzeichnis\/","og_locale":"de_DE","og_type":"article","og_title":"Seitenverzeichnis - Kassel New","og_description":"SEITENVERZEICHNIS \u00dcBER KASSEL-21 Kassel-21 Das Team Sponsoren &amp; Partner Glossar der Begriffe Jenseits von Kassel-21 Programm 2021 &nbsp; Die Enquiry","og_url":"https:\/\/socialsculpturelab.com\/seitenverzeichnis\/","og_site_name":"Kassel New","twitter_card":"summary_large_image","twitter_misc":{"Gesch\u00e4tzte Lesezeit":"1 Minute"},"schema":{"@context":"https:\/\/schema.org","@graph":[{"@type":"WebSite","@id":"https:\/\/socialsculpturelab.com\/#website","url":"https:\/\/socialsculpturelab.com\/","name":"Kassel New","description":"","potentialAction":[{"@type":"SearchAction","target":{"@type":"EntryPoint","urlTemplate":"https:\/\/socialsculpturelab.com\/?s={search_term_string}"},"query-input":"required name=search_term_string"}],"inLanguage":"de-DE"},{"@type":"WebPage","@id":"https:\/\/socialsculpturelab.com\/seitenverzeichnis\/#webpage","url":"https:\/\/socialsculpturelab.com\/seitenverzeichnis\/","name":"Seitenverzeichnis - Kassel New","isPartOf":{"@id":"https:\/\/socialsculpturelab.com\/#website"},"datePublished":"2021-08-18T16:43:14+00:00","dateModified":"2021-08-18T16:43:14+00:00","breadcrumb":{"@id":"https:\/\/socialsculpturelab.com\/seitenverzeichnis\/#breadcrumb"},"inLanguage":"de-DE","potentialAction":[{"@type":"ReadAction","target":["https:\/\/socialsculpturelab.com\/seitenverzeichnis\/"]}]},{"@type":"BreadcrumbList","@id":"https:\/\/socialsculpturelab.com\/seitenverzeichnis\/#breadcrumb","itemListElement":[{"@type":"ListItem","position":1,"name":"Home","item":"https:\/\/socialsculpturelab.com\/de\/"},{"@type":"ListItem","position":2,"name":"Seitenverzeichnis"}]}]}},"_links":{"self":[{"href":"https:\/\/socialsculpturelab.com\/de\/wp-json\/wp\/v2\/pages\/1219"}],"collection":[{"href":"https:\/\/socialsculpturelab.com\/de\/wp-json\/wp\/v2\/pages"}],"about":[{"href":"https:\/\/socialsculpturelab.com\/de\/wp-json\/wp\/v2\/types\/page"}],"author":[{"embeddable":true,"href":"https:\/\/socialsculpturelab.com\/de\/wp-json\/wp\/v2\/users\/1"}],"replies":[{"embeddable":true,"href":"https:\/\/socialsculpturelab.com\/de\/wp-json\/wp\/v2\/comments?post=1219"}],"version-history":[{"count":0,"href":"https:\/\/socialsculpturelab.com\/de\/wp-json\/wp\/v2\/pages\/1219\/revisions"}],"wp:attachment":[{"href":"https:\/\/socialsculpturelab.com\/de\/wp-json\/wp\/v2\/media?parent=1219"}],"curies":[{"name":"wp","href":"https:\/\/api.w.org\/{rel}","templated":true}]}}