{"id":1225,"date":"2021-08-20T10:54:41","date_gmt":"2021-08-20T10:54:41","guid":{"rendered":"https:\/\/socialsculpturelab.com\/die-enquiry-labs\/"},"modified":"2021-08-20T10:54:52","modified_gmt":"2021-08-20T10:54:52","slug":"die-enquiry-labs","status":"publish","type":"page","link":"https:\/\/socialsculpturelab.com\/de\/die-enquiry-labs\/","title":{"rendered":"Die Enquiry Labs"},"content":{"rendered":"<h1>DIE ANFRAGE-LABS<\/h1>\n<h4>Der Survival Room, Verbindende Praxis, Exchanges, Seminar-Konversationen sind alles &#8218;Enquiry Labs&#8216;, die Menschen zusammenbringen &#8211; vor Ort in Kassel und online &#8211; durch den Ansatz und die Erkenntnisse der Connective Practice und Socialen Skulptur.<\/h4>\n<p><strong>Obwohl jedes Enquiry Lab einen anderen Schwerpunkt hat, setzen sie alle die Erforschung der folgenden Fragen in Gang:<\/strong><\/p>\n<p>Welche Zukunft wollen wir?<\/p>\n<p>Was ist unser Bild vom Menschen und warum m\u00fcssen wir dieses Bild erforschen?<\/p>\n<p>Warum betonte Beuys, dass \u201edie menschliche Seele gerettet werden muss\u201c?<\/p>\n<p>Was bedeutet es, eine menschenw\u00fcrdige und \u00f6kologisch tragf\u00e4hige Zukunft zu gestalten? Und welche Kapazit\u00e4ten werden daf\u00fcr ben\u00f6tigt?<\/p>\n<p>Wie m\u00fcssen sich unsere Erz\u00e4hlungen\u2026 unsere Art zu sehen und zu sein\u2026 \u00e4ndern, um nicht mehr so viel unn\u00f6tiges Leid zu verursachen?<\/p>\n<p>Was kann das Feld \u201ezeitgen\u00f6ssische soziale Skulptur und verbindende Praxis\u201c zum Transformationsfeld einer Vielzahl sich kreuzender Krisen beitragen?<\/p>\n<p>Wie k\u00f6nnen ihre Einsichten und Praktiken dazu beitragen, Rassismus, Faschismus und den Missbrauch der Erde, ihrer Kreaturen und untereinander zu \u00fcberwinden?<\/p>\n<p><strong>Durch Reflexionen \u00fcber die verbindenden Praktiken, Austausch und Seminar-Gespr\u00e4che sowie innerhalb dieser \u2013 das Kassel-21 Social Sculpture Lab ist eine Untersuchung f\u00fcr sich.<\/strong><\/p>\n<p>&nbsp;<\/p>\n<p>Mit diesem Social Sculpture Lab Kassel-21 wollen wir daher auch Erkundungen ansto\u00dfen:<\/p>\n<p>&#8211; \u00fcber die Notwendigkeit und den Wert von Methoden und Strategien, die \u00e4sthetische und politische Bildung integrieren, und eine \u00f6ffentliche Auseinandersetzung damit, wie diese zu einer aufschlussreichen, deliberativen demokratischen Teilhabe und der Gestaltung einer menschenw\u00fcrdigen und lebendigen Gesellschaft beitragen k\u00f6nnen<\/p>\n<p>&#8211; wie Wege des verk\u00f6rperten Wissens mit Epistemologien des S\u00fcdens und indigenen Wissenssystemen zusammenpassen<\/p>\n<p>&#8211; zu den Wegen, in denen neue Entwicklungen in der Sozialen Skulptur und in der Connective Practice \u00fcber den eurozentrischen Kontext ihrer Quellen hinausgehen<\/p>\n<p>&#8211; dar\u00fcber, wie Erkenntnisse, die in den Praxen, Austausch und Seminaren entstehen, \u00fcber das Labor in Kassel hinaus zug\u00e4nglich gemacht werden k\u00f6nnen und jeder Besucher des Labors eine Erfahrung als Forscher und Sozialk\u00fcnstler machen kann!<\/p>\n","protected":false},"excerpt":{"rendered":"<p>DIE ANFRAGE-LABS Der Survival Room, Verbindende Praxis, Exchanges, Seminar-Konversationen sind alles &#8218;Enquiry Labs&#8216;, die Menschen zusammenbringen &#8211; vor Ort in<\/p>\n","protected":false},"author":1,"featured_media":0,"parent":0,"menu_order":0,"comment_status":"closed","ping_status":"closed","template":"","meta":[],"yoast_head":"<!-- This site is optimized with the Yoast SEO plugin v16.7 - https:\/\/yoast.com\/wordpress\/plugins\/seo\/ -->\n<meta name=\"robots\" content=\"index, follow, max-snippet:-1, max-image-preview:large, max-video-preview:-1\" \/>\n<link rel=\"canonical\" href=\"https:\/\/socialsculpturelab.com\/de\/die-enquiry-labs\/\" \/>\n<meta property=\"og:locale\" content=\"de_DE\" \/>\n<meta property=\"og:type\" content=\"article\" \/>\n<meta property=\"og:title\" content=\"Die Enquiry Labs - Kassel New\" \/>\n<meta property=\"og:description\" content=\"DIE ANFRAGE-LABS Der Survival Room, Verbindende Praxis, Exchanges, Seminar-Konversationen sind alles &#8218;Enquiry Labs&#8216;, die Menschen zusammenbringen &#8211; vor Ort in\" \/>\n<meta property=\"og:url\" content=\"https:\/\/socialsculpturelab.com\/de\/die-enquiry-labs\/\" \/>\n<meta property=\"og:site_name\" content=\"Kassel New\" \/>\n<meta property=\"article:modified_time\" content=\"2021-08-20T10:54:52+00:00\" \/>\n<meta name=\"twitter:card\" content=\"summary_large_image\" \/>\n<meta name=\"twitter:label1\" content=\"Gesch\u00e4tzte Lesezeit\" \/>\n\t<meta name=\"twitter:data1\" content=\"2 Minuten\" \/>\n<script type=\"application\/ld+json\" class=\"yoast-schema-graph\">{\"@context\":\"https:\/\/schema.org\",\"@graph\":[{\"@type\":\"WebSite\",\"@id\":\"https:\/\/socialsculpturelab.com\/#website\",\"url\":\"https:\/\/socialsculpturelab.com\/\",\"name\":\"Kassel New\",\"description\":\"\",\"potentialAction\":[{\"@type\":\"SearchAction\",\"target\":{\"@type\":\"EntryPoint\",\"urlTemplate\":\"https:\/\/socialsculpturelab.com\/?s={search_term_string}\"},\"query-input\":\"required name=search_term_string\"}],\"inLanguage\":\"de-DE\"},{\"@type\":\"WebPage\",\"@id\":\"https:\/\/socialsculpturelab.com\/de\/die-enquiry-labs\/#webpage\",\"url\":\"https:\/\/socialsculpturelab.com\/de\/die-enquiry-labs\/\",\"name\":\"Die Enquiry Labs - Kassel New\",\"isPartOf\":{\"@id\":\"https:\/\/socialsculpturelab.com\/#website\"},\"datePublished\":\"2021-08-20T10:54:41+00:00\",\"dateModified\":\"2021-08-20T10:54:52+00:00\",\"breadcrumb\":{\"@id\":\"https:\/\/socialsculpturelab.com\/de\/die-enquiry-labs\/#breadcrumb\"},\"inLanguage\":\"de-DE\",\"potentialAction\":[{\"@type\":\"ReadAction\",\"target\":[\"https:\/\/socialsculpturelab.com\/de\/die-enquiry-labs\/\"]}]},{\"@type\":\"BreadcrumbList\",\"@id\":\"https:\/\/socialsculpturelab.com\/de\/die-enquiry-labs\/#breadcrumb\",\"itemListElement\":[{\"@type\":\"ListItem\",\"position\":1,\"name\":\"Home\",\"item\":\"https:\/\/socialsculpturelab.com\/de\/\"},{\"@type\":\"ListItem\",\"position\":2,\"name\":\"Die Enquiry Labs\"}]}]}<\/script>\n<!-- \/ Yoast SEO plugin. -->","yoast_head_json":{"robots":{"index":"index","follow":"follow","max-snippet":"max-snippet:-1","max-image-preview":"max-image-preview:large","max-video-preview":"max-video-preview:-1"},"canonical":"https:\/\/socialsculpturelab.com\/de\/die-enquiry-labs\/","og_locale":"de_DE","og_type":"article","og_title":"Die Enquiry Labs - Kassel New","og_description":"DIE ANFRAGE-LABS Der Survival Room, Verbindende Praxis, Exchanges, Seminar-Konversationen sind alles &#8218;Enquiry Labs&#8216;, die Menschen zusammenbringen &#8211; vor Ort in","og_url":"https:\/\/socialsculpturelab.com\/de\/die-enquiry-labs\/","og_site_name":"Kassel New","article_modified_time":"2021-08-20T10:54:52+00:00","twitter_card":"summary_large_image","twitter_misc":{"Gesch\u00e4tzte Lesezeit":"2 Minuten"},"schema":{"@context":"https:\/\/schema.org","@graph":[{"@type":"WebSite","@id":"https:\/\/socialsculpturelab.com\/#website","url":"https:\/\/socialsculpturelab.com\/","name":"Kassel New","description":"","potentialAction":[{"@type":"SearchAction","target":{"@type":"EntryPoint","urlTemplate":"https:\/\/socialsculpturelab.com\/?s={search_term_string}"},"query-input":"required name=search_term_string"}],"inLanguage":"de-DE"},{"@type":"WebPage","@id":"https:\/\/socialsculpturelab.com\/de\/die-enquiry-labs\/#webpage","url":"https:\/\/socialsculpturelab.com\/de\/die-enquiry-labs\/","name":"Die Enquiry Labs - Kassel New","isPartOf":{"@id":"https:\/\/socialsculpturelab.com\/#website"},"datePublished":"2021-08-20T10:54:41+00:00","dateModified":"2021-08-20T10:54:52+00:00","breadcrumb":{"@id":"https:\/\/socialsculpturelab.com\/de\/die-enquiry-labs\/#breadcrumb"},"inLanguage":"de-DE","potentialAction":[{"@type":"ReadAction","target":["https:\/\/socialsculpturelab.com\/de\/die-enquiry-labs\/"]}]},{"@type":"BreadcrumbList","@id":"https:\/\/socialsculpturelab.com\/de\/die-enquiry-labs\/#breadcrumb","itemListElement":[{"@type":"ListItem","position":1,"name":"Home","item":"https:\/\/socialsculpturelab.com\/de\/"},{"@type":"ListItem","position":2,"name":"Die Enquiry Labs"}]}]}},"_links":{"self":[{"href":"https:\/\/socialsculpturelab.com\/de\/wp-json\/wp\/v2\/pages\/1225"}],"collection":[{"href":"https:\/\/socialsculpturelab.com\/de\/wp-json\/wp\/v2\/pages"}],"about":[{"href":"https:\/\/socialsculpturelab.com\/de\/wp-json\/wp\/v2\/types\/page"}],"author":[{"embeddable":true,"href":"https:\/\/socialsculpturelab.com\/de\/wp-json\/wp\/v2\/users\/1"}],"replies":[{"embeddable":true,"href":"https:\/\/socialsculpturelab.com\/de\/wp-json\/wp\/v2\/comments?post=1225"}],"version-history":[{"count":0,"href":"https:\/\/socialsculpturelab.com\/de\/wp-json\/wp\/v2\/pages\/1225\/revisions"}],"wp:attachment":[{"href":"https:\/\/socialsculpturelab.com\/de\/wp-json\/wp\/v2\/media?parent=1225"}],"curies":[{"name":"wp","href":"https:\/\/api.w.org\/{rel}","templated":true}]}}