{"id":1226,"date":"2021-08-20T11:04:17","date_gmt":"2021-08-20T11:04:17","guid":{"rendered":"https:\/\/socialsculpturelab.com\/die-enquiry-labs\/verbindende-praktiken\/"},"modified":"2021-08-20T11:04:25","modified_gmt":"2021-08-20T11:04:25","slug":"verbindende-praktiken","status":"publish","type":"page","link":"https:\/\/socialsculpturelab.com\/de\/die-enquiry-labs\/verbindende-praktiken\/","title":{"rendered":"VERBINDENDE PRAKTIKEN"},"content":{"rendered":"<h1>VERBINDUNGSPRAKTIKEN<\/h1>\n<p><strong>Die Verbindenden Praktiken sind immersive partizipative Prozesse, die den inneren Systemwandel und unser Denken mit dem verbinden, was &#8211; lokal und global &#8211; getan werden kann und muss, um eine \u00f6kologische und humane Zukunft zu gestalten<\/strong><\/p>\n<p>Die im Kassel21 Lab geteilten \u201eConnective Practices\u201c sind Survival Room, Earth Forum, FRAMETALKS, Field of Commitment, Landing Strip for Souls und New Eyes for the World. Diese Praktiken oder \u201eInstrumente des Bewusstseins\u201c, wie Shelley Sacks sie beschreibt, sind alles Prozesse, die den inneren Systemwandel und unser Denken mit dem verbinden, was getan werden kann und muss \u2013 lokal und global.<\/p>\n<p><strong>Alle Praktiken arbeiten auf drei Ebenen.<\/strong><br \/>\n1. Substanz und Inhalt.<br \/>\n2. Aufbau von Kapazit\u00e4ten und ein Gesp\u00fcr f\u00fcr kreatives Handeln.<br \/>\n3. Aufstrebende Initiativen und Aktionen.<\/p>\n<p><strong>Inhalt:<\/strong> Sie erm\u00f6glichen eine radikale, inspirierende und tiefe Auseinandersetzung mit Fragen und Problemen, als Einzelpersonen und als Gruppen, Organisationen, Gemeinschaften und Netzwerke.<\/p>\n<p><strong>Baukapazit\u00e4ten:<\/strong> Sie f\u00fchren, entwickeln und st\u00e4rken Kernkompetenzen im Bereich Transformation und \u00f6ffentliche P\u00e4dagogik f\u00fcr demokratische Entscheidungsfindung, Gestaltung neuer Narrative und Zukunftskompetenz. Dazu geh\u00f6ren die Entwicklung imagin\u00e4rer Denkprozesse, aktives soziales Zuh\u00f6ren und neue Wege des gemeinsamen Denkens,<\/p>\n<p><strong>Aufstrebende Initiativen und Aktionen<\/strong><br \/>\nDie Prozesse in jeder Praxis er\u00f6ffnen neue Wahrnehmungen und durch sorgf\u00e4ltiges soziales Zuh\u00f6ren und imagin\u00e4res gemeinsames Denken entstehen neue verbindende M\u00f6glichkeiten f\u00fcr Aktionen und Initiativen.<\/p>\n<p><strong>Die Praktiken erm\u00f6glichen auch Erfahrungen und Verst\u00e4ndnisse von:<\/strong><\/p>\n<p>1 Der Rolle der Imagination in Transformations- und verbindenden Dialogprozessen<\/p>\n<p>2 nichtlinearen M\u00f6glichkeiten, lokale und globale Fragen aufzudecken und mit ihnen zu arbeiten<\/p>\n<p>3 der &#8217;noch nicht bekannt&#8216; und die Zukunft, die wir wollen<\/p>\n<p>4 Dem Unterschied zwischen \u201eWerkzeugen\u201c und \u201eInstrumenten des Bewusstseins\u201c<\/p>\n<p>5 individuellen und kollektiven Denk- und Verhaltensweisen, die der Entwicklung neuer Formen der Beziehung zueinander, zu uns selbst und zur Welt im Wege stehen<\/p>\n<p>6 dem was Beuys mit \u201eDenken ist schon Skulptur\u201c und \u201eunsichtbares Material\u201c der sozialen Skulptur meinte und was dies mit anderen Aussagen von Beuys zu tun hat wie: \u201eJeder Mensch ist ein K\u00fcnstler\u201c und \u201eWir sind die [R]evolution&#8220;<\/p>\n<p>7 neuen Formen der verbindenden Praxis.<\/p>\n<p>Diese Praktiken st\u00fctzen sich nicht nur auf Beuys und seine Quellen bei Schiller, Goethe, Steiner, Nietzsche und anderen, sondern integrieren auch Erkenntnisse aus Paulo Freires radikaler P\u00e4dagogik, Joanna Macys tiefen\u00f6kologischen Praktiken, Ngugi wa Thiongos Betonung der \u201eDekolonisierung des Geistes\u201c, James Hillman &#8218;Image Work&#8216; und Val Plumwoods \u00d6kofeminismus, sowie von vielen Futures-Literacy, kontemplativer Forschung, \u00f6kofeministischen und dekolonisierenden Bewegungen.<\/p>\n<p>Erleben Sie mit uns in einer oder mehreren dieser Praktiken, wie sie \u00e4sthetische Prozesse, transformative Bildung, kontemplatives Forschen und ethisch-soziales Handeln verbinden.<\/p>\n<p>&nbsp;<\/p>\n","protected":false},"excerpt":{"rendered":"<p>VERBINDUNGSPRAKTIKEN Die Verbindenden Praktiken sind immersive partizipative Prozesse, die den inneren Systemwandel und unser Denken mit dem verbinden, was &#8211;<\/p>\n","protected":false},"author":1,"featured_media":0,"parent":1225,"menu_order":0,"comment_status":"closed","ping_status":"closed","template":"","meta":[],"yoast_head":"<!-- This site is optimized with the Yoast SEO plugin v16.7 - https:\/\/yoast.com\/wordpress\/plugins\/seo\/ -->\n<meta name=\"robots\" content=\"index, follow, max-snippet:-1, max-image-preview:large, max-video-preview:-1\" \/>\n<link rel=\"canonical\" href=\"https:\/\/socialsculpturelab.com\/de\/die-enquiry-labs\/verbindende-praktiken\/\" \/>\n<meta property=\"og:locale\" content=\"de_DE\" \/>\n<meta property=\"og:type\" content=\"article\" \/>\n<meta property=\"og:title\" content=\"VERBINDENDE PRAKTIKEN - Kassel New\" \/>\n<meta property=\"og:description\" content=\"VERBINDUNGSPRAKTIKEN Die Verbindenden Praktiken sind immersive partizipative Prozesse, die den inneren Systemwandel und unser Denken mit dem verbinden, was &#8211;\" \/>\n<meta property=\"og:url\" content=\"https:\/\/socialsculpturelab.com\/de\/die-enquiry-labs\/verbindende-praktiken\/\" \/>\n<meta property=\"og:site_name\" content=\"Kassel New\" \/>\n<meta property=\"article:modified_time\" content=\"2021-08-20T11:04:25+00:00\" \/>\n<meta name=\"twitter:card\" content=\"summary_large_image\" \/>\n<meta name=\"twitter:label1\" content=\"Gesch\u00e4tzte Lesezeit\" \/>\n\t<meta name=\"twitter:data1\" content=\"2 Minuten\" \/>\n<script type=\"application\/ld+json\" class=\"yoast-schema-graph\">{\"@context\":\"https:\/\/schema.org\",\"@graph\":[{\"@type\":\"WebSite\",\"@id\":\"https:\/\/socialsculpturelab.com\/#website\",\"url\":\"https:\/\/socialsculpturelab.com\/\",\"name\":\"Kassel New\",\"description\":\"\",\"potentialAction\":[{\"@type\":\"SearchAction\",\"target\":{\"@type\":\"EntryPoint\",\"urlTemplate\":\"https:\/\/socialsculpturelab.com\/?s={search_term_string}\"},\"query-input\":\"required name=search_term_string\"}],\"inLanguage\":\"de-DE\"},{\"@type\":\"WebPage\",\"@id\":\"https:\/\/socialsculpturelab.com\/de\/die-enquiry-labs\/verbindende-praktiken\/#webpage\",\"url\":\"https:\/\/socialsculpturelab.com\/de\/die-enquiry-labs\/verbindende-praktiken\/\",\"name\":\"VERBINDENDE PRAKTIKEN - Kassel New\",\"isPartOf\":{\"@id\":\"https:\/\/socialsculpturelab.com\/#website\"},\"datePublished\":\"2021-08-20T11:04:17+00:00\",\"dateModified\":\"2021-08-20T11:04:25+00:00\",\"breadcrumb\":{\"@id\":\"https:\/\/socialsculpturelab.com\/de\/die-enquiry-labs\/verbindende-praktiken\/#breadcrumb\"},\"inLanguage\":\"de-DE\",\"potentialAction\":[{\"@type\":\"ReadAction\",\"target\":[\"https:\/\/socialsculpturelab.com\/de\/die-enquiry-labs\/verbindende-praktiken\/\"]}]},{\"@type\":\"BreadcrumbList\",\"@id\":\"https:\/\/socialsculpturelab.com\/de\/die-enquiry-labs\/verbindende-praktiken\/#breadcrumb\",\"itemListElement\":[{\"@type\":\"ListItem\",\"position\":1,\"name\":\"Home\",\"item\":\"https:\/\/socialsculpturelab.com\/de\/\"},{\"@type\":\"ListItem\",\"position\":2,\"name\":\"Die Enquiry Labs\",\"item\":\"https:\/\/socialsculpturelab.com\/de\/die-enquiry-labs\/\"},{\"@type\":\"ListItem\",\"position\":3,\"name\":\"VERBINDENDE PRAKTIKEN\"}]}]}<\/script>\n<!-- \/ Yoast SEO plugin. -->","yoast_head_json":{"robots":{"index":"index","follow":"follow","max-snippet":"max-snippet:-1","max-image-preview":"max-image-preview:large","max-video-preview":"max-video-preview:-1"},"canonical":"https:\/\/socialsculpturelab.com\/de\/die-enquiry-labs\/verbindende-praktiken\/","og_locale":"de_DE","og_type":"article","og_title":"VERBINDENDE PRAKTIKEN - Kassel New","og_description":"VERBINDUNGSPRAKTIKEN Die Verbindenden Praktiken sind immersive partizipative Prozesse, die den inneren Systemwandel und unser Denken mit dem verbinden, was &#8211;","og_url":"https:\/\/socialsculpturelab.com\/de\/die-enquiry-labs\/verbindende-praktiken\/","og_site_name":"Kassel New","article_modified_time":"2021-08-20T11:04:25+00:00","twitter_card":"summary_large_image","twitter_misc":{"Gesch\u00e4tzte Lesezeit":"2 Minuten"},"schema":{"@context":"https:\/\/schema.org","@graph":[{"@type":"WebSite","@id":"https:\/\/socialsculpturelab.com\/#website","url":"https:\/\/socialsculpturelab.com\/","name":"Kassel New","description":"","potentialAction":[{"@type":"SearchAction","target":{"@type":"EntryPoint","urlTemplate":"https:\/\/socialsculpturelab.com\/?s={search_term_string}"},"query-input":"required name=search_term_string"}],"inLanguage":"de-DE"},{"@type":"WebPage","@id":"https:\/\/socialsculpturelab.com\/de\/die-enquiry-labs\/verbindende-praktiken\/#webpage","url":"https:\/\/socialsculpturelab.com\/de\/die-enquiry-labs\/verbindende-praktiken\/","name":"VERBINDENDE PRAKTIKEN - Kassel New","isPartOf":{"@id":"https:\/\/socialsculpturelab.com\/#website"},"datePublished":"2021-08-20T11:04:17+00:00","dateModified":"2021-08-20T11:04:25+00:00","breadcrumb":{"@id":"https:\/\/socialsculpturelab.com\/de\/die-enquiry-labs\/verbindende-praktiken\/#breadcrumb"},"inLanguage":"de-DE","potentialAction":[{"@type":"ReadAction","target":["https:\/\/socialsculpturelab.com\/de\/die-enquiry-labs\/verbindende-praktiken\/"]}]},{"@type":"BreadcrumbList","@id":"https:\/\/socialsculpturelab.com\/de\/die-enquiry-labs\/verbindende-praktiken\/#breadcrumb","itemListElement":[{"@type":"ListItem","position":1,"name":"Home","item":"https:\/\/socialsculpturelab.com\/de\/"},{"@type":"ListItem","position":2,"name":"Die Enquiry Labs","item":"https:\/\/socialsculpturelab.com\/de\/die-enquiry-labs\/"},{"@type":"ListItem","position":3,"name":"VERBINDENDE PRAKTIKEN"}]}]}},"_links":{"self":[{"href":"https:\/\/socialsculpturelab.com\/de\/wp-json\/wp\/v2\/pages\/1226"}],"collection":[{"href":"https:\/\/socialsculpturelab.com\/de\/wp-json\/wp\/v2\/pages"}],"about":[{"href":"https:\/\/socialsculpturelab.com\/de\/wp-json\/wp\/v2\/types\/page"}],"author":[{"embeddable":true,"href":"https:\/\/socialsculpturelab.com\/de\/wp-json\/wp\/v2\/users\/1"}],"replies":[{"embeddable":true,"href":"https:\/\/socialsculpturelab.com\/de\/wp-json\/wp\/v2\/comments?post=1226"}],"version-history":[{"count":0,"href":"https:\/\/socialsculpturelab.com\/de\/wp-json\/wp\/v2\/pages\/1226\/revisions"}],"up":[{"embeddable":true,"href":"https:\/\/socialsculpturelab.com\/de\/wp-json\/wp\/v2\/pages\/1225"}],"wp:attachment":[{"href":"https:\/\/socialsculpturelab.com\/de\/wp-json\/wp\/v2\/media?parent=1226"}],"curies":[{"name":"wp","href":"https:\/\/api.w.org\/{rel}","templated":true}]}}