{"id":1227,"date":"2021-08-20T11:12:22","date_gmt":"2021-08-20T11:12:22","guid":{"rendered":"https:\/\/socialsculpturelab.com\/die-enquiry-labs\/verbindende-praktiken\/erd-forum\/"},"modified":"2021-08-20T11:12:27","modified_gmt":"2021-08-20T11:12:27","slug":"erd-forum","status":"publish","type":"page","link":"https:\/\/socialsculpturelab.com\/de\/die-enquiry-labs\/verbindende-praktiken\/erd-forum\/","title":{"rendered":"Erd-Forum"},"content":{"rendered":"<h2>ERD-FORUM<\/h2>\n<h3><strong>Das Erd-Forum ist ein Dialogprozess \u00fcber die Zukunft, die wir wollen.<\/strong><\/h3>\n<p><img loading=\"lazy\" class=\"alignnone wp-image-524\" src=\"https:\/\/ssl21kassel.wpengine.com\/wp-content\/uploads\/2021\/06\/Earth-Forum-Kassel-training-Sept-2019-for-website-1-1-300x225.jpg\" alt=\"\" width=\"568\" height=\"427\" srcset=\"https:\/\/socialsculpturelab.com\/wp-content\/uploads\/2021\/06\/Earth-Forum-Kassel-training-Sept-2019-for-website-1-1-300x225.jpg 300w, https:\/\/socialsculpturelab.com\/wp-content\/uploads\/2021\/06\/Earth-Forum-Kassel-training-Sept-2019-for-website-1-1-768x576.jpg 768w, https:\/\/socialsculpturelab.com\/wp-content\/uploads\/2021\/06\/Earth-Forum-Kassel-training-Sept-2019-for-website-1-1-1000x750.jpg 1000w, https:\/\/socialsculpturelab.com\/wp-content\/uploads\/2021\/06\/Earth-Forum-Kassel-training-Sept-2019-for-website-1-1-500x375.jpg 500w, https:\/\/socialsculpturelab.com\/wp-content\/uploads\/2021\/06\/Earth-Forum-Kassel-training-Sept-2019-for-website-1-1.jpg 1024w\" sizes=\"(max-width: 568px) 100vw, 568px\" \/><\/p>\n<p>Es erm\u00f6glicht uns, sowohl unsere individuelle Vision zu entdecken als auch auf neue phantasievolle Weise zusammenzuarbeiten, um diese Vision voranzutreiben. Es beinhaltet eine tiefe Aktivierung des inneren Feldes jedes einzelnen Teilnehmers. Dies wiederum erm\u00f6glicht einen verbesserten Prozess des<em>zusammen Denkens<\/em> und der <em>Wohnplanung<\/em> aus denen Initiativen erwachsen und entstehen, anstatt dass Aktionspl\u00e4ne mit dem gleichen Denken ausgedacht werden, die die Probleme verursachen.<\/p>\n<p><strong>W\u00e4hrend des Kassel-21 \/ Social Sculpture Lab wird das Erd-Forum auf drei verschiedene Arten zur Verf\u00fcgung gestellt.<\/strong><\/p>\n<p><strong><br \/>\nWO und mit wem?<\/strong><\/p>\n<p>Im Creative Explorers-Programm f\u00fcr Jugendliche aus den 23 Kasseler Stadtteilen<br \/>\nDieses stadtweite Projekt soll die Entwicklung einer Gruppe von Kreativen Entdeckern zwischen 14 und 28 Jahren erm\u00f6glichen. Dieses 6-monatige Projekt ist eine Kooperation mit dem Kulturamt Kassel. Eingeladen sind Jugendliche aus allen 23 Stadtteilen der Stadt.<br \/>\nSiehe &#8218;Aufruf zur Teilnahme&#8216;<a href=\"https:\/\/ssl21kassel.wpengine.com\/wp-content\/uploads\/2021\/07\/Aufruf-EF-23-Stadtteile-Kassel.pdf\"><strong>[Aufruf-EF-23]<\/strong> Stadtteile- Kassel<\/a> in 23 Bereichen des City-Prozesses.<br \/>\nF\u00fcr weitere Informationen kontaktieren Sie info@socialsculpturelab.com<br \/>\n<em>Siehe auch den Aufruf des Earth Forums \u201eCreative Explorers\u201c auf der Website der Stadt Kassel.<\/em><\/p>\n<p><strong>Im \u00dcberlebensraum<\/strong> f\u00fcr Kassel-Besucher zu bestimmten Terminen<br \/>\nAls Besucher des Museums k\u00f6nnen Sie von Anfang Juli bis Mitte September 2021 an einem Earth Forum zum Thema \u201e\u00dcberleben\u201c teilnehmen. Erkundigen Sie sich per E-Mail nach Erd-Foren zu bestimmten Terminen im Survival Room<br \/>\nearthforum@socialscupturelab.com<\/p>\n<p><strong>In verschiedenen Stadtteilen<\/strong> [Siehe Programm: ERDFORUM zum Thema Stadtentwicklung]<br \/>\nZur Erforschung und Bearbeitung spezifischer Themen und Anliegen in Kassel und Umgebung. Dazu geh\u00f6ren Fragen zu \u201eAbfall\u201c, dem Ern\u00e4hrungssystem, der Wiederverwendung von R\u00e4umen in der Stadt, unserem Verst\u00e4ndnis von \u201eGesundheit\u201c und der Erforschung von \u201ePrivilegien\u201c und \u201eSozialunternehmen\u201c.<br \/>\nSie k\u00f6nnen auch an einem Earth Forum teilnehmen, um das &#8222;\u00dcberleben&#8220; und die &#8222;Zukunft, die wir wollen&#8220; ohne spezifische Fragen als Ausgangspunkt zu erkunden, um die Einsichten und Entdeckungen in unser eigenes Leben und unsere eigenen Situationen zur\u00fcckzubringen.<br \/>\nF\u00fcr Informationen kontaktieren Sie earthforum@socialsculpture lab.com<br \/>\nFaltblatt [in Ger<\/p>\n<p><strong>Schulung f\u00fcr Earth Forum-Moderatoren<br \/>\n<\/strong> Gegen Ende 2021 werden wir mehrere 4-t\u00e4gige Schulungsprogramme f\u00fcr Personen anbieten, die selbst Moderatoren des Earth Forums werden m\u00f6chten. Diese Ausweitung des Erd-Forum-Prozesses ist eines der Ziele des neuen globalen Social Sculpture Lab, das im Rahmen dieser Jubil\u00e4umsfeier gegr\u00fcndet wurde und das, was in diesem Jahr in Gang gesetzt wurde, in die Zukunft fortsetzen wird.<\/p>\n<p><strong>WENN:<\/strong> Die Earth Forum Prozesse finden von Mai bis November 2021 in ganz Kassel statt [See Program]<\/p>\n<p><strong>Sprache:<\/strong> Die meisten der Earth Forum Prozesse im Kassel-21 Social Sculpture Lab werden auf Deutsch stattfinden. F\u00fcr nicht-deutschsprachige Personen k\u00f6nnen englischsprachige Erd-Foren organisiert werden. Themenbasierte Erd-Foren f\u00fcr nicht-deutschsprachige Besucher \u2013 zu \u201eSurvival\u201c, \u201eThe Future We Want\u201c und anderen Fragen wie \u201ePrivileg\u201c, \u201eReichtum\u201c, \u201eDas Ern\u00e4hrungssystem\u201c, \u201eGesundheit\u201c und \u201ePostwachstum\u201c. Wirtschaft&#8220; &#8211; findet in englischer Sprache statt.<\/p>\n<p><strong>Partner und Sponsoren<\/strong><br \/>\nEarth Forum wird gef\u00f6rdert durch das Bundeszentral f\u00fcr politische Bildung und die Hessische Kulturstiftung. Das Programm Kreative Entdecker wird auch vom Kulturamt der Stadt Kassel unterst\u00fctzt [The Kulturderzernat]<\/p>\n<p><strong>Wirksamkeit des Erd-Forums<br \/>\n<\/strong> Da das Social Sculpture Lab Kassel-21 auch ein \u201eResearch Lab\u201c ist, werden wir den Wert des Erd-Forums aus verschiedenen Perspektiven mit Moderatoren und Teilnehmern reflektieren. Erste \u00dcberlegungen zum Earth Forum-Prozess finden im September in der Neuen Galerie, Kassel [oder online, je nach Covid-Beschr\u00e4nkungen] statt.<\/p>\n<p><strong>MEHR ZUM ERD-FORUM im Bereich Soziale Skulptur<\/strong><\/p>\n<p><strong><br \/>\nErd-Forum f\u00fcr Change Maker in vielen L\u00e4ndern und Orten<\/strong><\/p>\n<p>Das Erd-Forum ist eine der beliebtesten und am meisten getesteten Strategien und Methoden f\u00fcr verbindende Praxis im Social Sculpture Lab.<\/p>\n<p>Seit es 2002 in einem Dorf im s\u00fcdlichen Afrika zum ersten Mal entstand, um einen Konflikt um Landnutzung und eine nachhaltige Zukunft zu \u00fcberwinden, wurden seine Prozesse verfeinert und sorgf\u00e4ltig entwickelt, um mit herausfordernden Fragen tiefgreifend zu arbeiten und zuzuh\u00f6ren die Forderungen aus der Zukunft, um die St\u00e4rkung bestehender Initiativen und die Entfaltung neuer Initiativen zu erm\u00f6glichen.<\/p>\n<p>\u00dcber 200 Personen \u2013 Lehrer, Landwirte, Ver\u00e4nderungsberater, Kulturarbeiter, Gemeindemitglieder, Friedens- und Klimaaktivisten, Manager, Firmenmitarbeiter \u2013 wurden geschult, um den Earth Forum-Prozess in Indien, China, S\u00fcdafrika, Holland, Gro\u00dfbritannien und Deutschland anzubieten. Als Teil des Kassel-21 \/ Social Sculpture Lab beginnen wir, Kooperationen zu entwickeln, durch die wir das Erd-Forum in Verbindung mit regionalen und globalen Initiativen in den Bereichen transformatives Lernen, alternative Bildung und B\u00fcrgerversammlungen ausbauen k\u00f6nnen.<\/p>\n<p><strong><b><br \/>\nWarum das Erd-Forum in der heutigen Welt n\u00fctzlich ist<\/b><\/strong><\/p>\n<p>Das Erd-Forum ist ein ganz besonderer Dialogprozess, der sowohl auf individueller als auch auf gesellschaftlicher Ebene fundierte Wahrnehmungen und Erkenntnisse aktiviert, inspiriert und erm\u00f6glicht. Solche Erkenntnisse k\u00f6nnen uns in diesen herausfordernden Zeiten unterst\u00fctzen und uns helfen, mit Kraft und Leidenschaft an einer menschenw\u00fcrdigen und \u00f6kologisch tragf\u00e4higen Zukunft zu arbeiten.<\/p>\n<p>Die besondere Art und Weise, in der der Erd-Forum-Prozess Individuen aktiviert und mobilisiert, und die besondere Art von Resonanz und Wahrnehmung, die er erm\u00f6glicht, f\u00fchrt zu einem einzigartigen Social Listening-Prozess und einem sanft aufkommenden, aber intensiven und fokussierten sozialen Dialog.<\/p>\n<p>Dieser lebendige Dialog erweitert und vertieft nicht nur die Basis, um individuell und gemeinsam Entscheidungen zu treffen und verbundene Initiativen zu entwickeln. Es erm\u00f6glicht auch eine Form der Lebensplanung und des Herzensdenkens, die bewusst, mitf\u00fchlend und verbindend ist.<\/p>\n<p>Die Erd-Forum-Erfahrung ist nicht nur n\u00fctzlich und praktisch, sondern erf\u00fcllt die Teilnehmer mit einer gelebten Erfahrung der belebenden Kraft der menschlichen Vorstellungskraft.<\/p>\n<p>In diesem Sinne ist das Erd-Forum eine direkte Erfahrung dessen, was Beuys meinte, als er sagte: Kunst oder Kreativit\u00e4t ist Kapital, und warum der Mensch es wert ist, gerettet zu werden.<\/p>\n<p><b><\/b>In dieser Zeit gro\u00dfer Verwirrung zwischen den Unterschieden zwischen Lebensformen und Maschinen besteht eine weitere Verwirrung darin, zu denken, dass das Soziale oder das \u201eWir\u201c die Ansammlung individueller Einheiten ist. Ebenso problematisch ist die gegenteilige Sichtweise, dass das Soziale dadurch entsteht, dass die Bedeutung des Individuums negiert oder reduziert wird.<\/p>\n<p>Die Herausforderung besteht darin, den Unterschied zwischen kollektiver Intelligenz, die wie ein nat\u00fcrliches Myzel ist, und einem sozialen Myzel zu verstehen, in dem das Ganze mehr ist als die Summe der Teile, aber die Teile \u2013 das selbstbewusste und bewusste Individuum ist von zentraler Bedeutung f\u00fcr die Entwicklung der soziales \u201ewir\u201c.<\/p>\n<p>In einem Erd-Forum werden Ihre individuellen Einsichten Teil eines denkenden Organismus, bestehend aus bewussten Individuen.<\/p>\n<p>Diese Phase des Erd-Forums \u2013 in der wir gemeinsam als Einzelne zu neuen Erkenntnissen gelangen \u2013 bezeichnen wir als \u201esozialen Honig machen\u201c.<\/p>\n<p>Obwohl dies eine schwierige Zeit ist, um Pl\u00e4ne zu schmieden, ist es auch nicht die Zeit, sich nach innen zu wenden und zu beobachten und zu sehen.<\/p>\n<p>Diejenigen, die intelligente Maschinen entwickeln, warten nicht.<\/p>\n<p>Es ist an der Zeit, zusammenzukommen und deutlicher dar\u00fcber zu werden, was wir voranbringen und \u201eja\u201c sagen und was wir hinter uns lassen wollen.<\/p>\n<p>Mit seinem Fokus auf die Zukunft, die wir wollen, und seinen sorgf\u00e4ltig entwickelten Methoden, die Menschen aller Herkunft, jedes Alters und jeder Kultur inspiriert haben, ist das Erd-Forum ein dialogischer Ansatz, um zur Gestaltung einer menschenw\u00fcrdigen und lebendigen Zukunft beizutragen. Wie auch immer die Zukunft aussehen mag, es ist unwahrscheinlich, dass sie jetzt endet! Und so gibt es viel innere und \u00e4u\u00dfere Arbeit zu tun.<\/p>\n<p>&nbsp;<\/p>\n<p>&nbsp;<\/p>\n<p>&nbsp;<\/p>\n","protected":false},"excerpt":{"rendered":"<p>ERD-FORUM Das Erd-Forum ist ein Dialogprozess \u00fcber die Zukunft, die wir wollen. Es erm\u00f6glicht uns, sowohl unsere individuelle Vision zu<\/p>\n","protected":false},"author":1,"featured_media":0,"parent":1226,"menu_order":0,"comment_status":"open","ping_status":"open","template":"","meta":[],"yoast_head":"<!-- This site is optimized with the Yoast SEO plugin v16.7 - https:\/\/yoast.com\/wordpress\/plugins\/seo\/ -->\n<meta name=\"robots\" content=\"index, follow, max-snippet:-1, max-image-preview:large, max-video-preview:-1\" \/>\n<link rel=\"canonical\" href=\"https:\/\/socialsculpturelab.com\/de\/die-enquiry-labs\/verbindende-praktiken\/erd-forum\/\" \/>\n<meta property=\"og:locale\" content=\"de_DE\" \/>\n<meta property=\"og:type\" content=\"article\" \/>\n<meta property=\"og:title\" content=\"Erd-Forum - Kassel New\" \/>\n<meta property=\"og:description\" content=\"ERD-FORUM Das Erd-Forum ist ein Dialogprozess \u00fcber die Zukunft, die wir wollen. Es erm\u00f6glicht uns, sowohl unsere individuelle Vision zu\" \/>\n<meta property=\"og:url\" content=\"https:\/\/socialsculpturelab.com\/de\/die-enquiry-labs\/verbindende-praktiken\/erd-forum\/\" \/>\n<meta property=\"og:site_name\" content=\"Kassel New\" \/>\n<meta property=\"article:modified_time\" content=\"2021-08-20T11:12:27+00:00\" \/>\n<meta property=\"og:image\" content=\"https:\/\/ssl21kassel.wpengine.com\/wp-content\/uploads\/2021\/06\/Earth-Forum-Kassel-training-Sept-2019-for-website-1-1-300x225.jpg\" \/>\n<meta name=\"twitter:card\" content=\"summary_large_image\" \/>\n<meta name=\"twitter:label1\" content=\"Gesch\u00e4tzte Lesezeit\" \/>\n\t<meta name=\"twitter:data1\" content=\"6 Minuten\" \/>\n<script type=\"application\/ld+json\" class=\"yoast-schema-graph\">{\"@context\":\"https:\/\/schema.org\",\"@graph\":[{\"@type\":\"WebSite\",\"@id\":\"https:\/\/socialsculpturelab.com\/#website\",\"url\":\"https:\/\/socialsculpturelab.com\/\",\"name\":\"Kassel New\",\"description\":\"\",\"potentialAction\":[{\"@type\":\"SearchAction\",\"target\":{\"@type\":\"EntryPoint\",\"urlTemplate\":\"https:\/\/socialsculpturelab.com\/?s={search_term_string}\"},\"query-input\":\"required name=search_term_string\"}],\"inLanguage\":\"de-DE\"},{\"@type\":\"ImageObject\",\"@id\":\"https:\/\/socialsculpturelab.com\/de\/die-enquiry-labs\/verbindende-praktiken\/erd-forum\/#primaryimage\",\"inLanguage\":\"de-DE\",\"url\":\"https:\/\/ssl21kassel.wpengine.com\/wp-content\/uploads\/2021\/06\/Earth-Forum-Kassel-training-Sept-2019-for-website-1-1-300x225.jpg\",\"contentUrl\":\"https:\/\/ssl21kassel.wpengine.com\/wp-content\/uploads\/2021\/06\/Earth-Forum-Kassel-training-Sept-2019-for-website-1-1-300x225.jpg\"},{\"@type\":\"WebPage\",\"@id\":\"https:\/\/socialsculpturelab.com\/de\/die-enquiry-labs\/verbindende-praktiken\/erd-forum\/#webpage\",\"url\":\"https:\/\/socialsculpturelab.com\/de\/die-enquiry-labs\/verbindende-praktiken\/erd-forum\/\",\"name\":\"Erd-Forum - Kassel New\",\"isPartOf\":{\"@id\":\"https:\/\/socialsculpturelab.com\/#website\"},\"primaryImageOfPage\":{\"@id\":\"https:\/\/socialsculpturelab.com\/de\/die-enquiry-labs\/verbindende-praktiken\/erd-forum\/#primaryimage\"},\"datePublished\":\"2021-08-20T11:12:22+00:00\",\"dateModified\":\"2021-08-20T11:12:27+00:00\",\"breadcrumb\":{\"@id\":\"https:\/\/socialsculpturelab.com\/de\/die-enquiry-labs\/verbindende-praktiken\/erd-forum\/#breadcrumb\"},\"inLanguage\":\"de-DE\",\"potentialAction\":[{\"@type\":\"ReadAction\",\"target\":[\"https:\/\/socialsculpturelab.com\/de\/die-enquiry-labs\/verbindende-praktiken\/erd-forum\/\"]}]},{\"@type\":\"BreadcrumbList\",\"@id\":\"https:\/\/socialsculpturelab.com\/de\/die-enquiry-labs\/verbindende-praktiken\/erd-forum\/#breadcrumb\",\"itemListElement\":[{\"@type\":\"ListItem\",\"position\":1,\"name\":\"Home\",\"item\":\"https:\/\/socialsculpturelab.com\/de\/\"},{\"@type\":\"ListItem\",\"position\":2,\"name\":\"Die Enquiry Labs\",\"item\":\"https:\/\/socialsculpturelab.com\/de\/die-enquiry-labs\/\"},{\"@type\":\"ListItem\",\"position\":3,\"name\":\"VERBINDENDE PRAKTIKEN\",\"item\":\"https:\/\/socialsculpturelab.com\/de\/die-enquiry-labs\/verbindende-praktiken\/\"},{\"@type\":\"ListItem\",\"position\":4,\"name\":\"Erd-Forum\"}]}]}<\/script>\n<!-- \/ Yoast SEO plugin. -->","yoast_head_json":{"robots":{"index":"index","follow":"follow","max-snippet":"max-snippet:-1","max-image-preview":"max-image-preview:large","max-video-preview":"max-video-preview:-1"},"canonical":"https:\/\/socialsculpturelab.com\/de\/die-enquiry-labs\/verbindende-praktiken\/erd-forum\/","og_locale":"de_DE","og_type":"article","og_title":"Erd-Forum - Kassel New","og_description":"ERD-FORUM Das Erd-Forum ist ein Dialogprozess \u00fcber die Zukunft, die wir wollen. Es erm\u00f6glicht uns, sowohl unsere individuelle Vision zu","og_url":"https:\/\/socialsculpturelab.com\/de\/die-enquiry-labs\/verbindende-praktiken\/erd-forum\/","og_site_name":"Kassel New","article_modified_time":"2021-08-20T11:12:27+00:00","og_image":[{"url":"https:\/\/ssl21kassel.wpengine.com\/wp-content\/uploads\/2021\/06\/Earth-Forum-Kassel-training-Sept-2019-for-website-1-1-300x225.jpg"}],"twitter_card":"summary_large_image","twitter_misc":{"Gesch\u00e4tzte Lesezeit":"6 Minuten"},"schema":{"@context":"https:\/\/schema.org","@graph":[{"@type":"WebSite","@id":"https:\/\/socialsculpturelab.com\/#website","url":"https:\/\/socialsculpturelab.com\/","name":"Kassel New","description":"","potentialAction":[{"@type":"SearchAction","target":{"@type":"EntryPoint","urlTemplate":"https:\/\/socialsculpturelab.com\/?s={search_term_string}"},"query-input":"required name=search_term_string"}],"inLanguage":"de-DE"},{"@type":"ImageObject","@id":"https:\/\/socialsculpturelab.com\/de\/die-enquiry-labs\/verbindende-praktiken\/erd-forum\/#primaryimage","inLanguage":"de-DE","url":"https:\/\/ssl21kassel.wpengine.com\/wp-content\/uploads\/2021\/06\/Earth-Forum-Kassel-training-Sept-2019-for-website-1-1-300x225.jpg","contentUrl":"https:\/\/ssl21kassel.wpengine.com\/wp-content\/uploads\/2021\/06\/Earth-Forum-Kassel-training-Sept-2019-for-website-1-1-300x225.jpg"},{"@type":"WebPage","@id":"https:\/\/socialsculpturelab.com\/de\/die-enquiry-labs\/verbindende-praktiken\/erd-forum\/#webpage","url":"https:\/\/socialsculpturelab.com\/de\/die-enquiry-labs\/verbindende-praktiken\/erd-forum\/","name":"Erd-Forum - Kassel New","isPartOf":{"@id":"https:\/\/socialsculpturelab.com\/#website"},"primaryImageOfPage":{"@id":"https:\/\/socialsculpturelab.com\/de\/die-enquiry-labs\/verbindende-praktiken\/erd-forum\/#primaryimage"},"datePublished":"2021-08-20T11:12:22+00:00","dateModified":"2021-08-20T11:12:27+00:00","breadcrumb":{"@id":"https:\/\/socialsculpturelab.com\/de\/die-enquiry-labs\/verbindende-praktiken\/erd-forum\/#breadcrumb"},"inLanguage":"de-DE","potentialAction":[{"@type":"ReadAction","target":["https:\/\/socialsculpturelab.com\/de\/die-enquiry-labs\/verbindende-praktiken\/erd-forum\/"]}]},{"@type":"BreadcrumbList","@id":"https:\/\/socialsculpturelab.com\/de\/die-enquiry-labs\/verbindende-praktiken\/erd-forum\/#breadcrumb","itemListElement":[{"@type":"ListItem","position":1,"name":"Home","item":"https:\/\/socialsculpturelab.com\/de\/"},{"@type":"ListItem","position":2,"name":"Die Enquiry Labs","item":"https:\/\/socialsculpturelab.com\/de\/die-enquiry-labs\/"},{"@type":"ListItem","position":3,"name":"VERBINDENDE PRAKTIKEN","item":"https:\/\/socialsculpturelab.com\/de\/die-enquiry-labs\/verbindende-praktiken\/"},{"@type":"ListItem","position":4,"name":"Erd-Forum"}]}]}},"_links":{"self":[{"href":"https:\/\/socialsculpturelab.com\/de\/wp-json\/wp\/v2\/pages\/1227"}],"collection":[{"href":"https:\/\/socialsculpturelab.com\/de\/wp-json\/wp\/v2\/pages"}],"about":[{"href":"https:\/\/socialsculpturelab.com\/de\/wp-json\/wp\/v2\/types\/page"}],"author":[{"embeddable":true,"href":"https:\/\/socialsculpturelab.com\/de\/wp-json\/wp\/v2\/users\/1"}],"replies":[{"embeddable":true,"href":"https:\/\/socialsculpturelab.com\/de\/wp-json\/wp\/v2\/comments?post=1227"}],"version-history":[{"count":0,"href":"https:\/\/socialsculpturelab.com\/de\/wp-json\/wp\/v2\/pages\/1227\/revisions"}],"up":[{"embeddable":true,"href":"https:\/\/socialsculpturelab.com\/de\/wp-json\/wp\/v2\/pages\/1226"}],"wp:attachment":[{"href":"https:\/\/socialsculpturelab.com\/de\/wp-json\/wp\/v2\/media?parent=1227"}],"curies":[{"name":"wp","href":"https:\/\/api.w.org\/{rel}","templated":true}]}}