{"id":1228,"date":"2021-08-20T11:24:25","date_gmt":"2021-08-20T11:24:25","guid":{"rendered":"https:\/\/socialsculpturelab.com\/die-enquiry-labs\/verbindende-praktiken\/bereich-des-engagements\/"},"modified":"2021-08-20T11:24:36","modified_gmt":"2021-08-20T11:24:36","slug":"bereich-des-engagements","status":"publish","type":"page","link":"https:\/\/socialsculpturelab.com\/de\/die-enquiry-labs\/verbindende-praktiken\/bereich-des-engagements\/","title":{"rendered":"Bereich des Engagements"},"content":{"rendered":"<h2>FELD DER BEGEGNUNG<strong> <\/strong><\/h2>\n<p><strong>WAS IST FELD DER BEGEGNUNG \/ ENGAGEMENT?<\/strong><\/p>\n<p><strong><br \/>\n<\/strong>Feld der Begegnung \/ Field of Commitment ist f\u00fcr Sie und f\u00fcr den Planeten.<\/p>\n<p>In Feld der Begegnung \/ Field of Commitment schaffen Individuen einen spezifischen &#8218;Ort der Begegnung'[Ort der Begegnung] in einer Partnerschaft mit einem Baum und verpflichten sich, was sie im inneren Bereich ihres Denkens und\/oder im \u00e4u\u00dferen Bereich des sichtbaren Handelns \u00e4ndern oder bearbeiten wollen.<\/p>\n<p>Dieser Ort der Begegnung und des Engagements \u2013 gekennzeichnet durch sorgf\u00e4ltige Erkundung des Ortes und m\u00f6glicher Baumpartner und sichtbar gemacht mit einem goldgelben Band an einem Baum \u2013 wird zu einem lokalen Ankerpunkt auf dem Planeten: f\u00fcr Sie, f\u00fcr Familien und Gemeinschaften, f\u00fcr Schulen und Organisationen, zu denen sie immer wieder zur\u00fcckkehren.<\/p>\n<p><img loading=\"lazy\" class=\"alignnone wp-image-765\" src=\"https:\/\/ssl21kassel.wpengine.com\/wp-content\/uploads\/2021\/06\/FdB-flyer-2020-13-Mayv3_Page_1-300dpi-300x218.jpg\" alt=\"\" width=\"903\" height=\"657\" srcset=\"https:\/\/socialsculpturelab.com\/wp-content\/uploads\/2021\/06\/FdB-flyer-2020-13-Mayv3_Page_1-300dpi-300x218.jpg 300w, https:\/\/socialsculpturelab.com\/wp-content\/uploads\/2021\/06\/FdB-flyer-2020-13-Mayv3_Page_1-300dpi-1024x746.jpg 1024w, https:\/\/socialsculpturelab.com\/wp-content\/uploads\/2021\/06\/FdB-flyer-2020-13-Mayv3_Page_1-300dpi-768x559.jpg 768w, https:\/\/socialsculpturelab.com\/wp-content\/uploads\/2021\/06\/FdB-flyer-2020-13-Mayv3_Page_1-300dpi-1536x1119.jpg 1536w, https:\/\/socialsculpturelab.com\/wp-content\/uploads\/2021\/06\/FdB-flyer-2020-13-Mayv3_Page_1-300dpi-2048x1491.jpg 2048w, https:\/\/socialsculpturelab.com\/wp-content\/uploads\/2021\/06\/FdB-flyer-2020-13-Mayv3_Page_1-300dpi-2000x1456.jpg 2000w, https:\/\/socialsculpturelab.com\/wp-content\/uploads\/2021\/06\/FdB-flyer-2020-13-Mayv3_Page_1-300dpi-1000x728.jpg 1000w, https:\/\/socialsculpturelab.com\/wp-content\/uploads\/2021\/06\/FdB-flyer-2020-13-Mayv3_Page_1-300dpi-500x364.jpg 500w\" sizes=\"(max-width: 903px) 100vw, 903px\" \/><\/p>\n<p>Es macht einen gro\u00dfen Unterschied, diesen Baum-Partner und Ort in der Welt zu haben, an dem Sie sowohl allein als auch mit anderen \u00fcber Ihre Verpflichtungen nachdenken und diese entwickeln k\u00f6nnen.<\/p>\n<p>Jeder Ort der Begegnung wird zudem gest\u00e4rkt und erh\u00e4lt einen neuen Charakter, indem er Teil eines wachsenden<em> Bereichs der Verpflichtungen<\/em> und Begegnungen ist.<\/p>\n<p>Nach und nach entwickelt sich ein sichtbares und energetisches Feld \u2013<em> ein Feld belebten Willens<\/em> &#8211; in einem bestimmten Dorf, einer Stadt oder einer Stadt auf dem Planeten.<\/p>\n<p>Es wird ein neuer Raum, in dem Einzelpersonen und Gruppen zusammenkommen, um sich auszutauschen und dar\u00fcber nachzudenken, wie wir die Welt sehen, \u00fcber ihr Engagement und dar\u00fcber, was sich \u00e4ndern muss, um die unn\u00f6tige Ausbeutung und Zerst\u00f6rung in der Welt zu \u00fcberwinden.<\/p>\n<p>Kurzum, das Feld des Engagements macht den Willen als Kraft, als unsichtbares Material im Feld der Transformation, der sozialen Skulptur und die St\u00e4rke des Engagements in einem Bereich sichtbar, individuell und gemeinsam eine tragf\u00e4hige Zukunft zu gestalten.<\/p>\n<p>Es verbindet das innere Feld des Menschen \u2013 unser Denken, unsere Werte, unsere \u00c4ngste, unsere Sehns\u00fcchte, unsere Einsichten \u2013 miteinander und mit der \u00fcbermenschlichen Welt.<\/p>\n<p>Die Mindestverpflichtung, die von den Menschen verlangt wird, ist, nicht aufzugeben und nie wegzusehen. Man kann aber auch spezifischere Verpflichtungen und Zusagen machen, die sich auf den eigenen Standort und\/oder auf gr\u00f6\u00dfere \u00f6kologisch-soziale Transformationen beziehen.<\/p>\n<p>Field of Commitment \/ Feld der Begegnung ist ein individueller und kollektiver Prozess f\u00fcr:<\/p>\n<p>\u201ezur Besinnung kommen\u201c<em>in<\/em> die Welt<br \/>\nErforschen unserer Beziehung zur Welt und den Linsen, mit denen wir sie sehen<br \/>\nneue Vision f\u00fcr eine tragf\u00e4hige Zukunft und<br \/>\nSt\u00e4rkung der eigenen F\u00e4higkeiten und Entschlossenheit, darauf hinzuarbeiten.<\/p>\n<p><iframe loading=\"lazy\" src=\"https:\/\/www.google.com\/maps\/d\/u\/2\/embed?mid=1Pf3D72vuBAhYFzR0zO9lwygwwkacm_QS\" width=\"640\" height=\"480\"><\/iframe><\/p>\n<p><strong><br \/>\nM\u00d6GLICHKEITEN ZUR TEILNAHME <\/strong><\/p>\n<p>Engagementfeld \/ Feld der Begegnung ist eng mit einem bestimmten Gebiet, Dorf, Ort oder Stadt verbunden. Es ist eine Einladung an alle an einem bestimmten Ort \u2013 in diesem Fall Kassel \u2013 ein sichtbares Feld des Willens zur Gestaltung einer lebendigen Zukunft zu schaffen. [Siehe beigef\u00fcgte herunterladbare Datei<u> Flugblatt<\/u> und<u> Anmerkungen zu \u201eein sichtbares Feld des Willens\u201c<\/u> ]<\/p>\n<p><strong> <\/strong>W\u00e4hrend des Social Sculpture Lab Kassel-21 wird Field of Commitment \/ Feld der Begegnung auf folgende Weise geteilt<\/p>\n<p><strong>1.Mit Menschen in Kassel &#8211; das Feld kennenlernen und dann weiterentwickeln<\/strong><\/p>\n<p>Wir laden die ersten 100+ Einheimischen, Schulen und Gruppen ein, sich an der Entwicklung eines Feldes der Begegung in Kassel zu beteiligen.<\/p>\n<p><strong>2. Als Live-Training<\/strong> f\u00fcr Menschen au\u00dferhalb Kassel[who can come to Kassel] die ein Field of Commitment \/Feld der Begegnung in ihrer eigenen Weltregion aufbauen wollen.<\/p>\n<p><strong>3. F\u00fcr Kassel-Besucher<\/strong> . Sie k\u00f6nnen das lokale Field of Begegnung in Kassel erleben und sich f\u00fcr ein zuk\u00fcnftiges Live- oder Online-Training anmelden.<\/p>\n<p><strong>4. Im Fr\u00fchjahr 2022 als Online-Training<\/strong>[in English] .<\/p>\n<p><strong>M\u00d6GLICHKEITEN, SICH ZU ENGAGIEREN\u2026 in Kassel<\/strong><\/p>\n<p>Wenn Sie in oder in der N\u00e4he von Kassel wohnen, kontaktieren Sie<u> Martina Sch\u00e4fer[feld-kassel@universityofthetrees .org]<\/u> zu:<\/p>\n<p>1. Melden Sie sich f\u00fcr eine Einf\u00fchrung [online] Sitzung an <u>[see Program]<\/u><\/p>\n<p>2. Begeben Sie sich auf eine Rad- oder Wandertour zu einigen der bestehenden Begegnungsorte und machen Sie sich ein Bild vom Einsatzfeld und dem Prozess.<\/p>\n<p>3. Nimm dir eine Zeit[with Martina Sch\u00e4fer feld-kasel@universityofthetrees.org] um einen eigenen<strong>\u201eOrt der Begegnung\u201c<\/strong> in Kassel zu kreieren \u2013 ab Anfang April 2021. Sie k\u00f6nnen dies alleine mit Martina tun oder in Anwesenheit von Freunden, Familie und Kollegen.<\/p>\n<p><strong><br \/>\nM\u00d6GLICHKEITEN, SICH EINZUBRINGEN\u2026 von au\u00dferhalb Kassel<\/strong><\/p>\n<p>Wenn Sie Kassel besuchen k\u00f6nnen, k\u00f6nnen Sie gerne an einer Einf\u00fchrungsveranstaltung und einer Rad- oder Wandertour teilnehmen. Obwohl Sie keinen <strong>Ort der Begegnung<\/strong><em> in Kassel<\/em> erstellen k\u00f6nnen, erleben Sie, was es hei\u00dft, einen solchen Ort der Begegnung und den Wert eines sichtbaren Willensfeldes zu schaffen. Dies hilft Ihnen bei der \u00dcberlegung, ob Sie in Zukunft ein Feld der Begegnung in Ihrem Dorf, Ihrer Stadt oder Stadt erm\u00f6glichen m\u00f6chten und das ENGAGEMENT-Training absolvieren.<\/p>\n<p><strong><br \/>\nWenn Sie weit weg von Kassel wohnen \u2013<\/strong> in einer anderen Stadt, einem anderen Land oder einem anderen Kontinent, dann k\u00f6nnen Sie, solange Sie mit uns auf Englisch oder Deutsch kommunizieren k\u00f6nnen, an einer Online-Sitzung teilnehmen, um mehr dar\u00fcber zu erfahren. Sp\u00e4ter k\u00f6nnen Sie sich f\u00fcr eine Facilitator-Ausbildung anmelden und ein Keeper of the Field in Ihrer N\u00e4he werden.<\/p>\n<p>[Wir hoffen, die Einf\u00fchrungen und Schulungen im Feld der Begegnung in Zukunft auch in anderen Sprachen durchf\u00fchren zu k\u00f6nnen \u2013 darunter Franz\u00f6sisch, Portugiesisch, Spanisch und Chinesisch].<\/p>\n<p><strong><br \/>\nKOSTEN<br \/>\n<\/strong><strong> Die Teilnahme an der Gestaltung des Engagementfeldes ist kostenlos.<\/strong><\/p>\n<p>Wir sehen Field of Commitment \/Feld der Begegnung it als<em> ein Gemeingut<\/em> verwendet werden, um viele Felder der Verpflichtung auf dem Planeten zu machen. Wir m\u00fcssen jedoch die Leute bitten, das goldene Baumband zu bezahlen und wenn m\u00f6glich einen Beitrag zu leisten, je nachdem, was Sie sich leisten k\u00f6nnen, um andere Kosten wie die Websites und Flugbl\u00e4tter zu finanzieren.<\/p>\n<p>Die 3,5-t\u00e4gige Schulung zur Koordination und Durchf\u00fchrung eines Engagements hat einen geringen, gleitenden Preis. Aber niemand wird ein Platz verweigert, wenn Sie nicht bezahlen k\u00f6nnen. Wir werden Sie bitten, eine Fundpatenschaft zu versuchen. Oder andere in der Gruppe, die helfen.<\/p>\n<p><strong>Wer erm\u00f6glicht es Ihnen, Ihren eigenen Ort des Engagements zu machen?<br \/>\n<\/strong> Martina Sch\u00e4fer ist derzeit der &#8222;Keeper of the field&#8220;[H\u00fctterin des Feldes] . Sie arbeitet mit anderen aus der lokalen<em>Universit\u00e4t der B\u00e4ume<\/em> Gruppe in Kassel zusammen um:<\/p>\n<p>1. Einzelpersonen und Gruppen zu helfen , ihren ganz spezifischen Anker- und Begegnungsort in Kassel zu entwickeln.<\/p>\n<p>2. Regelm\u00e4\u00dfige F\u00fchrungen f\u00fcr Teilnehmer und Besucher zu den verschiedenen<strong> Orten der Begegnung<\/strong> zu organisieren, die das Feld der Begegnung ausmachen.<\/p>\n<p>3. Einf\u00fchrungen und Schulungen f\u00fcr Menschen au\u00dferhalb von Kassel und an entfernten Orten durch zu f\u00fchren.<\/p>\n<p><strong>TEIL DES TEAM FELD DER BEGEGNUNG WERDEN &#8211; IN KASSEL<\/strong><br \/>\nW\u00e4hrend des Kassel-21 Social Sculpture Lab hoffen wir, das Team von Field of Commitment\/Feld der Begegnung, Kassel zu erweitern. Personen, die an dem Prozess teilgenommen haben, k\u00f6nnen darin geschult werden, anderen dabei zu helfen, ihren Ort der Begegnung \/ des Ortes der Begegnung zu schaffen.<\/p>\n<p>Das Feld des Engagements<u> Multiplikatorentraining<\/u> [4.-7. September 2021] beinhaltet einen Fokus darauf, was man tut, um jemandem zu helfen, einen Ort der Begegnung zu schaffen, und eine Untersuchung der daf\u00fcr erforderlichen Kapazit\u00e4ten. Es geht auch darum, ein Feld der Begegnung in Ihrer N\u00e4he zu koordinieren \/ zu erm\u00f6glichen.<\/p>\n<p><strong>KONTAKT Martina Sch\u00e4fer at<\/strong><a href=\"mailto:feld-kassel@universityofthetrees.org\"><strong> feld-kassel@universityofthetrees.org<\/strong><\/a> einen Ort der Begegnung in Kassel zu schaffen, oder wenn Sie Interesse an der Ausbildung zum Aufbau eines Feldes der Begegnung au\u00dferhalb von Kassel haben.<\/p>\n<p><em>Bei Feld der Begegnung geht es um innere und \u00e4u\u00dfere Feldforschung, Feldbewusstsein und Feldgestaltung, die uns auf dem Weg zu einer humanen und \u00f6kologisch tragf\u00e4higen Zukunft helfen.<\/em><\/p>\n","protected":false},"excerpt":{"rendered":"<p>FELD DER BEGEGNUNG WAS IST FELD DER BEGEGNUNG \/ ENGAGEMENT? Feld der Begegnung \/ Field of Commitment ist f\u00fcr Sie<\/p>\n","protected":false},"author":1,"featured_media":0,"parent":1226,"menu_order":0,"comment_status":"closed","ping_status":"closed","template":"","meta":[],"yoast_head":"<!-- This site is optimized with the Yoast SEO plugin v16.7 - https:\/\/yoast.com\/wordpress\/plugins\/seo\/ -->\n<meta name=\"robots\" content=\"index, follow, max-snippet:-1, max-image-preview:large, max-video-preview:-1\" \/>\n<link rel=\"canonical\" href=\"https:\/\/socialsculpturelab.com\/de\/die-enquiry-labs\/verbindende-praktiken\/bereich-des-engagements\/\" \/>\n<meta property=\"og:locale\" content=\"de_DE\" \/>\n<meta property=\"og:type\" content=\"article\" \/>\n<meta property=\"og:title\" content=\"Bereich des Engagements - Kassel New\" \/>\n<meta property=\"og:description\" content=\"FELD DER BEGEGNUNG WAS IST FELD DER BEGEGNUNG \/ ENGAGEMENT? Feld der Begegnung \/ Field of Commitment ist f\u00fcr Sie\" \/>\n<meta property=\"og:url\" content=\"https:\/\/socialsculpturelab.com\/de\/die-enquiry-labs\/verbindende-praktiken\/bereich-des-engagements\/\" \/>\n<meta property=\"og:site_name\" content=\"Kassel New\" \/>\n<meta property=\"article:modified_time\" content=\"2021-08-20T11:24:36+00:00\" \/>\n<meta property=\"og:image\" content=\"https:\/\/ssl21kassel.wpengine.com\/wp-content\/uploads\/2021\/06\/FdB-flyer-2020-13-Mayv3_Page_1-300dpi-300x218.jpg\" \/>\n<meta name=\"twitter:card\" content=\"summary_large_image\" \/>\n<meta name=\"twitter:label1\" content=\"Gesch\u00e4tzte Lesezeit\" \/>\n\t<meta name=\"twitter:data1\" content=\"6 Minuten\" \/>\n<script type=\"application\/ld+json\" class=\"yoast-schema-graph\">{\"@context\":\"https:\/\/schema.org\",\"@graph\":[{\"@type\":\"WebSite\",\"@id\":\"https:\/\/socialsculpturelab.com\/#website\",\"url\":\"https:\/\/socialsculpturelab.com\/\",\"name\":\"Kassel New\",\"description\":\"\",\"potentialAction\":[{\"@type\":\"SearchAction\",\"target\":{\"@type\":\"EntryPoint\",\"urlTemplate\":\"https:\/\/socialsculpturelab.com\/?s={search_term_string}\"},\"query-input\":\"required name=search_term_string\"}],\"inLanguage\":\"de-DE\"},{\"@type\":\"ImageObject\",\"@id\":\"https:\/\/socialsculpturelab.com\/de\/die-enquiry-labs\/verbindende-praktiken\/bereich-des-engagements\/#primaryimage\",\"inLanguage\":\"de-DE\",\"url\":\"https:\/\/ssl21kassel.wpengine.com\/wp-content\/uploads\/2021\/06\/FdB-flyer-2020-13-Mayv3_Page_1-300dpi-300x218.jpg\",\"contentUrl\":\"https:\/\/ssl21kassel.wpengine.com\/wp-content\/uploads\/2021\/06\/FdB-flyer-2020-13-Mayv3_Page_1-300dpi-300x218.jpg\"},{\"@type\":\"WebPage\",\"@id\":\"https:\/\/socialsculpturelab.com\/de\/die-enquiry-labs\/verbindende-praktiken\/bereich-des-engagements\/#webpage\",\"url\":\"https:\/\/socialsculpturelab.com\/de\/die-enquiry-labs\/verbindende-praktiken\/bereich-des-engagements\/\",\"name\":\"Bereich des Engagements - Kassel New\",\"isPartOf\":{\"@id\":\"https:\/\/socialsculpturelab.com\/#website\"},\"primaryImageOfPage\":{\"@id\":\"https:\/\/socialsculpturelab.com\/de\/die-enquiry-labs\/verbindende-praktiken\/bereich-des-engagements\/#primaryimage\"},\"datePublished\":\"2021-08-20T11:24:25+00:00\",\"dateModified\":\"2021-08-20T11:24:36+00:00\",\"breadcrumb\":{\"@id\":\"https:\/\/socialsculpturelab.com\/de\/die-enquiry-labs\/verbindende-praktiken\/bereich-des-engagements\/#breadcrumb\"},\"inLanguage\":\"de-DE\",\"potentialAction\":[{\"@type\":\"ReadAction\",\"target\":[\"https:\/\/socialsculpturelab.com\/de\/die-enquiry-labs\/verbindende-praktiken\/bereich-des-engagements\/\"]}]},{\"@type\":\"BreadcrumbList\",\"@id\":\"https:\/\/socialsculpturelab.com\/de\/die-enquiry-labs\/verbindende-praktiken\/bereich-des-engagements\/#breadcrumb\",\"itemListElement\":[{\"@type\":\"ListItem\",\"position\":1,\"name\":\"Home\",\"item\":\"https:\/\/socialsculpturelab.com\/de\/\"},{\"@type\":\"ListItem\",\"position\":2,\"name\":\"Die Enquiry Labs\",\"item\":\"https:\/\/socialsculpturelab.com\/de\/die-enquiry-labs\/\"},{\"@type\":\"ListItem\",\"position\":3,\"name\":\"VERBINDENDE PRAKTIKEN\",\"item\":\"https:\/\/socialsculpturelab.com\/de\/die-enquiry-labs\/verbindende-praktiken\/\"},{\"@type\":\"ListItem\",\"position\":4,\"name\":\"Bereich des Engagements\"}]}]}<\/script>\n<!-- \/ Yoast SEO plugin. -->","yoast_head_json":{"robots":{"index":"index","follow":"follow","max-snippet":"max-snippet:-1","max-image-preview":"max-image-preview:large","max-video-preview":"max-video-preview:-1"},"canonical":"https:\/\/socialsculpturelab.com\/de\/die-enquiry-labs\/verbindende-praktiken\/bereich-des-engagements\/","og_locale":"de_DE","og_type":"article","og_title":"Bereich des Engagements - Kassel New","og_description":"FELD DER BEGEGNUNG WAS IST FELD DER BEGEGNUNG \/ ENGAGEMENT? Feld der Begegnung \/ Field of Commitment ist f\u00fcr Sie","og_url":"https:\/\/socialsculpturelab.com\/de\/die-enquiry-labs\/verbindende-praktiken\/bereich-des-engagements\/","og_site_name":"Kassel New","article_modified_time":"2021-08-20T11:24:36+00:00","og_image":[{"url":"https:\/\/ssl21kassel.wpengine.com\/wp-content\/uploads\/2021\/06\/FdB-flyer-2020-13-Mayv3_Page_1-300dpi-300x218.jpg"}],"twitter_card":"summary_large_image","twitter_misc":{"Gesch\u00e4tzte Lesezeit":"6 Minuten"},"schema":{"@context":"https:\/\/schema.org","@graph":[{"@type":"WebSite","@id":"https:\/\/socialsculpturelab.com\/#website","url":"https:\/\/socialsculpturelab.com\/","name":"Kassel New","description":"","potentialAction":[{"@type":"SearchAction","target":{"@type":"EntryPoint","urlTemplate":"https:\/\/socialsculpturelab.com\/?s={search_term_string}"},"query-input":"required name=search_term_string"}],"inLanguage":"de-DE"},{"@type":"ImageObject","@id":"https:\/\/socialsculpturelab.com\/de\/die-enquiry-labs\/verbindende-praktiken\/bereich-des-engagements\/#primaryimage","inLanguage":"de-DE","url":"https:\/\/ssl21kassel.wpengine.com\/wp-content\/uploads\/2021\/06\/FdB-flyer-2020-13-Mayv3_Page_1-300dpi-300x218.jpg","contentUrl":"https:\/\/ssl21kassel.wpengine.com\/wp-content\/uploads\/2021\/06\/FdB-flyer-2020-13-Mayv3_Page_1-300dpi-300x218.jpg"},{"@type":"WebPage","@id":"https:\/\/socialsculpturelab.com\/de\/die-enquiry-labs\/verbindende-praktiken\/bereich-des-engagements\/#webpage","url":"https:\/\/socialsculpturelab.com\/de\/die-enquiry-labs\/verbindende-praktiken\/bereich-des-engagements\/","name":"Bereich des Engagements - Kassel New","isPartOf":{"@id":"https:\/\/socialsculpturelab.com\/#website"},"primaryImageOfPage":{"@id":"https:\/\/socialsculpturelab.com\/de\/die-enquiry-labs\/verbindende-praktiken\/bereich-des-engagements\/#primaryimage"},"datePublished":"2021-08-20T11:24:25+00:00","dateModified":"2021-08-20T11:24:36+00:00","breadcrumb":{"@id":"https:\/\/socialsculpturelab.com\/de\/die-enquiry-labs\/verbindende-praktiken\/bereich-des-engagements\/#breadcrumb"},"inLanguage":"de-DE","potentialAction":[{"@type":"ReadAction","target":["https:\/\/socialsculpturelab.com\/de\/die-enquiry-labs\/verbindende-praktiken\/bereich-des-engagements\/"]}]},{"@type":"BreadcrumbList","@id":"https:\/\/socialsculpturelab.com\/de\/die-enquiry-labs\/verbindende-praktiken\/bereich-des-engagements\/#breadcrumb","itemListElement":[{"@type":"ListItem","position":1,"name":"Home","item":"https:\/\/socialsculpturelab.com\/de\/"},{"@type":"ListItem","position":2,"name":"Die Enquiry Labs","item":"https:\/\/socialsculpturelab.com\/de\/die-enquiry-labs\/"},{"@type":"ListItem","position":3,"name":"VERBINDENDE PRAKTIKEN","item":"https:\/\/socialsculpturelab.com\/de\/die-enquiry-labs\/verbindende-praktiken\/"},{"@type":"ListItem","position":4,"name":"Bereich des Engagements"}]}]}},"_links":{"self":[{"href":"https:\/\/socialsculpturelab.com\/de\/wp-json\/wp\/v2\/pages\/1228"}],"collection":[{"href":"https:\/\/socialsculpturelab.com\/de\/wp-json\/wp\/v2\/pages"}],"about":[{"href":"https:\/\/socialsculpturelab.com\/de\/wp-json\/wp\/v2\/types\/page"}],"author":[{"embeddable":true,"href":"https:\/\/socialsculpturelab.com\/de\/wp-json\/wp\/v2\/users\/1"}],"replies":[{"embeddable":true,"href":"https:\/\/socialsculpturelab.com\/de\/wp-json\/wp\/v2\/comments?post=1228"}],"version-history":[{"count":0,"href":"https:\/\/socialsculpturelab.com\/de\/wp-json\/wp\/v2\/pages\/1228\/revisions"}],"up":[{"embeddable":true,"href":"https:\/\/socialsculpturelab.com\/de\/wp-json\/wp\/v2\/pages\/1226"}],"wp:attachment":[{"href":"https:\/\/socialsculpturelab.com\/de\/wp-json\/wp\/v2\/media?parent=1228"}],"curies":[{"name":"wp","href":"https:\/\/api.w.org\/{rel}","templated":true}]}}