{"id":1229,"date":"2021-08-20T11:47:16","date_gmt":"2021-08-20T11:47:16","guid":{"rendered":"https:\/\/socialsculpturelab.com\/die-enquiry-labs\/verbindende-praktiken\/rahmengespraeche-fluxus-potsdam\/"},"modified":"2021-10-10T03:59:48","modified_gmt":"2021-10-10T03:59:48","slug":"frametalks-fluxus-potsdam","status":"publish","type":"page","link":"https:\/\/socialsculpturelab.com\/de\/die-enquiry-labs\/verbindende-praktiken\/frametalks-fluxus-potsdam\/","title":{"rendered":"FRAMETALKS \u2013 Fluxus [Potsdam]"},"content":{"rendered":"<h2>FRAMETALKS \u2013 Fluxus [Potsdam]<\/h2>\n<p><strong>FRAMETALKS ist ein mobiles Seminar zur Erkundung der Zukunft, die wir uns w\u00fcnschen.<\/strong><\/p>\n<div id=\"attachment_1379\" style=\"width: 757px\" class=\"wp-caption aligncenter\"><img aria-describedby=\"caption-attachment-1379\" loading=\"lazy\" class=\" wp-image-1379\" src=\"https:\/\/socialsculpturelab.com\/wp-content\/uploads\/2021\/10\/unnamed-9-300x225.jpg\" alt=\"\" width=\"747\" height=\"560\" srcset=\"https:\/\/socialsculpturelab.com\/wp-content\/uploads\/2021\/10\/unnamed-9-300x225.jpg 300w, https:\/\/socialsculpturelab.com\/wp-content\/uploads\/2021\/10\/unnamed-9-1024x768.jpg 1024w, https:\/\/socialsculpturelab.com\/wp-content\/uploads\/2021\/10\/unnamed-9-768x576.jpg 768w, https:\/\/socialsculpturelab.com\/wp-content\/uploads\/2021\/10\/unnamed-9-1536x1152.jpg 1536w, https:\/\/socialsculpturelab.com\/wp-content\/uploads\/2021\/10\/unnamed-9-2048x1536.jpg 2048w, https:\/\/socialsculpturelab.com\/wp-content\/uploads\/2021\/10\/unnamed-9-2000x1500.jpg 2000w, https:\/\/socialsculpturelab.com\/wp-content\/uploads\/2021\/10\/unnamed-9-1000x750.jpg 1000w, https:\/\/socialsculpturelab.com\/wp-content\/uploads\/2021\/10\/unnamed-9-500x375.jpg 500w\" sizes=\"(max-width: 747px) 100vw, 747px\" \/><p id=\"caption-attachment-1379\" class=\"wp-caption-text\">Von Kassel21 Social Sculpture Lab-Documenta Archiv, nach museum FLUXUS+ Potsdam<\/p><\/div>\n<p>&nbsp;<\/p>\n<p><strong>Wir erforschen die 5 Wirklichkeiten<\/strong> &#8211; NATUR, MENSCH, LIEBE, FREIHEIT, ZUKUNFT &#8211; <strong>in uns selbst, in der Welt und was sich zwischen uns ergibt.<\/strong>\u00a0 Wir bezeichnen diesen abschlie\u00dfenden Prozess des Austauschs am Ende eines jeden Tages und \u00fcber alle 5 Wirklichkeiten am Ende einer jeden Woche als &#8222;sozialen Honig machen&#8220;.<\/p>\n<p><strong>Die FRAMETALKS-INSTRUMENTE<\/strong><br \/>\nFRAMETALKS besteht aus einem Arbeitsbuch, einem Erkl\u00e4rungsheft, einem Rahmen und einer &#8222;Partitur&#8220;. Die &#8222;Partitur&#8220; ist &#8211; wie eine Musikpartitur oder ein Skript &#8211; ein definierter Prozess, der flexibel eingesetzt werden kann.<\/p>\n<p><strong>MULTIPLIKATOR WERDEN<\/strong><br \/>\nEs ist m\u00f6glich, ein &#8222;Multiplikator&#8220; zu werden und den bildhaften Denkprozess von FRAMETALKS mit einer Schulgruppe, einem Team, einer Gemeindegruppe oder einer Organisation, mit der Sie arbeiten, zu teilen.<\/p>\n<p><strong>WANN<\/strong><br \/>\n<strong>ER\u00d6FFNUNG<\/strong>\u00a0 \u00a0 \u00a0FRAMETALKS wird im Museum-Fluxus+ am 8. Oktober 2021 um 18.00 Uhr mit einer kleinen Aktion er\u00f6ffnet.<\/p>\n<p><strong>T\u00c4GLICH\u00a0<\/strong> \u00a0 \u00a0Vom 9. Oktober bis Freitag, den 22. Oktober 2021, Zukunftsworkshops, die sich mit einer der 5 Wirklichkeiten besch\u00e4ftig, finden t\u00e4glich statten. Der t\u00e4gliche Prozess beginnt jeden Wochentag um 10.00 Uhr im Museum-Fluxus+. Um die Mittagszeit gehen wir auf die Stra\u00dfe. Wir kehren jeden Tag gegen 14.00 Uhr ins Museum zur\u00fcck.<\/p>\n<p>An den Wochenenden beginnt der Prozess um 13.00 Uhr, mit Ausnahme von Sonntag, dem 24. Oktober, wo der Prozess um 10.00 Uhr beginnt.<\/p>\n<p><strong>ENDVERANSTALTUNG<\/strong>\u00a0 \u00a0 Am Samstag, den 23. und Sonntag, den 24. Oktober werden wir daran arbeiten, &#8222;sozialen Honig&#8220; zu machen und ein &#8222;Humanifest f\u00fcr die Zukunft&#8220; zu entwerfen.ALLE WILLKOMMEN. FREIER EINTRITT.<\/p>\n<p><img loading=\"lazy\" class=\"wp-image-1367 aligncenter\" src=\"https:\/\/socialsculpturelab.com\/wp-content\/uploads\/2021\/10\/FT-school-group-lighter-1-225x300.jpg\" alt=\"\" width=\"409\" height=\"544\" srcset=\"https:\/\/socialsculpturelab.com\/wp-content\/uploads\/2021\/10\/FT-school-group-lighter-1-225x300.jpg 225w, https:\/\/socialsculpturelab.com\/wp-content\/uploads\/2021\/10\/FT-school-group-lighter-1-768x1024.jpg 768w, https:\/\/socialsculpturelab.com\/wp-content\/uploads\/2021\/10\/FT-school-group-lighter-1-1152x1536.jpg 1152w, https:\/\/socialsculpturelab.com\/wp-content\/uploads\/2021\/10\/FT-school-group-lighter-1-1536x2048.jpg 1536w, https:\/\/socialsculpturelab.com\/wp-content\/uploads\/2021\/10\/FT-school-group-lighter-1-1500x2000.jpg 1500w, https:\/\/socialsculpturelab.com\/wp-content\/uploads\/2021\/10\/FT-school-group-lighter-1-750x1000.jpg 750w, https:\/\/socialsculpturelab.com\/wp-content\/uploads\/2021\/10\/FT-school-group-lighter-1-375x500.jpg 375w, https:\/\/socialsculpturelab.com\/wp-content\/uploads\/2021\/10\/FT-school-group-lighter-1-scaled.jpg 1920w\" sizes=\"(max-width: 409px) 100vw, 409px\" \/><strong><br \/>\n<\/strong><\/p>\n<p><strong>DETAILS &#8211; DER T\u00c4GLICHE PROZESS 10.00 &#8211; 18.00 [Montag bis Freitag]\u00a0<\/strong><br \/>\nWir werden jeden Tag eine der 5 Wirklichkeiten mit Einzelpersonen und Gruppen erkunden, die an einem ganzt\u00e4gigen Prozess teilnehmen. Es ist auch m\u00f6glich, an Phase 1 oder 2 teilzunehmen, ohne sich anzumelden [eine ganzt\u00e4gige Teilnahme und Anmeldung wird jedoch empfohlen. Die Pl\u00e4tze sind aufgrund von Covid begrenzt.]<\/p>\n<p><strong>Phase 1\u00a0 \u00a010.00 -12.30 Uhr<\/strong><br \/>\nDIE WIRKLICHKEITEN, WIE WIR SIE SEHEN<br \/>\nDer Prozess beginnt jeden Tag um 10.00 Uhr im museum Fluxus+. Wir sammeln unsere bestehenden Wahrnehmungen, Ansichten und Ideen \u00fcber jede Wirklichkeit und teilen etwas von diesen Entdeckungen durch den Hirschhautrahmen. Es ist sinnvoll von Beginn an am Prozess teilzunehmen.<\/p>\n<p><strong><img loading=\"lazy\" class=\"wp-image-990 aligncenter\" src=\"https:\/\/ssl21kassel.wpengine.com\/wp-content\/uploads\/2021\/07\/FRAMETALKS-book-cover-for-PM-225x300.jpg\" alt=\"\" width=\"386\" height=\"515\" srcset=\"https:\/\/socialsculpturelab.com\/wp-content\/uploads\/2021\/07\/FRAMETALKS-book-cover-for-PM-225x300.jpg 225w, https:\/\/socialsculpturelab.com\/wp-content\/uploads\/2021\/07\/FRAMETALKS-book-cover-for-PM-768x1024.jpg 768w, https:\/\/socialsculpturelab.com\/wp-content\/uploads\/2021\/07\/FRAMETALKS-book-cover-for-PM-1152x1536.jpg 1152w, https:\/\/socialsculpturelab.com\/wp-content\/uploads\/2021\/07\/FRAMETALKS-book-cover-for-PM-1536x2048.jpg 1536w, https:\/\/socialsculpturelab.com\/wp-content\/uploads\/2021\/07\/FRAMETALKS-book-cover-for-PM-1500x2000.jpg 1500w, https:\/\/socialsculpturelab.com\/wp-content\/uploads\/2021\/07\/FRAMETALKS-book-cover-for-PM-750x1000.jpg 750w, https:\/\/socialsculpturelab.com\/wp-content\/uploads\/2021\/07\/FRAMETALKS-book-cover-for-PM-375x500.jpg 375w, https:\/\/socialsculpturelab.com\/wp-content\/uploads\/2021\/07\/FRAMETALKS-book-cover-for-PM.jpg 1772w\" sizes=\"(max-width: 386px) 100vw, 386px\" \/><br \/>\n<\/strong><\/p>\n<p><strong>Phase 2\u00a0 \u00a013.00 &#8211; 15.30 Uhr<\/strong><br \/>\nBETRACHTUNG DER WIRKLICHKEITEN IN DER WELT<br \/>\nWir gehen mit dem Hirshhautrahmen nach drau\u00dfen und schauen uns gemeinsam die Wirklichkeit des Tages in der Welt an.<\/p>\n<p><strong>Phase 3\u00a0 \u00a016.00 &#8211; 18.00 Uhr<\/strong><br \/>\nSOZIALEN HONIG MACHEN<br \/>\nWir kehren ins Museum zur\u00fcck, um Erfahrungen und Einsichten auszutauschen und den sorgsamen Prozess des &#8222;sozialen Honigmachens&#8220; aus den gesammelten Einsichten, zu beginnen.<\/p>\n<h2><strong>An den Wochenenden beginnt der Prozess um 13.00 Uhr, mit Ausnahme von Sonntag, dem 24. Oktober, wo der Prozess um 10.00 Uhr beginnt.<\/strong><\/h2>\n<p><strong>SONNTAG 24 OKTOBER<br \/>\nAUF DEM WEG ZU EINEM HUMANIFEST F\u00dcR DIE ZUKUNFT&#8216;<\/strong><br \/>\nAm Sonntag, den 24. Oktober &#8211; dem letzten Tag &#8211; sind alle bisherigen Teilnehmer*innen eingeladen, die in den vorangegangenen Tagen gesammelten Erkenntnisse und Wahrnehmungen zu teilen. Wir werden der Frage nachgehen: Welche Perspektiven, Haltungen und Denkweisen m\u00fcssen sich \u00e4ndern &#8211; und auf welche Weise &#8211; wenn wir wirklich eine andere Zukunft gestalten wollen?<\/p>\n<p>Joseph Beuys sagte: <em>&#8222;Anstatt zu fragen &#8218;wie soll ich handeln?&#8216;, m\u00fcssen wir fragen &#8218;wie soll ich denken?&#8216; &#8222;<\/em><\/p>\n<p>Frau Dr. Prof. Liedtke, Pr\u00e4sidentin des Brandenburgischen Landtages, setzt sich f\u00fcr das Projekt ein.<\/p>\n<ul>\n<li><a href=\"https:\/\/www.fluxus-plus.de\/files\/museum\/Veranstaltungen\/FRAMETALKS\/Gru%C3%9Fwort%20Multiplikator_JZ.pdf\" target=\"_blank\" rel=\"noopener\"><strong>GRUSSWORT von Prof. Dr. Ulrike Liedtke, Pr\u00e4sidentin des Landtages Brandenburg &#8211; Schirmherrin<\/strong><\/a><\/li>\n<\/ul>\n<p><a href=\"https:\/\/www.fluxus-plus.de\/nachrichtendetails\/shelley-sacks-frametalks-potsdam-das-museum-auf-der-stra%C3%9Fe.html\"><em>Setzen Sie sich mit dem Museum in Verbindung, um an der Ausstellung teilzunehmen und die Er\u00f6ffnung zu besuchen.\u00a0<\/em><\/a><\/p>\n<p>&nbsp;<\/p>\n<p><strong>M\u00d6GLICHKEITEN ZUR TEILNAHME<\/strong><\/p>\n<p><strong>Im Oktober t\u00e4glicher Prozess im Museum Fluxus+<\/strong><br \/>\nALS EINZELPERSON ODER GRUPPE<br \/>\nNehmen Sie an der ersten Phase im museum FLUXUS+ teil. Dies schafft eine inspirierende Grundlage f\u00fcr den Rest des Tages.\u00a0 Setzen Sie den Prozess auf den Stra\u00dfen von Potsdam mit dem Hirschhautrahmen fort und erkunden Sie, wie sich jede der 5 Wirklichkeiten in der Welt zeigt. Danach kehren wir gemeinsam ins Museum zur\u00fcck, um zu teilen, was wir erlebt und gesammelt haben.<\/p>\n<p><strong>Ab Oktober 2021<\/strong><br \/>\nAUSBILDUNG ZUM FRAMETALKS-MULTIPLIKATOR<br \/>\nDie 5 Wirklichkeiten und der bildhafte Denkprozess k\u00f6nnen in Schulen und Gemeindegruppen mit Hilfe des FRAMETALKS-Arbeitsbuches und des kleinen Papprahmens weitergegeben werden.\u00a0 Wenn Sie LehrerIn, SozialarbeiterIn, JugendarbeiterIn oder Teil einer Gruppe oder Organisation sind und daran interessiert sind, FRAMETALKS-MultiplikatorIn zu werden, kontaktieren Sie bitte Philipp John <strong>frametalks@fluxus-plus.de <\/strong>um Workshops oder Besuche in Ihrer Schule zu besprechen.<\/p>\n<p><strong>Alle Formen der Teilnahme sind kostenlos.<\/strong><\/p>\n<p>Im Anschluss wird FRAMETALKS in Potsdam Teil eines Austauschs zwischen Shelley Sacks, Philipp John und anderen \u00fcber die Beziehung zwischen Fluxus, der Sozialen Plastik und der zeitgen\u00f6ssischen Verbindenden Praxis sein.<\/p>\n<p><strong>FRAMETALKS-FLUXUS in Potsdam wird gro\u00dfz\u00fcgig von mehreren Sponsoren unterst\u00fctzt.\u00a0 <\/strong><a href=\"https:\/\/socialsculpturelab.com\/about-2\/sponsors-and-partners\/\"><em>Eine Liste finden Sie hier.<\/em><\/a><\/p>\n","protected":false},"excerpt":{"rendered":"<p>FRAMETALKS \u2013 Fluxus [Potsdam] FRAMETALKS ist ein mobiles Seminar zur Erkundung der Zukunft, die wir uns w\u00fcnschen. &nbsp; Wir erforschen<\/p>\n","protected":false},"author":1,"featured_media":0,"parent":1226,"menu_order":0,"comment_status":"closed","ping_status":"closed","template":"","meta":[],"yoast_head":"<!-- This site is optimized with the Yoast SEO plugin v16.7 - https:\/\/yoast.com\/wordpress\/plugins\/seo\/ -->\n<meta name=\"robots\" content=\"index, follow, max-snippet:-1, max-image-preview:large, max-video-preview:-1\" \/>\n<link rel=\"canonical\" href=\"https:\/\/socialsculpturelab.com\/de\/die-enquiry-labs\/verbindende-praktiken\/frametalks-fluxus-potsdam\/\" \/>\n<meta property=\"og:locale\" content=\"de_DE\" \/>\n<meta property=\"og:type\" content=\"article\" \/>\n<meta property=\"og:title\" content=\"FRAMETALKS \u2013 Fluxus [Potsdam] - Kassel New\" \/>\n<meta property=\"og:description\" content=\"FRAMETALKS \u2013 Fluxus [Potsdam] FRAMETALKS ist ein mobiles Seminar zur Erkundung der Zukunft, die wir uns w\u00fcnschen. &nbsp; Wir erforschen\" \/>\n<meta property=\"og:url\" content=\"https:\/\/socialsculpturelab.com\/de\/die-enquiry-labs\/verbindende-praktiken\/frametalks-fluxus-potsdam\/\" \/>\n<meta property=\"og:site_name\" content=\"Kassel New\" \/>\n<meta property=\"article:modified_time\" content=\"2021-10-10T03:59:48+00:00\" \/>\n<meta property=\"og:image\" content=\"https:\/\/socialsculpturelab.com\/wp-content\/uploads\/2021\/10\/unnamed-9-300x225.jpg\" \/>\n<meta name=\"twitter:card\" content=\"summary_large_image\" \/>\n<meta name=\"twitter:label1\" content=\"Gesch\u00e4tzte Lesezeit\" \/>\n\t<meta name=\"twitter:data1\" content=\"4 Minuten\" \/>\n<script type=\"application\/ld+json\" class=\"yoast-schema-graph\">{\"@context\":\"https:\/\/schema.org\",\"@graph\":[{\"@type\":\"WebSite\",\"@id\":\"https:\/\/socialsculpturelab.com\/#website\",\"url\":\"https:\/\/socialsculpturelab.com\/\",\"name\":\"Kassel New\",\"description\":\"\",\"potentialAction\":[{\"@type\":\"SearchAction\",\"target\":{\"@type\":\"EntryPoint\",\"urlTemplate\":\"https:\/\/socialsculpturelab.com\/?s={search_term_string}\"},\"query-input\":\"required name=search_term_string\"}],\"inLanguage\":\"de-DE\"},{\"@type\":\"ImageObject\",\"@id\":\"https:\/\/socialsculpturelab.com\/de\/die-enquiry-labs\/verbindende-praktiken\/frametalks-fluxus-potsdam\/#primaryimage\",\"inLanguage\":\"de-DE\",\"url\":\"https:\/\/socialsculpturelab.com\/wp-content\/uploads\/2021\/10\/unnamed-9-300x225.jpg\",\"contentUrl\":\"https:\/\/socialsculpturelab.com\/wp-content\/uploads\/2021\/10\/unnamed-9-300x225.jpg\"},{\"@type\":\"WebPage\",\"@id\":\"https:\/\/socialsculpturelab.com\/de\/die-enquiry-labs\/verbindende-praktiken\/frametalks-fluxus-potsdam\/#webpage\",\"url\":\"https:\/\/socialsculpturelab.com\/de\/die-enquiry-labs\/verbindende-praktiken\/frametalks-fluxus-potsdam\/\",\"name\":\"FRAMETALKS \\u2013 Fluxus [Potsdam] - Kassel New\",\"isPartOf\":{\"@id\":\"https:\/\/socialsculpturelab.com\/#website\"},\"primaryImageOfPage\":{\"@id\":\"https:\/\/socialsculpturelab.com\/de\/die-enquiry-labs\/verbindende-praktiken\/frametalks-fluxus-potsdam\/#primaryimage\"},\"datePublished\":\"2021-08-20T11:47:16+00:00\",\"dateModified\":\"2021-10-10T03:59:48+00:00\",\"breadcrumb\":{\"@id\":\"https:\/\/socialsculpturelab.com\/de\/die-enquiry-labs\/verbindende-praktiken\/frametalks-fluxus-potsdam\/#breadcrumb\"},\"inLanguage\":\"de-DE\",\"potentialAction\":[{\"@type\":\"ReadAction\",\"target\":[\"https:\/\/socialsculpturelab.com\/de\/die-enquiry-labs\/verbindende-praktiken\/frametalks-fluxus-potsdam\/\"]}]},{\"@type\":\"BreadcrumbList\",\"@id\":\"https:\/\/socialsculpturelab.com\/de\/die-enquiry-labs\/verbindende-praktiken\/frametalks-fluxus-potsdam\/#breadcrumb\",\"itemListElement\":[{\"@type\":\"ListItem\",\"position\":1,\"name\":\"Home\",\"item\":\"https:\/\/socialsculpturelab.com\/de\/\"},{\"@type\":\"ListItem\",\"position\":2,\"name\":\"Die Enquiry Labs\",\"item\":\"https:\/\/socialsculpturelab.com\/de\/die-enquiry-labs\/\"},{\"@type\":\"ListItem\",\"position\":3,\"name\":\"VERBINDENDE PRAKTIKEN\",\"item\":\"https:\/\/socialsculpturelab.com\/de\/die-enquiry-labs\/verbindende-praktiken\/\"},{\"@type\":\"ListItem\",\"position\":4,\"name\":\"FRAMETALKS \\u2013 Fluxus [Potsdam]\"}]}]}<\/script>\n<!-- \/ Yoast SEO plugin. -->","yoast_head_json":{"robots":{"index":"index","follow":"follow","max-snippet":"max-snippet:-1","max-image-preview":"max-image-preview:large","max-video-preview":"max-video-preview:-1"},"canonical":"https:\/\/socialsculpturelab.com\/de\/die-enquiry-labs\/verbindende-praktiken\/frametalks-fluxus-potsdam\/","og_locale":"de_DE","og_type":"article","og_title":"FRAMETALKS \u2013 Fluxus [Potsdam] - Kassel New","og_description":"FRAMETALKS \u2013 Fluxus [Potsdam] FRAMETALKS ist ein mobiles Seminar zur Erkundung der Zukunft, die wir uns w\u00fcnschen. &nbsp; Wir erforschen","og_url":"https:\/\/socialsculpturelab.com\/de\/die-enquiry-labs\/verbindende-praktiken\/frametalks-fluxus-potsdam\/","og_site_name":"Kassel New","article_modified_time":"2021-10-10T03:59:48+00:00","og_image":[{"url":"https:\/\/socialsculpturelab.com\/wp-content\/uploads\/2021\/10\/unnamed-9-300x225.jpg"}],"twitter_card":"summary_large_image","twitter_misc":{"Gesch\u00e4tzte Lesezeit":"4 Minuten"},"schema":{"@context":"https:\/\/schema.org","@graph":[{"@type":"WebSite","@id":"https:\/\/socialsculpturelab.com\/#website","url":"https:\/\/socialsculpturelab.com\/","name":"Kassel New","description":"","potentialAction":[{"@type":"SearchAction","target":{"@type":"EntryPoint","urlTemplate":"https:\/\/socialsculpturelab.com\/?s={search_term_string}"},"query-input":"required name=search_term_string"}],"inLanguage":"de-DE"},{"@type":"ImageObject","@id":"https:\/\/socialsculpturelab.com\/de\/die-enquiry-labs\/verbindende-praktiken\/frametalks-fluxus-potsdam\/#primaryimage","inLanguage":"de-DE","url":"https:\/\/socialsculpturelab.com\/wp-content\/uploads\/2021\/10\/unnamed-9-300x225.jpg","contentUrl":"https:\/\/socialsculpturelab.com\/wp-content\/uploads\/2021\/10\/unnamed-9-300x225.jpg"},{"@type":"WebPage","@id":"https:\/\/socialsculpturelab.com\/de\/die-enquiry-labs\/verbindende-praktiken\/frametalks-fluxus-potsdam\/#webpage","url":"https:\/\/socialsculpturelab.com\/de\/die-enquiry-labs\/verbindende-praktiken\/frametalks-fluxus-potsdam\/","name":"FRAMETALKS \u2013 Fluxus [Potsdam] - Kassel New","isPartOf":{"@id":"https:\/\/socialsculpturelab.com\/#website"},"primaryImageOfPage":{"@id":"https:\/\/socialsculpturelab.com\/de\/die-enquiry-labs\/verbindende-praktiken\/frametalks-fluxus-potsdam\/#primaryimage"},"datePublished":"2021-08-20T11:47:16+00:00","dateModified":"2021-10-10T03:59:48+00:00","breadcrumb":{"@id":"https:\/\/socialsculpturelab.com\/de\/die-enquiry-labs\/verbindende-praktiken\/frametalks-fluxus-potsdam\/#breadcrumb"},"inLanguage":"de-DE","potentialAction":[{"@type":"ReadAction","target":["https:\/\/socialsculpturelab.com\/de\/die-enquiry-labs\/verbindende-praktiken\/frametalks-fluxus-potsdam\/"]}]},{"@type":"BreadcrumbList","@id":"https:\/\/socialsculpturelab.com\/de\/die-enquiry-labs\/verbindende-praktiken\/frametalks-fluxus-potsdam\/#breadcrumb","itemListElement":[{"@type":"ListItem","position":1,"name":"Home","item":"https:\/\/socialsculpturelab.com\/de\/"},{"@type":"ListItem","position":2,"name":"Die Enquiry Labs","item":"https:\/\/socialsculpturelab.com\/de\/die-enquiry-labs\/"},{"@type":"ListItem","position":3,"name":"VERBINDENDE PRAKTIKEN","item":"https:\/\/socialsculpturelab.com\/de\/die-enquiry-labs\/verbindende-praktiken\/"},{"@type":"ListItem","position":4,"name":"FRAMETALKS \u2013 Fluxus [Potsdam]"}]}]}},"_links":{"self":[{"href":"https:\/\/socialsculpturelab.com\/de\/wp-json\/wp\/v2\/pages\/1229"}],"collection":[{"href":"https:\/\/socialsculpturelab.com\/de\/wp-json\/wp\/v2\/pages"}],"about":[{"href":"https:\/\/socialsculpturelab.com\/de\/wp-json\/wp\/v2\/types\/page"}],"author":[{"embeddable":true,"href":"https:\/\/socialsculpturelab.com\/de\/wp-json\/wp\/v2\/users\/1"}],"replies":[{"embeddable":true,"href":"https:\/\/socialsculpturelab.com\/de\/wp-json\/wp\/v2\/comments?post=1229"}],"version-history":[{"count":0,"href":"https:\/\/socialsculpturelab.com\/de\/wp-json\/wp\/v2\/pages\/1229\/revisions"}],"up":[{"embeddable":true,"href":"https:\/\/socialsculpturelab.com\/de\/wp-json\/wp\/v2\/pages\/1226"}],"wp:attachment":[{"href":"https:\/\/socialsculpturelab.com\/de\/wp-json\/wp\/v2\/media?parent=1229"}],"curies":[{"name":"wp","href":"https:\/\/api.w.org\/{rel}","templated":true}]}}