{"id":1230,"date":"2021-08-20T11:57:37","date_gmt":"2021-08-20T11:57:37","guid":{"rendered":"https:\/\/socialsculpturelab.com\/die-enquiry-labs\/verbindende-praktiken\/framtalks-kassel\/"},"modified":"2021-10-04T00:52:32","modified_gmt":"2021-10-04T00:52:32","slug":"frametalks-kassel","status":"publish","type":"page","link":"https:\/\/socialsculpturelab.com\/de\/die-enquiry-labs\/verbindende-praktiken\/frametalks-kassel\/","title":{"rendered":"Frametalks [Kassel]"},"content":{"rendered":"<h2>FRAMETALKS &#8211; Kassel<\/h2>\n<p>FRAMETALKS ist eine verbindende Praxis f\u00fcr Einzelpersonen und Gruppen, um ihre Einstellungen, Werte und Denkweisen aufzudecken und zu reflektieren, und was sich m\u00f6glicherweise \u00e4ndern muss, wenn wir eine humane und \u00f6kologisch gesunde Zukunft gestalten wollen.<\/p>\n<p>Es ist eine einfache und faszinierende Art, zu <em>erleben<\/em>, wie wir Dinge einrahmen: von den Linsen, mit denen wir die Welt sehen, und wie unsere Einstellungen, Denkstrukturen, Konzepte und Werte unser Handeln pr\u00e4gen.<\/p>\n<p>Es ist ein Prozess, der eigene und andere unterschiedliche Perspektiven sichtbar und erlebbar macht, damit wir mit ihnen arbeiten k\u00f6nnen\u2026 und gemeinsam dar\u00fcber nachdenken, wie wir zusammen und mit anderen Lebewesen auf einem Planeten leben k\u00f6nnen und wollen.<\/p>\n<p>Es stellt alternative Formen des kreativen Denkens vor, um \u201edie Zukunft, die wir wollen\u201c zu erforschen und \u201esozialen Honig zu machen\u201c.<\/p>\n<p><strong><img loading=\"lazy\" class=\"alignnone wp-image-1003\" src=\"https:\/\/ssl21kassel.wpengine.com\/wp-content\/uploads\/2021\/07\/Liebe-and-skin-Fridericianum-1-cropped-300x249.jpg\" alt=\"\" width=\"764\" height=\"634\" srcset=\"https:\/\/socialsculpturelab.com\/wp-content\/uploads\/2021\/07\/Liebe-and-skin-Fridericianum-1-cropped-300x249.jpg 300w, https:\/\/socialsculpturelab.com\/wp-content\/uploads\/2021\/07\/Liebe-and-skin-Fridericianum-1-cropped-1024x851.jpg 1024w, https:\/\/socialsculpturelab.com\/wp-content\/uploads\/2021\/07\/Liebe-and-skin-Fridericianum-1-cropped-768x638.jpg 768w, https:\/\/socialsculpturelab.com\/wp-content\/uploads\/2021\/07\/Liebe-and-skin-Fridericianum-1-cropped-1000x831.jpg 1000w, https:\/\/socialsculpturelab.com\/wp-content\/uploads\/2021\/07\/Liebe-and-skin-Fridericianum-1-cropped-500x416.jpg 500w, https:\/\/socialsculpturelab.com\/wp-content\/uploads\/2021\/07\/Liebe-and-skin-Fridericianum-1-cropped.jpg 1434w\" sizes=\"(max-width: 764px) 100vw, 764px\" \/><\/strong><\/p>\n<p>DENKEN &amp; HANDELN: Die Verbindung erleben und verstehen<br \/>\nEin Schl\u00fcsselaspekt des FRAMETALKS-Prozesses besteht darin, in sich selbst zu sehen, was man sieht, und in der Welt \u00fcber 5 Realit\u00e4ten, die von allen Menschen geteilt werden.<\/p>\n<p>Die 5 Realit\u00e4ten, mit denen wir arbeiten, sind Natur, Mensch, Liebe, Freiheit und Zukunft.<\/p>\n<p>Anstatt nur mit ererbten Ansichten, Vorurteilen und Annahmen zu leben, wird deutlich, dass diese 5 Realit\u00e4ten auch Fragen sind, \u00fcber die wir nachdenken k\u00f6nnen und m\u00fcssen, wenn wir freie und bewusste Entscheidungen treffen wollen.<br \/>\nEs sind individuelle Fragen und soziale Fragen, die alleine und gemeinsam mit anderen erforscht werden k\u00f6nnen.<\/p>\n<p><strong>ERFAHRUNGSANFRAGE<\/strong><br \/>\nFRAMETALKS ist eine sozialskulptur-verbindende Praxis, die diese Art der erfahrungsbezogenen Untersuchung erm\u00f6glichen soll!<\/p>\n<p><em>Was sind unsere Ideen, Gedanken und Gef\u00fchle zu jeder dieser Realit\u00e4ten, wenn wir in unseren eigenen inneren \u201eArbeitsraum\u201c schauen?<\/em><\/p>\n<p><em>Wie stellen wir uns diese vor, denken dar\u00fcber nach und stellen sie uns vor?<\/em><\/p>\n<p><em>Was zeigt uns dies \u00fcber die inneren Einstellungen und Linsen, durch die wir sehen?<\/em><\/p>\n<p><em>Und was sehen wir, wenn wir in die Welt hinausschauen?<\/em><\/p>\n<p><em>Ist es dasselbe wie die Ideen und Bilder in unseren K\u00f6pfen?<\/em><\/p>\n<p><em>Sehen wir Dinge \u2013 in uns selbst und in der Welt \u2013 die wir vorher nicht bemerkt haben?<\/em><\/p>\n<p>Das Erforschen der 5 Realit\u00e4ten in sich selbst, in der Welt und im Dialog miteinander gibt einem die Erfahrung, wie sich unser individuelles und kollektives Handeln direkt auf unsere Konzepte, Einstellungen, Werte, Positionen und Erz\u00e4hlungen bezieht und dass Denken und Handeln nicht getrennt sind! Wenn wir uns bewusster werden, wie wir sehen und denken, k\u00f6nnen wir gemeinsam \u00fcber unsere Zukunft auf einem Planeten nachdenken.<\/p>\n<p><strong><br \/>\nDER W\u00d6CHENTLICHE PROZESS<br \/>\n<\/strong> FRAMETALKS startet am 24. Juni 2021 in der Neuen Galerie.<\/p>\n<p>F\u00fcnf Wochen lang &#8211; drei Tage pro Woche donnerstags, freitags und samstags &#8211; erkunden wir eine der 5 Realit\u00e4ten beginnend mit NATUR in Woche 1[24 &#8211; 26 June] und endet mit FUTURE in Woche 5[22 -24 July] . Dann folgt eine intensive sechste Woche, in der alle 5 Realit\u00e4ten vom 27. Juli bis 1. August erforscht werden.<\/p>\n<p>FRAMETALKS wird den ganzen September \u00fcber fortgesetzt, konzentriert sich jedoch nur auf Gruppenprozesse mit Schulen, Jugendlichen und anderen Gemeindegruppen.<\/p>\n<p><strong>DER T\u00c4GLICHE PROZESS in der Neuen Galerie und auf den Stra\u00dfen 10.00 -16.30<br \/>\n<\/strong><\/p>\n<p><strong>Phase 1 10.00 -12.15<\/strong><br \/>\nDer Prozess beginnt jeden Morgen in der Neuen Galerie, wo wir individuell daran arbeiten, unsere bestehenden Wahrnehmungen, Ansichten und Ideen \u00fcber jede Realit\u00e4t zu sammeln und etwas von diesen Entdeckungen durch den Hirschlederrahmen zu teilen.<\/p>\n<p><strong>Phase 2 13.00 &#8211; 15.00<br \/>\n<\/strong> Wir gehen mit dem Hirschlederrahmen ins Freie und schauen gemeinsam in der Welt auf eine der 5 Realit\u00e4ten, die in dieser Woche im Fokus stehen.<\/p>\n<p><strong>Phase 3 15.15 -16.30<br \/>\n<\/strong> Wir kehren ins Museum zur\u00fcck, um Erfahrungen und Erkenntnisse auszutauschen und beginnen den langsamen Prozess, aus dem, was wir gesammelt und geteilt haben, \u201esozialen Honig zu machen\u201c.<\/p>\n<p><strong><br \/>\nENTWICKLUNG EINES &#8218;Humanifests f\u00fcr die Zukunft&#8216;<\/strong><br \/>\nAm letzten Tag der sechsten Woche, Sonntag, 1. August, sind alle Teilnehmer eingeladen, die bei einem oder mehreren Besuchen in den letzten 5 Wochen gesammelten Einsichten und Wahrnehmungen erneut einzugeben.<\/p>\n<p>Und wir werden noch einmal die Frage stellen, die wir uns in den f\u00fcnf Wochen davor am Ende jedes Tages stellen:<\/p>\n<p><em>Welche Ansichten, Einstellungen, Denkweisen m\u00fcssen wir \u2013 und auf welche Weise \u2013 \u00e4ndern, wenn wir wirklich eine andere Art von Zukunft gestalten wollen?<\/em><\/p>\n<p>Beuys sagte: \u201eStatt zu fragen \u201awie soll ich handeln?&#8216; m\u00fcssen wir fragen \u201awie soll ich denken?&#8216; &#8220;<\/p>\n<p><strong><br \/>\nZWEI VERSCHIEDENE M\u00d6GLICHKEITEN, AN FRAMETALKS TEILZUNEHMEN<\/strong><\/p>\n<p>1. Sie k\u00f6nnen nur das Booklet und den kleinen Papprahmen verwenden.<\/p>\n<p>2. Sie k\u00f6nnen das Heft in Verbindung mit dem gro\u00dfen Hirschlederrahmen auf Rollen in der Neuen Galerie und auf den Stra\u00dfen verwenden.<\/p>\n<p>Beide M\u00f6glichkeiten, den imagin\u00e4ren Denkprozess der FRAMETALKS zu nutzen, um zu sehen, was wir sehen, und zu sehen, was und wie wir denken, k\u00f6nnen dazu f\u00fchren, Gedanken und Einsichten mit anderen zu teilen. Und dies f\u00fchrt zu einer gemeinsamen Arbeit, um \u201esozialen Honig zu machen\u201c als Denk- und Handlungsansto\u00df f\u00fcr die \u201eZukunft, die wir wollen\u201c!<\/p>\n<p><strong><br \/>\nNUR DIE BROSCH\u00dcRE VERWENDEN<br \/>\n<\/strong> Es ist m\u00f6glich, das FRAMETALKS Booklet und den kleinen Rahmen selbst oder in einer Gruppe zu verwenden, ohne den Prozess in der Neuen Galerie mit dem Hirschlederrahmen zu machen. Sie k\u00f6nnen dies jederzeit tun, nicht nur zwischen Juni und August.<\/p>\n<p>Wenn Sie das Heft gerne nutzen, hoffen wir, dass Sie zus\u00e4tzliche Exemplare mit nach Hause nehmen und andere in Ihrem Umfeld \u2013 Ihre Sch\u00fcler, Ihre Familie, Ihre Kollegen, Ihren Freundeskreis \u2013 dazu inspirieren, das FRAMETALKS-Heft ebenfalls zu nutzen.<\/p>\n<p>Damit f\u00fchren Sie den besonderen Prozess des phantasievollen Nachdenkens \u00fcber die Zukunft weiter hinaus in die Welt.<\/p>\n<p>Und an der Ausarbeitung eines \u201eHumanifests der M\u00f6glichkeiten\u201c mitzuwirken!<\/p>\n<p><em>Wir hoffen, dass alle, die an Phase 1 mit dem Booklet teilgenommen haben, auch in die Neue Galerie und auf die Stra\u00dfe kommen. Durch Ihre Erkundung der 5 Realit\u00e4ten und den imagin\u00e4ren Denkansatz in Phase 1 sind Sie bestens auf die Teilnahme an Phase 2 vorbereitet.<\/em><\/p>\n<p><strong><br \/>\nNUTZUNG DES DEERSKIN FRAME und der ARENA in der Neuen Galerie<br \/>\n<\/strong> 6 Wochen lang k\u00f6nnen Sie in der Neuen Galerie und auf den Stra\u00dfen von Kassel am oben beschriebenen T\u00c4GLICHEN PROZESS teilnehmen und mit einer der Realit\u00e4ten arbeiten.<\/p>\n<p>Sie k\u00f6nnen einmal oder \u00f6fter zu FRAMETALKS kommen. Einige Leute nehmen mindestens einmal pro Woche daran teil, um jede der 5 Realit\u00e4ten zu erkunden.<\/p>\n<p><img loading=\"lazy\" class=\"alignnone wp-image-1007\" src=\"https:\/\/ssl21kassel.wpengine.com\/wp-content\/uploads\/2021\/07\/FT-from-above-kassel-cropped-2-horizontal-jpg-300x216.jpg\" alt=\"\" width=\"262\" height=\"189\" srcset=\"https:\/\/socialsculpturelab.com\/wp-content\/uploads\/2021\/07\/FT-from-above-kassel-cropped-2-horizontal-jpg-300x216.jpg 300w, https:\/\/socialsculpturelab.com\/wp-content\/uploads\/2021\/07\/FT-from-above-kassel-cropped-2-horizontal-jpg-1024x737.jpg 1024w, https:\/\/socialsculpturelab.com\/wp-content\/uploads\/2021\/07\/FT-from-above-kassel-cropped-2-horizontal-jpg-768x553.jpg 768w, https:\/\/socialsculpturelab.com\/wp-content\/uploads\/2021\/07\/FT-from-above-kassel-cropped-2-horizontal-jpg-1536x1106.jpg 1536w, https:\/\/socialsculpturelab.com\/wp-content\/uploads\/2021\/07\/FT-from-above-kassel-cropped-2-horizontal-jpg-2048x1475.jpg 2048w, https:\/\/socialsculpturelab.com\/wp-content\/uploads\/2021\/07\/FT-from-above-kassel-cropped-2-horizontal-jpg-2000x1440.jpg 2000w, https:\/\/socialsculpturelab.com\/wp-content\/uploads\/2021\/07\/FT-from-above-kassel-cropped-2-horizontal-jpg-1000x720.jpg 1000w, https:\/\/socialsculpturelab.com\/wp-content\/uploads\/2021\/07\/FT-from-above-kassel-cropped-2-horizontal-jpg-500x360.jpg 500w\" sizes=\"(max-width: 262px) 100vw, 262px\" \/>  <img loading=\"lazy\" class=\"alignnone wp-image-997\" src=\"https:\/\/ssl21kassel.wpengine.com\/wp-content\/uploads\/2021\/07\/FT-unmenschlich-300x225.jpg\" alt=\"\" width=\"254\" height=\"191\" srcset=\"https:\/\/socialsculpturelab.com\/wp-content\/uploads\/2021\/07\/FT-unmenschlich-300x225.jpg 300w, https:\/\/socialsculpturelab.com\/wp-content\/uploads\/2021\/07\/FT-unmenschlich-1024x768.jpg 1024w, https:\/\/socialsculpturelab.com\/wp-content\/uploads\/2021\/07\/FT-unmenschlich-768x576.jpg 768w, https:\/\/socialsculpturelab.com\/wp-content\/uploads\/2021\/07\/FT-unmenschlich-1536x1152.jpg 1536w, https:\/\/socialsculpturelab.com\/wp-content\/uploads\/2021\/07\/FT-unmenschlich-2048x1536.jpg 2048w, https:\/\/socialsculpturelab.com\/wp-content\/uploads\/2021\/07\/FT-unmenschlich-2000x1500.jpg 2000w, https:\/\/socialsculpturelab.com\/wp-content\/uploads\/2021\/07\/FT-unmenschlich-1000x750.jpg 1000w, https:\/\/socialsculpturelab.com\/wp-content\/uploads\/2021\/07\/FT-unmenschlich-500x375.jpg 500w\" sizes=\"(max-width: 254px) 100vw, 254px\" \/>  <img loading=\"lazy\" class=\"alignnone wp-image-1005\" src=\"https:\/\/ssl21kassel.wpengine.com\/wp-content\/uploads\/2021\/07\/FT-Friederichsplatz-Liebe-10-July1-300x225.jpg\" alt=\"\" width=\"252\" height=\"189\" srcset=\"https:\/\/socialsculpturelab.com\/wp-content\/uploads\/2021\/07\/FT-Friederichsplatz-Liebe-10-July1-300x225.jpg 300w, https:\/\/socialsculpturelab.com\/wp-content\/uploads\/2021\/07\/FT-Friederichsplatz-Liebe-10-July1-1024x768.jpg 1024w, https:\/\/socialsculpturelab.com\/wp-content\/uploads\/2021\/07\/FT-Friederichsplatz-Liebe-10-July1-768x576.jpg 768w, https:\/\/socialsculpturelab.com\/wp-content\/uploads\/2021\/07\/FT-Friederichsplatz-Liebe-10-July1-1536x1152.jpg 1536w, https:\/\/socialsculpturelab.com\/wp-content\/uploads\/2021\/07\/FT-Friederichsplatz-Liebe-10-July1-2000x1500.jpg 2000w, https:\/\/socialsculpturelab.com\/wp-content\/uploads\/2021\/07\/FT-Friederichsplatz-Liebe-10-July1-1000x750.jpg 1000w, https:\/\/socialsculpturelab.com\/wp-content\/uploads\/2021\/07\/FT-Friederichsplatz-Liebe-10-July1-500x375.jpg 500w, https:\/\/socialsculpturelab.com\/wp-content\/uploads\/2021\/07\/FT-Friederichsplatz-Liebe-10-July1.jpg 2016w\" sizes=\"(max-width: 252px) 100vw, 252px\" \/><\/p>\n<p><strong>DU KANNST TEILNEHMEN<br \/>\n<\/strong><\/p>\n<p><strong>1. Im Booklet nur mit dem Kartonrahmen verarbeiten:<\/strong><\/p>\n<p><strong>&#8211; als Gruppe, Organisation oder Gemeinschaft<br \/>\n<\/strong> Wenn Sie als Gruppe, Organisation oder Gemeinschaft an FRAMETALKS teilnehmen, f\u00fchrt Sie eines der FRAMETALKS-Teams durch den Prozess der Erkundung der 5 Realit\u00e4ten und des darauf folgenden Austauschs.<\/p>\n<p><strong>&#8211; als Einzelperson, die die 5 Realit\u00e4ten erkunden m\u00f6chte<br \/>\n<\/strong> Sie k\u00f6nnen die FRAMETALKS-Brosch\u00fcre von einem Freund oder Bekannten, von Ihrem Kind oder einem anderen Familienmitglied erhalten. Wenn Sie Kontakt mit jemandem haben, der den Prozess durchgef\u00fchrt hat, kann er Ihnen erkl\u00e4ren, wie es geht. Ansonsten k\u00f6nnen Sie uns kontaktieren und zu einer Einf\u00fchrung kommen.<\/p>\n<p><strong> <\/strong><strong>&#8211; ein Multiplikator, der <\/strong><strong>den FRAMETALKS-Prozess mit einer Gruppe umzusetzen will<br \/>\n<\/strong> Wir laden Menschen, die Multiplikatoren sein wollen, zu Workshops ein, in denen die Prinzipien und Methoden von FRAMETALKS vorgestellt werden. Nachdem Sie die Praxis selbst erlebt haben, werden wir untersuchen, wie Sie den FRAMETALKS-Prozess mit Ihrer Gruppe, Schule oder Organisation anwenden k\u00f6nnen.<\/p>\n<p><strong>2. W<\/strong><strong> it<\/strong><strong> der Hirschlederrahmen und der Booklet-Prozess<\/strong><\/p>\n<p><strong>als interessierter und neugieriger Mensch<\/strong><\/p>\n<p><strong>als jemand, der den Prozess \u201enur Brosch\u00fcre\u201c fortsetzt<\/strong><\/p>\n<p><strong>als Passant<\/strong><\/p>\n<p><strong>als Museumsbesucher<\/strong><\/p>\n<p><strong>oder als FRAMETALKS-Teammitglied<\/strong><\/p>\n<p>Sie k\u00f6nnen einen Tag lang teilnehmen\u2026 ein paar Stunden\u2026. oder l\u00e4nger, zur\u00fcckkommen, um jede Realit\u00e4t an einem Tag in der Woche zu erkunden.<\/p>\n<p><strong><br \/>\nFRAMETALKS in SCHULEN<\/strong><br \/>\nAnna Backmund arbeitet aktiv und sehr erfolgreich an mehreren Kasseler Schulen und mit anderen Jugendorganisationen. Diese Arbeit wird nach den Schulferien im September fortgesetzt. [Wir sind dankbar, dass die Neue Galerie die FRAMETALKS-Zeit von Ende Juli auf Ende September verl\u00e4ngert hat.<\/p>\n<p>Wenn Sie daran interessiert sind, dass Anna zu Ihrer Schule kommt, um mit einer oder mehreren Klassen zu arbeiten, oder zu Ihrer Jugend- oder Gemeindegruppe, wenden Sie sich bitte an<strong> Anna Backmund auf frametalks@socialsculpturelab.com<\/strong> <\/p>\n<p><img loading=\"lazy\" class=\"alignnone wp-image-994\" src=\"https:\/\/ssl21kassel.wpengine.com\/wp-content\/uploads\/2021\/07\/FT-school-circle-end-process-30-June-2021-smaller-copy-300x160.jpg\" alt=\"\" width=\"761\" height=\"406\" srcset=\"https:\/\/socialsculpturelab.com\/wp-content\/uploads\/2021\/07\/FT-school-circle-end-process-30-June-2021-smaller-copy-300x160.jpg 300w, https:\/\/socialsculpturelab.com\/wp-content\/uploads\/2021\/07\/FT-school-circle-end-process-30-June-2021-smaller-copy-1024x545.jpg 1024w, https:\/\/socialsculpturelab.com\/wp-content\/uploads\/2021\/07\/FT-school-circle-end-process-30-June-2021-smaller-copy-768x409.jpg 768w, https:\/\/socialsculpturelab.com\/wp-content\/uploads\/2021\/07\/FT-school-circle-end-process-30-June-2021-smaller-copy-1000x532.jpg 1000w, https:\/\/socialsculpturelab.com\/wp-content\/uploads\/2021\/07\/FT-school-circle-end-process-30-June-2021-smaller-copy-500x266.jpg 500w, https:\/\/socialsculpturelab.com\/wp-content\/uploads\/2021\/07\/FT-school-circle-end-process-30-June-2021-smaller-copy.jpg 1500w\" sizes=\"(max-width: 761px) 100vw, 761px\" \/><\/p>\n<p><strong><br \/>\nAktuelle \u00dcberlegungen zu FRAMETALKS werden im Blog ver\u00f6ffentlicht.<\/strong><\/p>\n<p><em>FRAMETALKS- Kassel ist eine Connective Practice von Shelley Sacks, co-kuratiert von Anna Backmund. Sie geht bis zum 26. September in der Neuen Galerie Kassel weiter.<\/em><\/p>\n","protected":false},"excerpt":{"rendered":"<p>FRAMETALKS &#8211; Kassel FRAMETALKS ist eine verbindende Praxis f\u00fcr Einzelpersonen und Gruppen, um ihre Einstellungen, Werte und Denkweisen aufzudecken und<\/p>\n","protected":false},"author":1,"featured_media":0,"parent":1226,"menu_order":0,"comment_status":"closed","ping_status":"closed","template":"","meta":[],"yoast_head":"<!-- This site is optimized with the Yoast SEO plugin v16.7 - https:\/\/yoast.com\/wordpress\/plugins\/seo\/ -->\n<meta name=\"robots\" content=\"index, follow, max-snippet:-1, max-image-preview:large, max-video-preview:-1\" \/>\n<link rel=\"canonical\" href=\"https:\/\/socialsculpturelab.com\/de\/die-enquiry-labs\/verbindende-praktiken\/frametalks-kassel\/\" \/>\n<meta property=\"og:locale\" content=\"de_DE\" \/>\n<meta property=\"og:type\" content=\"article\" \/>\n<meta property=\"og:title\" content=\"Frametalks [Kassel] - Kassel New\" \/>\n<meta property=\"og:description\" content=\"FRAMETALKS &#8211; Kassel FRAMETALKS ist eine verbindende Praxis f\u00fcr Einzelpersonen und Gruppen, um ihre Einstellungen, Werte und Denkweisen aufzudecken und\" \/>\n<meta property=\"og:url\" content=\"https:\/\/socialsculpturelab.com\/de\/die-enquiry-labs\/verbindende-praktiken\/frametalks-kassel\/\" \/>\n<meta property=\"og:site_name\" content=\"Kassel New\" \/>\n<meta property=\"article:modified_time\" content=\"2021-10-04T00:52:32+00:00\" \/>\n<meta property=\"og:image\" content=\"https:\/\/ssl21kassel.wpengine.com\/wp-content\/uploads\/2021\/07\/Liebe-and-skin-Fridericianum-1-cropped-300x249.jpg\" \/>\n<meta name=\"twitter:card\" content=\"summary_large_image\" \/>\n<meta name=\"twitter:label1\" content=\"Gesch\u00e4tzte Lesezeit\" \/>\n\t<meta name=\"twitter:data1\" content=\"7 Minuten\" \/>\n<script type=\"application\/ld+json\" class=\"yoast-schema-graph\">{\"@context\":\"https:\/\/schema.org\",\"@graph\":[{\"@type\":\"WebSite\",\"@id\":\"https:\/\/socialsculpturelab.com\/#website\",\"url\":\"https:\/\/socialsculpturelab.com\/\",\"name\":\"Kassel New\",\"description\":\"\",\"potentialAction\":[{\"@type\":\"SearchAction\",\"target\":{\"@type\":\"EntryPoint\",\"urlTemplate\":\"https:\/\/socialsculpturelab.com\/?s={search_term_string}\"},\"query-input\":\"required name=search_term_string\"}],\"inLanguage\":\"de-DE\"},{\"@type\":\"ImageObject\",\"@id\":\"https:\/\/socialsculpturelab.com\/de\/die-enquiry-labs\/verbindende-praktiken\/frametalks-kassel\/#primaryimage\",\"inLanguage\":\"de-DE\",\"url\":\"https:\/\/ssl21kassel.wpengine.com\/wp-content\/uploads\/2021\/07\/Liebe-and-skin-Fridericianum-1-cropped-300x249.jpg\",\"contentUrl\":\"https:\/\/ssl21kassel.wpengine.com\/wp-content\/uploads\/2021\/07\/Liebe-and-skin-Fridericianum-1-cropped-300x249.jpg\"},{\"@type\":\"WebPage\",\"@id\":\"https:\/\/socialsculpturelab.com\/de\/die-enquiry-labs\/verbindende-praktiken\/frametalks-kassel\/#webpage\",\"url\":\"https:\/\/socialsculpturelab.com\/de\/die-enquiry-labs\/verbindende-praktiken\/frametalks-kassel\/\",\"name\":\"Frametalks [Kassel] - Kassel New\",\"isPartOf\":{\"@id\":\"https:\/\/socialsculpturelab.com\/#website\"},\"primaryImageOfPage\":{\"@id\":\"https:\/\/socialsculpturelab.com\/de\/die-enquiry-labs\/verbindende-praktiken\/frametalks-kassel\/#primaryimage\"},\"datePublished\":\"2021-08-20T11:57:37+00:00\",\"dateModified\":\"2021-10-04T00:52:32+00:00\",\"breadcrumb\":{\"@id\":\"https:\/\/socialsculpturelab.com\/de\/die-enquiry-labs\/verbindende-praktiken\/frametalks-kassel\/#breadcrumb\"},\"inLanguage\":\"de-DE\",\"potentialAction\":[{\"@type\":\"ReadAction\",\"target\":[\"https:\/\/socialsculpturelab.com\/de\/die-enquiry-labs\/verbindende-praktiken\/frametalks-kassel\/\"]}]},{\"@type\":\"BreadcrumbList\",\"@id\":\"https:\/\/socialsculpturelab.com\/de\/die-enquiry-labs\/verbindende-praktiken\/frametalks-kassel\/#breadcrumb\",\"itemListElement\":[{\"@type\":\"ListItem\",\"position\":1,\"name\":\"Home\",\"item\":\"https:\/\/socialsculpturelab.com\/de\/\"},{\"@type\":\"ListItem\",\"position\":2,\"name\":\"Die Enquiry Labs\",\"item\":\"https:\/\/socialsculpturelab.com\/de\/die-enquiry-labs\/\"},{\"@type\":\"ListItem\",\"position\":3,\"name\":\"VERBINDENDE PRAKTIKEN\",\"item\":\"https:\/\/socialsculpturelab.com\/de\/die-enquiry-labs\/verbindende-praktiken\/\"},{\"@type\":\"ListItem\",\"position\":4,\"name\":\"Frametalks [Kassel]\"}]}]}<\/script>\n<!-- \/ Yoast SEO plugin. -->","yoast_head_json":{"robots":{"index":"index","follow":"follow","max-snippet":"max-snippet:-1","max-image-preview":"max-image-preview:large","max-video-preview":"max-video-preview:-1"},"canonical":"https:\/\/socialsculpturelab.com\/de\/die-enquiry-labs\/verbindende-praktiken\/frametalks-kassel\/","og_locale":"de_DE","og_type":"article","og_title":"Frametalks [Kassel] - Kassel New","og_description":"FRAMETALKS &#8211; Kassel FRAMETALKS ist eine verbindende Praxis f\u00fcr Einzelpersonen und Gruppen, um ihre Einstellungen, Werte und Denkweisen aufzudecken und","og_url":"https:\/\/socialsculpturelab.com\/de\/die-enquiry-labs\/verbindende-praktiken\/frametalks-kassel\/","og_site_name":"Kassel New","article_modified_time":"2021-10-04T00:52:32+00:00","og_image":[{"url":"https:\/\/ssl21kassel.wpengine.com\/wp-content\/uploads\/2021\/07\/Liebe-and-skin-Fridericianum-1-cropped-300x249.jpg"}],"twitter_card":"summary_large_image","twitter_misc":{"Gesch\u00e4tzte Lesezeit":"7 Minuten"},"schema":{"@context":"https:\/\/schema.org","@graph":[{"@type":"WebSite","@id":"https:\/\/socialsculpturelab.com\/#website","url":"https:\/\/socialsculpturelab.com\/","name":"Kassel New","description":"","potentialAction":[{"@type":"SearchAction","target":{"@type":"EntryPoint","urlTemplate":"https:\/\/socialsculpturelab.com\/?s={search_term_string}"},"query-input":"required name=search_term_string"}],"inLanguage":"de-DE"},{"@type":"ImageObject","@id":"https:\/\/socialsculpturelab.com\/de\/die-enquiry-labs\/verbindende-praktiken\/frametalks-kassel\/#primaryimage","inLanguage":"de-DE","url":"https:\/\/ssl21kassel.wpengine.com\/wp-content\/uploads\/2021\/07\/Liebe-and-skin-Fridericianum-1-cropped-300x249.jpg","contentUrl":"https:\/\/ssl21kassel.wpengine.com\/wp-content\/uploads\/2021\/07\/Liebe-and-skin-Fridericianum-1-cropped-300x249.jpg"},{"@type":"WebPage","@id":"https:\/\/socialsculpturelab.com\/de\/die-enquiry-labs\/verbindende-praktiken\/frametalks-kassel\/#webpage","url":"https:\/\/socialsculpturelab.com\/de\/die-enquiry-labs\/verbindende-praktiken\/frametalks-kassel\/","name":"Frametalks [Kassel] - Kassel New","isPartOf":{"@id":"https:\/\/socialsculpturelab.com\/#website"},"primaryImageOfPage":{"@id":"https:\/\/socialsculpturelab.com\/de\/die-enquiry-labs\/verbindende-praktiken\/frametalks-kassel\/#primaryimage"},"datePublished":"2021-08-20T11:57:37+00:00","dateModified":"2021-10-04T00:52:32+00:00","breadcrumb":{"@id":"https:\/\/socialsculpturelab.com\/de\/die-enquiry-labs\/verbindende-praktiken\/frametalks-kassel\/#breadcrumb"},"inLanguage":"de-DE","potentialAction":[{"@type":"ReadAction","target":["https:\/\/socialsculpturelab.com\/de\/die-enquiry-labs\/verbindende-praktiken\/frametalks-kassel\/"]}]},{"@type":"BreadcrumbList","@id":"https:\/\/socialsculpturelab.com\/de\/die-enquiry-labs\/verbindende-praktiken\/frametalks-kassel\/#breadcrumb","itemListElement":[{"@type":"ListItem","position":1,"name":"Home","item":"https:\/\/socialsculpturelab.com\/de\/"},{"@type":"ListItem","position":2,"name":"Die Enquiry Labs","item":"https:\/\/socialsculpturelab.com\/de\/die-enquiry-labs\/"},{"@type":"ListItem","position":3,"name":"VERBINDENDE PRAKTIKEN","item":"https:\/\/socialsculpturelab.com\/de\/die-enquiry-labs\/verbindende-praktiken\/"},{"@type":"ListItem","position":4,"name":"Frametalks [Kassel]"}]}]}},"_links":{"self":[{"href":"https:\/\/socialsculpturelab.com\/de\/wp-json\/wp\/v2\/pages\/1230"}],"collection":[{"href":"https:\/\/socialsculpturelab.com\/de\/wp-json\/wp\/v2\/pages"}],"about":[{"href":"https:\/\/socialsculpturelab.com\/de\/wp-json\/wp\/v2\/types\/page"}],"author":[{"embeddable":true,"href":"https:\/\/socialsculpturelab.com\/de\/wp-json\/wp\/v2\/users\/1"}],"replies":[{"embeddable":true,"href":"https:\/\/socialsculpturelab.com\/de\/wp-json\/wp\/v2\/comments?post=1230"}],"version-history":[{"count":0,"href":"https:\/\/socialsculpturelab.com\/de\/wp-json\/wp\/v2\/pages\/1230\/revisions"}],"up":[{"embeddable":true,"href":"https:\/\/socialsculpturelab.com\/de\/wp-json\/wp\/v2\/pages\/1226"}],"wp:attachment":[{"href":"https:\/\/socialsculpturelab.com\/de\/wp-json\/wp\/v2\/media?parent=1230"}],"curies":[{"name":"wp","href":"https:\/\/api.w.org\/{rel}","templated":true}]}}