{"id":1231,"date":"2021-08-20T12:00:30","date_gmt":"2021-08-20T12:00:30","guid":{"rendered":"https:\/\/socialsculpturelab.com\/die-enquiry-labs\/verbindende-praktiken\/landebahn-fuer-seelen\/"},"modified":"2021-08-20T12:06:30","modified_gmt":"2021-08-20T12:06:30","slug":"landebahn-fuer-seelen","status":"publish","type":"page","link":"https:\/\/socialsculpturelab.com\/de\/die-enquiry-labs\/verbindende-praktiken\/landebahn-fuer-seelen\/","title":{"rendered":"Landebahn f\u00fcr Seelen"},"content":{"rendered":"<h2>LANDING STRIP FOR SOULS<br \/>\n<strong>Mit Fragen arbeiten und auf die Zukunft h\u00f6ren<\/strong><\/h2>\n<h4>VERBINDENDE PRAXIS Workshop &#8211; LIVE in KASSEL und ONLINE-Optionen<\/h4>\n<h4><em>Landebahn f\u00fcr Seelen<\/em> ist ein inspirierender und belebender Prozess, Fragen individuell und gemeinsam zu entdecken, zu erforschen und zu bearbeiten und \u201ezur Besinnung zu kommen\u201c. Es wurde mit Einzelpersonen, Gruppen und Organisationen verwendet, um ihre \u201eAgendas f\u00fcr die Transformation\u201c aufzudecken, neu zu definieren und neu zu gestalten.<\/h4>\n<p>Sie erm\u00f6glicht es, mit neuer phantasievoller Wahrnehmung und Kraft bei sich selbst und bei anderen zu landen, in einer Welt vieler sich kreuzender Herausforderungen.<\/p>\n<p>Die F\u00e4higkeiten des aktiven Zuh\u00f6rens, Sehens und H\u00f6rens, die wir in dieser verbindenden Praxis entwickeln, helfen uns, gemeinsam den Ruf der Zukunft in uns selbst, in der Gruppe und in der Welt zu h\u00f6ren.<\/p>\n<p><strong>Initiativen und Pl\u00e4ne auf neue Weise entwickeln<br \/>\n<\/strong> Seine speziellen Prozesse des aktiven Zuh\u00f6rens und der imagin\u00e4ren Arbeit erm\u00f6glichen die Entwicklung von Pl\u00e4nen und die Entstehung von Initiativen auf organische, ganzheitliche Weise, die auf den Kontext abgestimmt sind.<\/p>\n<p>Wir nennen dieses kreative Entstehen und Entfalten einer Initiative oder eines Plans \u201elebende Planung\u201c.<\/p>\n<p>Der Prozess ist nicht nur n\u00fctzlich, um zu \u00fcberdenken, wie wir gegenw\u00e4rtig sehen und denken, sondern auch, um neue Wege der Wahrnehmung und Beziehung zu dem zu entwickeln, was die Welt von uns verlangt, und um gemeinsam \u00fcber unsere gemeinsame Zukunft an einem Ort, auf einem Planeten nachzudenken.<\/p>\n<p><strong>Eint\u00e4gige &#8218;Workshops&#8216; im August 2021<br \/>\n<\/strong> W\u00e4hrend des Social Sculpture Lab Kassel-21 k\u00f6nnen Sie an diesem eint\u00e4gigen Prozess teilnehmen, f\u00fcr eine neue \u201eLandung\u201c in sich selbst und im aktuellen Kontext. Die Teilnahme an Landing Strip for Souls gibt Ihnen auch einen Einblick, was dieser Prozess der Bearbeitung von Fragen mit dem Feld der sozialen Skulptur zu tun hat und wie er inneres und \u00e4u\u00dferes Handeln verbindet.<\/p>\n<p><strong>Die Teilnahme ist kostenlos.<\/strong> <em>Das Social Sculpture Lab Kassel-21 kann diese Praktiken aufgrund der F\u00f6rderung durch mehrere Stiftungen kostenlos anbieten. Siehe Sponsoren und Partner.<br \/>\nSpenden von 20\u20ac bis 200\u20ac werden jedoch dankbar angenommen. <\/em><\/p>\n<p>&nbsp;<\/p>\n<p><b>TEILNEHMEN<\/b><\/p>\n<p><strong>VOR ORT IN KASSEL<\/strong><strong> Dienstag, 24. August 2021 10.00 -17.00<\/strong><br \/>\nMelden Sie sich bei Eventbrite an, um zu folgen. Maximal 10 Pl\u00e4tze.<\/p>\n<p><strong>ONLINE<\/strong><strong> Mittwoch, 25. August 2021 10.00 -17.00<\/strong><br \/>\nMelden Sie sich bei Eventbrite an, um zu folgen. Maximal 10 Pl\u00e4tze.<\/p>\n<p><em>Wenn Sie einen Platz buchen, denken Sie bitte daran, obwohl es kostenlos ist, es ist eine Verpflichtung. Wenn Sie nicht bald k\u00fcndigen, nimmt es jemand anderem die Gelegenheit.<\/p>\n<p><\/em><\/p>\n<p><strong>TRAINING zur Erleichterung des Landing Strip for Souls-Prozesses<br \/>\n<\/strong> Nachdem Sie im August 2021 an der Praxis teilgenommen haben, besteht die M\u00f6glichkeit, eine zweit\u00e4gige Intensivausbildung zu absolvieren und LSFS-Guide zu werden. Termine werden nach dem Training im August bekannt gegeben.<\/p>\n","protected":false},"excerpt":{"rendered":"<p>LANDING STRIP FOR SOULS Mit Fragen arbeiten und auf die Zukunft h\u00f6ren VERBINDENDE PRAXIS Workshop &#8211; LIVE in KASSEL und<\/p>\n","protected":false},"author":1,"featured_media":0,"parent":1226,"menu_order":0,"comment_status":"closed","ping_status":"closed","template":"","meta":[],"yoast_head":"<!-- This site is optimized with the Yoast SEO plugin v16.7 - https:\/\/yoast.com\/wordpress\/plugins\/seo\/ -->\n<meta name=\"robots\" content=\"index, follow, max-snippet:-1, max-image-preview:large, max-video-preview:-1\" \/>\n<link rel=\"canonical\" href=\"https:\/\/socialsculpturelab.com\/de\/die-enquiry-labs\/verbindende-praktiken\/landebahn-fuer-seelen\/\" \/>\n<meta property=\"og:locale\" content=\"de_DE\" \/>\n<meta property=\"og:type\" content=\"article\" \/>\n<meta property=\"og:title\" content=\"Landebahn f\u00fcr Seelen - Kassel New\" \/>\n<meta property=\"og:description\" content=\"LANDING STRIP FOR SOULS Mit Fragen arbeiten und auf die Zukunft h\u00f6ren VERBINDENDE PRAXIS Workshop &#8211; LIVE in KASSEL und\" \/>\n<meta property=\"og:url\" content=\"https:\/\/socialsculpturelab.com\/de\/die-enquiry-labs\/verbindende-praktiken\/landebahn-fuer-seelen\/\" \/>\n<meta property=\"og:site_name\" content=\"Kassel New\" \/>\n<meta property=\"article:modified_time\" content=\"2021-08-20T12:06:30+00:00\" \/>\n<meta name=\"twitter:card\" content=\"summary_large_image\" \/>\n<meta name=\"twitter:label1\" content=\"Gesch\u00e4tzte Lesezeit\" \/>\n\t<meta name=\"twitter:data1\" content=\"2 Minuten\" \/>\n<script type=\"application\/ld+json\" class=\"yoast-schema-graph\">{\"@context\":\"https:\/\/schema.org\",\"@graph\":[{\"@type\":\"WebSite\",\"@id\":\"https:\/\/socialsculpturelab.com\/#website\",\"url\":\"https:\/\/socialsculpturelab.com\/\",\"name\":\"Kassel New\",\"description\":\"\",\"potentialAction\":[{\"@type\":\"SearchAction\",\"target\":{\"@type\":\"EntryPoint\",\"urlTemplate\":\"https:\/\/socialsculpturelab.com\/?s={search_term_string}\"},\"query-input\":\"required name=search_term_string\"}],\"inLanguage\":\"de-DE\"},{\"@type\":\"WebPage\",\"@id\":\"https:\/\/socialsculpturelab.com\/de\/die-enquiry-labs\/verbindende-praktiken\/landebahn-fuer-seelen\/#webpage\",\"url\":\"https:\/\/socialsculpturelab.com\/de\/die-enquiry-labs\/verbindende-praktiken\/landebahn-fuer-seelen\/\",\"name\":\"Landebahn f\\u00fcr Seelen - Kassel New\",\"isPartOf\":{\"@id\":\"https:\/\/socialsculpturelab.com\/#website\"},\"datePublished\":\"2021-08-20T12:00:30+00:00\",\"dateModified\":\"2021-08-20T12:06:30+00:00\",\"breadcrumb\":{\"@id\":\"https:\/\/socialsculpturelab.com\/de\/die-enquiry-labs\/verbindende-praktiken\/landebahn-fuer-seelen\/#breadcrumb\"},\"inLanguage\":\"de-DE\",\"potentialAction\":[{\"@type\":\"ReadAction\",\"target\":[\"https:\/\/socialsculpturelab.com\/de\/die-enquiry-labs\/verbindende-praktiken\/landebahn-fuer-seelen\/\"]}]},{\"@type\":\"BreadcrumbList\",\"@id\":\"https:\/\/socialsculpturelab.com\/de\/die-enquiry-labs\/verbindende-praktiken\/landebahn-fuer-seelen\/#breadcrumb\",\"itemListElement\":[{\"@type\":\"ListItem\",\"position\":1,\"name\":\"Home\",\"item\":\"https:\/\/socialsculpturelab.com\/de\/\"},{\"@type\":\"ListItem\",\"position\":2,\"name\":\"Die Enquiry Labs\",\"item\":\"https:\/\/socialsculpturelab.com\/de\/die-enquiry-labs\/\"},{\"@type\":\"ListItem\",\"position\":3,\"name\":\"VERBINDENDE PRAKTIKEN\",\"item\":\"https:\/\/socialsculpturelab.com\/de\/die-enquiry-labs\/verbindende-praktiken\/\"},{\"@type\":\"ListItem\",\"position\":4,\"name\":\"Landebahn f\\u00fcr Seelen\"}]}]}<\/script>\n<!-- \/ Yoast SEO plugin. -->","yoast_head_json":{"robots":{"index":"index","follow":"follow","max-snippet":"max-snippet:-1","max-image-preview":"max-image-preview:large","max-video-preview":"max-video-preview:-1"},"canonical":"https:\/\/socialsculpturelab.com\/de\/die-enquiry-labs\/verbindende-praktiken\/landebahn-fuer-seelen\/","og_locale":"de_DE","og_type":"article","og_title":"Landebahn f\u00fcr Seelen - Kassel New","og_description":"LANDING STRIP FOR SOULS Mit Fragen arbeiten und auf die Zukunft h\u00f6ren VERBINDENDE PRAXIS Workshop &#8211; LIVE in KASSEL und","og_url":"https:\/\/socialsculpturelab.com\/de\/die-enquiry-labs\/verbindende-praktiken\/landebahn-fuer-seelen\/","og_site_name":"Kassel New","article_modified_time":"2021-08-20T12:06:30+00:00","twitter_card":"summary_large_image","twitter_misc":{"Gesch\u00e4tzte Lesezeit":"2 Minuten"},"schema":{"@context":"https:\/\/schema.org","@graph":[{"@type":"WebSite","@id":"https:\/\/socialsculpturelab.com\/#website","url":"https:\/\/socialsculpturelab.com\/","name":"Kassel New","description":"","potentialAction":[{"@type":"SearchAction","target":{"@type":"EntryPoint","urlTemplate":"https:\/\/socialsculpturelab.com\/?s={search_term_string}"},"query-input":"required name=search_term_string"}],"inLanguage":"de-DE"},{"@type":"WebPage","@id":"https:\/\/socialsculpturelab.com\/de\/die-enquiry-labs\/verbindende-praktiken\/landebahn-fuer-seelen\/#webpage","url":"https:\/\/socialsculpturelab.com\/de\/die-enquiry-labs\/verbindende-praktiken\/landebahn-fuer-seelen\/","name":"Landebahn f\u00fcr Seelen - Kassel New","isPartOf":{"@id":"https:\/\/socialsculpturelab.com\/#website"},"datePublished":"2021-08-20T12:00:30+00:00","dateModified":"2021-08-20T12:06:30+00:00","breadcrumb":{"@id":"https:\/\/socialsculpturelab.com\/de\/die-enquiry-labs\/verbindende-praktiken\/landebahn-fuer-seelen\/#breadcrumb"},"inLanguage":"de-DE","potentialAction":[{"@type":"ReadAction","target":["https:\/\/socialsculpturelab.com\/de\/die-enquiry-labs\/verbindende-praktiken\/landebahn-fuer-seelen\/"]}]},{"@type":"BreadcrumbList","@id":"https:\/\/socialsculpturelab.com\/de\/die-enquiry-labs\/verbindende-praktiken\/landebahn-fuer-seelen\/#breadcrumb","itemListElement":[{"@type":"ListItem","position":1,"name":"Home","item":"https:\/\/socialsculpturelab.com\/de\/"},{"@type":"ListItem","position":2,"name":"Die Enquiry Labs","item":"https:\/\/socialsculpturelab.com\/de\/die-enquiry-labs\/"},{"@type":"ListItem","position":3,"name":"VERBINDENDE PRAKTIKEN","item":"https:\/\/socialsculpturelab.com\/de\/die-enquiry-labs\/verbindende-praktiken\/"},{"@type":"ListItem","position":4,"name":"Landebahn f\u00fcr Seelen"}]}]}},"_links":{"self":[{"href":"https:\/\/socialsculpturelab.com\/de\/wp-json\/wp\/v2\/pages\/1231"}],"collection":[{"href":"https:\/\/socialsculpturelab.com\/de\/wp-json\/wp\/v2\/pages"}],"about":[{"href":"https:\/\/socialsculpturelab.com\/de\/wp-json\/wp\/v2\/types\/page"}],"author":[{"embeddable":true,"href":"https:\/\/socialsculpturelab.com\/de\/wp-json\/wp\/v2\/users\/1"}],"replies":[{"embeddable":true,"href":"https:\/\/socialsculpturelab.com\/de\/wp-json\/wp\/v2\/comments?post=1231"}],"version-history":[{"count":0,"href":"https:\/\/socialsculpturelab.com\/de\/wp-json\/wp\/v2\/pages\/1231\/revisions"}],"up":[{"embeddable":true,"href":"https:\/\/socialsculpturelab.com\/de\/wp-json\/wp\/v2\/pages\/1226"}],"wp:attachment":[{"href":"https:\/\/socialsculpturelab.com\/de\/wp-json\/wp\/v2\/media?parent=1231"}],"curies":[{"name":"wp","href":"https:\/\/api.w.org\/{rel}","templated":true}]}}