{"id":1232,"date":"2021-08-20T12:02:21","date_gmt":"2021-08-20T12:02:21","guid":{"rendered":"https:\/\/socialsculpturelab.com\/die-enquiry-labs\/verbindende-praktiken\/neue-augen-fuer-die-welt\/"},"modified":"2021-08-20T12:06:03","modified_gmt":"2021-08-20T12:06:03","slug":"neue-augen-fuer-die-welt","status":"publish","type":"page","link":"https:\/\/socialsculpturelab.com\/de\/die-enquiry-labs\/verbindende-praktiken\/neue-augen-fuer-die-welt\/","title":{"rendered":"Neue Augen f\u00fcr die Welt"},"content":{"rendered":"<h2>NEUE AUGEN F\u00dcR DIE WELT<\/h2>\n<h3><strong>Online Verbindende Praxis und Training<\/strong><\/h3>\n<p>&nbsp;<\/p>\n<div>\n<div class=\"additional-info\">\n<p>Eine einfache &#8218;verbindende Praxis&#8216; f\u00fcr Weltliebhaber, die sich f\u00fcr &#8217;neue Wahrnehmungsorgane&#8216;, f\u00fcr &#8218;\u00dcberleben&#8216;, f\u00fcr die Zusammenarbeit mit anderen interessieren und nicht ins Social Sculpture Lab Kassel-21 kommen k\u00f6nnen.<\/p>\n<p>Dies ist ein Aufruf an Menschen auf der ganzen Welt \u2013 eine inspirierende verbindende Praxis kennenzulernen und daran teilzunehmen, die einem hilft, die Welt mit \u201eneuen Augen\u201c zu betrachten, und dann, wenn sie es f\u00fcr sinnvoll halten, diese \u201eneuen Augen\u201c um zu erweitern Teilen Sie die Praxis mit Menschen in Ihrer N\u00e4he und in Ihrem Netzwerk.<\/p>\n<p>Es ist daher ein Aufruf an Menschen, die bereit sind, dar\u00fcber nachzudenken, Multiplikatoren einer konnektiven Praxis zu werden.<\/p>\n<p><strong><br \/>\nNEUE AUGEN F\u00dcR DIE WELT &#8211; TEAM \/ ENGAGEMENT F\u00dcR WEITERHINWEISENDE PRAXIS<\/strong><\/p>\n<p>Diejenigen, die sich dazu entschlie\u00dfen, andere Menschen zu erreichen und so zu Multiplikatoren dieser Praxis zu werden, werden Teil von dem<em>Neue Augen f\u00fcr die Welt<\/em> Team verbunden mit dem Kassel-21 \/ Social Sculpture Lab. Dieses Team wird ab und zu zusammenkommen, sobald die dezentralen Gruppen mit dem \u00dcben begonnen haben, zum Austausch und f\u00fcr Feedback vom Social Sculpture Lab-Team.<\/p>\n<p><strong>Datum: Donnerstag, 12. August 2021 13.00 \u2013 16.00 Uhr MEZ<br \/>\n<\/strong> ANMELDEDATEN ZUM FOLGEN<\/p>\n<p><strong>Sprache:<\/strong> Englisch.<\/p>\n<p>Erfahren Sie mehr und wie Sie teilnehmen k\u00f6nnen in <strong>Neue Augen f\u00fcr die Welt<\/strong> <a href=\"https:\/\/socialsculpturelab.com\/wp-admin\/post.php?post=383&amp;action=edit&amp;lang=en\"><u>Training f\u00fcr Multiplikatoren<\/u><\/a><\/p>\n<\/div>\n<\/div>\n<p>&nbsp;<\/p>\n","protected":false},"excerpt":{"rendered":"<p>NEUE AUGEN F\u00dcR DIE WELT Online Verbindende Praxis und Training &nbsp; Eine einfache &#8218;verbindende Praxis&#8216; f\u00fcr Weltliebhaber, die sich f\u00fcr<\/p>\n","protected":false},"author":1,"featured_media":0,"parent":1226,"menu_order":0,"comment_status":"closed","ping_status":"closed","template":"","meta":[],"yoast_head":"<!-- This site is optimized with the Yoast SEO plugin v16.7 - https:\/\/yoast.com\/wordpress\/plugins\/seo\/ -->\n<meta name=\"robots\" content=\"index, follow, max-snippet:-1, max-image-preview:large, max-video-preview:-1\" \/>\n<link rel=\"canonical\" href=\"https:\/\/socialsculpturelab.com\/de\/die-enquiry-labs\/verbindende-praktiken\/neue-augen-fuer-die-welt\/\" \/>\n<meta property=\"og:locale\" content=\"de_DE\" \/>\n<meta property=\"og:type\" content=\"article\" \/>\n<meta property=\"og:title\" content=\"Neue Augen f\u00fcr die Welt - Kassel New\" \/>\n<meta property=\"og:description\" content=\"NEUE AUGEN F\u00dcR DIE WELT Online Verbindende Praxis und Training &nbsp; Eine einfache &#8218;verbindende Praxis&#8216; f\u00fcr Weltliebhaber, die sich f\u00fcr\" \/>\n<meta property=\"og:url\" content=\"https:\/\/socialsculpturelab.com\/de\/die-enquiry-labs\/verbindende-praktiken\/neue-augen-fuer-die-welt\/\" \/>\n<meta property=\"og:site_name\" content=\"Kassel New\" \/>\n<meta property=\"article:modified_time\" content=\"2021-08-20T12:06:03+00:00\" \/>\n<meta name=\"twitter:card\" content=\"summary_large_image\" \/>\n<meta name=\"twitter:label1\" content=\"Gesch\u00e4tzte Lesezeit\" \/>\n\t<meta name=\"twitter:data1\" content=\"1 Minute\" \/>\n<script type=\"application\/ld+json\" class=\"yoast-schema-graph\">{\"@context\":\"https:\/\/schema.org\",\"@graph\":[{\"@type\":\"WebSite\",\"@id\":\"https:\/\/socialsculpturelab.com\/#website\",\"url\":\"https:\/\/socialsculpturelab.com\/\",\"name\":\"Kassel New\",\"description\":\"\",\"potentialAction\":[{\"@type\":\"SearchAction\",\"target\":{\"@type\":\"EntryPoint\",\"urlTemplate\":\"https:\/\/socialsculpturelab.com\/?s={search_term_string}\"},\"query-input\":\"required name=search_term_string\"}],\"inLanguage\":\"de-DE\"},{\"@type\":\"WebPage\",\"@id\":\"https:\/\/socialsculpturelab.com\/de\/die-enquiry-labs\/verbindende-praktiken\/neue-augen-fuer-die-welt\/#webpage\",\"url\":\"https:\/\/socialsculpturelab.com\/de\/die-enquiry-labs\/verbindende-praktiken\/neue-augen-fuer-die-welt\/\",\"name\":\"Neue Augen f\\u00fcr die Welt - Kassel New\",\"isPartOf\":{\"@id\":\"https:\/\/socialsculpturelab.com\/#website\"},\"datePublished\":\"2021-08-20T12:02:21+00:00\",\"dateModified\":\"2021-08-20T12:06:03+00:00\",\"breadcrumb\":{\"@id\":\"https:\/\/socialsculpturelab.com\/de\/die-enquiry-labs\/verbindende-praktiken\/neue-augen-fuer-die-welt\/#breadcrumb\"},\"inLanguage\":\"de-DE\",\"potentialAction\":[{\"@type\":\"ReadAction\",\"target\":[\"https:\/\/socialsculpturelab.com\/de\/die-enquiry-labs\/verbindende-praktiken\/neue-augen-fuer-die-welt\/\"]}]},{\"@type\":\"BreadcrumbList\",\"@id\":\"https:\/\/socialsculpturelab.com\/de\/die-enquiry-labs\/verbindende-praktiken\/neue-augen-fuer-die-welt\/#breadcrumb\",\"itemListElement\":[{\"@type\":\"ListItem\",\"position\":1,\"name\":\"Home\",\"item\":\"https:\/\/socialsculpturelab.com\/de\/\"},{\"@type\":\"ListItem\",\"position\":2,\"name\":\"Die Enquiry Labs\",\"item\":\"https:\/\/socialsculpturelab.com\/de\/die-enquiry-labs\/\"},{\"@type\":\"ListItem\",\"position\":3,\"name\":\"VERBINDENDE PRAKTIKEN\",\"item\":\"https:\/\/socialsculpturelab.com\/de\/die-enquiry-labs\/verbindende-praktiken\/\"},{\"@type\":\"ListItem\",\"position\":4,\"name\":\"Neue Augen f\\u00fcr die Welt\"}]}]}<\/script>\n<!-- \/ Yoast SEO plugin. -->","yoast_head_json":{"robots":{"index":"index","follow":"follow","max-snippet":"max-snippet:-1","max-image-preview":"max-image-preview:large","max-video-preview":"max-video-preview:-1"},"canonical":"https:\/\/socialsculpturelab.com\/de\/die-enquiry-labs\/verbindende-praktiken\/neue-augen-fuer-die-welt\/","og_locale":"de_DE","og_type":"article","og_title":"Neue Augen f\u00fcr die Welt - Kassel New","og_description":"NEUE AUGEN F\u00dcR DIE WELT Online Verbindende Praxis und Training &nbsp; Eine einfache &#8218;verbindende Praxis&#8216; f\u00fcr Weltliebhaber, die sich f\u00fcr","og_url":"https:\/\/socialsculpturelab.com\/de\/die-enquiry-labs\/verbindende-praktiken\/neue-augen-fuer-die-welt\/","og_site_name":"Kassel New","article_modified_time":"2021-08-20T12:06:03+00:00","twitter_card":"summary_large_image","twitter_misc":{"Gesch\u00e4tzte Lesezeit":"1 Minute"},"schema":{"@context":"https:\/\/schema.org","@graph":[{"@type":"WebSite","@id":"https:\/\/socialsculpturelab.com\/#website","url":"https:\/\/socialsculpturelab.com\/","name":"Kassel New","description":"","potentialAction":[{"@type":"SearchAction","target":{"@type":"EntryPoint","urlTemplate":"https:\/\/socialsculpturelab.com\/?s={search_term_string}"},"query-input":"required name=search_term_string"}],"inLanguage":"de-DE"},{"@type":"WebPage","@id":"https:\/\/socialsculpturelab.com\/de\/die-enquiry-labs\/verbindende-praktiken\/neue-augen-fuer-die-welt\/#webpage","url":"https:\/\/socialsculpturelab.com\/de\/die-enquiry-labs\/verbindende-praktiken\/neue-augen-fuer-die-welt\/","name":"Neue Augen f\u00fcr die Welt - Kassel New","isPartOf":{"@id":"https:\/\/socialsculpturelab.com\/#website"},"datePublished":"2021-08-20T12:02:21+00:00","dateModified":"2021-08-20T12:06:03+00:00","breadcrumb":{"@id":"https:\/\/socialsculpturelab.com\/de\/die-enquiry-labs\/verbindende-praktiken\/neue-augen-fuer-die-welt\/#breadcrumb"},"inLanguage":"de-DE","potentialAction":[{"@type":"ReadAction","target":["https:\/\/socialsculpturelab.com\/de\/die-enquiry-labs\/verbindende-praktiken\/neue-augen-fuer-die-welt\/"]}]},{"@type":"BreadcrumbList","@id":"https:\/\/socialsculpturelab.com\/de\/die-enquiry-labs\/verbindende-praktiken\/neue-augen-fuer-die-welt\/#breadcrumb","itemListElement":[{"@type":"ListItem","position":1,"name":"Home","item":"https:\/\/socialsculpturelab.com\/de\/"},{"@type":"ListItem","position":2,"name":"Die Enquiry Labs","item":"https:\/\/socialsculpturelab.com\/de\/die-enquiry-labs\/"},{"@type":"ListItem","position":3,"name":"VERBINDENDE PRAKTIKEN","item":"https:\/\/socialsculpturelab.com\/de\/die-enquiry-labs\/verbindende-praktiken\/"},{"@type":"ListItem","position":4,"name":"Neue Augen f\u00fcr die Welt"}]}]}},"_links":{"self":[{"href":"https:\/\/socialsculpturelab.com\/de\/wp-json\/wp\/v2\/pages\/1232"}],"collection":[{"href":"https:\/\/socialsculpturelab.com\/de\/wp-json\/wp\/v2\/pages"}],"about":[{"href":"https:\/\/socialsculpturelab.com\/de\/wp-json\/wp\/v2\/types\/page"}],"author":[{"embeddable":true,"href":"https:\/\/socialsculpturelab.com\/de\/wp-json\/wp\/v2\/users\/1"}],"replies":[{"embeddable":true,"href":"https:\/\/socialsculpturelab.com\/de\/wp-json\/wp\/v2\/comments?post=1232"}],"version-history":[{"count":0,"href":"https:\/\/socialsculpturelab.com\/de\/wp-json\/wp\/v2\/pages\/1232\/revisions"}],"up":[{"embeddable":true,"href":"https:\/\/socialsculpturelab.com\/de\/wp-json\/wp\/v2\/pages\/1226"}],"wp:attachment":[{"href":"https:\/\/socialsculpturelab.com\/de\/wp-json\/wp\/v2\/media?parent=1232"}],"curies":[{"name":"wp","href":"https:\/\/api.w.org\/{rel}","templated":true}]}}