{"id":1235,"date":"2021-08-20T12:11:57","date_gmt":"2021-08-20T12:11:57","guid":{"rendered":"https:\/\/socialsculpturelab.com\/die-enquiry-labs\/austausch\/"},"modified":"2021-08-20T12:11:57","modified_gmt":"2021-08-20T12:11:57","slug":"austausch","status":"publish","type":"page","link":"https:\/\/socialsculpturelab.com\/de\/die-enquiry-labs\/austausch\/","title":{"rendered":"AUSTAUSCH"},"content":{"rendered":"<h1>AUSTAUSCH<\/h1>\n<p><strong>Austausche sind Gelegenheiten f\u00fcr Menschen in Kassel und auf der ganzen Welt, ihre Erkundungen, Fragen, Entdeckungen und Vorschl\u00e4ge zu teilen und den &#8222;Sender&#8220;- und &#8222;Empf\u00e4nger&#8220;-Prozess bei jedem Austausch zu ber\u00fccksichtigen.<\/strong><\/p>\n<p>Echter Austausch hat mit \u201eSenden\u201c und \u201eEmpfangen\u201c zu tun: ein oszillierender Prozess, der tiefes und aktives Zuh\u00f6ren beim \u201eEmpfangen\u201c und Empathie und R\u00fccksichtnahme beim \u201eSenden\u201c erfordert.<\/p>\n<p>Beuys hob den \u201eSender\u201c und den \u201eEmpf\u00e4nger\u201c in Werken wie Manresa und dem Austausch der Freien Internationalen Universit\u00e4t hervor.<\/p>\n<p><strong>Im Bereich Social Sculpture und Connective Practice spielt der Austausch eine wichtige Rolle.<\/strong><\/p>\n<p>Sie sind Gelegenheiten, \u00fcber das blo\u00dfe Aufnehmen und Konsumieren des Gegebenen oder \u201eGesendeten\u201c hinauszugehen.<\/p>\n<p>Und \u00fcber das Erz\u00e4hlen und Reden hinauszugehen.<\/p>\n<p>Um wirklich zu empfangen, muss ich mich dem \u00f6ffnen, was ich empfange. Um es in mir wirken zu lassen.<\/p>\n<p>Um wirklich zu senden oder zu kommunizieren, muss ich meine Gedanken und Absichten in eine Form bringen, die Sie erreichen kann.<\/p>\n<p>Und so bietet der Austausch M\u00f6glichkeiten, Inhalte nicht nur zu teilen und zu kommunizieren, sondern auch zu bedenken<em> wie<\/em> wir teilen sie.<\/p>\n<p>Sie sind Gelegenheiten, Methoden und F\u00e4higkeiten zum aktiven Zuh\u00f6ren und zur Empathie zu entwickeln.<\/p>\n<p><strong>Kapazit\u00e4ten, um \u201esozialen Honig zu machen\u201c<br \/>\n<\/strong> Diese F\u00e4higkeiten sind Teil des \u201eKapitals\u201c f\u00fcr die Gestaltung einer menschenw\u00fcrdigen und lebendigen Zukunft. Sie sind die Basis f\u00fcr Gespr\u00e4che statt Debatten: f\u00fcr alle echtes Mitdenken. F\u00fcr die Herstellung von &#8222;sozialem Honig&#8220;. Austausch \u2013 statt Debatte und Argumentation \u2013 steht im Zentrum des Kassel-21 \/ Social Sculpture Lab.<\/p>\n<p><strong>Hybride Austauschprozesse<br \/>\n<\/strong> Eingeschr\u00e4nkt durch die Covid-Beschr\u00e4nkungen haben wir im letzten Jahr hybride Formen der konnektiven Praxis erforscht und entwickelt, die erfahrungsbasierte Praxis einschlie\u00dfen. Mehrere Events und Prozesse \u2013 wie New Eyes for the World, Landing Strip for Souls und die Online-Aktion 3 Pots \u2013 beinhalten Methoden, um diese Art des Austauschs zu unterst\u00fctzen.<\/p>\n<p><strong>Austausch und Seminar-Gespr\u00e4che?<br \/>\n<\/strong>Die Exchanges unterscheiden sich von den Seminar-Conversations, da sie nicht von wenigen individuellen Inputs geleitet werden. Die B\u00f6rsen sind von Anfang an eher horizontale Prozesse, abh\u00e4ngig von mehreren Eingaben.<\/p>\n","protected":false},"excerpt":{"rendered":"<p>AUSTAUSCH Austausche sind Gelegenheiten f\u00fcr Menschen in Kassel und auf der ganzen Welt, ihre Erkundungen, Fragen, Entdeckungen und Vorschl\u00e4ge zu<\/p>\n","protected":false},"author":1,"featured_media":0,"parent":1225,"menu_order":0,"comment_status":"closed","ping_status":"closed","template":"","meta":[],"yoast_head":"<!-- This site is optimized with the Yoast SEO plugin v16.7 - https:\/\/yoast.com\/wordpress\/plugins\/seo\/ -->\n<meta name=\"robots\" content=\"index, follow, max-snippet:-1, max-image-preview:large, max-video-preview:-1\" \/>\n<link rel=\"canonical\" href=\"https:\/\/socialsculpturelab.com\/de\/die-enquiry-labs\/austausch\/\" \/>\n<meta property=\"og:locale\" content=\"de_DE\" \/>\n<meta property=\"og:type\" content=\"article\" \/>\n<meta property=\"og:title\" content=\"AUSTAUSCH - Kassel New\" \/>\n<meta property=\"og:description\" content=\"AUSTAUSCH Austausche sind Gelegenheiten f\u00fcr Menschen in Kassel und auf der ganzen Welt, ihre Erkundungen, Fragen, Entdeckungen und Vorschl\u00e4ge zu\" \/>\n<meta property=\"og:url\" content=\"https:\/\/socialsculpturelab.com\/die-enquiry-labs\/austausch\/\" \/>\n<meta property=\"og:site_name\" content=\"Kassel New\" \/>\n<meta name=\"twitter:card\" content=\"summary_large_image\" \/>\n<meta name=\"twitter:label1\" content=\"Gesch\u00e4tzte Lesezeit\" \/>\n\t<meta name=\"twitter:data1\" content=\"2 Minuten\" \/>\n<script type=\"application\/ld+json\" class=\"yoast-schema-graph\">{\"@context\":\"https:\/\/schema.org\",\"@graph\":[{\"@type\":\"WebSite\",\"@id\":\"https:\/\/socialsculpturelab.com\/#website\",\"url\":\"https:\/\/socialsculpturelab.com\/\",\"name\":\"Kassel New\",\"description\":\"\",\"potentialAction\":[{\"@type\":\"SearchAction\",\"target\":{\"@type\":\"EntryPoint\",\"urlTemplate\":\"https:\/\/socialsculpturelab.com\/?s={search_term_string}\"},\"query-input\":\"required name=search_term_string\"}],\"inLanguage\":\"de-DE\"},{\"@type\":\"WebPage\",\"@id\":\"https:\/\/socialsculpturelab.com\/die-enquiry-labs\/austausch\/#webpage\",\"url\":\"https:\/\/socialsculpturelab.com\/die-enquiry-labs\/austausch\/\",\"name\":\"AUSTAUSCH - Kassel New\",\"isPartOf\":{\"@id\":\"https:\/\/socialsculpturelab.com\/#website\"},\"datePublished\":\"2021-08-20T12:11:57+00:00\",\"dateModified\":\"2021-08-20T12:11:57+00:00\",\"breadcrumb\":{\"@id\":\"https:\/\/socialsculpturelab.com\/die-enquiry-labs\/austausch\/#breadcrumb\"},\"inLanguage\":\"de-DE\",\"potentialAction\":[{\"@type\":\"ReadAction\",\"target\":[\"https:\/\/socialsculpturelab.com\/die-enquiry-labs\/austausch\/\"]}]},{\"@type\":\"BreadcrumbList\",\"@id\":\"https:\/\/socialsculpturelab.com\/die-enquiry-labs\/austausch\/#breadcrumb\",\"itemListElement\":[{\"@type\":\"ListItem\",\"position\":1,\"name\":\"Home\",\"item\":\"https:\/\/socialsculpturelab.com\/de\/\"},{\"@type\":\"ListItem\",\"position\":2,\"name\":\"Die Enquiry Labs\",\"item\":\"https:\/\/socialsculpturelab.com\/de\/die-enquiry-labs\/\"},{\"@type\":\"ListItem\",\"position\":3,\"name\":\"AUSTAUSCH\"}]}]}<\/script>\n<!-- \/ Yoast SEO plugin. -->","yoast_head_json":{"robots":{"index":"index","follow":"follow","max-snippet":"max-snippet:-1","max-image-preview":"max-image-preview:large","max-video-preview":"max-video-preview:-1"},"canonical":"https:\/\/socialsculpturelab.com\/de\/die-enquiry-labs\/austausch\/","og_locale":"de_DE","og_type":"article","og_title":"AUSTAUSCH - Kassel New","og_description":"AUSTAUSCH Austausche sind Gelegenheiten f\u00fcr Menschen in Kassel und auf der ganzen Welt, ihre Erkundungen, Fragen, Entdeckungen und Vorschl\u00e4ge zu","og_url":"https:\/\/socialsculpturelab.com\/die-enquiry-labs\/austausch\/","og_site_name":"Kassel New","twitter_card":"summary_large_image","twitter_misc":{"Gesch\u00e4tzte Lesezeit":"2 Minuten"},"schema":{"@context":"https:\/\/schema.org","@graph":[{"@type":"WebSite","@id":"https:\/\/socialsculpturelab.com\/#website","url":"https:\/\/socialsculpturelab.com\/","name":"Kassel New","description":"","potentialAction":[{"@type":"SearchAction","target":{"@type":"EntryPoint","urlTemplate":"https:\/\/socialsculpturelab.com\/?s={search_term_string}"},"query-input":"required name=search_term_string"}],"inLanguage":"de-DE"},{"@type":"WebPage","@id":"https:\/\/socialsculpturelab.com\/die-enquiry-labs\/austausch\/#webpage","url":"https:\/\/socialsculpturelab.com\/die-enquiry-labs\/austausch\/","name":"AUSTAUSCH - Kassel New","isPartOf":{"@id":"https:\/\/socialsculpturelab.com\/#website"},"datePublished":"2021-08-20T12:11:57+00:00","dateModified":"2021-08-20T12:11:57+00:00","breadcrumb":{"@id":"https:\/\/socialsculpturelab.com\/die-enquiry-labs\/austausch\/#breadcrumb"},"inLanguage":"de-DE","potentialAction":[{"@type":"ReadAction","target":["https:\/\/socialsculpturelab.com\/die-enquiry-labs\/austausch\/"]}]},{"@type":"BreadcrumbList","@id":"https:\/\/socialsculpturelab.com\/die-enquiry-labs\/austausch\/#breadcrumb","itemListElement":[{"@type":"ListItem","position":1,"name":"Home","item":"https:\/\/socialsculpturelab.com\/de\/"},{"@type":"ListItem","position":2,"name":"Die Enquiry Labs","item":"https:\/\/socialsculpturelab.com\/de\/die-enquiry-labs\/"},{"@type":"ListItem","position":3,"name":"AUSTAUSCH"}]}]}},"_links":{"self":[{"href":"https:\/\/socialsculpturelab.com\/de\/wp-json\/wp\/v2\/pages\/1235"}],"collection":[{"href":"https:\/\/socialsculpturelab.com\/de\/wp-json\/wp\/v2\/pages"}],"about":[{"href":"https:\/\/socialsculpturelab.com\/de\/wp-json\/wp\/v2\/types\/page"}],"author":[{"embeddable":true,"href":"https:\/\/socialsculpturelab.com\/de\/wp-json\/wp\/v2\/users\/1"}],"replies":[{"embeddable":true,"href":"https:\/\/socialsculpturelab.com\/de\/wp-json\/wp\/v2\/comments?post=1235"}],"version-history":[{"count":0,"href":"https:\/\/socialsculpturelab.com\/de\/wp-json\/wp\/v2\/pages\/1235\/revisions"}],"up":[{"embeddable":true,"href":"https:\/\/socialsculpturelab.com\/de\/wp-json\/wp\/v2\/pages\/1225"}],"wp:attachment":[{"href":"https:\/\/socialsculpturelab.com\/de\/wp-json\/wp\/v2\/media?parent=1235"}],"curies":[{"name":"wp","href":"https:\/\/api.w.org\/{rel}","templated":true}]}}