{"id":1237,"date":"2021-08-20T12:39:08","date_gmt":"2021-08-20T12:39:08","guid":{"rendered":"https:\/\/socialsculpturelab.com\/die-enquiry-labs\/austausch\/ein-geschenk-fuer-joseph-beuys-3-toepfe-fuer-die-zukunft\/"},"modified":"2021-08-20T12:39:08","modified_gmt":"2021-08-20T12:39:08","slug":"ein-geschenk-fuer-joseph-beuys-3-toepfe-fuer-die-zukunft","status":"publish","type":"page","link":"https:\/\/socialsculpturelab.com\/de\/die-enquiry-labs\/austausch\/ein-geschenk-fuer-joseph-beuys-3-toepfe-fuer-die-zukunft\/","title":{"rendered":"EIN GESCHENK F\u00dcR JOSEPH BEUYS: 3 T\u00f6pfe f\u00fcr die Zukunft"},"content":{"rendered":"<h2><strong>EIN GESCHENK F\u00dcR JOSEPH BEUYS: 3 T\u00d6PFE F\u00dcR DIE ZUKUNFT <\/strong><\/h2>\n<h3><strong><br \/>\nWAS SIND DIE 3 T\u00d6PFE F\u00dcR DIE ZUK\u00dcNFTIGE AKTION?<\/strong><\/h3>\n<p>Diese Aktion &#8211;<em> Ein Geschenk f\u00fcr Joseph Beuys: 3 T\u00f6pfe f\u00fcr die Zukunft<\/em> &#8211; ist eine Einladung, etwas auszuprobieren und zu sagen was <em>Sie<\/em>denken, was Beuys uns so wertvolles f\u00fcr die Zukunft hinterlassen hat.<\/p>\n<p>Inspiriert von den 3 T\u00f6pfen in Beuys&#8216; \u201eHonigpumpe am Arbeitsplatz\u201c \u2013 die leer waren, aber mit einer anderen Substanz gef\u00fcllt, sind die 3 T\u00f6pfe in der Neuen Galerie die archetypischen T\u00f6pfe der Menschheit. Sie sind uralt, gef\u00fcllt mit den angesammelten Errungenschaften und Fehlern der Menschen. Und sie sind Container f\u00fcr Erkenntnisse f\u00fcr die Zukunft.<\/p>\n<p>Dies ist auch ein Geschenk f\u00fcr Joseph Beuys. Anstatt nur zu wiederholen oder zu erkl\u00e4ren, was er gesagt hat, machen wir diesmal die Arbeit, seine Ideen in uns zu verstehen. Erwecke sie in uns zum Leben!<\/p>\n<p>Wenn Sie einer von vielen Tausend Menschen auf der ganzen Welt sind, die sich von Joseph Beuys Vorschl\u00e4gen zur \u201esozialen Skulptur\u201c inspirieren lassen und seine Ideen als einen sinnvollen Beitrag sehen, Menschen dabei zu helfen, eine tragf\u00e4hige \u00f6ko-soziale und humane Zukunft zu gestalten \u2013 dann k\u00f6nnten Sie sich f\u00fcr diese Einladung interessieren!<\/p>\n<p><em>Sie m\u00fcssen kein Beuys-Experte sein, aber Sie m\u00fcssen sp\u00fcren, dass das, was Beuys getan und uns hinterlassen hat, f\u00fcr uns heute einen echten Wert hat. In dieser Einladung geht es darum, dass SIE versuchen zu sagen, was SIE denken, dass Beuys uns hinterlassen hat: Welchen Sinn haben wir alle von seinem radikalen Werk und seinen Ideen?<\/em><\/p>\n<p>&nbsp;<\/p>\n<p><strong>WEGE ZUR TEILNAHME?<\/strong><\/p>\n<p><strong>Vor Ort in Kassel im<em> Survival Room<\/em><\/strong> \u2013 f\u00fcr 6 Personen gleichzeitig. Von jeder teilnehmenden Person wird erwartet, dass sie etwas teilt \u2013 entweder eine spontane Reflexion oder uns durchzusprechen oder einen vorbereiteten 500-W\u00f6rter-Text zu lesen.<br \/>\n<em>Senden Sie eine E-Mail an info@socialsculpturelab.com, um sich f\u00fcr das ausgew\u00e4hlte Datum anzumelden, bitte mit <strong>3 T\u00f6pfe<\/strong> in der Betreffzeile.<\/em><\/p>\n<p><strong>In einem kleinen Online-Treffen<\/strong> f\u00fcr 6-8 Personen. Von jeder teilnehmenden Person wird erwartet, dass sie etwas teilt \u2013 entweder eine spontane Reflexion oder ein Gespr\u00e4ch oder einen vorbereiteten 500-W\u00f6rter-Text lesen.<\/p>\n<p><strong>Reichen Sie einen 500-W\u00f6rter-Text als Beitrag f\u00fcr ein digitales Buch ein. <\/strong>Alle Beitr\u00e4ge werden akzeptiert, sofern sie sinnvoll sind, und werden ins Englische sowie in die Sprache, in der sie verfasst sind, \u00fcbersetzt. Damit hat das digitale Buch eine gemeinsame Sprache.<strong> <\/strong> <strong>Senden Sie uns Ihren 500-W\u00f6rter-Text<\/strong><strong> zu<\/strong> &#8218;3 POTS TEXTEINREICHUNG&#8216;<strong><a href=\"mailto:info@socialsculpturelab.com\"> info@socialsculpturelab.com<\/a><\/strong><br \/>\n<strong>[Deadline for texts 18 September 2021]<\/strong><\/p>\n<p><b><br \/>\nDAUER <\/b><br \/>\nDie Live- und Online-Session dauert bis zu drei Stunden, f\u00fcr f\u00fcnf Personen plus mich. Ich werde der Guide sein. Jede Person kann kurz f\u00fcr ein paar Minuten oder l\u00e4nger &#8211; bis zu 30 Minuten &#8211; beitragen.<\/p>\n<p>Sie k\u00f6nnen einfach spontan sprechen oder einen vorbereiteten Text teilen.<\/p>\n<p><strong><br \/>\nDATEN und ZEITEN<\/strong><\/p>\n<p><strong>Live auf Kassel<\/strong><br \/>\n18. Juli 2021<br \/>\n28. &amp; 29. August<br \/>\n25. &amp; 26. September<\/p>\n<p>10.00 &#8211; 13.00 Uhr und 14.00 Uhr und 17.00 Uhr MEZ<\/p>\n<p><strong>Online<br \/>\n<\/strong> 27. August 2021<\/p>\n<p>10.00 -12.00 14.00 -16.00 und 19.00 -21.00 [All CET]<\/p>\n<p>&nbsp;<\/p>\n<p><strong>MELDEN SIE SICH f\u00fcr eine dieser Sitzungen bei Eventbrite an<br \/>\n<\/strong> [Nach allen Sessions suchen: Eventbrite, A Gift for Joseph Beuys]<\/p>\n<p>Bei Bedarf f\u00fcgen wir weitere Sitzungen hinzu.<\/p>\n<p><strong>Alle willkommen. Der Prozess im Museum ist kostenlos<\/strong> wenn Sie angemeldet sind und den Rest des Museums nicht besuchen.<\/p>\n<p><em>Wenn Sie an einem Live-Prozess teilnehmen oder online teilnehmen k\u00f6nnen, w\u00fcrden wir uns freuen, Sie zu sehen!<\/em><\/p>\n<p>\u00dcber 70 Menschen aus vielen Teilen der Welt haben sich zur Teilnahme verpflichtet. Manche in Zoom-Sessions, manche schicken uns 500-Wort-Texte und manche wollen mit anderen live in Kassel in die 3 T\u00f6pfe der Zukunft schauen.<\/p>\n<p>&nbsp;<\/p>\n<p><strong>TEILEN AUF EINER KARTE MIT 3 T\u00d6PFEN<br \/>\nMuseumsbesucher, die<em> nicht<\/em> teilnehmen <\/strong>in einem der 3 Pots-Events im Survival Room oder online, k\u00f6nnen reflektieren, was Beuys uns f\u00fcr die Zukunft hinterlassen hat, und dies auf einer daf\u00fcr vorbereiteten 3 Pots-Karte im Survival Room teilen.<\/p>\n<p>Bitte lassen Sie die Karte im Regal &#8211; um sie mit uns zu teilen. Wir planen, ein digitales Buch mit allen Texten der Besucher und Teilnehmer zu erstellen. Am Ende des Labs geben wir Ihnen gerne die Tafel, auf die Sie geschrieben haben, um sie zu behalten.<\/p>\n","protected":false},"excerpt":{"rendered":"<p>EIN GESCHENK F\u00dcR JOSEPH BEUYS: 3 T\u00d6PFE F\u00dcR DIE ZUKUNFT WAS SIND DIE 3 T\u00d6PFE F\u00dcR DIE ZUK\u00dcNFTIGE AKTION? Diese<\/p>\n","protected":false},"author":1,"featured_media":0,"parent":1235,"menu_order":0,"comment_status":"closed","ping_status":"closed","template":"","meta":[],"yoast_head":"<!-- This site is optimized with the Yoast SEO plugin v16.7 - https:\/\/yoast.com\/wordpress\/plugins\/seo\/ -->\n<meta name=\"robots\" content=\"index, follow, max-snippet:-1, max-image-preview:large, max-video-preview:-1\" \/>\n<link rel=\"canonical\" href=\"https:\/\/socialsculpturelab.com\/de\/die-enquiry-labs\/austausch\/ein-geschenk-fuer-joseph-beuys-3-toepfe-fuer-die-zukunft\/\" \/>\n<meta property=\"og:locale\" content=\"de_DE\" \/>\n<meta property=\"og:type\" content=\"article\" \/>\n<meta property=\"og:title\" content=\"EIN GESCHENK F\u00dcR JOSEPH BEUYS: 3 T\u00f6pfe f\u00fcr die Zukunft - Kassel New\" \/>\n<meta property=\"og:description\" content=\"EIN GESCHENK F\u00dcR JOSEPH BEUYS: 3 T\u00d6PFE F\u00dcR DIE ZUKUNFT WAS SIND DIE 3 T\u00d6PFE F\u00dcR DIE ZUK\u00dcNFTIGE AKTION? Diese\" \/>\n<meta property=\"og:url\" content=\"https:\/\/socialsculpturelab.com\/die-enquiry-labs\/austausch\/ein-geschenk-fuer-joseph-beuys-3-toepfe-fuer-die-zukunft\/\" \/>\n<meta property=\"og:site_name\" content=\"Kassel New\" \/>\n<meta name=\"twitter:card\" content=\"summary_large_image\" \/>\n<meta name=\"twitter:label1\" content=\"Gesch\u00e4tzte Lesezeit\" \/>\n\t<meta name=\"twitter:data1\" content=\"3 Minuten\" \/>\n<script type=\"application\/ld+json\" class=\"yoast-schema-graph\">{\"@context\":\"https:\/\/schema.org\",\"@graph\":[{\"@type\":\"WebSite\",\"@id\":\"https:\/\/socialsculpturelab.com\/#website\",\"url\":\"https:\/\/socialsculpturelab.com\/\",\"name\":\"Kassel New\",\"description\":\"\",\"potentialAction\":[{\"@type\":\"SearchAction\",\"target\":{\"@type\":\"EntryPoint\",\"urlTemplate\":\"https:\/\/socialsculpturelab.com\/?s={search_term_string}\"},\"query-input\":\"required name=search_term_string\"}],\"inLanguage\":\"de-DE\"},{\"@type\":\"WebPage\",\"@id\":\"https:\/\/socialsculpturelab.com\/die-enquiry-labs\/austausch\/ein-geschenk-fuer-joseph-beuys-3-toepfe-fuer-die-zukunft\/#webpage\",\"url\":\"https:\/\/socialsculpturelab.com\/die-enquiry-labs\/austausch\/ein-geschenk-fuer-joseph-beuys-3-toepfe-fuer-die-zukunft\/\",\"name\":\"EIN GESCHENK F\\u00dcR JOSEPH BEUYS: 3 T\\u00f6pfe f\\u00fcr die Zukunft - Kassel New\",\"isPartOf\":{\"@id\":\"https:\/\/socialsculpturelab.com\/#website\"},\"datePublished\":\"2021-08-20T12:39:08+00:00\",\"dateModified\":\"2021-08-20T12:39:08+00:00\",\"breadcrumb\":{\"@id\":\"https:\/\/socialsculpturelab.com\/die-enquiry-labs\/austausch\/ein-geschenk-fuer-joseph-beuys-3-toepfe-fuer-die-zukunft\/#breadcrumb\"},\"inLanguage\":\"de-DE\",\"potentialAction\":[{\"@type\":\"ReadAction\",\"target\":[\"https:\/\/socialsculpturelab.com\/die-enquiry-labs\/austausch\/ein-geschenk-fuer-joseph-beuys-3-toepfe-fuer-die-zukunft\/\"]}]},{\"@type\":\"BreadcrumbList\",\"@id\":\"https:\/\/socialsculpturelab.com\/die-enquiry-labs\/austausch\/ein-geschenk-fuer-joseph-beuys-3-toepfe-fuer-die-zukunft\/#breadcrumb\",\"itemListElement\":[{\"@type\":\"ListItem\",\"position\":1,\"name\":\"Home\",\"item\":\"https:\/\/socialsculpturelab.com\/de\/\"},{\"@type\":\"ListItem\",\"position\":2,\"name\":\"Die Enquiry Labs\",\"item\":\"https:\/\/socialsculpturelab.com\/de\/die-enquiry-labs\/\"},{\"@type\":\"ListItem\",\"position\":3,\"name\":\"AUSTAUSCH\",\"item\":\"https:\/\/socialsculpturelab.com\/die-enquiry-labs\/austausch\/\"},{\"@type\":\"ListItem\",\"position\":4,\"name\":\"EIN GESCHENK F\\u00dcR JOSEPH BEUYS: 3 T\\u00f6pfe f\\u00fcr die Zukunft\"}]}]}<\/script>\n<!-- \/ Yoast SEO plugin. -->","yoast_head_json":{"robots":{"index":"index","follow":"follow","max-snippet":"max-snippet:-1","max-image-preview":"max-image-preview:large","max-video-preview":"max-video-preview:-1"},"canonical":"https:\/\/socialsculpturelab.com\/de\/die-enquiry-labs\/austausch\/ein-geschenk-fuer-joseph-beuys-3-toepfe-fuer-die-zukunft\/","og_locale":"de_DE","og_type":"article","og_title":"EIN GESCHENK F\u00dcR JOSEPH BEUYS: 3 T\u00f6pfe f\u00fcr die Zukunft - Kassel New","og_description":"EIN GESCHENK F\u00dcR JOSEPH BEUYS: 3 T\u00d6PFE F\u00dcR DIE ZUKUNFT WAS SIND DIE 3 T\u00d6PFE F\u00dcR DIE ZUK\u00dcNFTIGE AKTION? Diese","og_url":"https:\/\/socialsculpturelab.com\/die-enquiry-labs\/austausch\/ein-geschenk-fuer-joseph-beuys-3-toepfe-fuer-die-zukunft\/","og_site_name":"Kassel New","twitter_card":"summary_large_image","twitter_misc":{"Gesch\u00e4tzte Lesezeit":"3 Minuten"},"schema":{"@context":"https:\/\/schema.org","@graph":[{"@type":"WebSite","@id":"https:\/\/socialsculpturelab.com\/#website","url":"https:\/\/socialsculpturelab.com\/","name":"Kassel New","description":"","potentialAction":[{"@type":"SearchAction","target":{"@type":"EntryPoint","urlTemplate":"https:\/\/socialsculpturelab.com\/?s={search_term_string}"},"query-input":"required name=search_term_string"}],"inLanguage":"de-DE"},{"@type":"WebPage","@id":"https:\/\/socialsculpturelab.com\/die-enquiry-labs\/austausch\/ein-geschenk-fuer-joseph-beuys-3-toepfe-fuer-die-zukunft\/#webpage","url":"https:\/\/socialsculpturelab.com\/die-enquiry-labs\/austausch\/ein-geschenk-fuer-joseph-beuys-3-toepfe-fuer-die-zukunft\/","name":"EIN GESCHENK F\u00dcR JOSEPH BEUYS: 3 T\u00f6pfe f\u00fcr die Zukunft - Kassel New","isPartOf":{"@id":"https:\/\/socialsculpturelab.com\/#website"},"datePublished":"2021-08-20T12:39:08+00:00","dateModified":"2021-08-20T12:39:08+00:00","breadcrumb":{"@id":"https:\/\/socialsculpturelab.com\/die-enquiry-labs\/austausch\/ein-geschenk-fuer-joseph-beuys-3-toepfe-fuer-die-zukunft\/#breadcrumb"},"inLanguage":"de-DE","potentialAction":[{"@type":"ReadAction","target":["https:\/\/socialsculpturelab.com\/die-enquiry-labs\/austausch\/ein-geschenk-fuer-joseph-beuys-3-toepfe-fuer-die-zukunft\/"]}]},{"@type":"BreadcrumbList","@id":"https:\/\/socialsculpturelab.com\/die-enquiry-labs\/austausch\/ein-geschenk-fuer-joseph-beuys-3-toepfe-fuer-die-zukunft\/#breadcrumb","itemListElement":[{"@type":"ListItem","position":1,"name":"Home","item":"https:\/\/socialsculpturelab.com\/de\/"},{"@type":"ListItem","position":2,"name":"Die Enquiry Labs","item":"https:\/\/socialsculpturelab.com\/de\/die-enquiry-labs\/"},{"@type":"ListItem","position":3,"name":"AUSTAUSCH","item":"https:\/\/socialsculpturelab.com\/die-enquiry-labs\/austausch\/"},{"@type":"ListItem","position":4,"name":"EIN GESCHENK F\u00dcR JOSEPH BEUYS: 3 T\u00f6pfe f\u00fcr die Zukunft"}]}]}},"_links":{"self":[{"href":"https:\/\/socialsculpturelab.com\/de\/wp-json\/wp\/v2\/pages\/1237"}],"collection":[{"href":"https:\/\/socialsculpturelab.com\/de\/wp-json\/wp\/v2\/pages"}],"about":[{"href":"https:\/\/socialsculpturelab.com\/de\/wp-json\/wp\/v2\/types\/page"}],"author":[{"embeddable":true,"href":"https:\/\/socialsculpturelab.com\/de\/wp-json\/wp\/v2\/users\/1"}],"replies":[{"embeddable":true,"href":"https:\/\/socialsculpturelab.com\/de\/wp-json\/wp\/v2\/comments?post=1237"}],"version-history":[{"count":0,"href":"https:\/\/socialsculpturelab.com\/de\/wp-json\/wp\/v2\/pages\/1237\/revisions"}],"up":[{"embeddable":true,"href":"https:\/\/socialsculpturelab.com\/de\/wp-json\/wp\/v2\/pages\/1235"}],"wp:attachment":[{"href":"https:\/\/socialsculpturelab.com\/de\/wp-json\/wp\/v2\/media?parent=1237"}],"curies":[{"name":"wp","href":"https:\/\/api.w.org\/{rel}","templated":true}]}}