{"id":1240,"date":"2021-08-20T12:44:36","date_gmt":"2021-08-20T12:44:36","guid":{"rendered":"https:\/\/socialsculpturelab.com\/die-enquiry-labs\/austausch\/verbindende-praxis-studiengruppen\/"},"modified":"2021-08-20T12:44:37","modified_gmt":"2021-08-20T12:44:37","slug":"verbindende-praxis-studiengruppen","status":"publish","type":"page","link":"https:\/\/socialsculpturelab.com\/de\/die-enquiry-labs\/austausch\/verbindende-praxis-studiengruppen\/","title":{"rendered":"VERBINDENDE PRAXIS-STUDIENGRUPPEN"},"content":{"rendered":"<h2><strong>VERBINDENDE PRAXIS-STUDIENGRUPPEN<\/strong><\/h2>\n<h3><strong>Gr\u00fcnden Sie eine Studiengruppe f\u00fcr soziale Skulptur und verbindende Praxis. <\/strong><strong>Teilen Sie Reflexionen und werden Sie Teil einer globalen Community f\u00fcr soziale Skulpturen. <\/strong><\/h3>\n<p>Dieser \u201eAufruf\u201c zur Einrichtung einer Studiengruppe im Bereich Soziale Skulptur und verbindende Praxis ist Teil des Kassel-21 Social Sculpture Lab.<\/p>\n<p>Ein Ziel der Studiengruppen ist es, sich \u00fcber Disziplinen, Kulturen und Kontexte hinweg im Bereich transdisziplin\u00e4rer Sozialkunst gegenseitig zu inspirieren und zu unterst\u00fctzen und eine globale Gemeinschaft von Menschen aufzubauen, die gemeinsam \u00fcber Beuys Social Sculpture Ideen und Vorschl\u00e4ge und\/oder Shelley\u00b4s connective practice&#8216;-Ansatz reflektieren k\u00f6nnen, mit dem einige vielleicht in Kontakt gekommen sind.<\/p>\n<p>Eine Studiengruppe k\u00f6nnte mit Lesungen und\/oder Gespr\u00e4chen und Fragen arbeiten.<\/p>\n<p>Das kann ein Online-Netzwerk oder eine Arbeitsgruppe sein, die sich vor Ort trifft.<\/p>\n<p>Studiengruppen, die sich w\u00e4hrend des Labs bilden, werden hoffentlich mindestens einmal vor Ende 2021 online zusammenkommen, um ihre Erkundungen und \u00dcberlegungen auszutauschen.<\/p>\n<p>Aus den Arbeitskreisen k\u00f6nnten auch Vorschl\u00e4ge und Ideen f\u00fcr Initiativen entstehen, die nach 2021 im globalen Social Sculpture Lab weiterverfolgt werden k\u00f6nnten.<\/p>\n<p>Bei Interesse an der Bildung\/Koordination einer Studiengruppe nehmen Sie bitte Kontakt mit uns auf.<\/p>\n<p><strong>Das erste Gespr\u00e4ch \u00fcber die Bildung von Studiengruppen wird laufen<\/strong><\/p>\n<p><strong>DATUM (UND UHRZEIT <\/strong><\/p>\n<p><strong>Dienstag, 10. August 2021<\/strong><br \/>\n<strong>Zeit 14.00 &#8211; 16.30 Uhr MEZ<\/strong><\/p>\n<p>Wir hoffen, dass auch Menschen aus Sprachkulturen, die nicht Englisch sprechen, einen Beitrag leisten.<\/p>\n<p><strong>Bitte best\u00e4tigen Sie Ihr Interesse an dieser ersten Studiengruppendiskussion<\/strong>per E-Mail:<br \/>\ninfo@socialsculpturelab.com mit STUDY GROUP im Betreff.<\/p>\n","protected":false},"excerpt":{"rendered":"<p>VERBINDENDE PRAXIS-STUDIENGRUPPEN Gr\u00fcnden Sie eine Studiengruppe f\u00fcr soziale Skulptur und verbindende Praxis. Teilen Sie Reflexionen und werden Sie Teil einer<\/p>\n","protected":false},"author":3,"featured_media":0,"parent":1235,"menu_order":0,"comment_status":"closed","ping_status":"closed","template":"","meta":[],"yoast_head":"<!-- This site is optimized with the Yoast SEO plugin v16.7 - https:\/\/yoast.com\/wordpress\/plugins\/seo\/ -->\n<meta name=\"robots\" content=\"index, follow, max-snippet:-1, max-image-preview:large, max-video-preview:-1\" \/>\n<link rel=\"canonical\" href=\"https:\/\/socialsculpturelab.com\/de\/die-enquiry-labs\/austausch\/verbindende-praxis-studiengruppen\/\" \/>\n<meta property=\"og:locale\" content=\"de_DE\" \/>\n<meta property=\"og:type\" content=\"article\" \/>\n<meta property=\"og:title\" content=\"VERBINDENDE PRAXIS-STUDIENGRUPPEN - Kassel New\" \/>\n<meta property=\"og:description\" content=\"VERBINDENDE PRAXIS-STUDIENGRUPPEN Gr\u00fcnden Sie eine Studiengruppe f\u00fcr soziale Skulptur und verbindende Praxis. Teilen Sie Reflexionen und werden Sie Teil einer\" \/>\n<meta property=\"og:url\" content=\"https:\/\/socialsculpturelab.com\/de\/die-enquiry-labs\/austausch\/verbindende-praxis-studiengruppen\/\" \/>\n<meta property=\"og:site_name\" content=\"Kassel New\" \/>\n<meta property=\"article:modified_time\" content=\"2021-08-20T12:44:37+00:00\" \/>\n<meta name=\"twitter:card\" content=\"summary_large_image\" \/>\n<meta name=\"twitter:label1\" content=\"Gesch\u00e4tzte Lesezeit\" \/>\n\t<meta name=\"twitter:data1\" content=\"1 Minute\" \/>\n<script type=\"application\/ld+json\" class=\"yoast-schema-graph\">{\"@context\":\"https:\/\/schema.org\",\"@graph\":[{\"@type\":\"WebSite\",\"@id\":\"https:\/\/socialsculpturelab.com\/#website\",\"url\":\"https:\/\/socialsculpturelab.com\/\",\"name\":\"Kassel New\",\"description\":\"\",\"potentialAction\":[{\"@type\":\"SearchAction\",\"target\":{\"@type\":\"EntryPoint\",\"urlTemplate\":\"https:\/\/socialsculpturelab.com\/?s={search_term_string}\"},\"query-input\":\"required name=search_term_string\"}],\"inLanguage\":\"de-DE\"},{\"@type\":\"WebPage\",\"@id\":\"https:\/\/socialsculpturelab.com\/de\/die-enquiry-labs\/austausch\/verbindende-praxis-studiengruppen\/#webpage\",\"url\":\"https:\/\/socialsculpturelab.com\/de\/die-enquiry-labs\/austausch\/verbindende-praxis-studiengruppen\/\",\"name\":\"VERBINDENDE PRAXIS-STUDIENGRUPPEN - Kassel New\",\"isPartOf\":{\"@id\":\"https:\/\/socialsculpturelab.com\/#website\"},\"datePublished\":\"2021-08-20T12:44:36+00:00\",\"dateModified\":\"2021-08-20T12:44:37+00:00\",\"breadcrumb\":{\"@id\":\"https:\/\/socialsculpturelab.com\/de\/die-enquiry-labs\/austausch\/verbindende-praxis-studiengruppen\/#breadcrumb\"},\"inLanguage\":\"de-DE\",\"potentialAction\":[{\"@type\":\"ReadAction\",\"target\":[\"https:\/\/socialsculpturelab.com\/de\/die-enquiry-labs\/austausch\/verbindende-praxis-studiengruppen\/\"]}]},{\"@type\":\"BreadcrumbList\",\"@id\":\"https:\/\/socialsculpturelab.com\/de\/die-enquiry-labs\/austausch\/verbindende-praxis-studiengruppen\/#breadcrumb\",\"itemListElement\":[{\"@type\":\"ListItem\",\"position\":1,\"name\":\"Home\",\"item\":\"https:\/\/socialsculpturelab.com\/de\/\"},{\"@type\":\"ListItem\",\"position\":2,\"name\":\"Die Enquiry Labs\",\"item\":\"https:\/\/socialsculpturelab.com\/de\/die-enquiry-labs\/\"},{\"@type\":\"ListItem\",\"position\":3,\"name\":\"AUSTAUSCH\",\"item\":\"https:\/\/socialsculpturelab.com\/die-enquiry-labs\/austausch\/\"},{\"@type\":\"ListItem\",\"position\":4,\"name\":\"VERBINDENDE PRAXIS-STUDIENGRUPPEN\"}]}]}<\/script>\n<!-- \/ Yoast SEO plugin. -->","yoast_head_json":{"robots":{"index":"index","follow":"follow","max-snippet":"max-snippet:-1","max-image-preview":"max-image-preview:large","max-video-preview":"max-video-preview:-1"},"canonical":"https:\/\/socialsculpturelab.com\/de\/die-enquiry-labs\/austausch\/verbindende-praxis-studiengruppen\/","og_locale":"de_DE","og_type":"article","og_title":"VERBINDENDE PRAXIS-STUDIENGRUPPEN - Kassel New","og_description":"VERBINDENDE PRAXIS-STUDIENGRUPPEN Gr\u00fcnden Sie eine Studiengruppe f\u00fcr soziale Skulptur und verbindende Praxis. Teilen Sie Reflexionen und werden Sie Teil einer","og_url":"https:\/\/socialsculpturelab.com\/de\/die-enquiry-labs\/austausch\/verbindende-praxis-studiengruppen\/","og_site_name":"Kassel New","article_modified_time":"2021-08-20T12:44:37+00:00","twitter_card":"summary_large_image","twitter_misc":{"Gesch\u00e4tzte Lesezeit":"1 Minute"},"schema":{"@context":"https:\/\/schema.org","@graph":[{"@type":"WebSite","@id":"https:\/\/socialsculpturelab.com\/#website","url":"https:\/\/socialsculpturelab.com\/","name":"Kassel New","description":"","potentialAction":[{"@type":"SearchAction","target":{"@type":"EntryPoint","urlTemplate":"https:\/\/socialsculpturelab.com\/?s={search_term_string}"},"query-input":"required name=search_term_string"}],"inLanguage":"de-DE"},{"@type":"WebPage","@id":"https:\/\/socialsculpturelab.com\/de\/die-enquiry-labs\/austausch\/verbindende-praxis-studiengruppen\/#webpage","url":"https:\/\/socialsculpturelab.com\/de\/die-enquiry-labs\/austausch\/verbindende-praxis-studiengruppen\/","name":"VERBINDENDE PRAXIS-STUDIENGRUPPEN - Kassel New","isPartOf":{"@id":"https:\/\/socialsculpturelab.com\/#website"},"datePublished":"2021-08-20T12:44:36+00:00","dateModified":"2021-08-20T12:44:37+00:00","breadcrumb":{"@id":"https:\/\/socialsculpturelab.com\/de\/die-enquiry-labs\/austausch\/verbindende-praxis-studiengruppen\/#breadcrumb"},"inLanguage":"de-DE","potentialAction":[{"@type":"ReadAction","target":["https:\/\/socialsculpturelab.com\/de\/die-enquiry-labs\/austausch\/verbindende-praxis-studiengruppen\/"]}]},{"@type":"BreadcrumbList","@id":"https:\/\/socialsculpturelab.com\/de\/die-enquiry-labs\/austausch\/verbindende-praxis-studiengruppen\/#breadcrumb","itemListElement":[{"@type":"ListItem","position":1,"name":"Home","item":"https:\/\/socialsculpturelab.com\/de\/"},{"@type":"ListItem","position":2,"name":"Die Enquiry Labs","item":"https:\/\/socialsculpturelab.com\/de\/die-enquiry-labs\/"},{"@type":"ListItem","position":3,"name":"AUSTAUSCH","item":"https:\/\/socialsculpturelab.com\/die-enquiry-labs\/austausch\/"},{"@type":"ListItem","position":4,"name":"VERBINDENDE PRAXIS-STUDIENGRUPPEN"}]}]}},"_links":{"self":[{"href":"https:\/\/socialsculpturelab.com\/de\/wp-json\/wp\/v2\/pages\/1240"}],"collection":[{"href":"https:\/\/socialsculpturelab.com\/de\/wp-json\/wp\/v2\/pages"}],"about":[{"href":"https:\/\/socialsculpturelab.com\/de\/wp-json\/wp\/v2\/types\/page"}],"author":[{"embeddable":true,"href":"https:\/\/socialsculpturelab.com\/de\/wp-json\/wp\/v2\/users\/3"}],"replies":[{"embeddable":true,"href":"https:\/\/socialsculpturelab.com\/de\/wp-json\/wp\/v2\/comments?post=1240"}],"version-history":[{"count":0,"href":"https:\/\/socialsculpturelab.com\/de\/wp-json\/wp\/v2\/pages\/1240\/revisions"}],"up":[{"embeddable":true,"href":"https:\/\/socialsculpturelab.com\/de\/wp-json\/wp\/v2\/pages\/1235"}],"wp:attachment":[{"href":"https:\/\/socialsculpturelab.com\/de\/wp-json\/wp\/v2\/media?parent=1240"}],"curies":[{"name":"wp","href":"https:\/\/api.w.org\/{rel}","templated":true}]}}