{"id":1245,"date":"2021-08-20T13:06:01","date_gmt":"2021-08-20T13:06:01","guid":{"rendered":"https:\/\/socialsculpturelab.com\/die-enquiry-labs\/austausch\/forschung-und-projektfreigabe\/"},"modified":"2021-08-20T13:06:04","modified_gmt":"2021-08-20T13:06:04","slug":"forschung-und-projektfreigabe","status":"publish","type":"page","link":"https:\/\/socialsculpturelab.com\/de\/die-enquiry-labs\/austausch\/forschung-und-projektfreigabe\/","title":{"rendered":"Forschung und Projektfreigabe"},"content":{"rendered":"<h2><strong>FORSCHUNG &amp; PROJEKTTEILUNG [in the Social Sculpture Field]<br \/>\n<\/strong><\/h2>\n<h3><strong>TEILEN Forschung \u2013 Praxis<br \/>\n<\/strong><strong> VERSAND VON DER GRENZE<\/strong><\/h3>\n<h4>Eine 4-t\u00e4gige offene Plattform zur Pr\u00e4sentation von Projekten und Forschung einschlie\u00dflich Alumni der Master- und PhD-Studieng\u00e4nge Social Sculpture.<\/h4>\n<p>Um Reisen zu minimieren und aufgrund von COVID k\u00f6nnen Einzelpersonen, Kollektive und Bewegungen online auf diese Einladung antworten.<\/p>\n<p>Diese Ereignisse <strong>vor Ort in Kassel<\/strong> und <strong>Online<\/strong> werden aufgezeichnet und als Archivdokumente aufbewahrt.<\/p>\n<p><strong>WENN<\/strong> 19. &#8211; 22. August 2021<\/p>\n<p><strong>WO<\/strong> Online und im Survival Room, in Kassel<\/p>\n<p><strong>ABSICHT<\/strong><br \/>\nDiese vier Tage werden es hoffentlich Menschen und Initiativen aus der ganzen Welt erm\u00f6glichen \u2013 viele kennen sich nicht \u2013 ihre Verbindungen zu diesem Feld zu teilen und Fragen mit anderen zu erforschen, die versuchen, mit den Ideen der sozialen Skulptur in verschiedenen Kontexten zu arbeiten.<\/p>\n<p><strong>Bitte teilen Sie uns mit, wenn Sie daran interessiert sind, Ihre bestehende Forschung und\/oder Ihr Projekt vorzustellen. <\/strong><\/p>\n<p><strong>E-Mail an Shelley S\u00e4cke<\/strong> info@socialsculpturelab.com mit FORSCHUNG und PROJEKTE im Betreff. Deadline: Sonntag, 8. August, damit wir ein Programm f\u00fcr die 4 Tage organisieren k\u00f6nnen. Hoffentlich k\u00f6nnen einige von euch nach Kassel kommen, um dies live zu teilen, aber viele k\u00f6nnten online sein.<\/p>\n<p>Slots f\u00fcr Pr\u00e4sentationen sind projektabh\u00e4ngig und k\u00f6nnen zwischen 30 Minuten und 1 Stunde variieren.<\/p>\n<p>Zwischen den einzelnen Pr\u00e4sentationen werden ca. 10 Minuten Diskussionszeit eingeplant. Sie k\u00f6nnen verlangen, dass mehr Diskussionszeit eingebaut wird, wenn es sich um ein gro\u00dfes Projekt handelt.<\/p>\n<p><strong>Plattform-Mitwirkende m\u00fcssen f\u00fcr ihre individuelle Teilnahme eine Patenschaft finden, wenn sie planen, nach Kassel zu kommen. <\/strong><\/p>\n<p>&nbsp;<\/p>\n<p>&nbsp;<\/p>\n","protected":false},"excerpt":{"rendered":"<p>FORSCHUNG &amp; PROJEKTTEILUNG [in the Social Sculpture Field] TEILEN Forschung \u2013 Praxis VERSAND VON DER GRENZE Eine 4-t\u00e4gige offene Plattform<\/p>\n","protected":false},"author":1,"featured_media":0,"parent":1235,"menu_order":0,"comment_status":"closed","ping_status":"closed","template":"","meta":[],"yoast_head":"<!-- This site is optimized with the Yoast SEO plugin v16.7 - https:\/\/yoast.com\/wordpress\/plugins\/seo\/ -->\n<meta name=\"robots\" content=\"index, follow, max-snippet:-1, max-image-preview:large, max-video-preview:-1\" \/>\n<link rel=\"canonical\" href=\"https:\/\/socialsculpturelab.com\/de\/die-enquiry-labs\/austausch\/forschung-und-projektfreigabe\/\" \/>\n<meta property=\"og:locale\" content=\"de_DE\" \/>\n<meta property=\"og:type\" content=\"article\" \/>\n<meta property=\"og:title\" content=\"Forschung und Projektfreigabe - Kassel New\" \/>\n<meta property=\"og:description\" content=\"FORSCHUNG &amp; PROJEKTTEILUNG [in the Social Sculpture Field] TEILEN Forschung \u2013 Praxis VERSAND VON DER GRENZE Eine 4-t\u00e4gige offene Plattform\" \/>\n<meta property=\"og:url\" content=\"https:\/\/socialsculpturelab.com\/de\/die-enquiry-labs\/austausch\/forschung-und-projektfreigabe\/\" \/>\n<meta property=\"og:site_name\" content=\"Kassel New\" \/>\n<meta property=\"article:modified_time\" content=\"2021-08-20T13:06:04+00:00\" \/>\n<meta name=\"twitter:card\" content=\"summary_large_image\" \/>\n<meta name=\"twitter:label1\" content=\"Gesch\u00e4tzte Lesezeit\" \/>\n\t<meta name=\"twitter:data1\" content=\"1 Minute\" \/>\n<script type=\"application\/ld+json\" class=\"yoast-schema-graph\">{\"@context\":\"https:\/\/schema.org\",\"@graph\":[{\"@type\":\"WebSite\",\"@id\":\"https:\/\/socialsculpturelab.com\/#website\",\"url\":\"https:\/\/socialsculpturelab.com\/\",\"name\":\"Kassel New\",\"description\":\"\",\"potentialAction\":[{\"@type\":\"SearchAction\",\"target\":{\"@type\":\"EntryPoint\",\"urlTemplate\":\"https:\/\/socialsculpturelab.com\/?s={search_term_string}\"},\"query-input\":\"required name=search_term_string\"}],\"inLanguage\":\"de-DE\"},{\"@type\":\"WebPage\",\"@id\":\"https:\/\/socialsculpturelab.com\/de\/die-enquiry-labs\/austausch\/forschung-und-projektfreigabe\/#webpage\",\"url\":\"https:\/\/socialsculpturelab.com\/de\/die-enquiry-labs\/austausch\/forschung-und-projektfreigabe\/\",\"name\":\"Forschung und Projektfreigabe - Kassel New\",\"isPartOf\":{\"@id\":\"https:\/\/socialsculpturelab.com\/#website\"},\"datePublished\":\"2021-08-20T13:06:01+00:00\",\"dateModified\":\"2021-08-20T13:06:04+00:00\",\"breadcrumb\":{\"@id\":\"https:\/\/socialsculpturelab.com\/de\/die-enquiry-labs\/austausch\/forschung-und-projektfreigabe\/#breadcrumb\"},\"inLanguage\":\"de-DE\",\"potentialAction\":[{\"@type\":\"ReadAction\",\"target\":[\"https:\/\/socialsculpturelab.com\/de\/die-enquiry-labs\/austausch\/forschung-und-projektfreigabe\/\"]}]},{\"@type\":\"BreadcrumbList\",\"@id\":\"https:\/\/socialsculpturelab.com\/de\/die-enquiry-labs\/austausch\/forschung-und-projektfreigabe\/#breadcrumb\",\"itemListElement\":[{\"@type\":\"ListItem\",\"position\":1,\"name\":\"Home\",\"item\":\"https:\/\/socialsculpturelab.com\/de\/\"},{\"@type\":\"ListItem\",\"position\":2,\"name\":\"Die Enquiry Labs\",\"item\":\"https:\/\/socialsculpturelab.com\/de\/die-enquiry-labs\/\"},{\"@type\":\"ListItem\",\"position\":3,\"name\":\"AUSTAUSCH\",\"item\":\"https:\/\/socialsculpturelab.com\/die-enquiry-labs\/austausch\/\"},{\"@type\":\"ListItem\",\"position\":4,\"name\":\"Forschung und Projektfreigabe\"}]}]}<\/script>\n<!-- \/ Yoast SEO plugin. -->","yoast_head_json":{"robots":{"index":"index","follow":"follow","max-snippet":"max-snippet:-1","max-image-preview":"max-image-preview:large","max-video-preview":"max-video-preview:-1"},"canonical":"https:\/\/socialsculpturelab.com\/de\/die-enquiry-labs\/austausch\/forschung-und-projektfreigabe\/","og_locale":"de_DE","og_type":"article","og_title":"Forschung und Projektfreigabe - Kassel New","og_description":"FORSCHUNG &amp; PROJEKTTEILUNG [in the Social Sculpture Field] TEILEN Forschung \u2013 Praxis VERSAND VON DER GRENZE Eine 4-t\u00e4gige offene Plattform","og_url":"https:\/\/socialsculpturelab.com\/de\/die-enquiry-labs\/austausch\/forschung-und-projektfreigabe\/","og_site_name":"Kassel New","article_modified_time":"2021-08-20T13:06:04+00:00","twitter_card":"summary_large_image","twitter_misc":{"Gesch\u00e4tzte Lesezeit":"1 Minute"},"schema":{"@context":"https:\/\/schema.org","@graph":[{"@type":"WebSite","@id":"https:\/\/socialsculpturelab.com\/#website","url":"https:\/\/socialsculpturelab.com\/","name":"Kassel New","description":"","potentialAction":[{"@type":"SearchAction","target":{"@type":"EntryPoint","urlTemplate":"https:\/\/socialsculpturelab.com\/?s={search_term_string}"},"query-input":"required name=search_term_string"}],"inLanguage":"de-DE"},{"@type":"WebPage","@id":"https:\/\/socialsculpturelab.com\/de\/die-enquiry-labs\/austausch\/forschung-und-projektfreigabe\/#webpage","url":"https:\/\/socialsculpturelab.com\/de\/die-enquiry-labs\/austausch\/forschung-und-projektfreigabe\/","name":"Forschung und Projektfreigabe - Kassel New","isPartOf":{"@id":"https:\/\/socialsculpturelab.com\/#website"},"datePublished":"2021-08-20T13:06:01+00:00","dateModified":"2021-08-20T13:06:04+00:00","breadcrumb":{"@id":"https:\/\/socialsculpturelab.com\/de\/die-enquiry-labs\/austausch\/forschung-und-projektfreigabe\/#breadcrumb"},"inLanguage":"de-DE","potentialAction":[{"@type":"ReadAction","target":["https:\/\/socialsculpturelab.com\/de\/die-enquiry-labs\/austausch\/forschung-und-projektfreigabe\/"]}]},{"@type":"BreadcrumbList","@id":"https:\/\/socialsculpturelab.com\/de\/die-enquiry-labs\/austausch\/forschung-und-projektfreigabe\/#breadcrumb","itemListElement":[{"@type":"ListItem","position":1,"name":"Home","item":"https:\/\/socialsculpturelab.com\/de\/"},{"@type":"ListItem","position":2,"name":"Die Enquiry Labs","item":"https:\/\/socialsculpturelab.com\/de\/die-enquiry-labs\/"},{"@type":"ListItem","position":3,"name":"AUSTAUSCH","item":"https:\/\/socialsculpturelab.com\/die-enquiry-labs\/austausch\/"},{"@type":"ListItem","position":4,"name":"Forschung und Projektfreigabe"}]}]}},"_links":{"self":[{"href":"https:\/\/socialsculpturelab.com\/de\/wp-json\/wp\/v2\/pages\/1245"}],"collection":[{"href":"https:\/\/socialsculpturelab.com\/de\/wp-json\/wp\/v2\/pages"}],"about":[{"href":"https:\/\/socialsculpturelab.com\/de\/wp-json\/wp\/v2\/types\/page"}],"author":[{"embeddable":true,"href":"https:\/\/socialsculpturelab.com\/de\/wp-json\/wp\/v2\/users\/1"}],"replies":[{"embeddable":true,"href":"https:\/\/socialsculpturelab.com\/de\/wp-json\/wp\/v2\/comments?post=1245"}],"version-history":[{"count":0,"href":"https:\/\/socialsculpturelab.com\/de\/wp-json\/wp\/v2\/pages\/1245\/revisions"}],"up":[{"embeddable":true,"href":"https:\/\/socialsculpturelab.com\/de\/wp-json\/wp\/v2\/pages\/1235"}],"wp:attachment":[{"href":"https:\/\/socialsculpturelab.com\/de\/wp-json\/wp\/v2\/media?parent=1245"}],"curies":[{"name":"wp","href":"https:\/\/api.w.org\/{rel}","templated":true}]}}