{"id":1246,"date":"2021-08-20T13:07:31","date_gmt":"2021-08-20T13:07:31","guid":{"rendered":"https:\/\/socialsculpturelab.com\/die-enquiry-labs\/seminar-gespraeche\/"},"modified":"2021-08-20T13:07:41","modified_gmt":"2021-08-20T13:07:41","slug":"seminar-gespraeche","status":"publish","type":"page","link":"https:\/\/socialsculpturelab.com\/de\/die-enquiry-labs\/seminar-gespraeche\/","title":{"rendered":"SEMINAR-GESPR\u00c4CHE"},"content":{"rendered":"<h1>SEMINAR-GESPR\u00c4CHE<\/h1>\n<p><strong>Vertiefte Befragungen mit Inputs von geladenen G\u00e4sten im Dialog mit Besuchern und dem Team des Social Sculpture Lab. <\/strong><\/p>\n<p>Den Inputs folgt ein strukturierter Prozess, der imagin\u00e4res Denken und pers\u00f6nliches Nachdenken als Grundlage f\u00fcr das Bewohnen der Themen, das Reisen mit Fragen, den aufschlussreichen Austausch und das belebte Mitdenken erm\u00f6glicht.<\/p>\n<p>Alle Seminar-Gespr\u00e4che erforschen zentrale Fragen, Anliegen und Methoden im transdisziplin\u00e4ren Feld der sozialen Skulptur und verbindenden Praxis. Sie finden auch im Kontext der Fragen und Anliegen des Survival Room statt.<\/p>\n<p>Wie verstehen wir \u201e\u00dcberleben\u201c?<br \/>\nWas m\u00fcssen wir tun, um zu \u00fcberleben?<br \/>\nUnd zu welchem Preis?<\/p>\n","protected":false},"excerpt":{"rendered":"<p>SEMINAR-GESPR\u00c4CHE Vertiefte Befragungen mit Inputs von geladenen G\u00e4sten im Dialog mit Besuchern und dem Team des Social Sculpture Lab. Den<\/p>\n","protected":false},"author":1,"featured_media":0,"parent":1225,"menu_order":0,"comment_status":"closed","ping_status":"closed","template":"","meta":[],"yoast_head":"<!-- This site is optimized with the Yoast SEO plugin v16.7 - https:\/\/yoast.com\/wordpress\/plugins\/seo\/ -->\n<meta name=\"robots\" content=\"index, follow, max-snippet:-1, max-image-preview:large, max-video-preview:-1\" \/>\n<link rel=\"canonical\" href=\"https:\/\/socialsculpturelab.com\/de\/die-enquiry-labs\/seminar-gespraeche\/\" \/>\n<meta property=\"og:locale\" content=\"de_DE\" \/>\n<meta property=\"og:type\" content=\"article\" \/>\n<meta property=\"og:title\" content=\"SEMINAR-GESPR\u00c4CHE - Kassel New\" \/>\n<meta property=\"og:description\" content=\"SEMINAR-GESPR\u00c4CHE Vertiefte Befragungen mit Inputs von geladenen G\u00e4sten im Dialog mit Besuchern und dem Team des Social Sculpture Lab. Den\" \/>\n<meta property=\"og:url\" content=\"https:\/\/socialsculpturelab.com\/de\/die-enquiry-labs\/seminar-gespraeche\/\" \/>\n<meta property=\"og:site_name\" content=\"Kassel New\" \/>\n<meta property=\"article:modified_time\" content=\"2021-08-20T13:07:41+00:00\" \/>\n<meta name=\"twitter:card\" content=\"summary_large_image\" \/>\n<meta name=\"twitter:label1\" content=\"Gesch\u00e4tzte Lesezeit\" \/>\n\t<meta name=\"twitter:data1\" content=\"1 Minute\" \/>\n<script type=\"application\/ld+json\" class=\"yoast-schema-graph\">{\"@context\":\"https:\/\/schema.org\",\"@graph\":[{\"@type\":\"WebSite\",\"@id\":\"https:\/\/socialsculpturelab.com\/#website\",\"url\":\"https:\/\/socialsculpturelab.com\/\",\"name\":\"Kassel New\",\"description\":\"\",\"potentialAction\":[{\"@type\":\"SearchAction\",\"target\":{\"@type\":\"EntryPoint\",\"urlTemplate\":\"https:\/\/socialsculpturelab.com\/?s={search_term_string}\"},\"query-input\":\"required name=search_term_string\"}],\"inLanguage\":\"de-DE\"},{\"@type\":\"WebPage\",\"@id\":\"https:\/\/socialsculpturelab.com\/de\/die-enquiry-labs\/seminar-gespraeche\/#webpage\",\"url\":\"https:\/\/socialsculpturelab.com\/de\/die-enquiry-labs\/seminar-gespraeche\/\",\"name\":\"SEMINAR-GESPR\\u00c4CHE - Kassel New\",\"isPartOf\":{\"@id\":\"https:\/\/socialsculpturelab.com\/#website\"},\"datePublished\":\"2021-08-20T13:07:31+00:00\",\"dateModified\":\"2021-08-20T13:07:41+00:00\",\"breadcrumb\":{\"@id\":\"https:\/\/socialsculpturelab.com\/de\/die-enquiry-labs\/seminar-gespraeche\/#breadcrumb\"},\"inLanguage\":\"de-DE\",\"potentialAction\":[{\"@type\":\"ReadAction\",\"target\":[\"https:\/\/socialsculpturelab.com\/de\/die-enquiry-labs\/seminar-gespraeche\/\"]}]},{\"@type\":\"BreadcrumbList\",\"@id\":\"https:\/\/socialsculpturelab.com\/de\/die-enquiry-labs\/seminar-gespraeche\/#breadcrumb\",\"itemListElement\":[{\"@type\":\"ListItem\",\"position\":1,\"name\":\"Home\",\"item\":\"https:\/\/socialsculpturelab.com\/de\/\"},{\"@type\":\"ListItem\",\"position\":2,\"name\":\"Die Enquiry Labs\",\"item\":\"https:\/\/socialsculpturelab.com\/de\/die-enquiry-labs\/\"},{\"@type\":\"ListItem\",\"position\":3,\"name\":\"SEMINAR-GESPR\\u00c4CHE\"}]}]}<\/script>\n<!-- \/ Yoast SEO plugin. -->","yoast_head_json":{"robots":{"index":"index","follow":"follow","max-snippet":"max-snippet:-1","max-image-preview":"max-image-preview:large","max-video-preview":"max-video-preview:-1"},"canonical":"https:\/\/socialsculpturelab.com\/de\/die-enquiry-labs\/seminar-gespraeche\/","og_locale":"de_DE","og_type":"article","og_title":"SEMINAR-GESPR\u00c4CHE - Kassel New","og_description":"SEMINAR-GESPR\u00c4CHE Vertiefte Befragungen mit Inputs von geladenen G\u00e4sten im Dialog mit Besuchern und dem Team des Social Sculpture Lab. Den","og_url":"https:\/\/socialsculpturelab.com\/de\/die-enquiry-labs\/seminar-gespraeche\/","og_site_name":"Kassel New","article_modified_time":"2021-08-20T13:07:41+00:00","twitter_card":"summary_large_image","twitter_misc":{"Gesch\u00e4tzte Lesezeit":"1 Minute"},"schema":{"@context":"https:\/\/schema.org","@graph":[{"@type":"WebSite","@id":"https:\/\/socialsculpturelab.com\/#website","url":"https:\/\/socialsculpturelab.com\/","name":"Kassel New","description":"","potentialAction":[{"@type":"SearchAction","target":{"@type":"EntryPoint","urlTemplate":"https:\/\/socialsculpturelab.com\/?s={search_term_string}"},"query-input":"required name=search_term_string"}],"inLanguage":"de-DE"},{"@type":"WebPage","@id":"https:\/\/socialsculpturelab.com\/de\/die-enquiry-labs\/seminar-gespraeche\/#webpage","url":"https:\/\/socialsculpturelab.com\/de\/die-enquiry-labs\/seminar-gespraeche\/","name":"SEMINAR-GESPR\u00c4CHE - Kassel New","isPartOf":{"@id":"https:\/\/socialsculpturelab.com\/#website"},"datePublished":"2021-08-20T13:07:31+00:00","dateModified":"2021-08-20T13:07:41+00:00","breadcrumb":{"@id":"https:\/\/socialsculpturelab.com\/de\/die-enquiry-labs\/seminar-gespraeche\/#breadcrumb"},"inLanguage":"de-DE","potentialAction":[{"@type":"ReadAction","target":["https:\/\/socialsculpturelab.com\/de\/die-enquiry-labs\/seminar-gespraeche\/"]}]},{"@type":"BreadcrumbList","@id":"https:\/\/socialsculpturelab.com\/de\/die-enquiry-labs\/seminar-gespraeche\/#breadcrumb","itemListElement":[{"@type":"ListItem","position":1,"name":"Home","item":"https:\/\/socialsculpturelab.com\/de\/"},{"@type":"ListItem","position":2,"name":"Die Enquiry Labs","item":"https:\/\/socialsculpturelab.com\/de\/die-enquiry-labs\/"},{"@type":"ListItem","position":3,"name":"SEMINAR-GESPR\u00c4CHE"}]}]}},"_links":{"self":[{"href":"https:\/\/socialsculpturelab.com\/de\/wp-json\/wp\/v2\/pages\/1246"}],"collection":[{"href":"https:\/\/socialsculpturelab.com\/de\/wp-json\/wp\/v2\/pages"}],"about":[{"href":"https:\/\/socialsculpturelab.com\/de\/wp-json\/wp\/v2\/types\/page"}],"author":[{"embeddable":true,"href":"https:\/\/socialsculpturelab.com\/de\/wp-json\/wp\/v2\/users\/1"}],"replies":[{"embeddable":true,"href":"https:\/\/socialsculpturelab.com\/de\/wp-json\/wp\/v2\/comments?post=1246"}],"version-history":[{"count":0,"href":"https:\/\/socialsculpturelab.com\/de\/wp-json\/wp\/v2\/pages\/1246\/revisions"}],"up":[{"embeddable":true,"href":"https:\/\/socialsculpturelab.com\/de\/wp-json\/wp\/v2\/pages\/1225"}],"wp:attachment":[{"href":"https:\/\/socialsculpturelab.com\/de\/wp-json\/wp\/v2\/media?parent=1246"}],"curies":[{"name":"wp","href":"https:\/\/api.w.org\/{rel}","templated":true}]}}