{"id":1248,"date":"2021-08-20T13:10:46","date_gmt":"2021-08-20T13:10:46","guid":{"rendered":"https:\/\/socialsculpturelab.com\/die-enquiry-labs\/seminar-gespraeche\/das-kind-und-die-zukunft-der-welt\/"},"modified":"2021-08-28T06:24:41","modified_gmt":"2021-08-28T06:24:41","slug":"das-kind-und-die-zukunft-der-welt","status":"publish","type":"page","link":"https:\/\/socialsculpturelab.com\/de\/die-enquiry-labs\/seminar-gespraeche\/das-kind-und-die-zukunft-der-welt\/","title":{"rendered":"The Child and the Future of the World. [See PROGRAM for changes. Now only 1 September 2021. 14.00 -17.00]"},"content":{"rendered":"<h2>DAS KIND UND DIE ZUKUNFT DER WELT<\/h2>\n<h3>[Siehe Programm \u00c4nderungen]<\/h3>\n<p><strong>Partizipatives Seminar-Gespr\u00e4ch<\/strong><\/p>\n<p>In diesen Tagen gro\u00dfer Verwirrung hat eine gro\u00dfe Verwirrung mit der Erziehung des Kindes zu tun.<br \/>\n<em>Welche Rolle spielt Bildung?<\/em><br \/>\n<em>Welche Beziehung hat sie zur Zukunft des Lebens auf dem Planeten?<br \/>\n<\/em><\/p>\n<p><em>[Read more in Seminar-Conversations]<\/em><\/p>\n<p><b>WAS<br \/>\n<\/b><em> Das Kind und die Zukunft der Welt<\/em> ist ein intensives 2-t\u00e4giges partizipatives Seminar-Gespr\u00e4ch unter der Leitung von Dr. Peter Guttenh\u00f6fer, das einen radikal neuen Bildungsansatz erforscht, der die Gestaltung einer menschenw\u00fcrdigen und \u00f6kologisch tragf\u00e4higen Zukunft unterst\u00fctzen kann.<\/p>\n<p><strong>WO<br \/>\n<\/strong> Im \u00dcberlebensraum des Kassel-21 \/ Social Sculpture Lab und drau\u00dfen im Park<\/p>\n<p><b>WENN <\/b><br \/>\n1. September 14.00 -17.00<\/p>\n<p><strong>Die Teilnahme ist kostenlos,<\/strong> aber gro\u00dfe und kleine beitr\u00e4ge sind immer willkommen.<\/p>\n<p><a href=\"https:\/\/museum-kassel.de\/de\/besucher-information\/aktuelle-informationen\">https:\/\/museum-kassel.de\/de\/besucher-information\/aktuelle-informationen<\/a><\/p>\n<p>E-Mail info@socialsculpturelab.com [Please put &#8218;The Child&#8216; in the subject line]<\/p>\n<p><strong>Sprache:<\/strong> Deutsch<\/p>\n<p>&nbsp;<\/p>\n<p><b>MEHR \u00dcBER SCHWERPUNKT, ZWECK UND BEZUG ZUR SOZIALEN SKULPTUR<\/b><\/p>\n<p>Dieses von Peter Guttenh\u00f6fer geleitete Seminar-Gespr\u00e4ch gibt Einblicke und geht Fragen zu<em> \u201eBildung f\u00fcr eine humane und \u00f6kologische Zukunft\u201c <\/em>erw\u00e4chst aus Peters Liebe zum Kind und zum Menschen und seiner umfassenden Erfahrung als Lehrer und Forscher seit \u00fcber 4 Jahrzehnten, gefolgt von mehr als einem Jahrzehnt weltweiter Arbeit, um neue Initiativen in dem von ihm beschriebenen Bereich zu unterst\u00fctzen &#8218;Handlungsp\u00e4dagogik&#8216;.<\/p>\n<p>Es teilt viele der gleichen Quellen wie Beuys&#8216; Vorschl\u00e4ge zur Sozialen Skulptur und bietet eine Gelegenheit, der Idee einer &#8222;Schule&#8220; als sozialer Skulptur n\u00e4her zu kommen.<\/p>\n<p>Eine zuk\u00fcnftige Ausbildung ist nicht anders denkbar als in enger Verbindung mit Landwirtschaft, Forstpflege, Gartenbau und dem dazugeh\u00f6rigen Handwerk. Sonst wird die Entfremdung zwischen Mensch und Erde immer tiefer und die zunehmenden Todesprozesse werden zur totalen Verw\u00fcstung unseres Planeten f\u00fchren. Dazu geh\u00f6rt auch die Entwicklung neuer Wirtschaftsformen, eine ganz andere Art der Lehrerausbildung und eine neue Reflexion \u00fcber die Bedeutung von Spiel, Arbeit und Kunst f\u00fcr die Entwicklung von Kindern und Jugendlichen.<\/p>\n<p><strong>Beuys 1984:<\/strong> &#8222;<em>Gesichert werden muss der Wunsch der Menschen, genaues Wissen zu haben und die Welt von heute auf grundlegendste Weise zu handhaben. Umso schlimmer ist es, wenn man den Materialismus nicht versteht. Diese Einseitigkeit der menschlichen Entwicklung muss angesichts des gro\u00dfen Verlustes \u00fcberwunden werden: die v\u00f6llige Abschn\u00fcrung von der Spiritualit\u00e4t, auch wenn der wissenschaftliche Gehalt des Denkens wichtig ist.&#8220;<\/em><\/p>\n<p>Diese Worte spiegeln genau die Aufgabe unserer Zeit und die tieferen Impulse in der j\u00fcngeren Generation wider. <strong>Bildung f\u00fcr die Zukunft muss diesem Anspruch gerecht werden.<\/strong><\/p>\n<p>&nbsp;<\/p>\n<p><em>Peter Guttenh\u00f6fer arbeitet derzeit in vielen L\u00e4ndern der Welt und inspiriert und entwickelt p\u00e4dagogische Initiativen im Zusammenhang mit \u00f6kologischem Landbau.<\/em><\/p>\n<p>&nbsp;<\/p>\n<p>&nbsp;<\/p>\n","protected":false},"excerpt":{"rendered":"<p>DAS KIND UND DIE ZUKUNFT DER WELT [Siehe Programm \u00c4nderungen] Partizipatives Seminar-Gespr\u00e4ch In diesen Tagen gro\u00dfer Verwirrung hat eine gro\u00dfe<\/p>\n","protected":false},"author":1,"featured_media":0,"parent":1246,"menu_order":0,"comment_status":"closed","ping_status":"closed","template":"","meta":[],"yoast_head":"<!-- This site is optimized with the Yoast SEO plugin v16.7 - https:\/\/yoast.com\/wordpress\/plugins\/seo\/ -->\n<meta name=\"robots\" content=\"index, follow, max-snippet:-1, max-image-preview:large, max-video-preview:-1\" \/>\n<link rel=\"canonical\" href=\"https:\/\/socialsculpturelab.com\/de\/die-enquiry-labs\/seminar-gespraeche\/das-kind-und-die-zukunft-der-welt\/\" \/>\n<meta property=\"og:locale\" content=\"de_DE\" \/>\n<meta property=\"og:type\" content=\"article\" \/>\n<meta property=\"og:title\" content=\"The Child and the Future of the World. [See PROGRAM for changes. Now only 1 September 2021. 14.00 -17.00] - Kassel New\" \/>\n<meta property=\"og:description\" content=\"DAS KIND UND DIE ZUKUNFT DER WELT [Siehe Programm \u00c4nderungen] Partizipatives Seminar-Gespr\u00e4ch In diesen Tagen gro\u00dfer Verwirrung hat eine gro\u00dfe\" \/>\n<meta property=\"og:url\" content=\"https:\/\/socialsculpturelab.com\/de\/die-enquiry-labs\/seminar-gespraeche\/das-kind-und-die-zukunft-der-welt\/\" \/>\n<meta property=\"og:site_name\" content=\"Kassel New\" \/>\n<meta property=\"article:modified_time\" content=\"2021-08-28T06:24:41+00:00\" \/>\n<meta name=\"twitter:card\" content=\"summary_large_image\" \/>\n<meta name=\"twitter:label1\" content=\"Gesch\u00e4tzte Lesezeit\" \/>\n\t<meta name=\"twitter:data1\" content=\"2 Minuten\" \/>\n<script type=\"application\/ld+json\" class=\"yoast-schema-graph\">{\"@context\":\"https:\/\/schema.org\",\"@graph\":[{\"@type\":\"WebSite\",\"@id\":\"https:\/\/socialsculpturelab.com\/#website\",\"url\":\"https:\/\/socialsculpturelab.com\/\",\"name\":\"Kassel New\",\"description\":\"\",\"potentialAction\":[{\"@type\":\"SearchAction\",\"target\":{\"@type\":\"EntryPoint\",\"urlTemplate\":\"https:\/\/socialsculpturelab.com\/?s={search_term_string}\"},\"query-input\":\"required name=search_term_string\"}],\"inLanguage\":\"de-DE\"},{\"@type\":\"WebPage\",\"@id\":\"https:\/\/socialsculpturelab.com\/de\/die-enquiry-labs\/seminar-gespraeche\/das-kind-und-die-zukunft-der-welt\/#webpage\",\"url\":\"https:\/\/socialsculpturelab.com\/de\/die-enquiry-labs\/seminar-gespraeche\/das-kind-und-die-zukunft-der-welt\/\",\"name\":\"The Child and the Future of the World. [See PROGRAM for changes. Now only 1 September 2021. 14.00 -17.00] - Kassel New\",\"isPartOf\":{\"@id\":\"https:\/\/socialsculpturelab.com\/#website\"},\"datePublished\":\"2021-08-20T13:10:46+00:00\",\"dateModified\":\"2021-08-28T06:24:41+00:00\",\"breadcrumb\":{\"@id\":\"https:\/\/socialsculpturelab.com\/de\/die-enquiry-labs\/seminar-gespraeche\/das-kind-und-die-zukunft-der-welt\/#breadcrumb\"},\"inLanguage\":\"de-DE\",\"potentialAction\":[{\"@type\":\"ReadAction\",\"target\":[\"https:\/\/socialsculpturelab.com\/de\/die-enquiry-labs\/seminar-gespraeche\/das-kind-und-die-zukunft-der-welt\/\"]}]},{\"@type\":\"BreadcrumbList\",\"@id\":\"https:\/\/socialsculpturelab.com\/de\/die-enquiry-labs\/seminar-gespraeche\/das-kind-und-die-zukunft-der-welt\/#breadcrumb\",\"itemListElement\":[{\"@type\":\"ListItem\",\"position\":1,\"name\":\"Home\",\"item\":\"https:\/\/socialsculpturelab.com\/de\/\"},{\"@type\":\"ListItem\",\"position\":2,\"name\":\"Die Enquiry Labs\",\"item\":\"https:\/\/socialsculpturelab.com\/de\/die-enquiry-labs\/\"},{\"@type\":\"ListItem\",\"position\":3,\"name\":\"SEMINAR-GESPR\\u00c4CHE\",\"item\":\"https:\/\/socialsculpturelab.com\/de\/die-enquiry-labs\/seminar-gespraeche\/\"},{\"@type\":\"ListItem\",\"position\":4,\"name\":\"The Child and the Future of the World. [See PROGRAM for changes. Now only 1 September 2021. 14.00 -17.00]\"}]}]}<\/script>\n<!-- \/ Yoast SEO plugin. -->","yoast_head_json":{"robots":{"index":"index","follow":"follow","max-snippet":"max-snippet:-1","max-image-preview":"max-image-preview:large","max-video-preview":"max-video-preview:-1"},"canonical":"https:\/\/socialsculpturelab.com\/de\/die-enquiry-labs\/seminar-gespraeche\/das-kind-und-die-zukunft-der-welt\/","og_locale":"de_DE","og_type":"article","og_title":"The Child and the Future of the World. [See PROGRAM for changes. Now only 1 September 2021. 14.00 -17.00] - Kassel New","og_description":"DAS KIND UND DIE ZUKUNFT DER WELT [Siehe Programm \u00c4nderungen] Partizipatives Seminar-Gespr\u00e4ch In diesen Tagen gro\u00dfer Verwirrung hat eine gro\u00dfe","og_url":"https:\/\/socialsculpturelab.com\/de\/die-enquiry-labs\/seminar-gespraeche\/das-kind-und-die-zukunft-der-welt\/","og_site_name":"Kassel New","article_modified_time":"2021-08-28T06:24:41+00:00","twitter_card":"summary_large_image","twitter_misc":{"Gesch\u00e4tzte Lesezeit":"2 Minuten"},"schema":{"@context":"https:\/\/schema.org","@graph":[{"@type":"WebSite","@id":"https:\/\/socialsculpturelab.com\/#website","url":"https:\/\/socialsculpturelab.com\/","name":"Kassel New","description":"","potentialAction":[{"@type":"SearchAction","target":{"@type":"EntryPoint","urlTemplate":"https:\/\/socialsculpturelab.com\/?s={search_term_string}"},"query-input":"required name=search_term_string"}],"inLanguage":"de-DE"},{"@type":"WebPage","@id":"https:\/\/socialsculpturelab.com\/de\/die-enquiry-labs\/seminar-gespraeche\/das-kind-und-die-zukunft-der-welt\/#webpage","url":"https:\/\/socialsculpturelab.com\/de\/die-enquiry-labs\/seminar-gespraeche\/das-kind-und-die-zukunft-der-welt\/","name":"The Child and the Future of the World. [See PROGRAM for changes. Now only 1 September 2021. 14.00 -17.00] - Kassel New","isPartOf":{"@id":"https:\/\/socialsculpturelab.com\/#website"},"datePublished":"2021-08-20T13:10:46+00:00","dateModified":"2021-08-28T06:24:41+00:00","breadcrumb":{"@id":"https:\/\/socialsculpturelab.com\/de\/die-enquiry-labs\/seminar-gespraeche\/das-kind-und-die-zukunft-der-welt\/#breadcrumb"},"inLanguage":"de-DE","potentialAction":[{"@type":"ReadAction","target":["https:\/\/socialsculpturelab.com\/de\/die-enquiry-labs\/seminar-gespraeche\/das-kind-und-die-zukunft-der-welt\/"]}]},{"@type":"BreadcrumbList","@id":"https:\/\/socialsculpturelab.com\/de\/die-enquiry-labs\/seminar-gespraeche\/das-kind-und-die-zukunft-der-welt\/#breadcrumb","itemListElement":[{"@type":"ListItem","position":1,"name":"Home","item":"https:\/\/socialsculpturelab.com\/de\/"},{"@type":"ListItem","position":2,"name":"Die Enquiry Labs","item":"https:\/\/socialsculpturelab.com\/de\/die-enquiry-labs\/"},{"@type":"ListItem","position":3,"name":"SEMINAR-GESPR\u00c4CHE","item":"https:\/\/socialsculpturelab.com\/de\/die-enquiry-labs\/seminar-gespraeche\/"},{"@type":"ListItem","position":4,"name":"The Child and the Future of the World. [See PROGRAM for changes. Now only 1 September 2021. 14.00 -17.00]"}]}]}},"_links":{"self":[{"href":"https:\/\/socialsculpturelab.com\/de\/wp-json\/wp\/v2\/pages\/1248"}],"collection":[{"href":"https:\/\/socialsculpturelab.com\/de\/wp-json\/wp\/v2\/pages"}],"about":[{"href":"https:\/\/socialsculpturelab.com\/de\/wp-json\/wp\/v2\/types\/page"}],"author":[{"embeddable":true,"href":"https:\/\/socialsculpturelab.com\/de\/wp-json\/wp\/v2\/users\/1"}],"replies":[{"embeddable":true,"href":"https:\/\/socialsculpturelab.com\/de\/wp-json\/wp\/v2\/comments?post=1248"}],"version-history":[{"count":0,"href":"https:\/\/socialsculpturelab.com\/de\/wp-json\/wp\/v2\/pages\/1248\/revisions"}],"up":[{"embeddable":true,"href":"https:\/\/socialsculpturelab.com\/de\/wp-json\/wp\/v2\/pages\/1246"}],"wp:attachment":[{"href":"https:\/\/socialsculpturelab.com\/de\/wp-json\/wp\/v2\/media?parent=1248"}],"curies":[{"name":"wp","href":"https:\/\/api.w.org\/{rel}","templated":true}]}}