{"id":1249,"date":"2021-08-20T13:13:34","date_gmt":"2021-08-20T13:13:34","guid":{"rendered":"https:\/\/socialsculpturelab.com\/die-enquiry-labs\/seminar-gespraeche\/ansichten-des-ueberlebens-1\/"},"modified":"2021-08-20T13:13:36","modified_gmt":"2021-08-20T13:13:36","slug":"ansichten-des-ueberlebens-1","status":"publish","type":"page","link":"https:\/\/socialsculpturelab.com\/de\/die-enquiry-labs\/seminar-gespraeche\/ansichten-des-ueberlebens-1\/","title":{"rendered":"ANSICHTEN DES \u00dcBERLEBENS [1]"},"content":{"rendered":"<h2><strong>ANSICHTEN DES \u00dcBERLEBENS:<br \/>\n<\/strong><strong> Die menschliche Seele muss gerettet werden [1]<\/strong><\/h2>\n<h3><strong>Was ist ein Mensch? Was ist eine Maschine? <\/strong><\/h3>\n<p><strong>Was<\/strong> Ein eint\u00e4giges Seminar-Gespr\u00e4ch mit Beitr\u00e4gen von Bodo von Plato, Clarine Campagne, Urs Pohlman, Shelley Sacks zu einer Aussage von Joseph Beuys, dass eines der dringendsten Bed\u00fcrfnisse unserer Zeit sei, dass \u201edie menschliche Seele gerettet werden muss\u201c. Wie ist dies angesichts der heutigen globalen Dringlichkeiten und Notf\u00e4lle zu verstehen?<\/p>\n<p>&#8222;Wir leben am Rande der alten Erde, in einer \u00c4ra intensiven sozialen und \u00f6kologischen Leidens. Es gibt nicht nur immense \u00e4u\u00dfere Krisen, sondern auch Bewusstseins- und Verst\u00e4ndniskrisen. Was ist ein Mensch? Was ist der Unterschied zwischen einem Menschen und einer hyperintelligenten Maschine, die wie ein Mensch aussehen soll? Welche Bildung brauchen wir, wenn wir uns des Unterschieds zwischen Mensch und Maschine, die mit menschlichen Werten und Entscheidungsprozessen programmiert sind, um \u201eintelligente\u201c Entscheidungen zu treffen, nicht wirklich sicher sind?<\/p>\n<p>Diese und verwandte Fragen zum Wert des Menschen werden in diesem Gespr\u00e4ch mit vier Menschen, denen dies ein dringendes und zentrales Anliegen ist, f\u00fcr Austausch und Reflexion ge\u00f6ffnet.<\/p>\n<p>Aufgrund von Covid-Nummernbeschr\u00e4nkungen wird dieses Gespr\u00e4ch als Grundlage f\u00fcr einen zuk\u00fcnftigen weltweiten Online-Austausch aufgezeichnet.<\/p>\n<p><strong>Veranstaltungsort:<\/strong> Im \u00dcberlebensraum des Kassel21-Social Sculpture Lab<\/p>\n<p><strong>Datum<\/strong> : 4. Juli 2021 10.00 -13.00 Uhr; 14.00 &#8211; 17.00 Uhr<\/p>\n<p><strong>Sprache:<\/strong> Deutsch und Englisch \u2013 mit Geduld. Um die Partizipation mit Menschen au\u00dferhalb des deutschsprachigen Raums zu erleichtern.]<\/p>\n<p><strong>Clarine Campagne<\/strong> erforscht Formen der Bildung, des Austauschs und des Gespr\u00e4chs, die dazu beitragen, das eigene menschliche \u201eInstrument\u201c und Potenzial zu entwickeln. Ein weiterer Schwerpunkt ihrer Arbeit ist Kollaboration: wie man sinnvoll mit sich selbst, mit dem (ganz anderen) Anderen und im weiteren Feld (Kosmos, Natur, Gesellschaft) zusammenarbeitet. Seit ihrem Studium der Informatik und Betriebswirtschaftslehre hat sie mehrere Jahrzehnte mit vielen Studenten, Mitarbeitern und Teams zusammengearbeitet. Sie ist Autorin eines Buches \u00fcber U-Theorie in Gruppen. Sie ist dankbar f\u00fcr die Projekte zu Meditation mit Bodo und zu Social Sculpture mit Shelley!<\/p>\n<p><strong>Bodo von Plato<\/strong> arbeitet derzeit an Aspekten der Bewusstseins- und Mentalit\u00e4tstransformation im sp\u00e4ten 20. und beginnenden 21. Jahrhundert (Berlin). Von 2001 bis 2018 war er Teil der Goetheanum-Leitung (Dornach). Ausgebildet als Historiker und Philosoph an franz\u00f6sischen, \u00f6sterreichischen und deutschen Universit\u00e4ten und Lehrer an einer Waldorfschule (Paris), hat Bodo mit Shelley, Clarine und Urs in mehreren Projekten zu \u00e4sthetischen, spirituellen, wissenschaftlichen und sozialen Themen gearbeitet.<\/p>\n<p><strong>Urs Pohlmann<\/strong> ist praktizierender Arzt mit besonderem Interesse an Neurologie, Immunologie und integrativer Medizin, der die Immunologie als eine der Br\u00fccken zwischen Dermatologie und Neurologie sieht. Heilpflanzen in europ\u00e4ischen Traditionen sowie anderen Traditionen sind ein besonderes Anliegen. Seine Forschungen als Neurowissenschaftler \u00fcber den Ich-Sinn und die Nichtverortung des Selbst im Gehirn sind eine seiner Verbindungen zur Arbeit des Social Sculpture Lab. Er ist sowohl in der Klinik als auch in der Forschung t\u00e4tig.<\/p>\n<p><strong>Shelley Sacks<\/strong> ist praktizierender Sozialplastiker und Kulturaktivist, der die Beziehung zwischen Freiheit, Verantwortung als Reaktionsf\u00e4higkeit und der Rolle der Imagination bei der Transformation erforscht. Die von Beuys&#8216; Vorschl\u00e4gen zur sozialen Skulptur inspirierten Bedenken zu &#8218;\u00e4sthetischen Strategien in Zeiten des Wandels&#8216; ziehen sich durch ihre Arbeit in S\u00fcdafrika[1976-1990] , in der Social Sculpture Research Unit, Oxford[1997-2019] , und in ihren eigenen &#8218;connective practice&#8216;-Projekten in vielen L\u00e4ndern und Kontexten.<\/p>\n<p><img loading=\"lazy\" class=\"alignnone wp-image-758\" src=\"https:\/\/ssl21kassel.wpengine.com\/wp-content\/uploads\/2021\/07\/Urs-sharing-thoughts-about-the-3-pots-3-July-2021-crop-2-300x204.jpg\" alt=\"\" width=\"737\" height=\"500\" srcset=\"https:\/\/socialsculpturelab.com\/wp-content\/uploads\/2021\/07\/Urs-sharing-thoughts-about-the-3-pots-3-July-2021-crop-2-300x204.jpg 300w, https:\/\/socialsculpturelab.com\/wp-content\/uploads\/2021\/07\/Urs-sharing-thoughts-about-the-3-pots-3-July-2021-crop-2-1024x696.jpg 1024w, https:\/\/socialsculpturelab.com\/wp-content\/uploads\/2021\/07\/Urs-sharing-thoughts-about-the-3-pots-3-July-2021-crop-2-768x522.jpg 768w, https:\/\/socialsculpturelab.com\/wp-content\/uploads\/2021\/07\/Urs-sharing-thoughts-about-the-3-pots-3-July-2021-crop-2-1000x680.jpg 1000w, https:\/\/socialsculpturelab.com\/wp-content\/uploads\/2021\/07\/Urs-sharing-thoughts-about-the-3-pots-3-July-2021-crop-2-500x340.jpg 500w, https:\/\/socialsculpturelab.com\/wp-content\/uploads\/2021\/07\/Urs-sharing-thoughts-about-the-3-pots-3-July-2021-crop-2.jpg 1475w\" sizes=\"(max-width: 737px) 100vw, 737px\" \/><\/p>\n<p>Urs Pohlman teilt seine Gedanken im Views of Survival [1] Seminar Gespr\u00e4ch \u00fcber den Unterschied zwischen Mensch und Maschine.<\/p>\n","protected":false},"excerpt":{"rendered":"<p>ANSICHTEN DES \u00dcBERLEBENS: Die menschliche Seele muss gerettet werden [1] Was ist ein Mensch? Was ist eine Maschine? Was Ein<\/p>\n","protected":false},"author":1,"featured_media":0,"parent":1246,"menu_order":0,"comment_status":"closed","ping_status":"closed","template":"","meta":[],"yoast_head":"<!-- This site is optimized with the Yoast SEO plugin v16.7 - https:\/\/yoast.com\/wordpress\/plugins\/seo\/ -->\n<meta name=\"robots\" content=\"index, follow, max-snippet:-1, max-image-preview:large, max-video-preview:-1\" \/>\n<link rel=\"canonical\" href=\"https:\/\/socialsculpturelab.com\/de\/die-enquiry-labs\/seminar-gespraeche\/ansichten-des-ueberlebens-1\/\" \/>\n<meta property=\"og:locale\" content=\"de_DE\" \/>\n<meta property=\"og:type\" content=\"article\" \/>\n<meta property=\"og:title\" content=\"ANSICHTEN DES \u00dcBERLEBENS [1] - Kassel New\" \/>\n<meta property=\"og:description\" content=\"ANSICHTEN DES \u00dcBERLEBENS: Die menschliche Seele muss gerettet werden [1] Was ist ein Mensch? Was ist eine Maschine? Was Ein\" \/>\n<meta property=\"og:url\" content=\"https:\/\/socialsculpturelab.com\/de\/die-enquiry-labs\/seminar-gespraeche\/ansichten-des-ueberlebens-1\/\" \/>\n<meta property=\"og:site_name\" content=\"Kassel New\" \/>\n<meta property=\"article:modified_time\" content=\"2021-08-20T13:13:36+00:00\" \/>\n<meta property=\"og:image\" content=\"https:\/\/ssl21kassel.wpengine.com\/wp-content\/uploads\/2021\/07\/Urs-sharing-thoughts-about-the-3-pots-3-July-2021-crop-2-300x204.jpg\" \/>\n<meta name=\"twitter:card\" content=\"summary_large_image\" \/>\n<meta name=\"twitter:label1\" content=\"Gesch\u00e4tzte Lesezeit\" \/>\n\t<meta name=\"twitter:data1\" content=\"3 Minuten\" \/>\n<script type=\"application\/ld+json\" class=\"yoast-schema-graph\">{\"@context\":\"https:\/\/schema.org\",\"@graph\":[{\"@type\":\"WebSite\",\"@id\":\"https:\/\/socialsculpturelab.com\/#website\",\"url\":\"https:\/\/socialsculpturelab.com\/\",\"name\":\"Kassel New\",\"description\":\"\",\"potentialAction\":[{\"@type\":\"SearchAction\",\"target\":{\"@type\":\"EntryPoint\",\"urlTemplate\":\"https:\/\/socialsculpturelab.com\/?s={search_term_string}\"},\"query-input\":\"required name=search_term_string\"}],\"inLanguage\":\"de-DE\"},{\"@type\":\"ImageObject\",\"@id\":\"https:\/\/socialsculpturelab.com\/de\/die-enquiry-labs\/seminar-gespraeche\/ansichten-des-ueberlebens-1\/#primaryimage\",\"inLanguage\":\"de-DE\",\"url\":\"https:\/\/ssl21kassel.wpengine.com\/wp-content\/uploads\/2021\/07\/Urs-sharing-thoughts-about-the-3-pots-3-July-2021-crop-2-300x204.jpg\",\"contentUrl\":\"https:\/\/ssl21kassel.wpengine.com\/wp-content\/uploads\/2021\/07\/Urs-sharing-thoughts-about-the-3-pots-3-July-2021-crop-2-300x204.jpg\"},{\"@type\":\"WebPage\",\"@id\":\"https:\/\/socialsculpturelab.com\/de\/die-enquiry-labs\/seminar-gespraeche\/ansichten-des-ueberlebens-1\/#webpage\",\"url\":\"https:\/\/socialsculpturelab.com\/de\/die-enquiry-labs\/seminar-gespraeche\/ansichten-des-ueberlebens-1\/\",\"name\":\"ANSICHTEN DES \\u00dcBERLEBENS [1] - Kassel New\",\"isPartOf\":{\"@id\":\"https:\/\/socialsculpturelab.com\/#website\"},\"primaryImageOfPage\":{\"@id\":\"https:\/\/socialsculpturelab.com\/de\/die-enquiry-labs\/seminar-gespraeche\/ansichten-des-ueberlebens-1\/#primaryimage\"},\"datePublished\":\"2021-08-20T13:13:34+00:00\",\"dateModified\":\"2021-08-20T13:13:36+00:00\",\"breadcrumb\":{\"@id\":\"https:\/\/socialsculpturelab.com\/de\/die-enquiry-labs\/seminar-gespraeche\/ansichten-des-ueberlebens-1\/#breadcrumb\"},\"inLanguage\":\"de-DE\",\"potentialAction\":[{\"@type\":\"ReadAction\",\"target\":[\"https:\/\/socialsculpturelab.com\/de\/die-enquiry-labs\/seminar-gespraeche\/ansichten-des-ueberlebens-1\/\"]}]},{\"@type\":\"BreadcrumbList\",\"@id\":\"https:\/\/socialsculpturelab.com\/de\/die-enquiry-labs\/seminar-gespraeche\/ansichten-des-ueberlebens-1\/#breadcrumb\",\"itemListElement\":[{\"@type\":\"ListItem\",\"position\":1,\"name\":\"Home\",\"item\":\"https:\/\/socialsculpturelab.com\/de\/\"},{\"@type\":\"ListItem\",\"position\":2,\"name\":\"Die Enquiry Labs\",\"item\":\"https:\/\/socialsculpturelab.com\/de\/die-enquiry-labs\/\"},{\"@type\":\"ListItem\",\"position\":3,\"name\":\"SEMINAR-GESPR\\u00c4CHE\",\"item\":\"https:\/\/socialsculpturelab.com\/de\/die-enquiry-labs\/seminar-gespraeche\/\"},{\"@type\":\"ListItem\",\"position\":4,\"name\":\"ANSICHTEN DES \\u00dcBERLEBENS [1]\"}]}]}<\/script>\n<!-- \/ Yoast SEO plugin. -->","yoast_head_json":{"robots":{"index":"index","follow":"follow","max-snippet":"max-snippet:-1","max-image-preview":"max-image-preview:large","max-video-preview":"max-video-preview:-1"},"canonical":"https:\/\/socialsculpturelab.com\/de\/die-enquiry-labs\/seminar-gespraeche\/ansichten-des-ueberlebens-1\/","og_locale":"de_DE","og_type":"article","og_title":"ANSICHTEN DES \u00dcBERLEBENS [1] - Kassel New","og_description":"ANSICHTEN DES \u00dcBERLEBENS: Die menschliche Seele muss gerettet werden [1] Was ist ein Mensch? Was ist eine Maschine? Was Ein","og_url":"https:\/\/socialsculpturelab.com\/de\/die-enquiry-labs\/seminar-gespraeche\/ansichten-des-ueberlebens-1\/","og_site_name":"Kassel New","article_modified_time":"2021-08-20T13:13:36+00:00","og_image":[{"url":"https:\/\/ssl21kassel.wpengine.com\/wp-content\/uploads\/2021\/07\/Urs-sharing-thoughts-about-the-3-pots-3-July-2021-crop-2-300x204.jpg"}],"twitter_card":"summary_large_image","twitter_misc":{"Gesch\u00e4tzte Lesezeit":"3 Minuten"},"schema":{"@context":"https:\/\/schema.org","@graph":[{"@type":"WebSite","@id":"https:\/\/socialsculpturelab.com\/#website","url":"https:\/\/socialsculpturelab.com\/","name":"Kassel New","description":"","potentialAction":[{"@type":"SearchAction","target":{"@type":"EntryPoint","urlTemplate":"https:\/\/socialsculpturelab.com\/?s={search_term_string}"},"query-input":"required name=search_term_string"}],"inLanguage":"de-DE"},{"@type":"ImageObject","@id":"https:\/\/socialsculpturelab.com\/de\/die-enquiry-labs\/seminar-gespraeche\/ansichten-des-ueberlebens-1\/#primaryimage","inLanguage":"de-DE","url":"https:\/\/ssl21kassel.wpengine.com\/wp-content\/uploads\/2021\/07\/Urs-sharing-thoughts-about-the-3-pots-3-July-2021-crop-2-300x204.jpg","contentUrl":"https:\/\/ssl21kassel.wpengine.com\/wp-content\/uploads\/2021\/07\/Urs-sharing-thoughts-about-the-3-pots-3-July-2021-crop-2-300x204.jpg"},{"@type":"WebPage","@id":"https:\/\/socialsculpturelab.com\/de\/die-enquiry-labs\/seminar-gespraeche\/ansichten-des-ueberlebens-1\/#webpage","url":"https:\/\/socialsculpturelab.com\/de\/die-enquiry-labs\/seminar-gespraeche\/ansichten-des-ueberlebens-1\/","name":"ANSICHTEN DES \u00dcBERLEBENS [1] - Kassel New","isPartOf":{"@id":"https:\/\/socialsculpturelab.com\/#website"},"primaryImageOfPage":{"@id":"https:\/\/socialsculpturelab.com\/de\/die-enquiry-labs\/seminar-gespraeche\/ansichten-des-ueberlebens-1\/#primaryimage"},"datePublished":"2021-08-20T13:13:34+00:00","dateModified":"2021-08-20T13:13:36+00:00","breadcrumb":{"@id":"https:\/\/socialsculpturelab.com\/de\/die-enquiry-labs\/seminar-gespraeche\/ansichten-des-ueberlebens-1\/#breadcrumb"},"inLanguage":"de-DE","potentialAction":[{"@type":"ReadAction","target":["https:\/\/socialsculpturelab.com\/de\/die-enquiry-labs\/seminar-gespraeche\/ansichten-des-ueberlebens-1\/"]}]},{"@type":"BreadcrumbList","@id":"https:\/\/socialsculpturelab.com\/de\/die-enquiry-labs\/seminar-gespraeche\/ansichten-des-ueberlebens-1\/#breadcrumb","itemListElement":[{"@type":"ListItem","position":1,"name":"Home","item":"https:\/\/socialsculpturelab.com\/de\/"},{"@type":"ListItem","position":2,"name":"Die Enquiry Labs","item":"https:\/\/socialsculpturelab.com\/de\/die-enquiry-labs\/"},{"@type":"ListItem","position":3,"name":"SEMINAR-GESPR\u00c4CHE","item":"https:\/\/socialsculpturelab.com\/de\/die-enquiry-labs\/seminar-gespraeche\/"},{"@type":"ListItem","position":4,"name":"ANSICHTEN DES \u00dcBERLEBENS [1]"}]}]}},"_links":{"self":[{"href":"https:\/\/socialsculpturelab.com\/de\/wp-json\/wp\/v2\/pages\/1249"}],"collection":[{"href":"https:\/\/socialsculpturelab.com\/de\/wp-json\/wp\/v2\/pages"}],"about":[{"href":"https:\/\/socialsculpturelab.com\/de\/wp-json\/wp\/v2\/types\/page"}],"author":[{"embeddable":true,"href":"https:\/\/socialsculpturelab.com\/de\/wp-json\/wp\/v2\/users\/1"}],"replies":[{"embeddable":true,"href":"https:\/\/socialsculpturelab.com\/de\/wp-json\/wp\/v2\/comments?post=1249"}],"version-history":[{"count":0,"href":"https:\/\/socialsculpturelab.com\/de\/wp-json\/wp\/v2\/pages\/1249\/revisions"}],"up":[{"embeddable":true,"href":"https:\/\/socialsculpturelab.com\/de\/wp-json\/wp\/v2\/pages\/1246"}],"wp:attachment":[{"href":"https:\/\/socialsculpturelab.com\/de\/wp-json\/wp\/v2\/media?parent=1249"}],"curies":[{"name":"wp","href":"https:\/\/api.w.org\/{rel}","templated":true}]}}