{"id":1250,"date":"2021-08-20T13:14:33","date_gmt":"2021-08-20T13:14:33","guid":{"rendered":"https:\/\/socialsculpturelab.com\/die-enquiry-labs\/seminar-gespraeche\/ansichten-des-ueberlebens-die-menschliche-seele-muss-gerettet-werden-2\/"},"modified":"2021-08-20T13:14:33","modified_gmt":"2021-08-20T13:14:33","slug":"ansichten-des-ueberlebens-die-menschliche-seele-muss-gerettet-werden-2","status":"publish","type":"page","link":"https:\/\/socialsculpturelab.com\/de\/die-enquiry-labs\/seminar-gespraeche\/ansichten-des-ueberlebens-die-menschliche-seele-muss-gerettet-werden-2\/","title":{"rendered":"ANSICHTEN DES \u00dcBERLEBENS: Die menschliche Seele muss gerettet werden [2]"},"content":{"rendered":"<h1><strong>ANSICHTEN DES \u00dcBERLEBENS:<br \/>\nDie menschliche Seele muss gerettet werden [2]<\/strong><\/h1>\n<h3><strong>Entwicklung &#8217;neuer Wahrnehmungsorgane&#8216; zur Unterscheidung zwischen Mensch und Maschine<\/strong><em> Seminar-Gespr\u00e4ch<\/em> <\/h3>\n<p><strong>Was:<\/strong> Ein eint\u00e4giges Seminar-Gespr\u00e4ch mit Shelley Sacks und Almuth Strehlow, in dem 7 Lebensprozesse vorgestellt und erforscht werden, die einen erweiterten Blick auf den Menschen erm\u00f6glichen und uns helfen k\u00f6nnen, Mensch und Maschine besser zu unterscheiden.<\/p>\n<p><strong>Sprache:<\/strong> Deutsch<br \/>\nUnser Seminar-Gespr\u00e4ch wird aufgezeichnet und findet in deutscher Sprache statt. Sp\u00e4ter hoffen wir, eine bearbeitete Videoversion mit englischen Untertiteln zu erstellen.<\/p>\n<p><strong>Veranstaltungsort:<\/strong> Im \u00dcberlebensraum, Neue Galerie, Kassel.<\/p>\n<p><strong>Datum (und Uhrzeit<\/strong> : 11. Juli 2021 10.30 -13.00 Uhr; 14.30 &#8211; 17.00 Uhr<\/p>\n<p><strong>Alle willkommen. Kostenlose Teilnahme.<\/strong><\/p>\n<p><strong>Buchungsvoraussetzungen. Anmeldung empfohlen. <\/strong>Bitte kontaktieren Sie die Neue Galerie f\u00fcr aktuelle Informationen: +49 (0)561 316 80-400<\/p>\n<p><em><strong>Almut Strehlow<\/strong> Mutter und Gro\u00dfmutter, seit 44 Jahren besch\u00e4ftige ich mich mit Erziehungsfragen und versuche zu verstehen, wie Kultur und Natur so schwingen k\u00f6nnen, dass jeder die Balance der Gesundheit findet, dass der Mensch so werden kann, wie er sein k\u00f6nnte! Ich bin Erzieher, in der Landwirtschaft, in der Kunst &#8211; und seit 29 Jahren Dozent f\u00fcr Waldorfp\u00e4dagogik, Autor und politischer Andersdenkender. Almuths Buch Die sieben Lebensprozesse ist auf Deutsch, Englisch und bald auf Chinesisch erh\u00e4ltlich. <\/em><\/p>\n<p><strong>Shelley Sacks<\/strong> <em>ist praktizierender Sozialplastiker und Kulturaktivist, der die Beziehung zwischen Freiheit, Verantwortung als Reaktionsf\u00e4higkeit und der Rolle der Imagination bei der Transformation erforscht. Die von Beuys&#8216; Vorschl\u00e4gen zur sozialen Skulptur inspirierten Bedenken zu &#8218;\u00e4sthetischen Strategien in Zeiten des Wandels&#8216; ziehen sich durch ihre Arbeit in S\u00fcdafrika[1976-1990] , in der Social Sculpture Research Unit, Oxford[1997-2019] , und in ihren eigenen &#8218;connective practice&#8216;-Projekten in vielen L\u00e4ndern und Kontexten.<\/em><\/p>\n","protected":false},"excerpt":{"rendered":"<p>ANSICHTEN DES \u00dcBERLEBENS: Die menschliche Seele muss gerettet werden [2] Entwicklung &#8217;neuer Wahrnehmungsorgane&#8216; zur Unterscheidung zwischen Mensch und Maschine Seminar-Gespr\u00e4ch<\/p>\n","protected":false},"author":1,"featured_media":0,"parent":1246,"menu_order":0,"comment_status":"closed","ping_status":"closed","template":"","meta":[],"yoast_head":"<!-- This site is optimized with the Yoast SEO plugin v16.7 - https:\/\/yoast.com\/wordpress\/plugins\/seo\/ -->\n<meta name=\"robots\" content=\"index, follow, max-snippet:-1, max-image-preview:large, max-video-preview:-1\" \/>\n<link rel=\"canonical\" href=\"https:\/\/socialsculpturelab.com\/de\/die-enquiry-labs\/seminar-gespraeche\/ansichten-des-ueberlebens-die-menschliche-seele-muss-gerettet-werden-2\/\" \/>\n<meta property=\"og:locale\" content=\"de_DE\" \/>\n<meta property=\"og:type\" content=\"article\" \/>\n<meta property=\"og:title\" content=\"ANSICHTEN DES \u00dcBERLEBENS: Die menschliche Seele muss gerettet werden [2] - Kassel New\" \/>\n<meta property=\"og:description\" content=\"ANSICHTEN DES \u00dcBERLEBENS: Die menschliche Seele muss gerettet werden [2] Entwicklung &#8217;neuer Wahrnehmungsorgane&#8216; zur Unterscheidung zwischen Mensch und Maschine Seminar-Gespr\u00e4ch\" \/>\n<meta property=\"og:url\" content=\"https:\/\/socialsculpturelab.com\/die-enquiry-labs\/seminar-gespraeche\/ansichten-des-ueberlebens-die-menschliche-seele-muss-gerettet-werden-2\/\" \/>\n<meta property=\"og:site_name\" content=\"Kassel New\" \/>\n<meta name=\"twitter:card\" content=\"summary_large_image\" \/>\n<meta name=\"twitter:label1\" content=\"Gesch\u00e4tzte Lesezeit\" \/>\n\t<meta name=\"twitter:data1\" content=\"1 Minute\" \/>\n<script type=\"application\/ld+json\" class=\"yoast-schema-graph\">{\"@context\":\"https:\/\/schema.org\",\"@graph\":[{\"@type\":\"WebSite\",\"@id\":\"https:\/\/socialsculpturelab.com\/#website\",\"url\":\"https:\/\/socialsculpturelab.com\/\",\"name\":\"Kassel New\",\"description\":\"\",\"potentialAction\":[{\"@type\":\"SearchAction\",\"target\":{\"@type\":\"EntryPoint\",\"urlTemplate\":\"https:\/\/socialsculpturelab.com\/?s={search_term_string}\"},\"query-input\":\"required name=search_term_string\"}],\"inLanguage\":\"de-DE\"},{\"@type\":\"WebPage\",\"@id\":\"https:\/\/socialsculpturelab.com\/die-enquiry-labs\/seminar-gespraeche\/ansichten-des-ueberlebens-die-menschliche-seele-muss-gerettet-werden-2\/#webpage\",\"url\":\"https:\/\/socialsculpturelab.com\/die-enquiry-labs\/seminar-gespraeche\/ansichten-des-ueberlebens-die-menschliche-seele-muss-gerettet-werden-2\/\",\"name\":\"ANSICHTEN DES \\u00dcBERLEBENS: Die menschliche Seele muss gerettet werden [2] - Kassel New\",\"isPartOf\":{\"@id\":\"https:\/\/socialsculpturelab.com\/#website\"},\"datePublished\":\"2021-08-20T13:14:33+00:00\",\"dateModified\":\"2021-08-20T13:14:33+00:00\",\"breadcrumb\":{\"@id\":\"https:\/\/socialsculpturelab.com\/die-enquiry-labs\/seminar-gespraeche\/ansichten-des-ueberlebens-die-menschliche-seele-muss-gerettet-werden-2\/#breadcrumb\"},\"inLanguage\":\"de-DE\",\"potentialAction\":[{\"@type\":\"ReadAction\",\"target\":[\"https:\/\/socialsculpturelab.com\/die-enquiry-labs\/seminar-gespraeche\/ansichten-des-ueberlebens-die-menschliche-seele-muss-gerettet-werden-2\/\"]}]},{\"@type\":\"BreadcrumbList\",\"@id\":\"https:\/\/socialsculpturelab.com\/die-enquiry-labs\/seminar-gespraeche\/ansichten-des-ueberlebens-die-menschliche-seele-muss-gerettet-werden-2\/#breadcrumb\",\"itemListElement\":[{\"@type\":\"ListItem\",\"position\":1,\"name\":\"Home\",\"item\":\"https:\/\/socialsculpturelab.com\/de\/\"},{\"@type\":\"ListItem\",\"position\":2,\"name\":\"Die Enquiry Labs\",\"item\":\"https:\/\/socialsculpturelab.com\/de\/die-enquiry-labs\/\"},{\"@type\":\"ListItem\",\"position\":3,\"name\":\"SEMINAR-GESPR\\u00c4CHE\",\"item\":\"https:\/\/socialsculpturelab.com\/de\/die-enquiry-labs\/seminar-gespraeche\/\"},{\"@type\":\"ListItem\",\"position\":4,\"name\":\"ANSICHTEN DES \\u00dcBERLEBENS: Die menschliche Seele muss gerettet werden [2]\"}]}]}<\/script>\n<!-- \/ Yoast SEO plugin. -->","yoast_head_json":{"robots":{"index":"index","follow":"follow","max-snippet":"max-snippet:-1","max-image-preview":"max-image-preview:large","max-video-preview":"max-video-preview:-1"},"canonical":"https:\/\/socialsculpturelab.com\/de\/die-enquiry-labs\/seminar-gespraeche\/ansichten-des-ueberlebens-die-menschliche-seele-muss-gerettet-werden-2\/","og_locale":"de_DE","og_type":"article","og_title":"ANSICHTEN DES \u00dcBERLEBENS: Die menschliche Seele muss gerettet werden [2] - Kassel New","og_description":"ANSICHTEN DES \u00dcBERLEBENS: Die menschliche Seele muss gerettet werden [2] Entwicklung &#8217;neuer Wahrnehmungsorgane&#8216; zur Unterscheidung zwischen Mensch und Maschine Seminar-Gespr\u00e4ch","og_url":"https:\/\/socialsculpturelab.com\/die-enquiry-labs\/seminar-gespraeche\/ansichten-des-ueberlebens-die-menschliche-seele-muss-gerettet-werden-2\/","og_site_name":"Kassel New","twitter_card":"summary_large_image","twitter_misc":{"Gesch\u00e4tzte Lesezeit":"1 Minute"},"schema":{"@context":"https:\/\/schema.org","@graph":[{"@type":"WebSite","@id":"https:\/\/socialsculpturelab.com\/#website","url":"https:\/\/socialsculpturelab.com\/","name":"Kassel New","description":"","potentialAction":[{"@type":"SearchAction","target":{"@type":"EntryPoint","urlTemplate":"https:\/\/socialsculpturelab.com\/?s={search_term_string}"},"query-input":"required name=search_term_string"}],"inLanguage":"de-DE"},{"@type":"WebPage","@id":"https:\/\/socialsculpturelab.com\/die-enquiry-labs\/seminar-gespraeche\/ansichten-des-ueberlebens-die-menschliche-seele-muss-gerettet-werden-2\/#webpage","url":"https:\/\/socialsculpturelab.com\/die-enquiry-labs\/seminar-gespraeche\/ansichten-des-ueberlebens-die-menschliche-seele-muss-gerettet-werden-2\/","name":"ANSICHTEN DES \u00dcBERLEBENS: Die menschliche Seele muss gerettet werden [2] - Kassel New","isPartOf":{"@id":"https:\/\/socialsculpturelab.com\/#website"},"datePublished":"2021-08-20T13:14:33+00:00","dateModified":"2021-08-20T13:14:33+00:00","breadcrumb":{"@id":"https:\/\/socialsculpturelab.com\/die-enquiry-labs\/seminar-gespraeche\/ansichten-des-ueberlebens-die-menschliche-seele-muss-gerettet-werden-2\/#breadcrumb"},"inLanguage":"de-DE","potentialAction":[{"@type":"ReadAction","target":["https:\/\/socialsculpturelab.com\/die-enquiry-labs\/seminar-gespraeche\/ansichten-des-ueberlebens-die-menschliche-seele-muss-gerettet-werden-2\/"]}]},{"@type":"BreadcrumbList","@id":"https:\/\/socialsculpturelab.com\/die-enquiry-labs\/seminar-gespraeche\/ansichten-des-ueberlebens-die-menschliche-seele-muss-gerettet-werden-2\/#breadcrumb","itemListElement":[{"@type":"ListItem","position":1,"name":"Home","item":"https:\/\/socialsculpturelab.com\/de\/"},{"@type":"ListItem","position":2,"name":"Die Enquiry Labs","item":"https:\/\/socialsculpturelab.com\/de\/die-enquiry-labs\/"},{"@type":"ListItem","position":3,"name":"SEMINAR-GESPR\u00c4CHE","item":"https:\/\/socialsculpturelab.com\/de\/die-enquiry-labs\/seminar-gespraeche\/"},{"@type":"ListItem","position":4,"name":"ANSICHTEN DES \u00dcBERLEBENS: Die menschliche Seele muss gerettet werden [2]"}]}]}},"_links":{"self":[{"href":"https:\/\/socialsculpturelab.com\/de\/wp-json\/wp\/v2\/pages\/1250"}],"collection":[{"href":"https:\/\/socialsculpturelab.com\/de\/wp-json\/wp\/v2\/pages"}],"about":[{"href":"https:\/\/socialsculpturelab.com\/de\/wp-json\/wp\/v2\/types\/page"}],"author":[{"embeddable":true,"href":"https:\/\/socialsculpturelab.com\/de\/wp-json\/wp\/v2\/users\/1"}],"replies":[{"embeddable":true,"href":"https:\/\/socialsculpturelab.com\/de\/wp-json\/wp\/v2\/comments?post=1250"}],"version-history":[{"count":0,"href":"https:\/\/socialsculpturelab.com\/de\/wp-json\/wp\/v2\/pages\/1250\/revisions"}],"up":[{"embeddable":true,"href":"https:\/\/socialsculpturelab.com\/de\/wp-json\/wp\/v2\/pages\/1246"}],"wp:attachment":[{"href":"https:\/\/socialsculpturelab.com\/de\/wp-json\/wp\/v2\/media?parent=1250"}],"curies":[{"name":"wp","href":"https:\/\/api.w.org\/{rel}","templated":true}]}}