{"id":1252,"date":"2021-08-20T13:18:25","date_gmt":"2021-08-20T13:18:25","guid":{"rendered":"https:\/\/socialsculpturelab.com\/die-enquiry-labs\/survival-room\/"},"modified":"2021-08-20T13:18:29","modified_gmt":"2021-08-20T13:18:29","slug":"survival-room","status":"publish","type":"page","link":"https:\/\/socialsculpturelab.com\/de\/die-enquiry-labs\/survival-room\/","title":{"rendered":"Survival Room"},"content":{"rendered":"<h1>SURVIVAL ROOM<\/h1>\n<h4><strong>Der Survival Room in der Neuen Galerie in Kassel ist ein Arbeitsraum f\u00fcr 100 Tage Fragen, Austausch und Reflexion. <\/strong><\/h4>\n<h4>Es ist eine immersive Arena f\u00fcr Seminare und Forschungslabore und fester Bestandteil des Kassel-21 \/ Social Sculpture Lab. Sein Fokus auf \u201e\u00dcberlebensfragen\u201c bringt ihn in Dialog mit Beuys \u201eThe Pack\u201c, das sich ebenfalls in der Neuen Galerie befindet.<\/h4>\n<h4><strong>Der Survival Room ist ein Arbeitsbereich, um zu erforschen, wie wir als Individuen und als Gesellschaft verstehen, was es bedeutet zu \u00fcberleben? Von wessen \u00dcberleben reden wir? Und zu welchem Preis?<\/strong><\/h4>\n<p>Im Mittelpunkt steht die \u201eFreiheit\u201c als Grundfrage und die enge Verbindung von Freiheit und Verantwortung\u2026<\/p>\n<p><strong>Es ist ein Raum f\u00fcr Reflexionen \u00fcber Solidarit\u00e4t in einer Welt unterschiedlicher Weltanschauungen\u2026<\/strong><\/p>\n<p>Und \u00fcber das \u00dcberleben der menschlichen Seele und aller Lebensformen in einer \u00c4ra der maschinellen Intelligenz, wenn die von uns geschaffene Technosph\u00e4re zur\u00fcckkehrt, um uns zu bei\u00dfen.<\/p>\n<p><strong>Es ist eine erfahrungsreflexive Arena, um zu entdecken, zu begegnen und zu erforschen, welche Art von Zukunft wir wollen.<\/strong><\/p>\n<p>Es ist ein Ort, um sich den Sch\u00e4den und den Extremen der Ungerechtigkeit zu stellen; um unsere Wunden und unsere Verletzlichkeit zu erforschen; und die sich kreuzenden Krisen zwischen Menschen und zwischen Menschen und allen Lebensformen zu erkennen und zu verstehen.<\/p>\n<p><strong>Es ist auch ein Raum, um die M\u00f6glichkeiten der Transformation zu erkunden und zu erkennen und welche Kapazit\u00e4ten erforderlich sind, um eine lebendige Zukunft zu gestalten.<\/strong><\/p>\n<p><img loading=\"lazy\" class=\"alignnone wp-image-563\" src=\"https:\/\/ssl21kassel.wpengine.com\/wp-content\/uploads\/2021\/06\/Survival-room-banners-and-iii-kassel-19-June-crop-for-website-300x205.jpg\" alt=\"\" width=\"763\" height=\"522\" srcset=\"https:\/\/socialsculpturelab.com\/wp-content\/uploads\/2021\/06\/Survival-room-banners-and-iii-kassel-19-June-crop-for-website-300x205.jpg 300w, https:\/\/socialsculpturelab.com\/wp-content\/uploads\/2021\/06\/Survival-room-banners-and-iii-kassel-19-June-crop-for-website-500x341.jpg 500w, https:\/\/socialsculpturelab.com\/wp-content\/uploads\/2021\/06\/Survival-room-banners-and-iii-kassel-19-June-crop-for-website.jpg 547w\" sizes=\"(max-width: 763px) 100vw, 763px\" \/><\/p>\n<p><strong>FORMEN F\u00dcR DEN DIALOG &amp; DIE VERBINDUNG ZWISCHEN INNERER UND \u00c4USSERER ARBEIT<\/strong><\/p>\n<p>Die Arbeit im \u00dcberlebensraum umfasst:<\/p>\n<p><strong>1. Die besinnliche Aktion \u201eEin Geschenk f\u00fcr Joseph Beuys: Die 3-T\u00f6pfe-Aktion\u201c<\/strong> \u2013 im Survival Room und online \u2013 um herauszufinden, was Beuys uns f\u00fcr die Zukunft hinterlassen hat.<\/p>\n<p><strong>2. Seminar-Gespr\u00e4che zu &#8218;Views of Survival&#8216;, &#8218;Worldviews for One Planet&#8216;,<\/strong> Beuys &#8218;Call for an Alternative&#8216; und andere Aufrufe in Vergangenheit und Gegenwart sowie eine Auseinandersetzung mit Beuys&#8216; Sicht auf die &#8218;Evolution&#8216; und was dies mit dem Feld der sozialen Skulptur zu tun hat.<\/p>\n<p><strong>3. Pr\u00e4sentationen zu Earth Forum, FRAMETALKS und Engagementfeld<\/strong> , die 3 in Kassel stattfindenden Connective Practices und \u00dcberlegungen zu ihrer Wirksamkeit.<\/p>\n<p><strong>4. Austausch zu wichtigen Konzepten der sozialen Skulptur und der verbindenden Praxis<\/strong> wie zum Beispiel:<br \/>\nBeuys&#8216; &#8218;Denken ist schon Skulptur&#8216;, &#8218;Arbeiten mit unsichtbaren Materialien&#8216; und &#8218;Es ist die menschliche Seele, die gerettet werden muss&#8216;; Steiners \u201eDas Sakrament der Zukunft ist Begegnung\u201c und aus dem Bereich der zeitgen\u00f6ssischen verbindenden Praxis Sacks&#8216; \u201eNachhaltigkeit ohne Ich-Sinn im Unsinn\u201c; \u201eVerantwortung als Reaktionsf\u00e4higkeit\u201c; und eine einw\u00f6chige Plattform \u201eVorschl\u00e4ge f\u00fcr die Zukunft\u201c.<\/p>\n<p><strong>5. Eine Ansammlung von 1\u20ac-Produkten<\/strong> dass die Besucher eingeladen sind, das eigene \u00dcberleben und das \u00dcberleben des Planeten einzubringen und dar\u00fcber nachzudenken. <em>Welche Opfer m\u00fcssen gebracht werden und von wem? Was brauchen wir wirklich? Was hat die Covid-Krise an all diesen Dingen beleuchtet? Welche Rolle kann der Verbraucher bei der Entscheidung \u00fcber all dies spielen?<br \/>\n<\/em><\/p>\n<p><strong>6. Ja\/Nein-Tafel zum Mitdenken<\/strong> \u00fcber &#8222;die Zukunft, die wir wollen&#8220;!<\/p>\n<p><strong>7. Ein Brief an Joseph Beuys<\/strong> Anstelle eines Museumstextes \u00fcber Beuys&#8216; Social Sculpture-Ideen und ihre Wurzeln hat Shelley Sacks einen Brief an Beuys geschrieben. Ihr Gespr\u00e4ch mit Beuys regt zum Dialog zwischen Besuchern und ihr und in uns selbst an. Der Brief gibt ihr auch die Gelegenheit, sich selbst und Beuys zu befragen, \u00fcber die Gefahren des \u00d6kofaschismus, das Aussterben humanoider Roboter und was zu tun ist, wenn, wie er sagte: Es ist die menschliche Seele, die braucht sparen. [Read Letter to Beuys- PDF]<\/p>\n<p><em> <\/em><img loading=\"lazy\" class=\"alignnone wp-image-750\" src=\"https:\/\/ssl21kassel.wpengine.com\/wp-content\/uploads\/2021\/07\/letter-to-beuys-wall-image-1-300x225.jpg\" alt=\"\" width=\"376\" height=\"281\" srcset=\"https:\/\/socialsculpturelab.com\/wp-content\/uploads\/2021\/07\/letter-to-beuys-wall-image-1-300x225.jpg 300w, https:\/\/socialsculpturelab.com\/wp-content\/uploads\/2021\/07\/letter-to-beuys-wall-image-1-1024x768.jpg 1024w, https:\/\/socialsculpturelab.com\/wp-content\/uploads\/2021\/07\/letter-to-beuys-wall-image-1-768x576.jpg 768w, https:\/\/socialsculpturelab.com\/wp-content\/uploads\/2021\/07\/letter-to-beuys-wall-image-1-1536x1152.jpg 1536w, https:\/\/socialsculpturelab.com\/wp-content\/uploads\/2021\/07\/letter-to-beuys-wall-image-1-2000x1500.jpg 2000w, https:\/\/socialsculpturelab.com\/wp-content\/uploads\/2021\/07\/letter-to-beuys-wall-image-1-1000x750.jpg 1000w, https:\/\/socialsculpturelab.com\/wp-content\/uploads\/2021\/07\/letter-to-beuys-wall-image-1-500x375.jpg 500w, https:\/\/socialsculpturelab.com\/wp-content\/uploads\/2021\/07\/letter-to-beuys-wall-image-1.jpg 2016w\" sizes=\"(max-width: 376px) 100vw, 376px\" \/>    <img loading=\"lazy\" class=\"alignnone wp-image-935\" src=\"https:\/\/ssl21kassel.wpengine.com\/wp-content\/uploads\/2021\/07\/letter-to-beuys-booklet-with-stamp-1-300x225.jpg\" alt=\"\" width=\"376\" height=\"282\" srcset=\"https:\/\/socialsculpturelab.com\/wp-content\/uploads\/2021\/07\/letter-to-beuys-booklet-with-stamp-1-300x225.jpg 300w, https:\/\/socialsculpturelab.com\/wp-content\/uploads\/2021\/07\/letter-to-beuys-booklet-with-stamp-1-1024x768.jpg 1024w, https:\/\/socialsculpturelab.com\/wp-content\/uploads\/2021\/07\/letter-to-beuys-booklet-with-stamp-1-768x576.jpg 768w, https:\/\/socialsculpturelab.com\/wp-content\/uploads\/2021\/07\/letter-to-beuys-booklet-with-stamp-1-1536x1152.jpg 1536w, https:\/\/socialsculpturelab.com\/wp-content\/uploads\/2021\/07\/letter-to-beuys-booklet-with-stamp-1-2048x1536.jpg 2048w, https:\/\/socialsculpturelab.com\/wp-content\/uploads\/2021\/07\/letter-to-beuys-booklet-with-stamp-1-2000x1500.jpg 2000w, https:\/\/socialsculpturelab.com\/wp-content\/uploads\/2021\/07\/letter-to-beuys-booklet-with-stamp-1-1000x750.jpg 1000w, https:\/\/socialsculpturelab.com\/wp-content\/uploads\/2021\/07\/letter-to-beuys-booklet-with-stamp-1-500x375.jpg 500w\" sizes=\"(max-width: 376px) 100vw, 376px\" \/><\/p>\n<p><strong>Globaler Online-Austausch<\/strong> \u00fcber aktuelle Projekte im Zusammenhang mit sozialer Skulptur und verbindender Praxis und Vorschl\u00e4ge f\u00fcr Wege zu \u00f6kologischem B\u00fcrgertum und einer \u00f6kosozialen Zukunft<\/p>\n<p>Arbeiten Sie \u00fcber die Museumsmauern hinaus, durch den globalen Online-Austausch und die verbindenden Praktiken wie Earth Forum, Field of Commitment und FRAMETALKS, auf den Stra\u00dfen, in den Parks, auf den Feldern und manchmal sogar von den Menschen zu sich nach Hause genommen.<\/p>\n<p>Es gibt jetzt[July 2021] Gelegenheiten zum kleinen Austausch und zur Gruppenarbeit in der Neuen Galerie. Andere Aktionen finden im Freien statt.<\/p>\n<p><strong>Alle Veranstaltungen und Austauschm\u00f6glichkeiten im Survival Room finden Sie im Programm 2021. <\/strong>Einige Events erfordern eine Buchung \u00fcber Eventbrite. Manche einfach telefonisch bei der Neuen Galerie. Aufzeichnungen aus dem Online-Austausch und einige der Seminare werden bei rechtzeitiger Bearbeitung auch im Survival Room geteilt.<\/p>\n<p><strong><br \/>\nGe\u00f6ffnet Dienstag bis Sonntag: 10.00 \u2013 17.00 Uhr MEZ. Kassel.<br \/>\n<\/strong><em>Wenn ein Seminar-Gespr\u00e4ch im Gange ist, k\u00f6nnen Sie gerne bleiben und sehen, wie und wann es angebracht ist, daran teilzunehmen.<\/em><\/p>\n","protected":false},"excerpt":{"rendered":"<p>SURVIVAL ROOM Der Survival Room in der Neuen Galerie in Kassel ist ein Arbeitsraum f\u00fcr 100 Tage Fragen, Austausch und<\/p>\n","protected":false},"author":1,"featured_media":0,"parent":1225,"menu_order":0,"comment_status":"open","ping_status":"open","template":"","meta":[],"yoast_head":"<!-- This site is optimized with the Yoast SEO plugin v16.7 - https:\/\/yoast.com\/wordpress\/plugins\/seo\/ -->\n<meta name=\"robots\" content=\"index, follow, max-snippet:-1, max-image-preview:large, max-video-preview:-1\" \/>\n<link rel=\"canonical\" href=\"https:\/\/socialsculpturelab.com\/de\/die-enquiry-labs\/survival-room\/\" \/>\n<meta property=\"og:locale\" content=\"de_DE\" \/>\n<meta property=\"og:type\" content=\"article\" \/>\n<meta property=\"og:title\" content=\"Survival Room - Kassel New\" \/>\n<meta property=\"og:description\" content=\"SURVIVAL ROOM Der Survival Room in der Neuen Galerie in Kassel ist ein Arbeitsraum f\u00fcr 100 Tage Fragen, Austausch und\" \/>\n<meta property=\"og:url\" content=\"https:\/\/socialsculpturelab.com\/de\/die-enquiry-labs\/survival-room\/\" \/>\n<meta property=\"og:site_name\" content=\"Kassel New\" \/>\n<meta property=\"article:modified_time\" content=\"2021-08-20T13:18:29+00:00\" \/>\n<meta property=\"og:image\" content=\"https:\/\/ssl21kassel.wpengine.com\/wp-content\/uploads\/2021\/06\/Survival-room-banners-and-iii-kassel-19-June-crop-for-website-300x205.jpg\" \/>\n<meta name=\"twitter:card\" content=\"summary_large_image\" \/>\n<meta name=\"twitter:label1\" content=\"Gesch\u00e4tzte Lesezeit\" \/>\n\t<meta name=\"twitter:data1\" content=\"4 Minuten\" \/>\n<script type=\"application\/ld+json\" class=\"yoast-schema-graph\">{\"@context\":\"https:\/\/schema.org\",\"@graph\":[{\"@type\":\"WebSite\",\"@id\":\"https:\/\/socialsculpturelab.com\/#website\",\"url\":\"https:\/\/socialsculpturelab.com\/\",\"name\":\"Kassel New\",\"description\":\"\",\"potentialAction\":[{\"@type\":\"SearchAction\",\"target\":{\"@type\":\"EntryPoint\",\"urlTemplate\":\"https:\/\/socialsculpturelab.com\/?s={search_term_string}\"},\"query-input\":\"required name=search_term_string\"}],\"inLanguage\":\"de-DE\"},{\"@type\":\"ImageObject\",\"@id\":\"https:\/\/socialsculpturelab.com\/de\/die-enquiry-labs\/survival-room\/#primaryimage\",\"inLanguage\":\"de-DE\",\"url\":\"https:\/\/ssl21kassel.wpengine.com\/wp-content\/uploads\/2021\/06\/Survival-room-banners-and-iii-kassel-19-June-crop-for-website-300x205.jpg\",\"contentUrl\":\"https:\/\/ssl21kassel.wpengine.com\/wp-content\/uploads\/2021\/06\/Survival-room-banners-and-iii-kassel-19-June-crop-for-website-300x205.jpg\"},{\"@type\":\"WebPage\",\"@id\":\"https:\/\/socialsculpturelab.com\/de\/die-enquiry-labs\/survival-room\/#webpage\",\"url\":\"https:\/\/socialsculpturelab.com\/de\/die-enquiry-labs\/survival-room\/\",\"name\":\"Survival Room - Kassel New\",\"isPartOf\":{\"@id\":\"https:\/\/socialsculpturelab.com\/#website\"},\"primaryImageOfPage\":{\"@id\":\"https:\/\/socialsculpturelab.com\/de\/die-enquiry-labs\/survival-room\/#primaryimage\"},\"datePublished\":\"2021-08-20T13:18:25+00:00\",\"dateModified\":\"2021-08-20T13:18:29+00:00\",\"breadcrumb\":{\"@id\":\"https:\/\/socialsculpturelab.com\/de\/die-enquiry-labs\/survival-room\/#breadcrumb\"},\"inLanguage\":\"de-DE\",\"potentialAction\":[{\"@type\":\"ReadAction\",\"target\":[\"https:\/\/socialsculpturelab.com\/de\/die-enquiry-labs\/survival-room\/\"]}]},{\"@type\":\"BreadcrumbList\",\"@id\":\"https:\/\/socialsculpturelab.com\/de\/die-enquiry-labs\/survival-room\/#breadcrumb\",\"itemListElement\":[{\"@type\":\"ListItem\",\"position\":1,\"name\":\"Home\",\"item\":\"https:\/\/socialsculpturelab.com\/de\/\"},{\"@type\":\"ListItem\",\"position\":2,\"name\":\"Die Enquiry Labs\",\"item\":\"https:\/\/socialsculpturelab.com\/de\/die-enquiry-labs\/\"},{\"@type\":\"ListItem\",\"position\":3,\"name\":\"Survival Room\"}]}]}<\/script>\n<!-- \/ Yoast SEO plugin. -->","yoast_head_json":{"robots":{"index":"index","follow":"follow","max-snippet":"max-snippet:-1","max-image-preview":"max-image-preview:large","max-video-preview":"max-video-preview:-1"},"canonical":"https:\/\/socialsculpturelab.com\/de\/die-enquiry-labs\/survival-room\/","og_locale":"de_DE","og_type":"article","og_title":"Survival Room - Kassel New","og_description":"SURVIVAL ROOM Der Survival Room in der Neuen Galerie in Kassel ist ein Arbeitsraum f\u00fcr 100 Tage Fragen, Austausch und","og_url":"https:\/\/socialsculpturelab.com\/de\/die-enquiry-labs\/survival-room\/","og_site_name":"Kassel New","article_modified_time":"2021-08-20T13:18:29+00:00","og_image":[{"url":"https:\/\/ssl21kassel.wpengine.com\/wp-content\/uploads\/2021\/06\/Survival-room-banners-and-iii-kassel-19-June-crop-for-website-300x205.jpg"}],"twitter_card":"summary_large_image","twitter_misc":{"Gesch\u00e4tzte Lesezeit":"4 Minuten"},"schema":{"@context":"https:\/\/schema.org","@graph":[{"@type":"WebSite","@id":"https:\/\/socialsculpturelab.com\/#website","url":"https:\/\/socialsculpturelab.com\/","name":"Kassel New","description":"","potentialAction":[{"@type":"SearchAction","target":{"@type":"EntryPoint","urlTemplate":"https:\/\/socialsculpturelab.com\/?s={search_term_string}"},"query-input":"required name=search_term_string"}],"inLanguage":"de-DE"},{"@type":"ImageObject","@id":"https:\/\/socialsculpturelab.com\/de\/die-enquiry-labs\/survival-room\/#primaryimage","inLanguage":"de-DE","url":"https:\/\/ssl21kassel.wpengine.com\/wp-content\/uploads\/2021\/06\/Survival-room-banners-and-iii-kassel-19-June-crop-for-website-300x205.jpg","contentUrl":"https:\/\/ssl21kassel.wpengine.com\/wp-content\/uploads\/2021\/06\/Survival-room-banners-and-iii-kassel-19-June-crop-for-website-300x205.jpg"},{"@type":"WebPage","@id":"https:\/\/socialsculpturelab.com\/de\/die-enquiry-labs\/survival-room\/#webpage","url":"https:\/\/socialsculpturelab.com\/de\/die-enquiry-labs\/survival-room\/","name":"Survival Room - Kassel New","isPartOf":{"@id":"https:\/\/socialsculpturelab.com\/#website"},"primaryImageOfPage":{"@id":"https:\/\/socialsculpturelab.com\/de\/die-enquiry-labs\/survival-room\/#primaryimage"},"datePublished":"2021-08-20T13:18:25+00:00","dateModified":"2021-08-20T13:18:29+00:00","breadcrumb":{"@id":"https:\/\/socialsculpturelab.com\/de\/die-enquiry-labs\/survival-room\/#breadcrumb"},"inLanguage":"de-DE","potentialAction":[{"@type":"ReadAction","target":["https:\/\/socialsculpturelab.com\/de\/die-enquiry-labs\/survival-room\/"]}]},{"@type":"BreadcrumbList","@id":"https:\/\/socialsculpturelab.com\/de\/die-enquiry-labs\/survival-room\/#breadcrumb","itemListElement":[{"@type":"ListItem","position":1,"name":"Home","item":"https:\/\/socialsculpturelab.com\/de\/"},{"@type":"ListItem","position":2,"name":"Die Enquiry Labs","item":"https:\/\/socialsculpturelab.com\/de\/die-enquiry-labs\/"},{"@type":"ListItem","position":3,"name":"Survival Room"}]}]}},"_links":{"self":[{"href":"https:\/\/socialsculpturelab.com\/de\/wp-json\/wp\/v2\/pages\/1252"}],"collection":[{"href":"https:\/\/socialsculpturelab.com\/de\/wp-json\/wp\/v2\/pages"}],"about":[{"href":"https:\/\/socialsculpturelab.com\/de\/wp-json\/wp\/v2\/types\/page"}],"author":[{"embeddable":true,"href":"https:\/\/socialsculpturelab.com\/de\/wp-json\/wp\/v2\/users\/1"}],"replies":[{"embeddable":true,"href":"https:\/\/socialsculpturelab.com\/de\/wp-json\/wp\/v2\/comments?post=1252"}],"version-history":[{"count":0,"href":"https:\/\/socialsculpturelab.com\/de\/wp-json\/wp\/v2\/pages\/1252\/revisions"}],"up":[{"embeddable":true,"href":"https:\/\/socialsculpturelab.com\/de\/wp-json\/wp\/v2\/pages\/1225"}],"wp:attachment":[{"href":"https:\/\/socialsculpturelab.com\/de\/wp-json\/wp\/v2\/media?parent=1252"}],"curies":[{"name":"wp","href":"https:\/\/api.w.org\/{rel}","templated":true}]}}